{"id":1630,"date":"2024-12-12T01:46:18","date_gmt":"2024-12-12T01:46:18","guid":{"rendered":"https:\/\/mj-clothing.com\/?post_type=product&#038;p=1630"},"modified":"2024-12-17T07:22:20","modified_gmt":"2024-12-17T07:22:20","slug":"mens-long-sleeve-shirt","status":"publish","type":"product","link":"https:\/\/mj-clothing.com\/cs\/manufacturer\/mens-long-sleeve-shirt\/","title":{"rendered":"P\u00e1nsk\u00e1 ko\u0161ile s dlouh\u00fdm ruk\u00e1vem"},"content":{"rendered":"<p><span class=\"citation-0 recitation citation-end-0\">P\u00e1nsk\u00e1 ko\u0161ile s dlouh\u00fdm ruk\u00e1vem je univerz\u00e1ln\u00ed kousek oble\u010den\u00ed, kter\u00fd lze podle p\u0159\u00edle\u017eitosti a l\u00e1tky obl\u00e9knout nahoru i dol\u016f.<\/span> Je to z\u00e1klad \u0161atn\u00edku, kter\u00fd by m\u011bl m\u00edt ka\u017ed\u00fd mu\u017e.<\/p>\n<h3 data-sourcepos=\"5:1-5:38\"><strong>Typy p\u00e1nsk\u00fdch ko\u0161il s dlouh\u00fdm ruk\u00e1vem:<\/strong><\/h3>\n<ul data-sourcepos=\"7:1-15:0\">\n<li data-sourcepos=\"7:1-8:30\"><strong><span class=\"citation-1 recitation\">Flanel:<\/span><\/strong><span class=\"citation-1 recitation citation-end-1\"> Flanelov\u00e9 ko\u0161ile jsou klasickou volbou pro podzim a zimu a jsou vyrobeny z m\u011bkk\u00e9 a h\u0159ejiv\u00e9 tkaniny, kter\u00e1 je ide\u00e1ln\u00ed pro vrstven\u00ed.<\/span>\n<div class=\"container\"><\/div>\n<p><span class=\"citation-2 recitation citation-end-2\">Vyr\u00e1b\u011bj\u00ed se v r\u016fzn\u00fdch vzorech, od kostkovan\u00fdch a\u017e po jednobarevn\u00e9.<\/span><\/li>\n<li data-sourcepos=\"7:1-8:30\"><strong>Oxford:<\/strong> \u0160atov\u00e1 ko\u0161ile z hust\u011b tkan\u00e9 bavln\u011bn\u00e9 tkaniny. <span class=\"citation-3 recitation citation-end-3\">Ko\u0161ile Oxford se \u010dasto nos\u00ed v obchodn\u00edm prost\u0159ed\u00ed, ale lze je obl\u00e9knout i na b\u011b\u017en\u00e9 no\u0161en\u00ed.<\/span>\n<div class=\"container\"><\/div>\n<\/li>\n<li data-sourcepos=\"7:1-8:30\"><strong>\u0160ambray:<\/strong> <span class=\"citation-4 recitation citation-end-4\">Lehk\u00e1, le\u017e\u00e9rn\u00ed ko\u0161ile z bavln\u011bn\u00e9 tkaniny, kter\u00e1 je podobn\u00e1 d\u017e\u00ednovin\u011b.<\/span> \u0160ambray ko\u0161ile jsou ide\u00e1ln\u00ed pro jaro a l\u00e9to.<\/li>\n<li data-sourcepos=\"7:1-8:30\"><strong><span class=\"citation-5 recitation\">Tri\u010dko:<\/span><\/strong><span class=\"citation-5 recitation citation-end-5\"> Z\u00e1kladn\u00ed, univerz\u00e1ln\u00ed ko\u0161ile, kterou lze nosit samostatn\u011b nebo ji vrstvit pod jin\u00e9 oble\u010den\u00ed.<\/span>\n<div class=\"container\"><span style=\"font-size: 14.4px;\">Tri\u010dka s dlouh\u00fdm ruk\u00e1vem se skv\u011ble hod\u00ed do chladn\u011bj\u0161\u00edho po\u010das\u00ed.<\/span><\/div>\n<\/li>\n<li data-sourcepos=\"7:1-8:30\">\n<p data-sourcepos=\"16:1-16:43\"><strong>Jak stylizovat p\u00e1nskou ko\u0161ili s dlouh\u00fdm ruk\u00e1vem:<\/strong><\/p>\n<ul data-sourcepos=\"18:1-21:0\">\n<li data-sourcepos=\"18:1-18:110\"><strong><span class=\"citation-6 recitation\">Oble\u010dte si ji:<\/span><\/strong><span class=\"citation-6 recitation citation-end-6\"> Form\u00e1ln\u00ed vzhled z\u00edsk\u00e1te, kdy\u017e ke ko\u0161ili oxford s dlouh\u00fdm ruk\u00e1vem p\u0159id\u00e1te kravatu a spole\u010densk\u00e9 kalhoty.<\/span><\/li>\n<li data-sourcepos=\"18:1-18:110\"><strong style=\"font-size: 14.4px;\"><span class=\"citation-7 recitation\">Oble\u010dte si ji:<\/span><\/strong><span class=\"citation-7 recitation citation-end-7\" style=\"font-size: 14.4px;\"> Oble\u010dte si flanelovou ko\u0161ili k d\u017e\u00edn\u016fm a bot\u00e1m a z\u00edskejte le\u017e\u00e9rn\u00ed, drsn\u00fd vzhled.<\/span><\/li>\n<li data-sourcepos=\"18:1-18:110\"><strong>Vrstv\u011bte ji:<\/strong> Pod flanelovou ko\u0161ili nebo svetr navrstv\u00edte tri\u010dko s dlouh\u00fdm ruk\u00e1vem, abyste se zah\u0159\u00e1li.<\/li>\n<li data-sourcepos=\"18:1-18:110\">\n<p data-sourcepos=\"22:1-22:46\"><strong>Tipy pro n\u00e1kup p\u00e1nsk\u00e9 ko\u0161ile s dlouh\u00fdm ruk\u00e1vem:<\/strong><\/p>\n<ul data-sourcepos=\"24:1-27:0\">\n<li data-sourcepos=\"24:1-24:95\"><strong>Vezm\u011bte v \u00favahu l\u00e1tku:<\/strong> Vyberte si l\u00e1tku vhodnou pro dan\u00e9 ro\u010dn\u00ed obdob\u00ed a p\u0159\u00edle\u017eitost.<\/li>\n<li data-sourcepos=\"25:1-25:126\"><strong>V\u011bnujte pozornost st\u0159ihu:<\/strong> Ko\u0161ile by m\u011bla dob\u0159e sed\u011bt v oblasti ramen a hrudn\u00edku a m\u011bla by b\u00fdt dostate\u010dn\u011b dlouh\u00e1, aby se dala zastr\u010dit.<\/li>\n<li data-sourcepos=\"26:1-27:0\"><strong>Zkontrolujte l\u00edmec:<\/strong> L\u00edmec by m\u011bl rovn\u011b p\u0159il\u00e9hat ke krku a nem\u011bl by b\u00fdt ani p\u0159\u00edli\u0161 t\u011bsn\u00fd, ani p\u0159\u00edli\u0161 voln\u00fd.<\/li>\n<\/ul>\n<\/li>\n<\/ul>\n<\/li>\n<\/ul>","protected":false},"excerpt":{"rendered":"<table style=\"height: 593px;\" width=\"513\">\n<tbody>\n<tr>\n<td width=\"146\"><strong><b>Produkt<\/b><\/strong>\u00a0<strong><b>Jm\u00e9no:<\/b><\/strong><\/td>\n<td width=\"601\"><strong>P\u00e1nsk\u00e1 ko\u0161ile s dlouh\u00fdm ruk\u00e1vem<\/strong><\/td>\n<\/tr>\n<tr>\n<td width=\"146\"><strong><b>Materlal:<\/b><\/strong><\/td>\n<td width=\"601\">Polyester\/bavlna<\/td>\n<\/tr>\n<tr>\n<td width=\"146\"><strong><b>Technika:<\/b><\/strong><\/td>\n<td width=\"601\">Tisk a barven\u00ed<\/td>\n<\/tr>\n<tr>\n<td width=\"146\"><strong><b>Styl:<\/b><\/strong><\/td>\n<td width=\"601\">P\u0159\u00edle\u017eitostn\u00e9<\/td>\n<\/tr>\n<tr>\n<td width=\"146\"><strong><b>Barva<\/b><\/strong><strong><b>:<\/b><\/strong><\/td>\n<td width=\"601\">\u00a0Vlastn\u00ed barvy<\/td>\n<\/tr>\n<tr>\n<td width=\"146\"><strong><b>Velikost:<\/b><\/strong><\/td>\n<td width=\"601\">S \/M \/L \/XL \/2XL<\/td>\n<\/tr>\n<tr>\n<td width=\"146\"><strong><b>OEM\/ODM:<\/b><\/strong><\/td>\n<td width=\"601\">P\u0159ijateln\u00e9<\/td>\n<\/tr>\n<tr>\n<td width=\"146\"><strong><b>Kvalita:<\/b><\/strong><\/td>\n<td width=\"601\">100% Vysok\u00e1 kvalita<\/td>\n<\/tr>\n<tr>\n<td width=\"146\"><strong><b>M<\/b><\/strong><strong><b>OQ:<\/b><\/strong><\/td>\n<td width=\"601\">200 ks<\/td>\n<\/tr>\n<\/tbody>\n<\/table>","protected":false},"featured_media":1746,"template":"","meta":[],"product_brand":[],"product_cat":[38],"product_tag":[],"class_list":{"0":"post-1630","1":"product","2":"type-product","3":"status-publish","4":"has-post-thumbnail","6":"product_cat-mens-clothing","8":"first","9":"instock","10":"shipping-taxable","11":"product-type-simple"},"_links":{"self":[{"href":"https:\/\/mj-clothing.com\/cs\/wp-json\/wp\/v2\/product\/1630","targetHints":{"allow":["GET"]}}],"collection":[{"href":"https:\/\/mj-clothing.com\/cs\/wp-json\/wp\/v2\/product"}],"about":[{"href":"https:\/\/mj-clothing.com\/cs\/wp-json\/wp\/v2\/types\/product"}],"wp:featuredmedia":[{"embeddable":true,"href":"https:\/\/mj-clothing.com\/cs\/wp-json\/wp\/v2\/media\/1746"}],"wp:attachment":[{"href":"https:\/\/mj-clothing.com\/cs\/wp-json\/wp\/v2\/media?parent=1630"}],"wp:term":[{"taxonomy":"product_brand","embeddable":true,"href":"https:\/\/mj-clothing.com\/cs\/wp-json\/wp\/v2\/product_brand?post=1630"},{"taxonomy":"product_cat","embeddable":true,"href":"https:\/\/mj-clothing.com\/cs\/wp-json\/wp\/v2\/product_cat?post=1630"},{"taxonomy":"product_tag","embeddable":true,"href":"https:\/\/mj-clothing.com\/cs\/wp-json\/wp\/v2\/product_tag?post=1630"}],"curies":[{"name":"wp","href":"https:\/\/api.w.org\/{rel}","templated":true}]}}