{"id":1639,"date":"2024-12-12T03:09:51","date_gmt":"2024-12-12T03:09:51","guid":{"rendered":"https:\/\/mj-clothing.com\/?post_type=product&#038;p=1639"},"modified":"2024-12-17T07:21:12","modified_gmt":"2024-12-17T07:21:12","slug":"luxury-mens-white-shirt","status":"publish","type":"product","link":"https:\/\/mj-clothing.com\/cs\/manufacturer\/luxury-mens-white-shirt\/","title":{"rendered":"Luxusn\u00ed p\u00e1nsk\u00e1 b\u00edl\u00e1 ko\u0161ile"},"content":{"rendered":"<h2>Luxusn\u00ed p\u00e1nsk\u00e1 b\u00edl\u00e1 ko\u0161ile<\/h2>\n<p><span class=\"citation-0 recitation citation-end-0\">Luxusn\u00ed p\u00e1nsk\u00e1 b\u00edl\u00e1 ko\u0161ile je nad\u010dasov\u00e1 klasika, kter\u00e1 dok\u00e1\u017ee pozvednout ka\u017ed\u00fd \u0161atn\u00edk.<\/span>Zde je n\u011bkolik kl\u00ed\u010dov\u00fdch faktor\u016f, kter\u00e9 je t\u0159eba zv\u00e1\u017eit p\u0159i v\u00fdb\u011bru luxusn\u00ed b\u00edl\u00e9 ko\u0161ile:<\/p>\n<div id=\"model-response-message-contentr_5dd7d1f0a90fdd28\" class=\"markdown markdown-main-panel response-optimization\" dir=\"ltr\">\n<p data-sourcepos=\"3:1-3:11\"><strong>Tkanina:<\/strong><\/p>\n<ul data-sourcepos=\"5:1-12:0\">\n<li data-sourcepos=\"5:1-7:29\"><strong><span class=\"citation-1 recitation\">Jemn\u00e1 bavlna:<\/span><\/strong><span class=\"citation-1 recitation citation-end-1\"> Vysoce kvalitn\u00ed bavlna, nap\u0159\u00edklad egyptsk\u00e1 nebo pima bavlna, nab\u00edz\u00ed v\u00fdjime\u010dnou m\u011bkkost, prody\u0161nost a trvanlivost.<\/span><\/li>\n<li data-sourcepos=\"5:1-7:29\"><strong><span class=\"citation-2 recitation\">Sea Island Cotton:<\/span><\/strong><span class=\"citation-2 recitation citation-end-2\"> Bavlna Sea Island je zn\u00e1m\u00e1 sv\u00fdmi mimo\u0159\u00e1dn\u011b dlouh\u00fdmi vl\u00e1kny a pat\u0159\u00ed k nejluxusn\u011bj\u0161\u00edm dostupn\u00fdm tkanin\u00e1m.<\/span> Je neuv\u011b\u0159iteln\u011b jemn\u00e1, hladk\u00e1 a leskl\u00e1.<span class=\"button-container hide-from-message-actions ng-star-inserted\">\u00a0<\/span>\n<div class=\"container ng-tns-c3661983433-95 hide\">\n<div class=\"carousel-container ng-tns-c3661983433-95\"><\/div>\n<\/div>\n<div class=\"attachment-container search-images\"><\/div>\n<\/li>\n<li data-sourcepos=\"5:1-7:29\"><strong><span class=\"citation-3 recitation\">Povle\u010den\u00ed:<\/span><\/strong><span class=\"citation-3 recitation citation-end-3\"> P\u0159\u00edrodn\u00ed, prody\u0161n\u00e1 tkanina, kter\u00e1 je ide\u00e1ln\u00ed do teplej\u0161\u00edho po\u010das\u00ed.<\/span>\u010casto m\u00e1 lehce strukturovan\u00fd vzhled a p\u016fsob\u00ed uvoln\u011bn\u011b a elegantn\u011b.<span class=\"button-container hide-from-message-actions ng-star-inserted\" style=\"font-size: 14.4px;\">\u00a0\u00a0<\/span>\n<div class=\"container ng-tns-c3661983433-95 hide\">\n<div class=\"carousel-container ng-tns-c3661983433-95\"><\/div>\n<\/div>\n<div class=\"attachment-container search-images\"><\/div>\n<\/li>\n<\/ul>\n<p data-sourcepos=\"13:1-13:17\"><strong>Konstrukce:<\/strong><\/p>\n<ul data-sourcepos=\"15:1-18:0\">\n<li data-sourcepos=\"15:1-15:160\"><strong>Krej\u010dovstv\u00ed:<\/strong> Ko\u0161ile by m\u011bla b\u00fdt dob\u0159e u\u0161it\u00e1, s precizn\u00edm pro\u0161\u00edv\u00e1n\u00edm a \u010dist\u00fdm zakon\u010den\u00edm. V\u011bnujte pozornost detail\u016fm, jako je l\u00edmec, man\u017eety a knofl\u00edkov\u00e9 d\u00edrky.<\/li>\n<li data-sourcepos=\"16:1-16:110\"><strong>P\u0159izp\u016fsoben\u00ed:<\/strong> Pro luxusn\u00ed vzhled je rozhoduj\u00edc\u00ed st\u0159ih. Dob\u0159e padnouc\u00ed ko\u0161ile by m\u011bla hladce a pohodln\u011b padnout.<\/li>\n<li data-sourcepos=\"17:1-18:0\"><strong>Styl l\u00edmce:<\/strong> Vyberte si styl l\u00edmce, kter\u00fd vyhovuje va\u0161emu tvaru obli\u010deje a osobn\u00edm preferenc\u00edm. <span class=\"citation-4 recitation citation-end-4\">Mezi obl\u00edben\u00e9 varianty pat\u0159\u00ed klasick\u00fd l\u00edmec, l\u00edmec s knofl\u00edky a l\u00edmec s v\u00fd\u0159ezem.<\/span><span class=\"button-container hide-from-message-actions ng-star-inserted\"> \u00a0<\/span>\n<div class=\"container ng-tns-c3661983433-96 hide\">\n<div class=\"carousel-container ng-tns-c3661983433-96\">\n<div class=\"carousel-content ng-tns-c3661983433-96\">\n<div class=\"sources-carousel-source ng-tns-c3661983433-96 hide ng-star-inserted\" data-test-id=\"sources-carousel-source\"><\/div>\n<\/div>\n<\/div>\n<\/div>\n<\/li>\n<\/ul>\n<p data-sourcepos=\"19:1-19:11\"><strong>Design:<\/strong><\/p>\n<ul data-sourcepos=\"21:1-23:0\">\n<li data-sourcepos=\"21:1-21:168\"><strong>Minimalistick\u00e1 elegance:<\/strong> Jednoduch\u00fd a \u010dist\u00fd design \u010dasto vyza\u0159uje nejv\u011bt\u0161\u00ed luxus. Vyberte si ko\u0161ili s jemn\u00fdmi detaily, jako jsou perle\u0165ov\u00e9 knofl\u00edky nebo jemn\u00fd monogram.<\/li>\n<li data-sourcepos=\"22:1-23:0\"><strong>Jemn\u00e9 vzory:<\/strong> Pokud d\u00e1v\u00e1te p\u0159ednost vzoru, zva\u017ete jemn\u00fd prou\u017eek nebo malou kostku.<\/li>\n<\/ul>\n<p data-sourcepos=\"24:1-24:11\"><strong>Zna\u010dky:<\/strong><\/p>\n<\/div>\n<div class=\"skeleton-loader-container\">\n<p data-sourcepos=\"26:1-26:70\">N\u011bkter\u00e9 luxusn\u00ed zna\u010dky jsou proslul\u00e9 sv\u00fdmi luxusn\u00edmi p\u00e1nsk\u00fdmi b\u00edl\u00fdmi ko\u0161ilemi:<\/p>\n<ul data-sourcepos=\"28:1-36:0\">\n<li data-sourcepos=\"28:1-29:43\"><strong>Turnbull &amp; Asser:<\/strong> <span class=\"citation-5 recitation citation-end-5\">Jsou zn\u00e1m\u00e9 sv\u00fdm zak\u00e1zkov\u00fdm \u0161it\u00edm a luxusn\u00edmi l\u00e1tkami.<\/span><\/li>\n<li data-sourcepos=\"28:1-29:43\"><strong><span class=\"citation-6 recitation\">Charvet:<\/span><\/strong><span class=\"citation-6 recitation citation-end-6\"> Historick\u00fd francouzsk\u00fd v\u00fdrobce ko\u0161il nab\u00edz\u00ed vynikaj\u00edc\u00ed \u0159emesln\u00e9 zpracov\u00e1n\u00ed a elegantn\u00ed vzory.<\/span><\/li>\n<li data-sourcepos=\"28:1-29:43\"><strong><span class=\"citation-7 recitation\">Brioni:<\/span><\/strong><span class=\"citation-7 recitation citation-end-7\"> Italsk\u00e1 luxusn\u00ed zna\u010dka se zam\u011b\u0159en\u00edm na jemn\u00e9 krej\u010dovstv\u00ed a dokonalou kvalitu.<\/span><\/li>\n<li data-sourcepos=\"28:1-29:43\">\n<div class=\"container\"><strong><span class=\"citation-8 recitation\">Kiton:<\/span><\/strong><span class=\"citation-8 recitation citation-end-8\"> Dal\u0161\u00ed italsk\u00e1 luxusn\u00ed zna\u010dka, kter\u00e1 vyr\u00e1b\u00ed jedny z nejlep\u0161\u00edch ko\u0161il na sv\u011bt\u011b.<\/span><\/div>\n<p><span class=\"button-container hide-from-message-actions ng-star-inserted\"> \u00a0 <\/span><\/li>\n<\/ul>\n<\/div>\n<div class=\"response-footer gap complete\">\n<div class=\"container ng-tns-c3661983433-86\">\n<div class=\"carousel-container ng-tns-c3661983433-86\">\n<div class=\"carousel-content ng-tns-c3661983433-86\">\n<div class=\"sources-carousel-source ng-tns-c3661983433-86 ng-star-inserted\" data-test-id=\"sources-carousel-source\">\n<div class=\"source-card-container\">\n<div class=\"source-card-content\">\n<div class=\"source-card-body\">\n<div class=\"source-card-header\">\n<div class=\"source-card-title\"><\/div>\n<\/div>\n<\/div>\n<\/div>\n<\/div>\n<\/div>\n<\/div>\n<\/div>\n<\/div>\n<\/div>","protected":false},"excerpt":{"rendered":"<table style=\"height: 485px;\" width=\"491\">\n<tbody>\n<tr>\n<td width=\"146\"><strong><b>Produkt<\/b><\/strong>\u00a0<strong><b>Jm\u00e9no:<\/b><\/strong><\/td>\n<td width=\"601\"><strong>Luxusn\u00ed p\u00e1nsk\u00e1 b\u00edl\u00e1 ko\u0161ile<\/strong><\/td>\n<\/tr>\n<tr>\n<td width=\"146\"><strong><b>Materlal:<\/b><\/strong><\/td>\n<td width=\"601\">Polyester\/bavlna<\/td>\n<\/tr>\n<tr>\n<td width=\"146\"><strong><b>Technika:<\/b><\/strong><\/td>\n<td width=\"601\">Tisk a barven\u00ed<\/td>\n<\/tr>\n<tr>\n<td width=\"146\"><strong><b>Styl:<\/b><\/strong><\/td>\n<td width=\"601\">P\u0159\u00edle\u017eitostn\u00e9<\/td>\n<\/tr>\n<tr>\n<td width=\"146\"><strong><b>Barva<\/b><\/strong><strong><b>:<\/b><\/strong><\/td>\n<td width=\"601\">\u00a0Vlastn\u00ed barvy<\/td>\n<\/tr>\n<tr>\n<td width=\"146\"><strong><b>Velikost:<\/b><\/strong><\/td>\n<td width=\"601\">S \/M \/L \/XL \/2XL<\/td>\n<\/tr>\n<tr>\n<td width=\"146\"><strong><b>OEM\/ODM:<\/b><\/strong><\/td>\n<td width=\"601\">P\u0159ijateln\u00e9<\/td>\n<\/tr>\n<tr>\n<td width=\"146\"><strong><b>Kvalita:<\/b><\/strong><\/td>\n<td width=\"601\">100% Vysok\u00e1 kvalita<\/td>\n<\/tr>\n<tr>\n<td width=\"146\"><strong><b>M<\/b><\/strong><strong><b>OQ:<\/b><\/strong><\/td>\n<td width=\"601\">200 ks<\/td>\n<\/tr>\n<\/tbody>\n<\/table>","protected":false},"featured_media":1748,"template":"","meta":[],"product_brand":[],"product_cat":[38],"product_tag":[],"class_list":{"0":"post-1639","1":"product","2":"type-product","3":"status-publish","4":"has-post-thumbnail","6":"product_cat-mens-clothing","8":"first","9":"instock","10":"shipping-taxable","11":"product-type-simple"},"_links":{"self":[{"href":"https:\/\/mj-clothing.com\/cs\/wp-json\/wp\/v2\/product\/1639","targetHints":{"allow":["GET"]}}],"collection":[{"href":"https:\/\/mj-clothing.com\/cs\/wp-json\/wp\/v2\/product"}],"about":[{"href":"https:\/\/mj-clothing.com\/cs\/wp-json\/wp\/v2\/types\/product"}],"wp:featuredmedia":[{"embeddable":true,"href":"https:\/\/mj-clothing.com\/cs\/wp-json\/wp\/v2\/media\/1748"}],"wp:attachment":[{"href":"https:\/\/mj-clothing.com\/cs\/wp-json\/wp\/v2\/media?parent=1639"}],"wp:term":[{"taxonomy":"product_brand","embeddable":true,"href":"https:\/\/mj-clothing.com\/cs\/wp-json\/wp\/v2\/product_brand?post=1639"},{"taxonomy":"product_cat","embeddable":true,"href":"https:\/\/mj-clothing.com\/cs\/wp-json\/wp\/v2\/product_cat?post=1639"},{"taxonomy":"product_tag","embeddable":true,"href":"https:\/\/mj-clothing.com\/cs\/wp-json\/wp\/v2\/product_tag?post=1639"}],"curies":[{"name":"wp","href":"https:\/\/api.w.org\/{rel}","templated":true}]}}