{"id":1662,"date":"2024-12-12T03:40:11","date_gmt":"2024-12-12T03:40:11","guid":{"rendered":"https:\/\/mj-clothing.com\/?post_type=product&#038;p=1662"},"modified":"2024-12-17T07:20:07","modified_gmt":"2024-12-17T07:20:07","slug":"mens-lounge-shirts","status":"publish","type":"product","link":"https:\/\/mj-clothing.com\/cs\/manufacturer\/mens-lounge-shirts\/","title":{"rendered":"P\u00e1nsk\u00e9 ko\u0161ile do salonu"},"content":{"rendered":"<div class=\"user-query-container ng-star-inserted\">\n<div id=\"user-query-content-5\" class=\"query-content\">\n<div class=\"query-text ng-star-inserted\" dir=\"ltr\" role=\"heading\" aria-level=\"2\">\n<h2 class=\"query-text-line ng-star-inserted\">P\u00e1nsk\u00e9 ko\u0161ile do salonu<\/h2>\n<\/div>\n<\/div>\n<div class=\"button-gutter\"><span class=\"citation-0 recitation citation-end-0\" style=\"font-size: 14.4px; color: #555555;\">P\u00e1nsk\u00e9 lounge ko\u0161ile jsou pohodln\u00fdm a stylov\u00fdm od\u011bvem ur\u010den\u00fdm pro relaxaci a voln\u00fd \u010das.<\/span><span style=\"font-size: 14.4px; color: #555555;\"> Je ide\u00e1ln\u00ed na leno\u0161en\u00ed po dom\u011b, vy\u0159izov\u00e1n\u00ed poch\u016fzek nebo prost\u011b jen na neform\u00e1ln\u00ed den venku.<\/span><\/div>\n<div>\n<p data-sourcepos=\"3:1-3:61\">Zde jsou n\u011bkter\u00e9 kl\u00ed\u010dov\u00e9 vlastnosti a styly p\u00e1nsk\u00fdch ko\u0161il do salonu:<\/p>\n<p data-sourcepos=\"5:1-5:17\"><strong>Kl\u00ed\u010dov\u00e9 vlastnosti:<\/strong><\/p>\n<ul data-sourcepos=\"7:1-10:0\">\n<li data-sourcepos=\"7:1-7:123\"><strong><span class=\"citation-1 recitation\">Pohodl\u00ed:<\/span><\/strong><span class=\"citation-1 recitation citation-end-1\"> Lounge ko\u0161ile jsou obvykle vyrobeny z m\u011bkk\u00fdch a prody\u0161n\u00fdch materi\u00e1l\u016f, jako je bavlna, flanel nebo \u017eerzej.<\/span><\/li>\n<li data-sourcepos=\"7:1-7:123\"><strong>Uvoln\u011bn\u00fd st\u0159ih:<\/strong> \u010casto maj\u00ed voln\u00fd nebo nadm\u011brn\u00fd st\u0159ih pro maxim\u00e1ln\u00ed pohodl\u00ed.<\/li>\n<li data-sourcepos=\"7:1-7:123\"><strong>Le\u017e\u00e9rn\u00ed styl:<\/strong> Ko\u0161ile do salonu se vyr\u00e1b\u011bj\u00ed v r\u016fzn\u00fdch neform\u00e1ln\u00edch stylech, v\u010detn\u011b jednobarevn\u00fdch, pruhovan\u00fdch a vzorovan\u00fdch.\n<p data-sourcepos=\"11:1-11:19\"><strong>Obl\u00edben\u00e9 styly:<\/strong><\/p>\n<\/li>\n<li data-sourcepos=\"7:1-7:123\">\n<p data-sourcepos=\"11:1-11:19\"><strong style=\"color: #333333; font-size: 14.4px;\">Flanelov\u00e1 ko\u0161ile:<\/strong><span style=\"color: #333333; font-size: 14.4px;\"> Flanelov\u00e9 ko\u0161ile jsou klasickou volbou do chladn\u011bj\u0161\u00edho po\u010das\u00ed a skv\u011ble se hod\u00ed k uveleben\u00ed na gau\u010di.<\/span><\/p>\n<\/li>\n<li data-sourcepos=\"7:1-7:123\"><strong><span class=\"citation-2 recitation\">Ko\u0161ile Oxford:<\/span><\/strong><span class=\"citation-2 recitation citation-end-2\"> Ko\u0161ile oxfordsk\u00e9ho st\u0159ihu jsou elegantn\u011bj\u0161\u00ed variantou, kterou lze obl\u00e9knout nahoru i dol\u016f.<\/span><\/li>\n<li data-sourcepos=\"7:1-7:123\"><strong><span class=\"citation-3 recitation\">Tri\u010dko:<\/span><\/strong><span class=\"citation-3 recitation citation-end-3\"> M\u011bkk\u00e1 a elastick\u00e1 tri\u010dka z \u017eerzeje jsou ide\u00e1ln\u00ed na leno\u0161en\u00ed po dom\u011b.<sup class=\"superscript visible\" data-turn-source-index=\"4\">\u00a0<\/sup><\/span><\/li>\n<li data-sourcepos=\"7:1-7:123\"><strong><span class=\"citation-4 recitation\">Ko\u0161ile Henley:<\/span><\/strong><span class=\"citation-4 recitation citation-end-4\"> Ko\u0161ile Henley je neform\u00e1ln\u00ed a pohodln\u00e1 volba, kter\u00e1 se skv\u011ble hod\u00ed pro uvoln\u011bn\u00fd vzhled.<\/span>\n<div class=\"container\">\n<p data-sourcepos=\"22:1-22:38\"><strong>Jak stylizovat p\u00e1nsk\u00e9 ko\u0161ile do salonu:<\/strong><\/p>\n<ul data-sourcepos=\"24:1-27:0\">\n<li data-sourcepos=\"24:1-24:88\"><strong>Le\u017e\u00e9rn\u00ed vzhled:<\/strong> Flanelovou nebo \u017eerzejovou ko\u0161ili kombinujte s d\u017e\u00ednami nebo tepl\u00e1ky a teniskami.<\/li>\n<li data-sourcepos=\"25:1-25:85\"><strong>Zv\u00fd\u0161en\u00fd vzhled:<\/strong> Oble\u010dte si oxfordskou ko\u0161ili s chinos kalhotami nebo spole\u010densk\u00fdmi kalhotami a mokas\u00edny.<\/li>\n<li data-sourcepos=\"26:1-27:0\"><strong>Vrstven\u00fd vzhled:<\/strong> Flanelovou ko\u0161ili m\u016f\u017eete navrstvit na tri\u010dko a z\u00edskat tak \u00fatuln\u00fd a stylov\u00fd vzhled.<\/li>\n<\/ul>\n<\/div>\n<\/li>\n<\/ul>\n<\/div>\n<\/div>","protected":false},"excerpt":{"rendered":"<table style=\"height: 527px;\" width=\"492\">\n<tbody>\n<tr>\n<td width=\"146\"><strong><b>Produkt<\/b><\/strong>\u00a0<strong><b>Jm\u00e9no:<\/b><\/strong><\/td>\n<td width=\"601\"><strong>P\u00e1nsk\u00e9 ko\u0161ile do salonu<\/strong><\/td>\n<\/tr>\n<tr>\n<td width=\"146\"><strong><b>Materlal:<\/b><\/strong><\/td>\n<td width=\"601\">Polyester\/bavlna<\/td>\n<\/tr>\n<tr>\n<td width=\"146\"><strong><b>Technika:<\/b><\/strong><\/td>\n<td width=\"601\">Tisk a barven\u00ed<\/td>\n<\/tr>\n<tr>\n<td width=\"146\"><strong><b>Styl:<\/b><\/strong><\/td>\n<td width=\"601\">P\u0159\u00edle\u017eitostn\u00e9<\/td>\n<\/tr>\n<tr>\n<td width=\"146\"><strong><b>Barva<\/b><\/strong><strong><b>:<\/b><\/strong><\/td>\n<td width=\"601\">\u00a0Vlastn\u00ed barvy<\/td>\n<\/tr>\n<tr>\n<td width=\"146\"><strong><b>Velikost:<\/b><\/strong><\/td>\n<td width=\"601\">S \/M \/L \/XL \/2XL<\/td>\n<\/tr>\n<tr>\n<td width=\"146\"><strong><b>OEM\/ODM:<\/b><\/strong><\/td>\n<td width=\"601\">P\u0159ijateln\u00e9<\/td>\n<\/tr>\n<tr>\n<td width=\"146\"><strong><b>Kvalita:<\/b><\/strong><\/td>\n<td width=\"601\">100% Vysok\u00e1 kvalita<\/td>\n<\/tr>\n<tr>\n<td width=\"146\"><strong><b>M<\/b><\/strong><strong><b>OQ:<\/b><\/strong><\/td>\n<td width=\"601\">200 ks<\/td>\n<\/tr>\n<\/tbody>\n<\/table>","protected":false},"featured_media":1747,"template":"","meta":[],"product_brand":[],"product_cat":[38],"product_tag":[],"class_list":{"0":"post-1662","1":"product","2":"type-product","3":"status-publish","4":"has-post-thumbnail","6":"product_cat-mens-clothing","8":"first","9":"instock","10":"shipping-taxable","11":"product-type-simple"},"_links":{"self":[{"href":"https:\/\/mj-clothing.com\/cs\/wp-json\/wp\/v2\/product\/1662","targetHints":{"allow":["GET"]}}],"collection":[{"href":"https:\/\/mj-clothing.com\/cs\/wp-json\/wp\/v2\/product"}],"about":[{"href":"https:\/\/mj-clothing.com\/cs\/wp-json\/wp\/v2\/types\/product"}],"wp:featuredmedia":[{"embeddable":true,"href":"https:\/\/mj-clothing.com\/cs\/wp-json\/wp\/v2\/media\/1747"}],"wp:attachment":[{"href":"https:\/\/mj-clothing.com\/cs\/wp-json\/wp\/v2\/media?parent=1662"}],"wp:term":[{"taxonomy":"product_brand","embeddable":true,"href":"https:\/\/mj-clothing.com\/cs\/wp-json\/wp\/v2\/product_brand?post=1662"},{"taxonomy":"product_cat","embeddable":true,"href":"https:\/\/mj-clothing.com\/cs\/wp-json\/wp\/v2\/product_cat?post=1662"},{"taxonomy":"product_tag","embeddable":true,"href":"https:\/\/mj-clothing.com\/cs\/wp-json\/wp\/v2\/product_tag?post=1662"}],"curies":[{"name":"wp","href":"https:\/\/api.w.org\/{rel}","templated":true}]}}