{"id":1687,"date":"2024-12-12T06:29:02","date_gmt":"2024-12-12T06:29:02","guid":{"rendered":"https:\/\/mj-clothing.com\/?post_type=product&#038;p=1687"},"modified":"2024-12-13T03:09:53","modified_gmt":"2024-12-13T03:09:53","slug":"mens-linnen-ecru-shirt","status":"publish","type":"product","link":"https:\/\/mj-clothing.com\/cs\/manufacturer\/mens-linnen-ecru-shirt\/","title":{"rendered":"P\u00e1nsk\u00e1 ko\u0161ile Linnen Ecru"},"content":{"rendered":"<h2><strong>P\u00e1nsk\u00e1 ko\u0161ile Linnen Ecru<\/strong><\/h2>\n<p><span class=\"citation-0 recitation citation-end-0\">P\u00e1nsk\u00e1 ko\u0161ile Linnen Ecru je stylov\u00fd a v\u0161estrann\u00fd kousek oble\u010den\u00ed ide\u00e1ln\u00ed do tepl\u00e9ho po\u010das\u00ed.<\/span> Zde je d\u016fvod:<\/p>\n<h3 data-sourcepos=\"3:1-3:14\"><strong>\u00a0 \u00a0 \u00a0 Pro\u010d pr\u00e1dlo?<\/strong><\/h3>\n<ul data-sourcepos=\"5:1-9:0\">\n<li data-sourcepos=\"5:1-5:157\"><strong>Prody\u0161nost:<\/strong> <span class=\"citation-1 recitation citation-end-1\">Len je p\u0159\u00edrodn\u00ed vl\u00e1kno, kter\u00e9 v\u00fdborn\u011b pohlcuje vlhkost a umo\u017e\u0148uje cirkulaci vzduchu, \u010d\u00edm\u017e udr\u017euje chlad a pohodl\u00ed.<\/span><\/li>\n<li data-sourcepos=\"5:1-5:157\"><strong style=\"font-size: 14.4px;\"><span class=\"citation-2 recitation\">Odolnost:<\/span><\/strong><span class=\"citation-2 recitation citation-end-2\" style=\"font-size: 14.4px;\"> Navzdory sv\u00e9mu jemn\u00e9mu vzhledu je len p\u0159ekvapiv\u011b odoln\u00fd a dlouhotrvaj\u00edc\u00ed.<\/span><\/li>\n<li data-sourcepos=\"5:1-5:157\"><strong><span class=\"citation-3 recitation\">M\u011bkkost:<\/span><\/strong><span class=\"citation-3 recitation citation-end-3\"> Pr\u00e1dlo je s ka\u017ed\u00fdm pran\u00edm m\u011bk\u010d\u00ed, tak\u017ee je \u010dasem st\u00e1le p\u0159\u00edjemn\u011bj\u0161\u00ed.<\/span><\/li>\n<li data-sourcepos=\"5:1-5:157\"><strong style=\"font-size: 14.4px;\">Odoln\u00e9 proti vr\u00e1sk\u00e1m:<\/strong><span style=\"font-size: 14.4px;\"> Len je zn\u00e1m\u00fd svou p\u0159irozenou poma\u010dkanost\u00ed, kter\u00e1 mu dod\u00e1v\u00e1 le\u017e\u00e9rn\u00ed a uvoln\u011bn\u00fd p\u016fvab.<\/span><br \/>\n<h3 data-sourcepos=\"10:1-10:13\"><strong>Pro\u010d Ecru?<\/strong><\/h3>\n<\/li>\n<li data-sourcepos=\"5:1-5:157\"><strong>V\u0161estrannost:<\/strong> <span class=\"citation-4 recitation citation-end-4\">Ecru, sv\u011btle b\u00e9\u017eov\u00e1 nebo smetanov\u00e1 barva, je neuv\u011b\u0159iteln\u011b univerz\u00e1ln\u00ed.<\/span>Dob\u0159e se kombinuje s r\u016fzn\u00fdmi barvami, od tmav\u00e9 d\u017e\u00ednoviny po sv\u011btl\u00e9 chinos kalhoty.<\/li>\n<li data-sourcepos=\"13:1-13:96\"><strong>Nad\u010dasov\u00e9:<\/strong> Neutr\u00e1ln\u00ed odst\u00edn ecru z n\u011bj d\u011bl\u00e1 nad\u010dasov\u00fd kousek, kter\u00fd nikdy nevyjde z m\u00f3dy.<\/li>\n<li data-sourcepos=\"14:1-15:0\"><strong>Snadno se stylizuje:<\/strong> <span class=\"citation-5 recitation citation-end-5\"><span class=\"citation-5 recitation citation-end-5\"><span class=\"citation-5 recitation citation-end-5\">Lze ji obl\u00e9knout nahoru i dol\u016f, tak\u017ee se skv\u011ble hod\u00ed pro r\u016fzn\u00e9 p\u0159\u00edle\u017eitosti.<\/span><\/span><\/span><br \/>\n<h3 data-sourcepos=\"16:1-16:36\"><strong>Jak stylizovat p\u00e1nskou ko\u0161ili Linnen Ecru?<\/strong><\/h3>\n<\/li>\n<li data-sourcepos=\"14:1-15:0\"><strong>P\u0159\u00edle\u017eitostn\u00e9:<\/strong> Zkombinujte ji s d\u017e\u00ednami, chinos kalhotami nebo \u0161ortkami a teniskami a z\u00edskejte uvoln\u011bn\u00fd ka\u017edodenn\u00ed vzhled.<\/li>\n<li data-sourcepos=\"14:1-15:0\"><strong>Smart Casual:<\/strong> Zkombinujte ji s kalhotami na m\u00edru a mokas\u00ednami a z\u00edskejte sofistikovan\u00fd, ale p\u0159esto uvoln\u011bn\u00fd komplet.<\/li>\n<li data-sourcepos=\"14:1-15:0\"><strong>Tropick\u00e9:<\/strong> Oble\u010dte si ho k pl\u00e1t\u011bn\u00fdm kalhot\u00e1m nebo \u0161ortk\u00e1m v kontrastn\u00ed barv\u011b a vytvo\u0159te si letn\u00ed, sv\u011b\u017e\u00ed outfit.<\/li>\n<\/ul>","protected":false},"excerpt":{"rendered":"<p>Materi\u00e1l: Polyester\/bavlna\/l\u00e1tka<\/p>\n<p>Technika: Vy\u0161\u00edvan\u00e9<\/p>\n<p>Styl: Le\u017e\u00e9rn\u00ed<\/p>\n<p>Barva\uff1a\u010cern\u00e1 a vlastn\u00ed barvy<\/p>\n<p>Velikost: S \/M \/L \/XL \/2XL<\/p>","protected":false},"featured_media":1750,"template":"","meta":[],"product_brand":[],"product_cat":[38],"product_tag":[],"class_list":{"0":"post-1687","1":"product","2":"type-product","3":"status-publish","4":"has-post-thumbnail","6":"product_cat-mens-clothing","8":"first","9":"instock","10":"shipping-taxable","11":"product-type-simple"},"_links":{"self":[{"href":"https:\/\/mj-clothing.com\/cs\/wp-json\/wp\/v2\/product\/1687","targetHints":{"allow":["GET"]}}],"collection":[{"href":"https:\/\/mj-clothing.com\/cs\/wp-json\/wp\/v2\/product"}],"about":[{"href":"https:\/\/mj-clothing.com\/cs\/wp-json\/wp\/v2\/types\/product"}],"wp:featuredmedia":[{"embeddable":true,"href":"https:\/\/mj-clothing.com\/cs\/wp-json\/wp\/v2\/media\/1750"}],"wp:attachment":[{"href":"https:\/\/mj-clothing.com\/cs\/wp-json\/wp\/v2\/media?parent=1687"}],"wp:term":[{"taxonomy":"product_brand","embeddable":true,"href":"https:\/\/mj-clothing.com\/cs\/wp-json\/wp\/v2\/product_brand?post=1687"},{"taxonomy":"product_cat","embeddable":true,"href":"https:\/\/mj-clothing.com\/cs\/wp-json\/wp\/v2\/product_cat?post=1687"},{"taxonomy":"product_tag","embeddable":true,"href":"https:\/\/mj-clothing.com\/cs\/wp-json\/wp\/v2\/product_tag?post=1687"}],"curies":[{"name":"wp","href":"https:\/\/api.w.org\/{rel}","templated":true}]}}