{"id":1763,"date":"2024-12-14T03:06:05","date_gmt":"2024-12-14T03:06:05","guid":{"rendered":"https:\/\/mj-clothing.com\/?post_type=product&#038;p=1763"},"modified":"2024-12-17T07:11:45","modified_gmt":"2024-12-17T07:11:45","slug":"black-tweed-jacket","status":"publish","type":"product","link":"https:\/\/mj-clothing.com\/cs\/manufacturer\/black-tweed-jacket\/","title":{"rendered":"\u010cern\u00e1 tv\u00eddov\u00e1 bunda"},"content":{"rendered":"<h2 data-sourcepos=\"1:1-1:113\">\u010cern\u00e1 tv\u00eddov\u00e1 bunda<\/h2>\n<p data-sourcepos=\"1:1-1:113\">\u010cern\u00e9 tv\u00eddov\u00e9 sako je v\u0161estrann\u00fd a stylov\u00fd kousek, kter\u00fd dok\u00e1\u017ee pozvednout jak\u00fdkoli outfit. Tady je d\u016fvod, pro\u010d byste si ho mohli zamilovat:<\/p>\n<p data-sourcepos=\"3:1-3:36\"><strong>Pro\u010d si vybrat \u010dern\u00e9 tv\u00eddov\u00e9 sako?<\/strong><\/p>\n<ul data-sourcepos=\"5:1-9:0\">\n<li data-sourcepos=\"5:1-5:101\"><strong>Nad\u010dasov\u00e1 elegance:<\/strong> \u010cern\u00fd tv\u00edd je klasick\u00e1, sofistikovan\u00e1 tkanina, kter\u00e1 nikdy nevyjde z m\u00f3dy.<\/li>\n<li data-sourcepos=\"6:1-6:95\"><strong>V\u0161estrann\u00fd styling:<\/strong> Lze ji obl\u00e9knout nahoru i dol\u016f, tak\u017ee se skv\u011ble hod\u00ed pro r\u016fzn\u00e9 p\u0159\u00edle\u017eitosti.<\/li>\n<li data-sourcepos=\"7:1-7:103\"><strong>Teplo a pohodl\u00ed:<\/strong> Tweed je odoln\u00e1 a izola\u010dn\u00ed tkanina, tak\u017ee je ide\u00e1ln\u00ed do chladn\u011bj\u0161\u00edho po\u010das\u00ed.<\/li>\n<li data-sourcepos=\"8:1-9:0\"><strong>Texturovan\u00fd vzhled:<\/strong> Jedine\u010dn\u00e1 tv\u00eddov\u00e1 vazba dod\u00e1 va\u0161emu oble\u010den\u00ed vizu\u00e1ln\u00ed zaj\u00edmavost.<\/li>\n<\/ul>\n<p data-sourcepos=\"10:1-10:38\"><strong>Jak si obl\u00e9knout \u010dern\u00e9 tv\u00eddov\u00e9 sako:<\/strong><\/p>\n<ul data-sourcepos=\"12:1-15:0\">\n<li data-sourcepos=\"12:1-12:93\"><strong>Smart Casual:<\/strong> V kombinaci s kalhotami chinos, ko\u0161il\u00ed s knofl\u00edky a mokas\u00edny z\u00edsk\u00e1te rafinovan\u00fd vzhled.<\/li>\n<li data-sourcepos=\"13:1-13:102\"><strong>Business Casual:<\/strong> Oble\u010dte si ho k \u0161atov\u00fdm kalhot\u00e1m, ko\u0161ili a kravat\u011b a vytvo\u0159te si profesion\u00e1ln\u00ed komplet.<\/li>\n<li data-sourcepos=\"14:1-15:0\"><strong>Le\u017e\u00e9rn\u00ed elegance:<\/strong> Zkombinujte ji s d\u017e\u00ednami, tri\u010dkem a teniskami a z\u00edskejte uvoln\u011bn\u00fd styl.<\/li>\n<\/ul>\n<p data-sourcepos=\"16:1-16:43\"><strong>Tipy pro v\u00fdb\u011br \u010dern\u00e9 tv\u00eddov\u00e9 bundy:<\/strong><\/p>\n<ul data-sourcepos=\"18:1-22:0\">\n<li data-sourcepos=\"18:1-18:71\"><strong>P\u0159izp\u016fsoben\u00ed:<\/strong> Vyberte si bundu, kter\u00e1 v\u00e1m dob\u0159e padne a lichot\u00ed va\u0161\u00ed postav\u011b.<\/li>\n<li data-sourcepos=\"19:1-19:109\"><strong>Vzor:<\/strong> Zva\u017ete vzor tv\u00eddu, a\u0165 u\u017e jde o klasickou ryb\u00ed kost, nebo modern\u011bj\u0161\u00ed design.<\/li>\n<li data-sourcepos=\"20:1-20:76\"><strong>Hmotnost:<\/strong> Hmotnost tv\u00eddu ur\u010duje, jak tepl\u00e1 bunda bude.<\/li>\n<li data-sourcepos=\"21:1-22:0\"><strong>P\u0159\u00edslu\u0161enstv\u00ed:<\/strong> Dopl\u0148te je kapesn\u00ed\u010dkem, kravatou nebo \u0161\u00e1tkem a dodejte jim osobn\u00ed r\u00e1z.<\/li>\n<\/ul>","protected":false},"excerpt":{"rendered":"<table style=\"height: 587px;\" width=\"485\">\n<tbody>\n<tr>\n<td width=\"146\"><strong><b>Produkt<\/b><\/strong>\u00a0<strong><b>Jm\u00e9no:<\/b><\/strong><\/td>\n<td width=\"601\"><strong>\u010cern\u00e1 tv\u00eddov\u00e1 bunda<\/strong><\/td>\n<\/tr>\n<tr>\n<td width=\"146\"><strong><b>Materlal:<\/b><\/strong><\/td>\n<td width=\"601\">Polyester\/bavlna<\/td>\n<\/tr>\n<tr>\n<td width=\"146\"><strong><b>Technika:<\/b><\/strong><\/td>\n<td width=\"601\">Tisk a barven\u00ed<\/td>\n<\/tr>\n<tr>\n<td width=\"146\"><strong><b>Styl:<\/b><\/strong><\/td>\n<td width=\"601\">P\u0159\u00edle\u017eitostn\u00e9<\/td>\n<\/tr>\n<tr>\n<td width=\"146\"><strong><b>Barva<\/b><\/strong><strong><b>:<\/b><\/strong><\/td>\n<td width=\"601\">\u00a0Vlastn\u00ed barvy<\/td>\n<\/tr>\n<tr>\n<td width=\"146\"><strong><b>Velikost:<\/b><\/strong><\/td>\n<td width=\"601\">S \/M \/L \/XL \/2XL<\/td>\n<\/tr>\n<tr>\n<td width=\"146\"><strong><b>OEM\/ODM:<\/b><\/strong><\/td>\n<td width=\"601\">P\u0159ijateln\u00e9<\/td>\n<\/tr>\n<tr>\n<td width=\"146\"><strong><b>Kvalita:<\/b><\/strong><\/td>\n<td width=\"601\">100% Vysok\u00e1 kvalita<\/td>\n<\/tr>\n<tr>\n<td width=\"146\"><strong><b>M<\/b><\/strong><strong><b>OQ:<\/b><\/strong><\/td>\n<td width=\"601\">200 ks<\/td>\n<\/tr>\n<\/tbody>\n<\/table>","protected":false},"featured_media":1764,"template":"","meta":[],"product_brand":[],"product_cat":[38],"product_tag":[],"class_list":{"0":"post-1763","1":"product","2":"type-product","3":"status-publish","4":"has-post-thumbnail","6":"product_cat-mens-clothing","8":"first","9":"instock","10":"shipping-taxable","11":"product-type-simple"},"_links":{"self":[{"href":"https:\/\/mj-clothing.com\/cs\/wp-json\/wp\/v2\/product\/1763","targetHints":{"allow":["GET"]}}],"collection":[{"href":"https:\/\/mj-clothing.com\/cs\/wp-json\/wp\/v2\/product"}],"about":[{"href":"https:\/\/mj-clothing.com\/cs\/wp-json\/wp\/v2\/types\/product"}],"wp:featuredmedia":[{"embeddable":true,"href":"https:\/\/mj-clothing.com\/cs\/wp-json\/wp\/v2\/media\/1764"}],"wp:attachment":[{"href":"https:\/\/mj-clothing.com\/cs\/wp-json\/wp\/v2\/media?parent=1763"}],"wp:term":[{"taxonomy":"product_brand","embeddable":true,"href":"https:\/\/mj-clothing.com\/cs\/wp-json\/wp\/v2\/product_brand?post=1763"},{"taxonomy":"product_cat","embeddable":true,"href":"https:\/\/mj-clothing.com\/cs\/wp-json\/wp\/v2\/product_cat?post=1763"},{"taxonomy":"product_tag","embeddable":true,"href":"https:\/\/mj-clothing.com\/cs\/wp-json\/wp\/v2\/product_tag?post=1763"}],"curies":[{"name":"wp","href":"https:\/\/api.w.org\/{rel}","templated":true}]}}