{"id":1792,"date":"2024-12-14T03:52:01","date_gmt":"2024-12-14T03:52:01","guid":{"rendered":"https:\/\/mj-clothing.com\/?post_type=product&#038;p=1792"},"modified":"2024-12-17T07:00:56","modified_gmt":"2024-12-17T07:00:56","slug":"mens-alpaca-sweater","status":"publish","type":"product","link":"https:\/\/mj-clothing.com\/cs\/manufacturer\/mens-alpaca-sweater\/","title":{"rendered":"P\u00e1nsk\u00fd svetr z alpaky"},"content":{"rendered":"<p data-sourcepos=\"1:1-1:198\"><span class=\"citation-0 recitation citation-end-0\">P\u00e1nsk\u00fd svetr z alpaky je luxusn\u00ed a h\u0159ejiv\u00fd od\u011bv vyroben\u00fd z jemn\u00e9ho a m\u011bkk\u00e9ho vl\u00e1kna alpaky, jihoamerick\u00e9ho velblouda.<\/span> Vl\u00e1kno alpaky je zn\u00e1m\u00e9 sv\u00fdmi v\u00fdjime\u010dn\u00fdmi vlastnostmi, mezi kter\u00e9 pat\u0159\u00ed:<span class=\"button-container hide-from-message-actions ng-star-inserted\"> \u00a0<\/span><\/p>\n<ul data-sourcepos=\"3:1-7:0\">\n<li data-sourcepos=\"3:1-3:89\"><strong><span class=\"citation-1 recitation\">M\u011bkkost:<\/span><\/strong><span class=\"citation-1 recitation citation-end-1\"> Vl\u00e1kno alpaky je neuv\u011b\u0159iteln\u011b m\u011bkk\u00e9, \u010dasto jemn\u011bj\u0161\u00ed ne\u017e ka\u0161m\u00edr.<\/span><\/li>\n<li data-sourcepos=\"3:1-3:89\"><span class=\"button-container hide-from-message-actions ng-star-inserted\"><strong style=\"font-size: 14.4px;\">Teplo:<\/strong> <span class=\"citation-2 recitation citation-end-2\" style=\"font-size: 14.4px;\">Skv\u011ble izoluje a udr\u017euje teplo v chladn\u00e9m po\u010das\u00ed.<\/span><\/span>\n<div class=\"container ng-tns-c2946245707-269 hide\">\n<div class=\"carousel-container ng-tns-c2946245707-269\"><\/div>\n<\/div>\n<\/li>\n<li data-sourcepos=\"5:1-5:80\"><strong>Odolnost:<\/strong> <span class=\"citation-3 recitation citation-end-3\">Vl\u00e1kno alpaky je trvanliv\u00e9 a odoln\u00e9 proti \u017emolkov\u00e1n\u00ed.<\/span><\/li>\n<li data-sourcepos=\"5:1-5:80\"><span class=\"button-container hide-from-message-actions ng-star-inserted\">\u00a0<\/span><span class=\"button-container hide-from-message-actions ng-star-inserted\"><strong style=\"font-size: 14.4px;\">Hypoalergenn\u00ed:<\/strong> <span class=\"citation-4 recitation citation-end-4\" style=\"font-size: 14.4px;\">Je p\u0159irozen\u011b hypoalergenn\u00ed, tak\u017ee je skv\u011blou volbou pro osoby s citlivou poko\u017ekou.<\/span><span class=\"button-container hide-from-message-actions ng-star-inserted\" style=\"font-size: 14.4px;\"> \u00a0<\/span><\/span>\n<div class=\"container ng-tns-c2946245707-271 hide\">\n<div class=\"carousel-container ng-tns-c2946245707-271\"><\/div>\n<\/div>\n<\/li>\n<\/ul>\n<h3 data-sourcepos=\"8:1-8:33\"><strong>Pro\u010d si vybrat p\u00e1nsk\u00fd svetr z alpaky?<\/strong><\/h3>\n<ul data-sourcepos=\"10:1-14:0\">\n<li data-sourcepos=\"10:1-10:93\"><strong>Luxusn\u00ed pocit:<\/strong> M\u011bkk\u00e1, hedv\u00e1bn\u00e1 struktura alpakov\u00e9ho vl\u00e1kna je \u00fa\u017easn\u00e1 na dotek.<\/li>\n<li data-sourcepos=\"11:1-11:118\"><strong><span class=\"citation-5 recitation\">V\u00fdjime\u010dn\u00e9 teplo:<\/span><\/strong><span class=\"citation-5 recitation citation-end-5\"> Svetry z alpaky jsou ide\u00e1ln\u00ed do chladn\u00e9ho po\u010das\u00ed, udr\u017e\u00ed v\u00e1s v pohodl\u00ed a komfortu.<\/span><\/li>\n<li data-sourcepos=\"11:1-11:118\"><strong style=\"font-size: 14.4px;\">Styl a elegance:<\/strong><span style=\"font-size: 14.4px;\"> Svetry z alpaky mohou pozvednout jak\u00fdkoli outfit a dodat mu sofistikovanost.<\/span><\/li>\n<li data-sourcepos=\"13:1-14:0\"><strong><span class=\"citation-6 recitation\">Etick\u00e9 a udr\u017eiteln\u00e9:<\/span><\/strong><span class=\"citation-6 recitation citation-end-6\"> Chov alpak je \u010dasto pova\u017eov\u00e1n za hum\u00e1nn\u011bj\u0161\u00ed a ekologi\u010dt\u011bj\u0161\u00ed ne\u017e chov ovc\u00ed.<\/span><span class=\"button-container hide-from-message-actions ng-star-inserted\">\u00a0 \u00a0<\/span>\n<div class=\"container ng-tns-c2946245707-273 hide\">\n<div class=\"carousel-container ng-tns-c2946245707-273\"><\/div>\n<\/div>\n<\/li>\n<\/ul>\n<h3 data-sourcepos=\"15:1-15:35\"><strong>Jak stylizovat p\u00e1nsk\u00fd svetr z alpaky:<\/strong><\/h3>\n<ul data-sourcepos=\"17:1-20:0\">\n<li data-sourcepos=\"17:1-17:77\"><strong>P\u0159\u00edle\u017eitostn\u00e9:<\/strong> Kombinujte ji s d\u017e\u00ednami, tri\u010dkem a teniskami, abyste vypadali uvoln\u011bn\u011b.<\/li>\n<li data-sourcepos=\"18:1-18:96\"><strong>Smart Casual:<\/strong> Oble\u010dte si je k chinos kalhot\u00e1m, ko\u0161ili s knofl\u00edky a mokas\u00edn\u00e1m a z\u00edskejte elegantn\u00ed outfit.<\/li>\n<li data-sourcepos=\"19:1-20:0\"><strong>Form\u00e1ln\u00ed:<\/strong> Navrstven\u00edm na ko\u0161ili a kravatu z\u00edsk\u00e1te sofistikovan\u00fd vzhled.<\/li>\n<\/ul>\n<p data-sourcepos=\"21:1-21:40\"><strong>Kde naj\u00edt p\u00e1nsk\u00e9 svetry z alpaky:<\/strong><\/p>\n<ul data-sourcepos=\"23:1-26:0\">\n<li data-sourcepos=\"23:1-23:116\"><strong><span class=\"citation-7 recitation\">Internetov\u00ed prodejci:<\/span><\/strong><span class=\"citation-7 recitation citation-end-7\"> Amazon, Etsy a dal\u0161\u00ed online prodejci nab\u00edzej\u00ed \u0161irokou \u0161k\u00e1lu svetr\u016f z alpaky.<\/span><\/li>\n<li data-sourcepos=\"23:1-23:116\"><strong style=\"font-size: 14.4px;\">Obchodn\u00ed domy:<\/strong><span style=\"font-size: 14.4px;\"> V luxusn\u00edch obchodn\u00edch domech jsou \u010dasto k dost\u00e1n\u00ed svetry z alpaky luxusn\u00edch zna\u010dek.<\/span><\/li>\n<li data-sourcepos=\"25:1-26:0\"><strong>Specializovan\u00e9 obchody:<\/strong> Hledejte obchody, kter\u00e9 se specializuj\u00ed na luxusn\u00ed vl\u00e1kna a udr\u017eitelnou m\u00f3du.<\/li>\n<\/ul>\n<p data-sourcepos=\"27:1-27:223\"><strong>Nezapome\u0148te:<\/strong> P\u0159i n\u00e1kupu svetru z alpaky se zam\u011b\u0159te na vysoce kvalitn\u00ed vl\u00e1kno z etick\u00fdch zdroj\u016f. Zva\u017ete tak\u00e9 hmotnost a tlou\u0161\u0165ku svetru, proto\u017ee to ovliv\u0148uje jeho h\u0159ejivost a vhodnost pro r\u016fzn\u00e9 klimatick\u00e9 podm\u00ednky.<\/p>","protected":false},"excerpt":{"rendered":"<table style=\"height: 483px;\" width=\"499\">\n<tbody>\n<tr>\n<td width=\"146\"><strong><b>Produkt<\/b><\/strong>\u00a0<strong><b>Jm\u00e9no:<\/b><\/strong><\/td>\n<td width=\"601\"><strong>P\u00e1nsk\u00fd svetr z alpaky<\/strong><\/td>\n<\/tr>\n<tr>\n<td width=\"146\"><strong><b>Materlal:<\/b><\/strong><\/td>\n<td width=\"601\">Polyester\/bavlna<\/td>\n<\/tr>\n<tr>\n<td width=\"146\"><strong><b>Technika:<\/b><\/strong><\/td>\n<td width=\"601\">Tkan\u00ed<\/td>\n<\/tr>\n<tr>\n<td width=\"146\"><strong><b>Styl:<\/b><\/strong><\/td>\n<td width=\"601\">P\u0159\u00edle\u017eitostn\u00e9<\/td>\n<\/tr>\n<tr>\n<td width=\"146\"><strong><b>Barva<\/b><\/strong><strong><b>:<\/b><\/strong><\/td>\n<td width=\"601\">\u00a0Vlastn\u00ed barvy<\/td>\n<\/tr>\n<tr>\n<td width=\"146\"><strong><b>Velikost:<\/b><\/strong><\/td>\n<td width=\"601\">S \/M \/L \/XL \/2XL<\/td>\n<\/tr>\n<tr>\n<td width=\"146\"><strong><b>OEM\/ODM:<\/b><\/strong><\/td>\n<td width=\"601\">P\u0159ijateln\u00e9<\/td>\n<\/tr>\n<tr>\n<td width=\"146\"><strong><b>Kvalita:<\/b><\/strong><\/td>\n<td width=\"601\">100% Vysok\u00e1 kvalita<\/td>\n<\/tr>\n<tr>\n<td width=\"146\"><strong><b>M<\/b><\/strong><strong><b>OQ:<\/b><\/strong><\/td>\n<td width=\"601\">200 ks<\/td>\n<\/tr>\n<\/tbody>\n<\/table>","protected":false},"featured_media":1793,"template":"","meta":[],"product_brand":[],"product_cat":[38],"product_tag":[],"class_list":{"0":"post-1792","1":"product","2":"type-product","3":"status-publish","4":"has-post-thumbnail","6":"product_cat-mens-clothing","8":"first","9":"instock","10":"shipping-taxable","11":"product-type-simple"},"_links":{"self":[{"href":"https:\/\/mj-clothing.com\/cs\/wp-json\/wp\/v2\/product\/1792","targetHints":{"allow":["GET"]}}],"collection":[{"href":"https:\/\/mj-clothing.com\/cs\/wp-json\/wp\/v2\/product"}],"about":[{"href":"https:\/\/mj-clothing.com\/cs\/wp-json\/wp\/v2\/types\/product"}],"wp:featuredmedia":[{"embeddable":true,"href":"https:\/\/mj-clothing.com\/cs\/wp-json\/wp\/v2\/media\/1793"}],"wp:attachment":[{"href":"https:\/\/mj-clothing.com\/cs\/wp-json\/wp\/v2\/media?parent=1792"}],"wp:term":[{"taxonomy":"product_brand","embeddable":true,"href":"https:\/\/mj-clothing.com\/cs\/wp-json\/wp\/v2\/product_brand?post=1792"},{"taxonomy":"product_cat","embeddable":true,"href":"https:\/\/mj-clothing.com\/cs\/wp-json\/wp\/v2\/product_cat?post=1792"},{"taxonomy":"product_tag","embeddable":true,"href":"https:\/\/mj-clothing.com\/cs\/wp-json\/wp\/v2\/product_tag?post=1792"}],"curies":[{"name":"wp","href":"https:\/\/api.w.org\/{rel}","templated":true}]}}