{"id":1802,"date":"2024-12-14T06:48:03","date_gmt":"2024-12-14T06:48:03","guid":{"rendered":"https:\/\/mj-clothing.com\/?post_type=product&#038;p=1802"},"modified":"2024-12-17T06:59:40","modified_gmt":"2024-12-17T06:59:40","slug":"mens-mohair-sweater","status":"publish","type":"product","link":"https:\/\/mj-clothing.com\/cs\/manufacturer\/mens-mohair-sweater\/","title":{"rendered":"P\u00e1nsk\u00fd svetr z moh\u00e9ru"},"content":{"rendered":"<h2 data-sourcepos=\"1:1-1:44\">P\u00e1nsk\u00e9 svetry z moh\u00e9ru: Luxusn\u00ed volba<\/h2>\n<p data-sourcepos=\"3:1-3:167\"><span class=\"citation-0 recitation citation-end-0\">P\u00e1nsk\u00fd moh\u00e9rov\u00fd svetr je luxusn\u00ed od\u011bv vyroben\u00fd z jemn\u00e9ho a m\u011bkk\u00e9ho vl\u00e1kna angorsk\u00e9 kozy.<\/span> Moh\u00e9r je zn\u00e1m\u00fd sv\u00fdmi v\u00fdjime\u010dn\u00fdmi vlastnostmi, mezi kter\u00e9 pat\u0159\u00ed:<span class=\"button-container hide-from-message-actions ng-star-inserted\">\u00a0<\/span><\/p>\n<div class=\"container ng-tns-c2946245707-308 hide\">\n<div class=\"carousel-container ng-tns-c2946245707-308\">\n<div class=\"carousel-content ng-tns-c2946245707-308\">\n<div class=\"sources-carousel-source ng-tns-c2946245707-308 hide ng-star-inserted\" data-test-id=\"sources-carousel-source\"><\/div>\n<\/div>\n<\/div>\n<\/div>\n<ul data-sourcepos=\"5:1-9:0\">\n<li data-sourcepos=\"5:1-5:70\"><strong>M\u011bkkost:<\/strong> Moh\u00e9r je neuv\u011b\u0159iteln\u011b m\u011bkk\u00fd, \u010dasto jemn\u011bj\u0161\u00ed ne\u017e ka\u0161m\u00edr.<\/li>\n<li data-sourcepos=\"6:1-6:94\"><strong>Teplo:<\/strong> <span class=\"citation-1 recitation citation-end-1\">Skv\u011ble izoluje a udr\u017euje teplo v chladn\u00e9m po\u010das\u00ed.<\/span><span class=\"button-container hide-from-message-actions ng-star-inserted\"> \u00a0<\/span><\/li>\n<li data-sourcepos=\"6:1-6:94\"><span class=\"button-container hide-from-message-actions ng-star-inserted\"><strong style=\"font-size: 14.4px;\"><span class=\"citation-2 recitation\">Odolnost:<\/span><\/strong><span class=\"citation-2 recitation citation-end-2\" style=\"font-size: 14.4px;\"> Moh\u00e9r je trvanliv\u00fd a odoln\u00fd proti \u017emolkov\u00e1n\u00ed.<\/span><\/span>\n<div class=\"container ng-tns-c2946245707-310 hide\">\n<div class=\"carousel-container ng-tns-c2946245707-310\"><\/div>\n<\/div>\n<\/li>\n<li data-sourcepos=\"8:1-9:0\"><strong><span class=\"citation-3 recitation\">Lesk:<\/span><\/strong><span class=\"citation-3 recitation citation-end-3\"> Moh\u00e9r m\u00e1 p\u0159irozen\u00fd lesk, kter\u00fd mu dod\u00e1v\u00e1 jedine\u010dn\u00fd lesk.<\/span>\n<div class=\"container ng-tns-c2946245707-311 hide\">\n<div class=\"carousel-container ng-tns-c2946245707-311\"><\/div>\n<\/div>\n<\/li>\n<\/ul>\n<h3 data-sourcepos=\"10:1-10:32\"><strong>Pro\u010d si vybrat p\u00e1nsk\u00fd svetr z moh\u00e9ru?<\/strong><\/h3>\n<ul data-sourcepos=\"12:1-16:0\">\n<li data-sourcepos=\"12:1-12:93\"><strong>Luxusn\u00ed pocit:<\/strong> M\u011bkk\u00e1, hedv\u00e1bn\u00e1 struktura moh\u00e9rov\u00e9ho vl\u00e1kna je \u00fa\u017easn\u00e1 na dotek.<\/li>\n<li data-sourcepos=\"13:1-13:118\"><strong><span class=\"citation-4 recitation\">V\u00fdjime\u010dn\u00e9 teplo:<\/span><\/strong><span class=\"citation-4 recitation citation-end-4\"> Moh\u00e9rov\u00e9 svetry jsou ide\u00e1ln\u00ed do chladn\u00e9ho po\u010das\u00ed, udr\u017e\u00ed v\u00e1s v pohodl\u00ed a komfortu.<\/span><span class=\"button-container hide-from-message-actions ng-star-inserted\">\u00a0<\/span>\n<div class=\"container ng-tns-c2946245707-312 hide\">\n<div class=\"carousel-container ng-tns-c2946245707-312\"><\/div>\n<\/div>\n<\/li>\n<li data-sourcepos=\"14:1-14:99\"><strong>Styl a elegance:<\/strong> Moh\u00e9rov\u00e9 svetry mohou pozvednout jak\u00fdkoli outfit a dodat mu sofistikovanost.<\/li>\n<li data-sourcepos=\"15:1-16:0\"><strong>Jedine\u010dn\u00e1 textura:<\/strong> Jedine\u010dn\u00e1 textura moh\u00e9ru dod\u00e1 va\u0161emu \u0161atn\u00edku vizu\u00e1ln\u00ed zaj\u00edmavost.<\/li>\n<\/ul>\n<h3 data-sourcepos=\"17:1-17:34\"><strong>Jak stylov\u011b upravit svetr z moh\u00e9ru:<\/strong><\/h3>\n<ul data-sourcepos=\"19:1-22:0\">\n<li data-sourcepos=\"19:1-19:77\"><strong>P\u0159\u00edle\u017eitostn\u00e9:<\/strong> Kombinujte ji s d\u017e\u00ednami, tri\u010dkem a teniskami, abyste vypadali uvoln\u011bn\u011b.<\/li>\n<li data-sourcepos=\"20:1-20:96\"><strong>Smart Casual:<\/strong> Oble\u010dte si je k chinos kalhot\u00e1m, ko\u0161ili s knofl\u00edky a mokas\u00edn\u00e1m a z\u00edskejte elegantn\u00ed outfit.<\/li>\n<li data-sourcepos=\"21:1-22:0\"><strong>Form\u00e1ln\u00ed:<\/strong> Navrstven\u00edm na ko\u0161ili a kravatu z\u00edsk\u00e1te sofistikovan\u00fd vzhled.<\/li>\n<\/ul>\n<h3 data-sourcepos=\"23:1-23:40\"><strong>Kde naj\u00edt p\u00e1nsk\u00e9 svetry z moh\u00e9ru:<\/strong><\/h3>\n<ul data-sourcepos=\"25:1-28:0\">\n<li data-sourcepos=\"25:1-25:90\"><strong>\u0160pi\u010dkov\u00e9 obchodn\u00ed domy:<\/strong> Hledejte luxusn\u00ed zna\u010dky, kter\u00e9 se specializuj\u00ed na jemn\u00e9 \u00faplety.<\/li>\n<li data-sourcepos=\"26:1-26:130\"><strong><span class=\"citation-5 recitation\">Internetov\u00ed prodejci:<\/span><\/strong><span class=\"citation-5 recitation citation-end-5\"> Webov\u00e9 str\u00e1nky jako Amazon, Etsy a dal\u0161\u00ed online prodejci nab\u00edzej\u00ed \u0161irokou \u0161k\u00e1lu moh\u00e9rov\u00fdch svetr\u016f.<\/span>\n<div class=\"container ng-tns-c2946245707-313 hide\">\n<div class=\"carousel-container ng-tns-c2946245707-313\"><\/div>\n<\/div>\n<\/li>\n<li data-sourcepos=\"27:1-28:0\"><strong>Specializovan\u00e9 obchody:<\/strong> V obchodech, kter\u00e9 se specializuj\u00ed na luxusn\u00ed vl\u00e1kna a udr\u017eitelnou m\u00f3du, mohou b\u00fdt k dost\u00e1n\u00ed moh\u00e9rov\u00e9 svetry.<\/li>\n<\/ul>\n<p data-sourcepos=\"29:1-29:222\"><strong>Nezapome\u0148te:<\/strong> P\u0159i n\u00e1kupu moh\u00e9rov\u00e9ho svetru se zam\u011b\u0159te na vysoce kvalitn\u00ed vl\u00e1kno z etick\u00fdch zdroj\u016f. Zva\u017ete tak\u00e9 hmotnost a tlou\u0161\u0165ku svetru, proto\u017ee to ovliv\u0148uje jeho h\u0159ejivost a vhodnost pro r\u016fzn\u00e9 klimatick\u00e9 podm\u00ednky.<\/p>","protected":false},"excerpt":{"rendered":"<table style=\"height: 484px;\" width=\"506\">\n<tbody>\n<tr>\n<td width=\"146\"><strong><b>Produkt<\/b><\/strong>\u00a0<strong><b>Jm\u00e9no:<\/b><\/strong><\/td>\n<td width=\"601\"><strong>P\u00e1nsk\u00fd svetr z moh\u00e9ru<\/strong><\/td>\n<\/tr>\n<tr>\n<td width=\"146\"><strong><b>Materlal:<\/b><\/strong><\/td>\n<td width=\"601\">Polyester\/bavlna<\/td>\n<\/tr>\n<tr>\n<td width=\"146\"><strong><b>Technika:<\/b><\/strong><\/td>\n<td width=\"601\">Tkan\u00ed<\/td>\n<\/tr>\n<tr>\n<td width=\"146\"><strong><b>Styl:<\/b><\/strong><\/td>\n<td width=\"601\">P\u0159\u00edle\u017eitostn\u00e9<\/td>\n<\/tr>\n<tr>\n<td width=\"146\"><strong><b>Barva<\/b><\/strong><strong><b>:<\/b><\/strong><\/td>\n<td width=\"601\">\u00a0Vlastn\u00ed barvy<\/td>\n<\/tr>\n<tr>\n<td width=\"146\"><strong><b>Velikost:<\/b><\/strong><\/td>\n<td width=\"601\">S \/M \/L \/XL \/2XL<\/td>\n<\/tr>\n<tr>\n<td width=\"146\"><strong><b>OEM\/ODM:<\/b><\/strong><\/td>\n<td width=\"601\">P\u0159ijateln\u00e9<\/td>\n<\/tr>\n<tr>\n<td width=\"146\"><strong><b>Kvalita:<\/b><\/strong><\/td>\n<td width=\"601\">100% Vysok\u00e1 kvalita<\/td>\n<\/tr>\n<tr>\n<td width=\"146\"><strong><b>M<\/b><\/strong><strong><b>OQ:<\/b><\/strong><\/td>\n<td width=\"601\">200 ks<\/td>\n<\/tr>\n<\/tbody>\n<\/table>","protected":false},"featured_media":1803,"template":"","meta":[],"product_brand":[],"product_cat":[38],"product_tag":[],"class_list":{"0":"post-1802","1":"product","2":"type-product","3":"status-publish","4":"has-post-thumbnail","6":"product_cat-mens-clothing","8":"first","9":"instock","10":"shipping-taxable","11":"product-type-simple"},"_links":{"self":[{"href":"https:\/\/mj-clothing.com\/cs\/wp-json\/wp\/v2\/product\/1802","targetHints":{"allow":["GET"]}}],"collection":[{"href":"https:\/\/mj-clothing.com\/cs\/wp-json\/wp\/v2\/product"}],"about":[{"href":"https:\/\/mj-clothing.com\/cs\/wp-json\/wp\/v2\/types\/product"}],"wp:featuredmedia":[{"embeddable":true,"href":"https:\/\/mj-clothing.com\/cs\/wp-json\/wp\/v2\/media\/1803"}],"wp:attachment":[{"href":"https:\/\/mj-clothing.com\/cs\/wp-json\/wp\/v2\/media?parent=1802"}],"wp:term":[{"taxonomy":"product_brand","embeddable":true,"href":"https:\/\/mj-clothing.com\/cs\/wp-json\/wp\/v2\/product_brand?post=1802"},{"taxonomy":"product_cat","embeddable":true,"href":"https:\/\/mj-clothing.com\/cs\/wp-json\/wp\/v2\/product_cat?post=1802"},{"taxonomy":"product_tag","embeddable":true,"href":"https:\/\/mj-clothing.com\/cs\/wp-json\/wp\/v2\/product_tag?post=1802"}],"curies":[{"name":"wp","href":"https:\/\/api.w.org\/{rel}","templated":true}]}}