{"id":1804,"date":"2024-12-14T06:55:24","date_gmt":"2024-12-14T06:55:24","guid":{"rendered":"https:\/\/mj-clothing.com\/?post_type=product&#038;p=1804"},"modified":"2024-12-17T06:56:31","modified_gmt":"2024-12-17T06:56:31","slug":"mens-cashmere-sweater","status":"publish","type":"product","link":"https:\/\/mj-clothing.com\/cs\/manufacturer\/mens-cashmere-sweater\/","title":{"rendered":"P\u00e1nsk\u00fd ka\u0161m\u00edrov\u00fd svetr"},"content":{"rendered":"<p data-sourcepos=\"1:1-1:177\"><span class=\"citation-0 recitation citation-end-0\">P\u00e1nsk\u00fd ka\u0161m\u00edrov\u00fd svetr je luxusn\u00ed a nad\u010dasov\u00fd kousek oble\u010den\u00ed, kter\u00fd nab\u00edz\u00ed jedine\u010dn\u00e9 pohodl\u00ed a teplo.<\/span> Zde jsou d\u016fvody, pro\u010d byste m\u011bli zv\u00e1\u017eit investici do jednoho z nich:<span class=\"button-container hide-from-message-actions ng-star-inserted\"> \u00a0<\/span><\/p>\n<div class=\"container ng-tns-c2946245707-329 hide\">\n<div class=\"carousel-container ng-tns-c2946245707-329\">\n<div class=\"carousel-content ng-tns-c2946245707-329\">\n<div class=\"sources-carousel-source ng-tns-c2946245707-329 hide ng-star-inserted\" data-test-id=\"sources-carousel-source\"><\/div>\n<\/div>\n<\/div>\n<\/div>\n<h3 data-sourcepos=\"3:1-3:34\"><strong>Pro\u010d si vybrat p\u00e1nsk\u00fd ka\u0161m\u00edrov\u00fd svetr?<\/strong><\/h3>\n<ul data-sourcepos=\"5:1-9:0\">\n<li data-sourcepos=\"5:1-5:124\"><strong><span class=\"citation-1 recitation\">V\u00fdjime\u010dn\u00e1 m\u011bkkost:<\/span><\/strong><span class=\"citation-1 recitation citation-end-1\"> Ka\u0161m\u00edr je proslul\u00fd svou neuv\u011b\u0159iteln\u011b jemnou strukturou, d\u00edky n\u00ed\u017e je jeho no\u0161en\u00ed p\u0159\u00edjemn\u00e9.<\/span><\/li>\n<li data-sourcepos=\"5:1-5:124\"><span class=\"button-container hide-from-message-actions ng-star-inserted\"><strong style=\"font-size: 14.4px;\"><span class=\"citation-2 recitation\">Vynikaj\u00edc\u00ed teplo:<\/span><\/strong><span class=\"citation-2 recitation citation-end-2\" style=\"font-size: 14.4px;\"> Navzdory sv\u00e9 lehkosti ka\u0161m\u00edr v\u00fdborn\u011b izoluje a udr\u017euje teplo v chladn\u00e9m po\u010das\u00ed.<\/span><\/span>\n<div class=\"container ng-tns-c2946245707-331 hide\">\n<div class=\"carousel-container ng-tns-c2946245707-331\"><\/div>\n<\/div>\n<\/li>\n<li data-sourcepos=\"7:1-7:122\"><strong>Odolnost:<\/strong> <span class=\"citation-3 recitation citation-end-3\">Kvalitn\u00ed ka\u0161m\u00edr je p\u0159ekvapiv\u011b odoln\u00fd a p\u0159i spr\u00e1vn\u00e9 p\u00e9\u010di vydr\u017e\u00ed mnoho let.<\/span><span class=\"button-container hide-from-message-actions ng-star-inserted\">\u00a0<\/span>\n<div class=\"container ng-tns-c2946245707-332 hide\">\n<div class=\"carousel-container ng-tns-c2946245707-332\"><\/div>\n<\/div>\n<\/li>\n<li data-sourcepos=\"8:1-9:0\"><strong><span class=\"citation-4 recitation\">Hypoalergenn\u00ed:<\/span><\/strong><span class=\"citation-4 recitation citation-end-4\"> Ka\u0161m\u00edr je hypoalergenn\u00ed, tak\u017ee je vhodn\u00fd i pro osoby s citlivou poko\u017ekou.<\/span><span class=\"button-container hide-from-message-actions ng-star-inserted\">\u00a0<\/span>\n<div class=\"container ng-tns-c2946245707-333 hide\">\n<div class=\"carousel-container ng-tns-c2946245707-333\">\n<div class=\"carousel-content ng-tns-c2946245707-333\">\n<div class=\"sources-carousel-source ng-tns-c2946245707-333 hide ng-star-inserted\" data-test-id=\"sources-carousel-source\"><\/div>\n<\/div>\n<\/div>\n<\/div>\n<\/li>\n<\/ul>\n<h3 data-sourcepos=\"10:1-10:36\"><strong>Jak stylizovat p\u00e1nsk\u00fd ka\u0161m\u00edrov\u00fd svetr:<\/strong><\/h3>\n<ul data-sourcepos=\"12:1-15:0\">\n<li data-sourcepos=\"12:1-12:77\">\n<h3><strong>P\u0159\u00edle\u017eitostn\u00e9:<\/strong> Kombinujte ji s d\u017e\u00ednami, tri\u010dkem a teniskami, abyste vypadali uvoln\u011bn\u011b.<\/h3>\n<\/li>\n<li data-sourcepos=\"13:1-13:96\"><strong>Smart Casual:<\/strong> Oble\u010dte si je k chinos kalhot\u00e1m, ko\u0161ili s knofl\u00edky a mokas\u00edn\u00e1m a z\u00edskejte elegantn\u00ed outfit.<\/li>\n<li data-sourcepos=\"14:1-15:0\"><strong>Form\u00e1ln\u00ed:<\/strong> Navrstven\u00edm na ko\u0161ili a kravatu z\u00edsk\u00e1te sofistikovan\u00fd vzhled.<\/li>\n<\/ul>\n<h3 data-sourcepos=\"16:1-16:42\"><strong>Kde naj\u00edt p\u00e1nsk\u00e9 ka\u0161m\u00edrov\u00e9 svetry:<\/strong><\/h3>\n<ul data-sourcepos=\"18:1-21:0\">\n<li data-sourcepos=\"18:1-18:90\"><strong>\u0160pi\u010dkov\u00e9 obchodn\u00ed domy:<\/strong> Hledejte luxusn\u00ed zna\u010dky, kter\u00e9 se specializuj\u00ed na jemn\u00e9 \u00faplety.<\/li>\n<li data-sourcepos=\"19:1-19:132\"><strong><span class=\"citation-5 recitation\">Internetov\u00ed prodejci:<\/span><\/strong><span class=\"citation-5 recitation citation-end-5\"> Webov\u00e9 str\u00e1nky jako Amazon, Etsy a dal\u0161\u00ed online prodejci nab\u00edzej\u00ed \u0161irokou \u0161k\u00e1lu ka\u0161m\u00edrov\u00fdch svetr\u016f.<\/span><\/li>\n<li data-sourcepos=\"19:1-19:132\"><strong style=\"font-size: 14.4px;\">Specializovan\u00e9 obchody:<\/strong><span style=\"font-size: 14.4px;\"> V obchodech, kter\u00e9 se specializuj\u00ed na luxusn\u00ed vl\u00e1kna a udr\u017eitelnou m\u00f3du, mohou b\u00fdt k dost\u00e1n\u00ed ka\u0161m\u00edrov\u00e9 svetry.<\/span><\/li>\n<\/ul>\n<h3 data-sourcepos=\"22:1-22:41\"><strong>Tipy pro v\u00fdb\u011br p\u00e1nsk\u00e9ho ka\u0161m\u00edrov\u00e9ho svetru:<\/strong><\/h3>\n<ul data-sourcepos=\"24:1-28:0\">\n<li data-sourcepos=\"24:1-24:94\"><strong>Kvalita:<\/strong> Hledejte vysoce kvalitn\u00ed ka\u0161m\u00edr, kter\u00fd je m\u011bkk\u00fd, hladk\u00fd a bez nedokonalost\u00ed.<\/li>\n<li data-sourcepos=\"25:1-25:95\"><strong>Hmotnost:<\/strong> Zva\u017ete hmotnost svetru, proto\u017ee t\u011b\u017e\u0161\u00ed svetry poskytuj\u00ed v\u00edce tepla.<\/li>\n<li data-sourcepos=\"26:1-26:72\"><strong>P\u0159izp\u016fsoben\u00ed:<\/strong> Vyberte si svetr, kter\u00fd v\u00e1m dob\u0159e padne a lichot\u00ed va\u0161\u00ed postav\u011b.<\/li>\n<li data-sourcepos=\"27:1-28:0\"><strong>Styl:<\/strong> Vyberte si styl, kter\u00fd vyhovuje va\u0161emu osobn\u00edmu vkusu, a\u0165 u\u017e jde o v\u00fdst\u0159ih do V, rol\u00e1k nebo v\u00fdst\u0159ih do V.<\/li>\n<\/ul>\n<h4 data-sourcepos=\"29:1-29:37\"><strong>P\u00e9\u010de o ka\u0161m\u00edrov\u00fd svetr:<\/strong><\/h4>\n<ul data-sourcepos=\"31:1-34:0\">\n<li data-sourcepos=\"31:1-31:50\">Perte v ruce ve studen\u00e9 vod\u011b s jemn\u00fdm prac\u00edm prost\u0159edkem.<\/li>\n<li data-sourcepos=\"32:1-32:31\">Su\u0161te na plocho, abyste zabr\u00e1nili rozta\u017een\u00ed.<\/li>\n<li data-sourcepos=\"33:1-34:0\">Skladujte na chladn\u00e9m a such\u00e9m m\u00edst\u011b, mimo dosah p\u0159\u00edm\u00e9ho slune\u010dn\u00edho sv\u011btla.<\/li>\n<\/ul>\n<p data-sourcepos=\"35:1-35:144\">Investic\u00ed do kvalitn\u00edho ka\u0161m\u00edrov\u00e9ho svetru z\u00edsk\u00e1te nejen stylov\u00fd a pohodln\u00fd od\u011bv, ale tak\u00e9 nad\u010dasov\u00fd luxus.<\/p>\n<div class=\"attachment-container search-images\">\n<div class=\"image-container hide-from-message-actions ng-star-inserted\">\n<div class=\"overlay-container ng-star-inserted\"><\/div>\n<\/div>\n<\/div>","protected":false},"excerpt":{"rendered":"<table style=\"height: 529px;\" width=\"500\">\n<tbody>\n<tr>\n<td width=\"146\"><strong><b>Produkt<\/b><\/strong>\u00a0<strong><b>Jm\u00e9no:<\/b><\/strong><\/td>\n<td width=\"601\"><strong>P\u00e1nsk\u00fd ka\u0161m\u00edrov\u00fd svetr<\/strong><\/td>\n<\/tr>\n<tr>\n<td width=\"146\"><strong><b>Materlal:<\/b><\/strong><\/td>\n<td width=\"601\">Polyester\/bavlna<\/td>\n<\/tr>\n<tr>\n<td width=\"146\"><strong><b>Technika:<\/b><\/strong><\/td>\n<td width=\"601\">Tkan\u00ed<\/td>\n<\/tr>\n<tr>\n<td width=\"146\"><strong><b>Styl:<\/b><\/strong><\/td>\n<td width=\"601\">P\u0159\u00edle\u017eitostn\u00e9<\/td>\n<\/tr>\n<tr>\n<td width=\"146\"><strong><b>Barva<\/b><\/strong><strong><b>:<\/b><\/strong><\/td>\n<td width=\"601\">\u00a0Vlastn\u00ed barvy<\/td>\n<\/tr>\n<tr>\n<td width=\"146\"><strong><b>Velikost:<\/b><\/strong><\/td>\n<td width=\"601\">S \/M \/L \/XL \/2XL<\/td>\n<\/tr>\n<tr>\n<td width=\"146\"><strong><b>OEM\/ODM:<\/b><\/strong><\/td>\n<td width=\"601\">P\u0159ijateln\u00e9<\/td>\n<\/tr>\n<tr>\n<td width=\"146\"><strong><b>Kvalita:<\/b><\/strong><\/td>\n<td width=\"601\">100% Vysok\u00e1 kvalita<\/td>\n<\/tr>\n<tr>\n<td width=\"146\"><strong><b>M<\/b><\/strong><strong><b>OQ:<\/b><\/strong><\/td>\n<td width=\"601\">200 ks<\/td>\n<\/tr>\n<\/tbody>\n<\/table>","protected":false},"featured_media":1805,"template":"","meta":[],"product_brand":[],"product_cat":[38],"product_tag":[],"class_list":{"0":"post-1804","1":"product","2":"type-product","3":"status-publish","4":"has-post-thumbnail","6":"product_cat-mens-clothing","8":"first","9":"instock","10":"shipping-taxable","11":"product-type-simple"},"_links":{"self":[{"href":"https:\/\/mj-clothing.com\/cs\/wp-json\/wp\/v2\/product\/1804","targetHints":{"allow":["GET"]}}],"collection":[{"href":"https:\/\/mj-clothing.com\/cs\/wp-json\/wp\/v2\/product"}],"about":[{"href":"https:\/\/mj-clothing.com\/cs\/wp-json\/wp\/v2\/types\/product"}],"wp:featuredmedia":[{"embeddable":true,"href":"https:\/\/mj-clothing.com\/cs\/wp-json\/wp\/v2\/media\/1805"}],"wp:attachment":[{"href":"https:\/\/mj-clothing.com\/cs\/wp-json\/wp\/v2\/media?parent=1804"}],"wp:term":[{"taxonomy":"product_brand","embeddable":true,"href":"https:\/\/mj-clothing.com\/cs\/wp-json\/wp\/v2\/product_brand?post=1804"},{"taxonomy":"product_cat","embeddable":true,"href":"https:\/\/mj-clothing.com\/cs\/wp-json\/wp\/v2\/product_cat?post=1804"},{"taxonomy":"product_tag","embeddable":true,"href":"https:\/\/mj-clothing.com\/cs\/wp-json\/wp\/v2\/product_tag?post=1804"}],"curies":[{"name":"wp","href":"https:\/\/api.w.org\/{rel}","templated":true}]}}