{"id":1806,"date":"2024-12-14T06:59:55","date_gmt":"2024-12-14T06:59:55","guid":{"rendered":"https:\/\/mj-clothing.com\/?post_type=product&#038;p=1806"},"modified":"2024-12-17T06:54:59","modified_gmt":"2024-12-17T06:54:59","slug":"mens-slim-fit-sweater","status":"publish","type":"product","link":"https:\/\/mj-clothing.com\/cs\/manufacturer\/mens-slim-fit-sweater\/","title":{"rendered":"P\u00e1nsk\u00fd svetr Slim Fit"},"content":{"rendered":"<p data-sourcepos=\"1:1-1:224\"><span class=\"citation-0 recitation citation-end-0\">P\u00e1nsk\u00fd svetr slim fit je univerz\u00e1ln\u00ed od\u011bv, kter\u00fd nab\u00edz\u00ed elegantn\u00ed a modern\u00ed vzhled.<\/span> <span class=\"citation-1 recitation citation-end-1\">Je navr\u017een tak, aby p\u0159il\u00e9hal k t\u011blu, zv\u00fdraz\u0148oval postavu a z\u00e1rove\u0148 poskytoval pohodl\u00ed a teplo.<\/span><\/p>\n<h3 data-sourcepos=\"1:1-1:224\"><strong>\u00a0 \u00a0 Pro\u010d si vybrat p\u00e1nsk\u00fd svetr Slim Fit?<\/strong><\/h3>\n<ul data-sourcepos=\"5:1-9:0\">\n<li data-sourcepos=\"5:1-5:95\"><strong><span class=\"citation-2 recitation\">Elegantn\u00ed a modern\u00ed:<\/span><\/strong><span class=\"citation-2 recitation citation-end-2\"> Svetr \u00fazk\u00e9ho st\u0159ihu nab\u00edz\u00ed modern\u00ed a stylov\u00fd vzhled.<\/span>\n<div class=\"container ng-tns-c2946245707-350 hide\">\n<div class=\"carousel-container ng-tns-c2946245707-350\"><\/div>\n<\/div>\n<\/li>\n<li data-sourcepos=\"6:1-6:103\"><strong>Lichotiv\u00fd st\u0159ih:<\/strong> M\u016f\u017ee v\u00e1m pomoci zv\u00fdraznit postavu a vytvo\u0159it \u0161t\u00edhlej\u0161\u00ed siluetu.<\/li>\n<li data-sourcepos=\"7:1-7:89\"><strong>V\u0161estrannost:<\/strong> Lze ji obl\u00e9knout nahoru i dol\u016f, tak\u017ee se skv\u011ble hod\u00ed pro r\u016fzn\u00e9 p\u0159\u00edle\u017eitosti.<\/li>\n<li data-sourcepos=\"8:1-9:0\"><strong>Pohodl\u00ed:<\/strong> Navzdory vypasovan\u00e9mu st\u0159ihu m\u016f\u017ee b\u00fdt dob\u0159e u\u0161it\u00fd svetr slim fit neuv\u011b\u0159iteln\u011b pohodln\u00fd.<\/li>\n<\/ul>\n<h3 data-sourcepos=\"10:1-10:36\"><strong>Jak stylizovat p\u00e1nsk\u00fd svetr Slim Fit:<\/strong><\/h3>\n<ul data-sourcepos=\"12:1-15:0\">\n<li data-sourcepos=\"12:1-12:77\"><strong>P\u0159\u00edle\u017eitostn\u00e9:<\/strong> Kombinujte ji s d\u017e\u00ednami, tri\u010dkem a teniskami, abyste vypadali uvoln\u011bn\u011b.<\/li>\n<li data-sourcepos=\"13:1-13:96\"><strong>Smart Casual:<\/strong> Oble\u010dte si je k chinos kalhot\u00e1m, ko\u0161ili s knofl\u00edky a mokas\u00edn\u00e1m a z\u00edskejte elegantn\u00ed outfit.<\/li>\n<li data-sourcepos=\"14:1-15:0\"><strong>Form\u00e1ln\u00ed:<\/strong> Navrstven\u00edm na ko\u0161ili a kravatu z\u00edsk\u00e1te sofistikovan\u00fd vzhled.<\/li>\n<\/ul>\n<h3 data-sourcepos=\"16:1-16:41\"><strong>Tipy pro v\u00fdb\u011br p\u00e1nsk\u00e9ho svetru Slim Fit:<\/strong><\/h3>\n<ul data-sourcepos=\"18:1-22:0\">\n<li data-sourcepos=\"18:1-18:164\"><strong>Materi\u00e1l:<\/strong> Zva\u017ete materi\u00e1l, proto\u017ee ovliv\u0148uje h\u0159ejivost, pohodl\u00ed a odolnost svetru. <span class=\"citation-3 recitation citation-end-3\">Obl\u00edben\u00e9 jsou vlna, ka\u0161m\u00edr a bavlna.<\/span><\/li>\n<li data-sourcepos=\"18:1-18:164\"><strong style=\"font-size: 14.4px;\">P\u0159izp\u016fsoben\u00ed:<\/strong><span style=\"font-size: 14.4px;\"> Ujist\u011bte se, \u017ee svetr dob\u0159e sed\u00ed a nen\u00ed ani p\u0159\u00edli\u0161 t\u011bsn\u00fd, ani p\u0159\u00edli\u0161 voln\u00fd.<\/span><\/li>\n<li data-sourcepos=\"20:1-20:103\"><strong>Styl:<\/strong> Vyberte si styl, kter\u00fd vyhovuje va\u0161emu osobn\u00edmu vkusu, nap\u0159\u00edklad v\u00fdst\u0159ih do V, rol\u00e1k nebo v\u00fdst\u0159ih do V.<\/li>\n<li data-sourcepos=\"21:1-22:0\"><strong>Barva:<\/strong> Zva\u017ete barvu a vzor svetru, kter\u00fd dopln\u00ed v\u00e1\u0161 \u0161atn\u00edk.<\/li>\n<\/ul>\n<p data-sourcepos=\"23:1-23:96\"><strong>Nezapome\u0148te:<\/strong> Dob\u0159e padnouc\u00ed svetr slim fit st\u0159ihu m\u016f\u017ee pozvednout v\u00e1\u0161 styl a zajistit, \u017ee budete vypadat co nejl\u00e9pe.<\/p>","protected":false},"excerpt":{"rendered":"<table style=\"height: 520px;\" width=\"518\">\n<tbody>\n<tr>\n<td width=\"146\"><strong><b>Produkt<\/b><\/strong>\u00a0<strong><b>Jm\u00e9no:<\/b><\/strong><\/td>\n<td width=\"601\"><strong>P\u00e1nsk\u00fd svetr Slim Fit<\/strong><\/td>\n<\/tr>\n<tr>\n<td width=\"146\"><strong><b>Materlal:<\/b><\/strong><\/td>\n<td width=\"601\">Polyester\/bavlna<\/td>\n<\/tr>\n<tr>\n<td width=\"146\"><strong><b>Technika:<\/b><\/strong><\/td>\n<td width=\"601\">Tkan\u00ed<\/td>\n<\/tr>\n<tr>\n<td width=\"146\"><strong><b>Styl:<\/b><\/strong><\/td>\n<td width=\"601\">P\u0159\u00edle\u017eitostn\u00e9<\/td>\n<\/tr>\n<tr>\n<td width=\"146\"><strong><b>Barva<\/b><\/strong><strong><b>:<\/b><\/strong><\/td>\n<td width=\"601\">\u00a0Vlastn\u00ed barvy<\/td>\n<\/tr>\n<tr>\n<td width=\"146\"><strong><b>Velikost:<\/b><\/strong><\/td>\n<td width=\"601\">S \/M \/L \/XL \/2XL<\/td>\n<\/tr>\n<tr>\n<td width=\"146\"><strong><b>OEM\/ODM:<\/b><\/strong><\/td>\n<td width=\"601\">P\u0159ijateln\u00e9<\/td>\n<\/tr>\n<tr>\n<td width=\"146\"><strong><b>Kvalita:<\/b><\/strong><\/td>\n<td width=\"601\">100% Vysok\u00e1 kvalita<\/td>\n<\/tr>\n<tr>\n<td width=\"146\"><strong><b>M<\/b><\/strong><strong><b>OQ:<\/b><\/strong><\/td>\n<td width=\"601\">200 ks<\/td>\n<\/tr>\n<\/tbody>\n<\/table>","protected":false},"featured_media":1807,"template":"","meta":[],"product_brand":[],"product_cat":[38],"product_tag":[],"class_list":{"0":"post-1806","1":"product","2":"type-product","3":"status-publish","4":"has-post-thumbnail","6":"product_cat-mens-clothing","8":"first","9":"instock","10":"shipping-taxable","11":"product-type-simple"},"_links":{"self":[{"href":"https:\/\/mj-clothing.com\/cs\/wp-json\/wp\/v2\/product\/1806","targetHints":{"allow":["GET"]}}],"collection":[{"href":"https:\/\/mj-clothing.com\/cs\/wp-json\/wp\/v2\/product"}],"about":[{"href":"https:\/\/mj-clothing.com\/cs\/wp-json\/wp\/v2\/types\/product"}],"wp:featuredmedia":[{"embeddable":true,"href":"https:\/\/mj-clothing.com\/cs\/wp-json\/wp\/v2\/media\/1807"}],"wp:attachment":[{"href":"https:\/\/mj-clothing.com\/cs\/wp-json\/wp\/v2\/media?parent=1806"}],"wp:term":[{"taxonomy":"product_brand","embeddable":true,"href":"https:\/\/mj-clothing.com\/cs\/wp-json\/wp\/v2\/product_brand?post=1806"},{"taxonomy":"product_cat","embeddable":true,"href":"https:\/\/mj-clothing.com\/cs\/wp-json\/wp\/v2\/product_cat?post=1806"},{"taxonomy":"product_tag","embeddable":true,"href":"https:\/\/mj-clothing.com\/cs\/wp-json\/wp\/v2\/product_tag?post=1806"}],"curies":[{"name":"wp","href":"https:\/\/api.w.org\/{rel}","templated":true}]}}