{"id":1811,"date":"2024-12-14T07:29:45","date_gmt":"2024-12-14T07:29:45","guid":{"rendered":"https:\/\/mj-clothing.com\/?post_type=product&#038;p=1811"},"modified":"2024-12-17T06:51:19","modified_gmt":"2024-12-17T06:51:19","slug":"mens-hooded-cotton-jacket","status":"publish","type":"product","link":"https:\/\/mj-clothing.com\/cs\/manufacturer\/mens-hooded-cotton-jacket\/","title":{"rendered":"P\u00e1nsk\u00e1 bavln\u011bn\u00e1 bunda s kapuc\u00ed"},"content":{"rendered":"<p data-sourcepos=\"1:1-1:194\"><span class=\"citation-0 recitation citation-end-0\">P\u00e1nsk\u00e1 bavln\u011bn\u00e1 bunda s kapuc\u00ed je univerz\u00e1ln\u00ed a stylov\u00fd svrchn\u00ed od\u011bv, kter\u00fd lze nosit za r\u016fzn\u00fdch pov\u011btrnostn\u00edch podm\u00ednek.<\/span> Tady je d\u016fvod, pro\u010d byste m\u011bli zv\u00e1\u017eit, zda si je p\u0159idat do \u0161atn\u00edku:<span class=\"button-container hide-from-message-actions ng-star-inserted\">\u00a0<\/span><\/p>\n<div class=\"container ng-tns-c2946245707-384 hide\">\n<div class=\"carousel-container ng-tns-c2946245707-384\">\n<div class=\"carousel-content ng-tns-c2946245707-384\">\n<div class=\"sources-carousel-source ng-tns-c2946245707-384 hide ng-star-inserted\" data-test-id=\"sources-carousel-source\"><\/div>\n<\/div>\n<\/div>\n<\/div>\n<h3 data-sourcepos=\"3:1-3:38\"><strong>Pro\u010d si vybrat p\u00e1nskou bavln\u011bnou bundu s kapuc\u00ed?<\/strong><\/h3>\n<ul data-sourcepos=\"5:1-9:0\">\n<li data-sourcepos=\"5:1-5:128\"><strong><span class=\"citation-1 recitation\">Pohodl\u00ed a teplo:<\/span><\/strong><span class=\"citation-1 recitation citation-end-1\"> Bavlna je prody\u0161n\u00fd a pohodln\u00fd materi\u00e1l, kter\u00fd v\u00e1s v chladn\u011bj\u0161\u00edm po\u010das\u00ed zah\u0159eje.<\/span><\/li>\n<li data-sourcepos=\"5:1-5:128\"><strong style=\"font-size: 14.4px;\">V\u0161estrannost:<\/strong><span style=\"font-size: 14.4px;\"> Bavln\u011bnou bundu s kapuc\u00ed lze obl\u00e9knout nahoru i dol\u016f, tak\u017ee se skv\u011ble hod\u00ed pro neform\u00e1ln\u00ed i poloform\u00e1ln\u00ed p\u0159\u00edle\u017eitosti.<\/span><\/li>\n<li data-sourcepos=\"7:1-7:97\"><strong>Ochrana p\u0159ed p\u0159\u00edrodn\u00edmi \u017eivly:<\/strong> Kapuce poskytuje dodate\u010dnou ochranu p\u0159ed de\u0161t\u011bm, v\u011btrem a chladem.<\/li>\n<li data-sourcepos=\"8:1-9:0\"><strong>Styl:<\/strong> Bundy s kapuc\u00ed mohou dodat styl ka\u017ed\u00e9mu oble\u010den\u00ed.<\/li>\n<\/ul>\n<h3 data-sourcepos=\"10:1-10:40\"><strong>Jak stylizovat p\u00e1nskou bavln\u011bnou bundu s kapuc\u00ed:<\/strong><\/h3>\n<ul data-sourcepos=\"12:1-15:0\">\n<li data-sourcepos=\"12:1-12:77\"><strong>P\u0159\u00edle\u017eitostn\u00e9:<\/strong> Kombinujte ji s d\u017e\u00ednami, tri\u010dkem a teniskami, abyste vypadali uvoln\u011bn\u011b.<\/li>\n<li data-sourcepos=\"13:1-13:96\"><strong>Smart Casual:<\/strong> Oble\u010dte si je k chinos kalhot\u00e1m, ko\u0161ili s knofl\u00edky a mokas\u00edn\u00e1m a z\u00edskejte elegantn\u00ed outfit.<\/li>\n<li data-sourcepos=\"14:1-15:0\"><strong>Venkovn\u00ed aktivity:<\/strong> Navrstv\u00edte ji na fleecovou mikinu nebo mikinu s kapuc\u00ed, abyste se p\u0159i venkovn\u00edch dobrodru\u017estv\u00edch zah\u0159\u00e1li.<\/li>\n<\/ul>\n<h3 data-sourcepos=\"16:1-16:46\"><strong>Kde naj\u00edt p\u00e1nsk\u00e9 bavln\u011bn\u00e9 bundy s kapuc\u00ed:<\/strong><\/h3>\n<ul data-sourcepos=\"18:1-21:0\">\n<li data-sourcepos=\"18:1-18:86\"><strong>Obchodn\u00ed domy:<\/strong> Hledejte zna\u010dky, kter\u00e9 nab\u00edzej\u00ed r\u016fzn\u00e9 styly a materi\u00e1ly.<\/li>\n<li data-sourcepos=\"19:1-19:136\"><strong><span class=\"citation-2 recitation\">Internetov\u00ed prodejci:<\/span><\/strong><span class=\"citation-2 recitation citation-end-2\"> Webov\u00e9 str\u00e1nky jako Amazon, eBay a dal\u0161\u00ed online prodejci nab\u00edzej\u00ed \u0161irokou \u0161k\u00e1lu bavln\u011bn\u00fdch bund s kapuc\u00ed.<\/span><span class=\"button-container hide-from-message-actions ng-star-inserted\"> \u00a0<\/span>\n<div class=\"container ng-tns-c2946245707-386 hide\">\n<div class=\"carousel-container ng-tns-c2946245707-386\"><\/div>\n<\/div>\n<\/li>\n<li data-sourcepos=\"20:1-21:0\"><strong>Obchody s outdoorov\u00fdm oble\u010den\u00edm:<\/strong> V obchodech specializuj\u00edc\u00edch se na outdoorov\u00e9 vybaven\u00ed \u010dasto najdete bavln\u011bn\u00e9 bundy s kapuc\u00ed ur\u010den\u00e9 pro konkr\u00e9tn\u00ed aktivity.<\/li>\n<\/ul>\n<h3 data-sourcepos=\"22:1-22:45\"><strong>Tipy pro v\u00fdb\u011br p\u00e1nsk\u00e9 bavln\u011bn\u00e9 bundy s kapuc\u00ed:<\/strong><\/h3>\n<ul data-sourcepos=\"24:1-28:0\">\n<li data-sourcepos=\"24:1-24:123\"><strong>Materi\u00e1l:<\/strong> Zva\u017ete hmotnost a tlou\u0161\u0165ku bavlny, proto\u017ee to ovlivn\u00ed h\u0159ejivost a trvanlivost bundy.<\/li>\n<li data-sourcepos=\"25:1-25:69\"><strong>P\u0159izp\u016fsoben\u00ed:<\/strong> Vyberte si bundu, kter\u00e1 dob\u0159e padne a pohodln\u011b se nos\u00ed.<\/li>\n<li data-sourcepos=\"26:1-26:108\"><strong>Styl:<\/strong> Vyberte si styl, kter\u00fd vyhovuje va\u0161emu osobn\u00edmu vkusu, nap\u0159\u00edklad bundu typu bomber, poln\u00ed bundu nebo parku.<\/li>\n<li data-sourcepos=\"27:1-28:0\"><strong>Vlastnosti:<\/strong> Zva\u017ete dal\u0161\u00ed prvky, jako jsou kapsy, kapuce se stahovac\u00ed \u0161\u0148\u016frkou a \u017eebrovan\u00e9 man\u017eety a spodn\u00ed lem.<\/li>\n<\/ul>\n<p data-sourcepos=\"29:1-29:198\">Investic\u00ed do kvalitn\u00ed bavln\u011bn\u00e9 bundy s kapuc\u00ed z\u00edsk\u00e1te nejen stylov\u00fd a funk\u010dn\u00ed od\u011bv, ale tak\u00e9 kus oble\u010den\u00ed, kter\u00fd v\u00e1s udr\u017e\u00ed v teple a pohodl\u00ed po mnoho let.<\/p>\n<div class=\"attachment-container search-images\">\n<div class=\"image-container hide-from-message-actions ng-star-inserted\">\n<div class=\"overlay-container ng-star-inserted\"><\/div>\n<\/div>\n<\/div>","protected":false},"excerpt":{"rendered":"<table style=\"height: 509px;\" width=\"553\">\n<tbody>\n<tr>\n<td width=\"146\"><strong><b>Produkt<\/b><\/strong>\u00a0<strong><b>Jm\u00e9no:<\/b><\/strong><\/td>\n<td width=\"601\"><strong>P\u00e1nsk\u00e1 bavln\u011bn\u00e1 bunda s kapuc\u00ed<\/strong><\/td>\n<\/tr>\n<tr>\n<td width=\"146\"><strong><b>Materlal:<\/b><\/strong><\/td>\n<td width=\"601\">Polyester\/bavlna<\/td>\n<\/tr>\n<tr>\n<td width=\"146\"><strong><b>Technika:<\/b><\/strong><\/td>\n<td width=\"601\">Bavlna<\/td>\n<\/tr>\n<tr>\n<td width=\"146\"><strong><b>Styl:<\/b><\/strong><\/td>\n<td width=\"601\">P\u0159\u00edle\u017eitostn\u00e9<\/td>\n<\/tr>\n<tr>\n<td width=\"146\"><strong><b>Barva<\/b><\/strong><strong><b>:<\/b><\/strong><\/td>\n<td width=\"601\">\u00a0Vlastn\u00ed barvy<\/td>\n<\/tr>\n<tr>\n<td width=\"146\"><strong><b>Velikost:<\/b><\/strong><\/td>\n<td width=\"601\">S \/M \/L \/XL \/2XL<\/td>\n<\/tr>\n<tr>\n<td width=\"146\"><strong><b>OEM\/ODM:<\/b><\/strong><\/td>\n<td width=\"601\">P\u0159ijateln\u00e9<\/td>\n<\/tr>\n<tr>\n<td width=\"146\"><strong><b>Kvalita:<\/b><\/strong><\/td>\n<td width=\"601\">100% Vysok\u00e1 kvalita<\/td>\n<\/tr>\n<tr>\n<td width=\"146\"><strong><b>M<\/b><\/strong><strong><b>OQ:<\/b><\/strong><\/td>\n<td width=\"601\">200 ks<\/td>\n<\/tr>\n<\/tbody>\n<\/table>","protected":false},"featured_media":1812,"template":"","meta":[],"product_brand":[],"product_cat":[38],"product_tag":[],"class_list":{"0":"post-1811","1":"product","2":"type-product","3":"status-publish","4":"has-post-thumbnail","6":"product_cat-mens-clothing","8":"first","9":"instock","10":"shipping-taxable","11":"product-type-simple"},"_links":{"self":[{"href":"https:\/\/mj-clothing.com\/cs\/wp-json\/wp\/v2\/product\/1811","targetHints":{"allow":["GET"]}}],"collection":[{"href":"https:\/\/mj-clothing.com\/cs\/wp-json\/wp\/v2\/product"}],"about":[{"href":"https:\/\/mj-clothing.com\/cs\/wp-json\/wp\/v2\/types\/product"}],"wp:featuredmedia":[{"embeddable":true,"href":"https:\/\/mj-clothing.com\/cs\/wp-json\/wp\/v2\/media\/1812"}],"wp:attachment":[{"href":"https:\/\/mj-clothing.com\/cs\/wp-json\/wp\/v2\/media?parent=1811"}],"wp:term":[{"taxonomy":"product_brand","embeddable":true,"href":"https:\/\/mj-clothing.com\/cs\/wp-json\/wp\/v2\/product_brand?post=1811"},{"taxonomy":"product_cat","embeddable":true,"href":"https:\/\/mj-clothing.com\/cs\/wp-json\/wp\/v2\/product_cat?post=1811"},{"taxonomy":"product_tag","embeddable":true,"href":"https:\/\/mj-clothing.com\/cs\/wp-json\/wp\/v2\/product_tag?post=1811"}],"curies":[{"name":"wp","href":"https:\/\/api.w.org\/{rel}","templated":true}]}}