{"id":1813,"date":"2024-12-14T07:39:40","date_gmt":"2024-12-14T07:39:40","guid":{"rendered":"https:\/\/mj-clothing.com\/?post_type=product&#038;p=1813"},"modified":"2024-12-17T06:49:41","modified_gmt":"2024-12-17T06:49:41","slug":"flannel-lined-jacket","status":"publish","type":"product","link":"https:\/\/mj-clothing.com\/cs\/manufacturer\/flannel-lined-jacket\/","title":{"rendered":"Bunda s flanelovou pod\u0161\u00edvkou"},"content":{"rendered":"<h2 data-sourcepos=\"1:1-1:46\">P\u00e1nsk\u00e9 bundy s flanelovou pod\u0161\u00edvkou: Pohodln\u00e1 klasika<\/h2>\n<p data-sourcepos=\"3:1-3:223\"><span class=\"citation-0 recitation citation-end-0\">Bunda s flanelovou pod\u0161\u00edvkou je klasick\u00fd svrchn\u00ed od\u011bv, kter\u00fd nab\u00edz\u00ed teplo, pohodl\u00ed a styl.<\/span> Je ide\u00e1ln\u00ed pro chladn\u00e9 podzimn\u00ed a zimn\u00ed dny, kdy pot\u0159ebujete trochu tepla nav\u00edc, ani\u017e byste museli ob\u011btovat styl.<\/p>\n<p data-sourcepos=\"3:1-3:223\"><strong>\u00a0 \u00a0 \u00a0Pro\u010d si vybrat bundu s flanelovou pod\u0161\u00edvkou?<\/strong><\/p>\n<ul data-sourcepos=\"7:1-11:0\">\n<li data-sourcepos=\"7:1-7:103\"><strong>Teplo:<\/strong> <span class=\"citation-1 recitation citation-end-1\">Flanelov\u00e1 pod\u0161\u00edvka poskytuje vynikaj\u00edc\u00ed izolaci, tak\u017ee v\u00e1s udr\u017e\u00ed v teple a pohodl\u00ed.<\/span><span class=\"button-container hide-from-message-actions ng-star-inserted\">\u00a0<\/span>\n<div class=\"container ng-tns-c2946245707-430 hide\">\n<div class=\"carousel-container ng-tns-c2946245707-430\"><\/div>\n<\/div>\n<\/li>\n<li data-sourcepos=\"8:1-8:103\"><strong>Pohodl\u00ed:<\/strong> <span class=\"citation-2 recitation citation-end-2\">Flanel je m\u011bkk\u00e1 a p\u0159\u00edjemn\u00e1 tkanina, kter\u00e1 je p\u0159\u00edjemn\u00e1 na dotek.<\/span><span class=\"button-container hide-from-message-actions ng-star-inserted\"> \u00a0<\/span>\n<div class=\"container ng-tns-c2946245707-431 hide\">\n<div class=\"carousel-container ng-tns-c2946245707-431\"><\/div>\n<\/div>\n<\/li>\n<li data-sourcepos=\"9:1-9:119\"><strong>Styl:<\/strong> <span class=\"citation-3 recitation citation-end-3\">Bunda s flanelovou pod\u0161\u00edvkou se daj\u00ed obl\u00e9knout nahoru i dol\u016f, tak\u017ee jsou univerz\u00e1ln\u00ed pro r\u016fzn\u00e9 p\u0159\u00edle\u017eitosti.<\/span><span class=\"button-container hide-from-message-actions ng-star-inserted\"> \u00a0<\/span>\n<div class=\"container ng-tns-c2946245707-432 hide\">\n<div class=\"carousel-container ng-tns-c2946245707-432\"><\/div>\n<\/div>\n<\/li>\n<li data-sourcepos=\"10:1-11:0\"><strong><span class=\"citation-4 recitation\">Odolnost:<\/span><\/strong><span class=\"citation-4 recitation citation-end-4\"> Flanel je odoln\u00e1 tkanina, kter\u00e1 vydr\u017e\u00ed b\u011b\u017en\u00e9 opot\u0159eben\u00ed.<\/span><span class=\"button-container hide-from-message-actions ng-star-inserted\">\u00a0<\/span>\n<div class=\"container ng-tns-c2946245707-433 hide\">\n<div class=\"carousel-container ng-tns-c2946245707-433\">\n<div class=\"carousel-content ng-tns-c2946245707-433\">\n<div class=\"sources-carousel-source ng-tns-c2946245707-433 hide ng-star-inserted\" data-test-id=\"sources-carousel-source\"><\/div>\n<\/div>\n<\/div>\n<\/div>\n<\/li>\n<\/ul>\n<p data-sourcepos=\"12:1-12:40\"><strong>Jak stylov\u011b upravit bundu s flanelovou pod\u0161\u00edvkou:<\/strong><\/p>\n<ul data-sourcepos=\"14:1-17:0\">\n<li data-sourcepos=\"14:1-14:77\"><strong>P\u0159\u00edle\u017eitostn\u00e9:<\/strong> Kombinujte ji s d\u017e\u00ednami, tri\u010dkem a teniskami, abyste vypadali uvoln\u011bn\u011b.<\/li>\n<li data-sourcepos=\"15:1-15:96\"><strong>Smart Casual:<\/strong> Oble\u010dte si je k chinos kalhot\u00e1m, ko\u0161ili s knofl\u00edky a mokas\u00edn\u00e1m a z\u00edskejte elegantn\u00ed outfit.<\/li>\n<li data-sourcepos=\"16:1-17:0\"><strong>Venkovn\u00ed aktivity:<\/strong> Navrstv\u00edte ji na fleecovou mikinu nebo mikinu s kapuc\u00ed, abyste se p\u0159i venkovn\u00edch dobrodru\u017estv\u00edch zah\u0159\u00e1li.<\/li>\n<\/ul>\n<p data-sourcepos=\"18:1-18:46\"><strong>Kde naj\u00edt p\u00e1nsk\u00e9 bundy s flanelovou pod\u0161\u00edvkou:<\/strong><\/p>\n<ul data-sourcepos=\"20:1-23:0\">\n<li data-sourcepos=\"20:1-20:86\"><strong>Obchodn\u00ed domy:<\/strong> Hledejte zna\u010dky, kter\u00e9 nab\u00edzej\u00ed r\u016fzn\u00e9 styly a materi\u00e1ly.<\/li>\n<li data-sourcepos=\"21:1-21:136\"><strong><span class=\"citation-5 recitation\">Internetov\u00ed prodejci:<\/span><\/strong><span class=\"citation-5 recitation citation-end-5\"> Webov\u00e9 str\u00e1nky jako Amazon, eBay a dal\u0161\u00ed online prodejci nab\u00edzej\u00ed \u0161irokou \u0161k\u00e1lu bund s flanelovou pod\u0161\u00edvkou.<\/span><span class=\"button-container hide-from-message-actions ng-star-inserted\">\u00a0<\/span>\n<div class=\"container ng-tns-c2946245707-434 hide\">\n<div class=\"carousel-container ng-tns-c2946245707-434\"><\/div>\n<\/div>\n<\/li>\n<li data-sourcepos=\"22:1-23:0\"><strong>Obchody s outdoorov\u00fdm oble\u010den\u00edm:<\/strong> V obchodech specializuj\u00edc\u00edch se na outdoorov\u00e9 vybaven\u00ed \u010dasto najdete bundy s flanelovou pod\u0161\u00edvkou ur\u010den\u00e9 pro konkr\u00e9tn\u00ed aktivity.<\/li>\n<\/ul>\n<p data-sourcepos=\"24:1-24:45\"><strong>Tipy pro v\u00fdb\u011br bundy s flanelovou pod\u0161\u00edvkou:<\/strong><\/p>\n<ul data-sourcepos=\"26:1-30:0\">\n<li data-sourcepos=\"26:1-26:128\"><strong>Materi\u00e1l:<\/strong> Zva\u017ete hmotnost a tlou\u0161\u0165ku flanelov\u00e9 pod\u0161\u00edvky, proto\u017ee ovliv\u0148uje h\u0159ejivost a pohodl\u00ed bundy.<\/li>\n<li data-sourcepos=\"27:1-27:69\"><strong>P\u0159izp\u016fsoben\u00ed:<\/strong> Vyberte si bundu, kter\u00e1 dob\u0159e padne a pohodln\u011b se nos\u00ed.<\/li>\n<li data-sourcepos=\"28:1-28:108\"><strong>Styl:<\/strong> Vyberte si styl, kter\u00fd vyhovuje va\u0161emu osobn\u00edmu vkusu, nap\u0159\u00edklad bundu typu bomber, poln\u00ed bundu nebo parku.<\/li>\n<li data-sourcepos=\"29:1-30:0\"><strong>Vlastnosti:<\/strong> Zva\u017ete dal\u0161\u00ed prvky, jako jsou kapsy, kapuce se stahovac\u00ed \u0161\u0148\u016frkou a \u017eebrovan\u00e9 man\u017eety a spodn\u00ed lem.<\/li>\n<\/ul>\n<p data-sourcepos=\"31:1-31:198\">Investic\u00ed do kvalitn\u00ed bundy s flanelovou pod\u0161\u00edvkou z\u00edsk\u00e1te nejen stylov\u00fd a funk\u010dn\u00ed od\u011bv, ale tak\u00e9 kus oble\u010den\u00ed, kter\u00fd v\u00e1s bude h\u0159\u00e1t a udr\u017e\u00ed v pohodl\u00ed po mnoho let.<\/p>","protected":false},"excerpt":{"rendered":"<table style=\"height: 478px;\" width=\"452\">\n<tbody>\n<tr>\n<td width=\"146\"><strong><b>Produkt<\/b><\/strong>\u00a0<strong><b>Jm\u00e9no:<\/b><\/strong><\/td>\n<td width=\"601\"><strong>Bunda s flanelovou pod\u0161\u00edvkou<\/strong><\/td>\n<\/tr>\n<tr>\n<td width=\"146\"><strong><b>Materlal:<\/b><\/strong><\/td>\n<td width=\"601\">Polyester\/bavlna<\/td>\n<\/tr>\n<tr>\n<td width=\"146\"><strong><b>Technika:<\/b><\/strong><\/td>\n<td width=\"601\">Bavlna<\/td>\n<\/tr>\n<tr>\n<td width=\"146\"><strong><b>Styl:<\/b><\/strong><\/td>\n<td width=\"601\">P\u0159\u00edle\u017eitostn\u00e9<\/td>\n<\/tr>\n<tr>\n<td width=\"146\"><strong><b>Barva<\/b><\/strong><strong><b>:<\/b><\/strong><\/td>\n<td width=\"601\">\u00a0Vlastn\u00ed barvy<\/td>\n<\/tr>\n<tr>\n<td width=\"146\"><strong><b>Velikost:<\/b><\/strong><\/td>\n<td width=\"601\">S \/M \/L \/XL \/2XL<\/td>\n<\/tr>\n<tr>\n<td width=\"146\"><strong><b>OEM\/ODM:<\/b><\/strong><\/td>\n<td width=\"601\">P\u0159ijateln\u00e9<\/td>\n<\/tr>\n<tr>\n<td width=\"146\"><strong><b>Kvalita:<\/b><\/strong><\/td>\n<td width=\"601\">100% Vysok\u00e1 kvalita<\/td>\n<\/tr>\n<tr>\n<td width=\"146\"><strong><b>M<\/b><\/strong><strong><b>OQ:<\/b><\/strong><\/td>\n<td width=\"601\">200 ks<\/td>\n<\/tr>\n<\/tbody>\n<\/table>","protected":false},"featured_media":1814,"template":"","meta":[],"product_brand":[],"product_cat":[38],"product_tag":[],"class_list":{"0":"post-1813","1":"product","2":"type-product","3":"status-publish","4":"has-post-thumbnail","6":"product_cat-mens-clothing","8":"first","9":"instock","10":"shipping-taxable","11":"product-type-simple"},"_links":{"self":[{"href":"https:\/\/mj-clothing.com\/cs\/wp-json\/wp\/v2\/product\/1813","targetHints":{"allow":["GET"]}}],"collection":[{"href":"https:\/\/mj-clothing.com\/cs\/wp-json\/wp\/v2\/product"}],"about":[{"href":"https:\/\/mj-clothing.com\/cs\/wp-json\/wp\/v2\/types\/product"}],"wp:featuredmedia":[{"embeddable":true,"href":"https:\/\/mj-clothing.com\/cs\/wp-json\/wp\/v2\/media\/1814"}],"wp:attachment":[{"href":"https:\/\/mj-clothing.com\/cs\/wp-json\/wp\/v2\/media?parent=1813"}],"wp:term":[{"taxonomy":"product_brand","embeddable":true,"href":"https:\/\/mj-clothing.com\/cs\/wp-json\/wp\/v2\/product_brand?post=1813"},{"taxonomy":"product_cat","embeddable":true,"href":"https:\/\/mj-clothing.com\/cs\/wp-json\/wp\/v2\/product_cat?post=1813"},{"taxonomy":"product_tag","embeddable":true,"href":"https:\/\/mj-clothing.com\/cs\/wp-json\/wp\/v2\/product_tag?post=1813"}],"curies":[{"name":"wp","href":"https:\/\/api.w.org\/{rel}","templated":true}]}}