{"id":1816,"date":"2024-12-14T07:48:01","date_gmt":"2024-12-14T07:48:01","guid":{"rendered":"https:\/\/mj-clothing.com\/?post_type=product&#038;p=1816"},"modified":"2024-12-17T06:46:30","modified_gmt":"2024-12-17T06:46:30","slug":"black-suede-jacket","status":"publish","type":"product","link":"https:\/\/mj-clothing.com\/cs\/manufacturer\/black-suede-jacket\/","title":{"rendered":"\u010cern\u00e1 semi\u0161ov\u00e1 bunda"},"content":{"rendered":"<p data-sourcepos=\"1:1-1:164\">\u010cern\u00e1 semi\u0161ov\u00e1 bunda je nad\u010dasov\u00fd kousek, kter\u00fd dok\u00e1\u017ee pozvednout ka\u017ed\u00fd outfit. Je to univerz\u00e1ln\u00ed kousek, kter\u00fd lze obl\u00e9knout nahoru i dol\u016f, tak\u017ee je nezbytnou sou\u010d\u00e1st\u00ed ka\u017ed\u00e9ho \u0161atn\u00edku.<\/p>\n<h3 data-sourcepos=\"3:1-3:36\"><strong>Pro\u010d si vybrat \u010dernou semi\u0161ovou bundu?<\/strong><\/h3>\n<ul data-sourcepos=\"5:1-9:0\">\n<li data-sourcepos=\"5:1-5:76\"><strong>Nad\u010dasov\u00fd styl:<\/strong> \u010cern\u00fd semi\u0161 je klasika, kter\u00e1 nikdy nevyjde z m\u00f3dy.<\/li>\n<li data-sourcepos=\"6:1-6:94\"><strong>V\u0161estrannost:<\/strong> Lze je kombinovat s d\u017e\u00ednami, chinos kalhotami nebo i s oblekem pro form\u00e1ln\u011bj\u0161\u00ed vzhled.<\/li>\n<li data-sourcepos=\"7:1-7:78\"><strong>Odolnost:<\/strong> Semi\u0161 je odoln\u00fd materi\u00e1l, kter\u00fd vydr\u017e\u00ed opot\u0159eben\u00ed.<\/li>\n<li data-sourcepos=\"8:1-9:0\"><strong>Edgy:<\/strong> \u010cern\u00fd semi\u0161 dod\u00e1 ka\u017ed\u00e9mu oble\u010den\u00ed \u0161mrnc.<\/li>\n<\/ul>\n<h3 data-sourcepos=\"10:1-10:38\"><strong>Jak stylizovat \u010dernou semi\u0161ovou bundu:<\/strong><\/h3>\n<ul data-sourcepos=\"12:1-16:0\">\n<li data-sourcepos=\"12:1-12:84\"><strong>Le\u017e\u00e9rn\u00ed vzhled:<\/strong> Kombinujte ji s d\u017e\u00ednami, tri\u010dkem a teniskami, abyste vypadali uvoln\u011bn\u011b.<\/li>\n<li data-sourcepos=\"13:1-13:99\"><strong>Smart Casual:<\/strong> Oble\u010dte si je k chinos kalhot\u00e1m, ko\u0161ili s knofl\u00edky a mokas\u00edn\u00e1m, abyste vypadali elegantn\u011bji.<\/li>\n<li data-sourcepos=\"14:1-14:95\"><strong>Edgy Look:<\/strong> Kombinujte ji s ko\u017een\u00fdmi kalhotami, grafick\u00fdm tri\u010dkem a koza\u010dkami, abyste z\u00edskali rock-and-rollovou atmosf\u00e9ru.<\/li>\n<li data-sourcepos=\"15:1-16:0\"><strong>Form\u00e1ln\u00ed vzhled:<\/strong> Navrstv\u011bte ji na sako a z\u00edskejte jedine\u010dnou variaci na form\u00e1ln\u00ed oble\u010den\u00ed.<\/li>\n<\/ul>\n<h3 data-sourcepos=\"17:1-17:43\"><strong>Tipy pro v\u00fdb\u011br \u010dern\u00e9 semi\u0161ov\u00e9 bundy:<\/strong><\/h3>\n<ul data-sourcepos=\"19:1-22:0\">\n<li data-sourcepos=\"19:1-19:71\"><strong>P\u0159izp\u016fsoben\u00ed:<\/strong> Vyberte si bundu, kter\u00e1 v\u00e1m dob\u0159e padne a lichot\u00ed va\u0161\u00ed postav\u011b.<\/li>\n<li data-sourcepos=\"20:1-20:78\"><strong>Materi\u00e1l:<\/strong> Hledejte kvalitn\u00ed semi\u0161, kter\u00fd je odoln\u00fd a pohodln\u00fd.<\/li>\n<li data-sourcepos=\"21:1-22:0\"><strong>Styl:<\/strong> Zva\u017ete sv\u016fj osobn\u00ed styl a vyberte si bundu, kter\u00e1 odr\u00e1\u017e\u00ed v\u00e1\u0161 vkus.<\/li>\n<\/ul>","protected":false},"excerpt":{"rendered":"<table style=\"height: 494px;\" width=\"458\">\n<tbody>\n<tr>\n<td width=\"146\"><strong><b>Produkt<\/b><\/strong>\u00a0<strong><b>Jm\u00e9no:<\/b><\/strong><\/td>\n<td width=\"601\"><strong>\u010cern\u00e1 semi\u0161ov\u00e1 bunda<\/strong><\/td>\n<\/tr>\n<tr>\n<td width=\"146\"><strong><b>Materlal:<\/b><\/strong><\/td>\n<td width=\"601\">Polyester\/bavlna<\/td>\n<\/tr>\n<tr>\n<td width=\"146\"><strong><b>Technika:<\/b><\/strong><\/td>\n<td width=\"601\">Vlna<\/td>\n<\/tr>\n<tr>\n<td width=\"146\"><strong><b>Styl:<\/b><\/strong><\/td>\n<td width=\"601\">P\u0159\u00edle\u017eitostn\u00e9<\/td>\n<\/tr>\n<tr>\n<td width=\"146\"><strong><b>Barva<\/b><\/strong><strong><b>:<\/b><\/strong><\/td>\n<td width=\"601\">\u00a0Vlastn\u00ed barvy<\/td>\n<\/tr>\n<tr>\n<td width=\"146\"><strong><b>Velikost:<\/b><\/strong><\/td>\n<td width=\"601\">S \/M \/L \/XL \/2XL<\/td>\n<\/tr>\n<tr>\n<td width=\"146\"><strong><b>OEM\/ODM:<\/b><\/strong><\/td>\n<td width=\"601\">P\u0159ijateln\u00e9<\/td>\n<\/tr>\n<tr>\n<td width=\"146\"><strong><b>Kvalita:<\/b><\/strong><\/td>\n<td width=\"601\">100% Vysok\u00e1 kvalita<\/td>\n<\/tr>\n<tr>\n<td width=\"146\"><strong><b>M<\/b><\/strong><strong><b>OQ:<\/b><\/strong><\/td>\n<td width=\"601\">200 ks<\/td>\n<\/tr>\n<\/tbody>\n<\/table>","protected":false},"featured_media":1817,"template":"","meta":[],"product_brand":[],"product_cat":[38],"product_tag":[],"class_list":{"0":"post-1816","1":"product","2":"type-product","3":"status-publish","4":"has-post-thumbnail","6":"product_cat-mens-clothing","8":"first","9":"instock","10":"shipping-taxable","11":"product-type-simple"},"_links":{"self":[{"href":"https:\/\/mj-clothing.com\/cs\/wp-json\/wp\/v2\/product\/1816","targetHints":{"allow":["GET"]}}],"collection":[{"href":"https:\/\/mj-clothing.com\/cs\/wp-json\/wp\/v2\/product"}],"about":[{"href":"https:\/\/mj-clothing.com\/cs\/wp-json\/wp\/v2\/types\/product"}],"wp:featuredmedia":[{"embeddable":true,"href":"https:\/\/mj-clothing.com\/cs\/wp-json\/wp\/v2\/media\/1817"}],"wp:attachment":[{"href":"https:\/\/mj-clothing.com\/cs\/wp-json\/wp\/v2\/media?parent=1816"}],"wp:term":[{"taxonomy":"product_brand","embeddable":true,"href":"https:\/\/mj-clothing.com\/cs\/wp-json\/wp\/v2\/product_brand?post=1816"},{"taxonomy":"product_cat","embeddable":true,"href":"https:\/\/mj-clothing.com\/cs\/wp-json\/wp\/v2\/product_cat?post=1816"},{"taxonomy":"product_tag","embeddable":true,"href":"https:\/\/mj-clothing.com\/cs\/wp-json\/wp\/v2\/product_tag?post=1816"}],"curies":[{"name":"wp","href":"https:\/\/api.w.org\/{rel}","templated":true}]}}