{"id":1819,"date":"2024-12-14T07:53:41","date_gmt":"2024-12-14T07:53:41","guid":{"rendered":"https:\/\/mj-clothing.com\/?post_type=product&#038;p=1819"},"modified":"2024-12-17T06:39:12","modified_gmt":"2024-12-17T06:39:12","slug":"royal-blue-jacket","status":"publish","type":"product","link":"https:\/\/mj-clothing.com\/cs\/manufacturer\/royal-blue-jacket\/","title":{"rendered":"Kr\u00e1lovsky modr\u00e1 bunda"},"content":{"rendered":"<p data-sourcepos=\"1:1-1:164\">Kr\u00e1lovsky modr\u00e9 sako je v\u0161estrann\u00fd kousek, kter\u00fd dok\u00e1\u017ee pozvednout jak\u00fdkoli outfit. Je to syt\u00e1, z\u00e1\u0159iv\u00e1 barva, kter\u00e1 m\u016f\u017ee va\u0161emu \u0161atn\u00edku dodat n\u00e1dech sofistikovanosti a stylu.<\/p>\n<h3 data-sourcepos=\"3:1-3:35\"><strong>Pro\u010d si vybrat kr\u00e1lovsky modrou bundu?<\/strong><\/h3>\n<ul data-sourcepos=\"5:1-8:0\">\n<li data-sourcepos=\"5:1-5:106\"><strong>V\u0161estrannost:<\/strong> Kr\u00e1lovsky modr\u00e9 sako lze obl\u00e9knout nahoru i dol\u016f, tak\u017ee je ide\u00e1ln\u00ed pro r\u016fzn\u00e9 p\u0159\u00edle\u017eitosti.<\/li>\n<li data-sourcepos=\"6:1-6:72\"><strong>Sofistikovanost:<\/strong> Syt\u00e1 barva dod\u00e1v\u00e1 eleganci a noblesu.<\/li>\n<li data-sourcepos=\"7:1-8:0\"><strong>Jedine\u010dn\u00fd styl:<\/strong> Vy\u010dn\u00edv\u00e1 z davu a p\u016fsob\u00ed odv\u00e1\u017en\u011b.<\/li>\n<\/ul>\n<h3 data-sourcepos=\"9:1-9:37\"><strong>Jak na kr\u00e1lovsky modr\u00e9 sako:<\/strong><\/h3>\n<ul data-sourcepos=\"11:1-14:0\">\n<li data-sourcepos=\"11:1-11:77\"><strong>P\u0159\u00edle\u017eitostn\u00e9:<\/strong> Kombinujte ji s d\u017e\u00ednami, tri\u010dkem a teniskami, abyste vypadali uvoln\u011bn\u011b.<\/li>\n<li data-sourcepos=\"12:1-12:96\"><strong>Smart Casual:<\/strong> Oble\u010dte si je k chinos kalhot\u00e1m, ko\u0161ili s knofl\u00edky a mokas\u00edn\u00e1m a z\u00edskejte elegantn\u00ed outfit.<\/li>\n<li data-sourcepos=\"13:1-14:0\"><strong>Form\u00e1ln\u00ed:<\/strong> Navrstv\u011bte ji na sako a z\u00edskejte jedine\u010dnou variaci na form\u00e1ln\u00ed oble\u010den\u00ed.<\/li>\n<\/ul>\n<h3 data-sourcepos=\"15:1-15:42\"><strong>Tipy pro v\u00fdb\u011br kr\u00e1lovsky modr\u00e9 bundy:<\/strong><\/h3>\n<ul data-sourcepos=\"17:1-20:0\">\n<li data-sourcepos=\"17:1-17:154\"><strong>Materi\u00e1l:<\/strong> Zva\u017ete materi\u00e1l, proto\u017ee ovliv\u0148uje h\u0159ejivost, odolnost a celkov\u00fd vzhled bundy. Obl\u00edben\u00e9 jsou vlna, bavlna a k\u016f\u017ee.<\/li>\n<li data-sourcepos=\"18:1-18:71\"><strong>P\u0159izp\u016fsoben\u00ed:<\/strong> Vyberte si bundu, kter\u00e1 v\u00e1m dob\u0159e padne a lichot\u00ed va\u0161\u00ed postav\u011b.<\/li>\n<li data-sourcepos=\"19:1-20:0\"><strong>Styl:<\/strong> Vyberte si styl, kter\u00fd odpov\u00edd\u00e1 va\u0161emu osobn\u00edmu vkusu, nap\u0159\u00edklad bomber, poln\u00ed bundu nebo sako.<\/li>\n<\/ul>","protected":false},"excerpt":{"rendered":"<table style=\"height: 563px;\" width=\"468\">\n<tbody>\n<tr>\n<td width=\"146\"><strong><b>Produkt<\/b><\/strong>\u00a0<strong><b>Jm\u00e9no:<\/b><\/strong><\/td>\n<td width=\"601\"><strong>Kr\u00e1lovsky modr\u00e1 bunda<\/strong><\/td>\n<\/tr>\n<tr>\n<td width=\"146\"><strong><b>Materlal:<\/b><\/strong><\/td>\n<td width=\"601\">Polyester\/bavlna<\/td>\n<\/tr>\n<tr>\n<td width=\"146\"><strong><b>Technika:<\/b><\/strong><\/td>\n<td width=\"601\">Bavlna<\/td>\n<\/tr>\n<tr>\n<td width=\"146\"><strong><b>Styl:<\/b><\/strong><\/td>\n<td width=\"601\">P\u0159\u00edle\u017eitostn\u00e9<\/td>\n<\/tr>\n<tr>\n<td width=\"146\"><strong><b>Barva<\/b><\/strong><strong><b>:<\/b><\/strong><\/td>\n<td width=\"601\">\u00a0Vlastn\u00ed barvy<\/td>\n<\/tr>\n<tr>\n<td width=\"146\"><strong><b>Velikost:<\/b><\/strong><\/td>\n<td width=\"601\">S \/M \/L \/XL \/2XL<\/td>\n<\/tr>\n<tr>\n<td width=\"146\"><strong><b>OEM\/ODM:<\/b><\/strong><\/td>\n<td width=\"601\">P\u0159ijateln\u00e9<\/td>\n<\/tr>\n<tr>\n<td width=\"146\"><strong><b>Kvalita:<\/b><\/strong><\/td>\n<td width=\"601\">100% Vysok\u00e1 kvalita<\/td>\n<\/tr>\n<tr>\n<td width=\"146\"><strong><b>M<\/b><\/strong><strong><b>OQ:<\/b><\/strong><\/td>\n<td width=\"601\">200 ks<\/td>\n<\/tr>\n<\/tbody>\n<\/table>","protected":false},"featured_media":1820,"template":"","meta":[],"product_brand":[],"product_cat":[38],"product_tag":[],"class_list":{"0":"post-1819","1":"product","2":"type-product","3":"status-publish","4":"has-post-thumbnail","6":"product_cat-mens-clothing","8":"first","9":"instock","10":"shipping-taxable","11":"product-type-simple"},"_links":{"self":[{"href":"https:\/\/mj-clothing.com\/cs\/wp-json\/wp\/v2\/product\/1819","targetHints":{"allow":["GET"]}}],"collection":[{"href":"https:\/\/mj-clothing.com\/cs\/wp-json\/wp\/v2\/product"}],"about":[{"href":"https:\/\/mj-clothing.com\/cs\/wp-json\/wp\/v2\/types\/product"}],"wp:featuredmedia":[{"embeddable":true,"href":"https:\/\/mj-clothing.com\/cs\/wp-json\/wp\/v2\/media\/1820"}],"wp:attachment":[{"href":"https:\/\/mj-clothing.com\/cs\/wp-json\/wp\/v2\/media?parent=1819"}],"wp:term":[{"taxonomy":"product_brand","embeddable":true,"href":"https:\/\/mj-clothing.com\/cs\/wp-json\/wp\/v2\/product_brand?post=1819"},{"taxonomy":"product_cat","embeddable":true,"href":"https:\/\/mj-clothing.com\/cs\/wp-json\/wp\/v2\/product_cat?post=1819"},{"taxonomy":"product_tag","embeddable":true,"href":"https:\/\/mj-clothing.com\/cs\/wp-json\/wp\/v2\/product_tag?post=1819"}],"curies":[{"name":"wp","href":"https:\/\/api.w.org\/{rel}","templated":true}]}}