{"id":1825,"date":"2024-12-16T02:30:24","date_gmt":"2024-12-16T02:30:24","guid":{"rendered":"https:\/\/mj-clothing.com\/?post_type=product&#038;p=1825"},"modified":"2024-12-17T06:30:13","modified_gmt":"2024-12-17T06:30:13","slug":"alchemai-hoodie","status":"publish","type":"product","link":"https:\/\/mj-clothing.com\/cs\/manufacturer\/alchemai-hoodie\/","title":{"rendered":"Mikina s kapuc\u00ed Alchemai"},"content":{"rendered":"<h3 data-sourcepos=\"1:1-1:266\">Mikina s kapuc\u00ed Alchemai<\/h3>\n<p data-sourcepos=\"1:1-1:266\">Mikina s kapuc\u00ed Alchemai je stylov\u00fd a pohodln\u00fd kus oble\u010den\u00ed, kter\u00fd je ide\u00e1ln\u00ed pro ka\u017edodenn\u00ed no\u0161en\u00ed. Je vyrobena z vysoce kvalitn\u00edch materi\u00e1l\u016f a je k dispozici v r\u016fzn\u00fdch barv\u00e1ch. Mikina je tak\u00e9 cenov\u011b velmi dostupn\u00e1, tak\u017ee je skv\u011blou volbou pro lidi s omezen\u00fdm rozpo\u010dtem.<\/p>\n<p data-sourcepos=\"3:1-3:57\">Zde jsou n\u011bkter\u00e9 z kl\u00ed\u010dov\u00fdch vlastnost\u00ed mikiny Alchemai:<\/p>\n<ul data-sourcepos=\"5:1-10:0\">\n<li data-sourcepos=\"5:1-5:153\"><strong>Vyrobeno z vysoce kvalitn\u00edch materi\u00e1l\u016f:<\/strong> Mikina je vyrobena z m\u011bkk\u00e9ho a p\u0159\u00edjemn\u00e9ho fleecov\u00e9ho materi\u00e1lu, kter\u00fd je ide\u00e1ln\u00ed pro zah\u0159\u00e1t\u00ed v chladn\u00fdch dnech.<\/li>\n<li data-sourcepos=\"6:1-6:122\"><strong>K dispozici v r\u016fzn\u00fdch barv\u00e1ch:<\/strong> M\u016f\u017eete si vybrat z cel\u00e9 \u0159ady barev a naj\u00edt si ide\u00e1ln\u00ed mikinu pro sv\u016fj styl.<\/li>\n<li data-sourcepos=\"7:1-7:97\"><strong>Cenov\u011b dostupn\u00e9:<\/strong> Mikina je cenov\u011b velmi dostupn\u00e1, tak\u017ee je skv\u011blou volbou pro lidi s omezen\u00fdm rozpo\u010dtem.<\/li>\n<li data-sourcepos=\"8:1-8:103\"><strong>Pohodln\u00e9:<\/strong> Mikina je velmi pohodln\u00e1 na no\u0161en\u00ed d\u00edky m\u011bkk\u00e9mu a voln\u00e9mu st\u0159ihu.<\/li>\n<li data-sourcepos=\"9:1-10:0\"><strong>Stylov\u00e9:<\/strong> Mikina je tak\u00e9 velmi stylov\u00e1 a lze ji snadno obl\u00e9knout nahoru i dol\u016f.<\/li>\n<\/ul>\n<p data-sourcepos=\"11:1-11:174\">Pokud hled\u00e1te stylovou a pohodlnou mikinu s kapuc\u00ed, kter\u00e1 je z\u00e1rove\u0148 cenov\u011b dostupn\u00e1, pak je mikina Alchemai Hoodie skv\u011blou volbou. Najdete ji online nebo u sv\u00e9ho m\u00edstn\u00edho prodejce.<\/p>","protected":false},"excerpt":{"rendered":"<table style=\"height: 538px;\" width=\"470\">\n<tbody>\n<tr>\n<td width=\"146\"><strong><b>Produkt<\/b><\/strong>\u00a0<strong><b>Jm\u00e9no:<\/b><\/strong><\/td>\n<td width=\"601\"><strong>Mikina s kapuc\u00ed Alchemai<\/strong><\/td>\n<\/tr>\n<tr>\n<td width=\"146\"><strong><b>Materlal:<\/b><\/strong><\/td>\n<td width=\"601\">Polyester\/bavlna<\/td>\n<\/tr>\n<tr>\n<td width=\"146\"><strong><b>Technika:<\/b><\/strong><\/td>\n<td width=\"601\">Tisk a barven\u00ed<\/td>\n<\/tr>\n<tr>\n<td width=\"146\"><strong><b>Styl:<\/b><\/strong><\/td>\n<td width=\"601\">P\u0159\u00edle\u017eitostn\u00e9<\/td>\n<\/tr>\n<tr>\n<td width=\"146\"><strong><b>Barva<\/b><\/strong><strong><b>:<\/b><\/strong><\/td>\n<td width=\"601\">\u00a0Vlastn\u00ed barvy<\/td>\n<\/tr>\n<tr>\n<td width=\"146\"><strong><b>Velikost:<\/b><\/strong><\/td>\n<td width=\"601\">S \/M \/L \/XL \/2XL<\/td>\n<\/tr>\n<tr>\n<td width=\"146\"><strong><b>OEM\/ODM:<\/b><\/strong><\/td>\n<td width=\"601\">P\u0159ijateln\u00e9<\/td>\n<\/tr>\n<tr>\n<td width=\"146\"><strong><b>Kvalita:<\/b><\/strong><\/td>\n<td width=\"601\">100% Vysok\u00e1 kvalita<\/td>\n<\/tr>\n<tr>\n<td width=\"146\"><strong><b>M<\/b><\/strong><strong><b>OQ:<\/b><\/strong><\/td>\n<td width=\"601\">200 ks<\/td>\n<\/tr>\n<\/tbody>\n<\/table>","protected":false},"featured_media":1826,"template":"","meta":[],"product_brand":[],"product_cat":[38],"product_tag":[],"class_list":{"0":"post-1825","1":"product","2":"type-product","3":"status-publish","4":"has-post-thumbnail","6":"product_cat-mens-clothing","8":"first","9":"instock","10":"shipping-taxable","11":"product-type-simple"},"_links":{"self":[{"href":"https:\/\/mj-clothing.com\/cs\/wp-json\/wp\/v2\/product\/1825","targetHints":{"allow":["GET"]}}],"collection":[{"href":"https:\/\/mj-clothing.com\/cs\/wp-json\/wp\/v2\/product"}],"about":[{"href":"https:\/\/mj-clothing.com\/cs\/wp-json\/wp\/v2\/types\/product"}],"wp:featuredmedia":[{"embeddable":true,"href":"https:\/\/mj-clothing.com\/cs\/wp-json\/wp\/v2\/media\/1826"}],"wp:attachment":[{"href":"https:\/\/mj-clothing.com\/cs\/wp-json\/wp\/v2\/media?parent=1825"}],"wp:term":[{"taxonomy":"product_brand","embeddable":true,"href":"https:\/\/mj-clothing.com\/cs\/wp-json\/wp\/v2\/product_brand?post=1825"},{"taxonomy":"product_cat","embeddable":true,"href":"https:\/\/mj-clothing.com\/cs\/wp-json\/wp\/v2\/product_cat?post=1825"},{"taxonomy":"product_tag","embeddable":true,"href":"https:\/\/mj-clothing.com\/cs\/wp-json\/wp\/v2\/product_tag?post=1825"}],"curies":[{"name":"wp","href":"https:\/\/api.w.org\/{rel}","templated":true}]}}