{"id":1834,"date":"2024-12-16T03:01:13","date_gmt":"2024-12-16T03:01:13","guid":{"rendered":"https:\/\/mj-clothing.com\/?post_type=product&#038;p=1834"},"modified":"2024-12-17T06:27:12","modified_gmt":"2024-12-17T06:27:12","slug":"pullover-hoodie","status":"publish","type":"product","link":"https:\/\/mj-clothing.com\/cs\/manufacturer\/pullover-hoodie\/","title":{"rendered":"Mikina s kapuc\u00ed"},"content":{"rendered":"<p data-sourcepos=\"1:1-1:345\"><span class=\"citation-0 recitation citation-end-0\">Mikina s kapuc\u00ed je le\u017e\u00e9rn\u00ed a pohodln\u00fd kus oble\u010den\u00ed, kter\u00fd je ide\u00e1ln\u00ed pro ka\u017edodenn\u00ed no\u0161en\u00ed.<\/span> <span class=\"citation-1 recitation citation-end-1\">Obvykle m\u00e1 kapuci, klokan\u00ed kapsu a elastick\u00e9 man\u017eety a pas.<\/span> <span class=\"citation-2 recitation citation-end-2\">Mikiny s kapuc\u00ed jsou \u010dasto vyrobeny z m\u011bkk\u00fdch a h\u0159ejiv\u00fdch materi\u00e1l\u016f, jako je fleece nebo bavlna, tak\u017ee jsou ide\u00e1ln\u00ed do chladn\u011bj\u0161\u00edho po\u010das\u00ed.<\/span><\/p>\n<h3 data-sourcepos=\"3:1-3:38\"><strong>Kl\u00ed\u010dov\u00e9 vlastnosti svetru s kapuc\u00ed:<\/strong><\/h3>\n<ul data-sourcepos=\"5:1-9:0\">\n<li data-sourcepos=\"5:1-5:61\"><strong>Kapuce:<\/strong> Poskytuje teplo a ochranu p\u0159ed pov\u011btrnostn\u00edmi vlivy.<\/li>\n<li data-sourcepos=\"6:1-6:125\"><strong><span class=\"citation-3 recitation\">Klokan\u00ed kapsa:<\/span><\/strong><span class=\"citation-3 recitation citation-end-3\"> Velk\u00e1 p\u0159edn\u00ed kapsa, kter\u00e1 je ide\u00e1ln\u00ed pro udr\u017een\u00ed rukou v teple nebo pro p\u0159en\u00e1\u0161en\u00ed drobn\u00fdch p\u0159edm\u011bt\u016f.<\/span><span class=\"button-container hide-from-message-actions ng-star-inserted\"> \u00a0<\/span>\n<div class=\"container ng-tns-c2946245707-75 hide\">\n<div class=\"carousel-container ng-tns-c2946245707-75\"><\/div>\n<\/div>\n<\/li>\n<li data-sourcepos=\"7:1-7:74\"><strong>Pru\u017en\u00e9 man\u017eety a pas:<\/strong> Zaji\u0161\u0165uje pohodln\u00e9 a p\u0159il\u00e9hav\u00e9 no\u0161en\u00ed.<\/li>\n<li data-sourcepos=\"8:1-9:0\"><strong><span class=\"citation-4 recitation\">M\u011bkk\u00fd a tepl\u00fd materi\u00e1l:<\/span><\/strong><span class=\"citation-4 recitation citation-end-4\"> \u010casto jsou vyrobeny z fleecu nebo bavlny pro optim\u00e1ln\u00ed pohodl\u00ed.<\/span>\n<div class=\"container ng-tns-c2946245707-76 hide\">\n<div class=\"carousel-container ng-tns-c2946245707-76\">\n<div class=\"carousel-content ng-tns-c2946245707-76\">\n<div class=\"sources-carousel-source ng-tns-c2946245707-76 hide ng-star-inserted\" data-test-id=\"sources-carousel-source\"><\/div>\n<\/div>\n<\/div>\n<\/div>\n<\/li>\n<\/ul>\n<h3 data-sourcepos=\"10:1-10:35\"><strong>Jak stylizovat svetr s kapuc\u00ed:<\/strong><\/h3>\n<p data-sourcepos=\"12:1-12:118\"><span class=\"citation-5 recitation citation-end-5\">Mikiny s kapuc\u00ed jsou neuv\u011b\u0159iteln\u011b univerz\u00e1ln\u00ed a lze je stylizovat mnoha r\u016fzn\u00fdmi zp\u016fsoby.<\/span> Zde je n\u011bkolik n\u00e1pad\u016f:<\/p>\n<p data-sourcepos=\"12:1-12:118\"><strong>P\u0159\u00edle\u017eitostn\u00e9:<\/strong> Pro uvoln\u011bn\u00fd a pohodln\u00fd vzhled kombinujte mikinu s kapuc\u00ed s d\u017e\u00edny a teniskami.<\/p>\n<ul data-sourcepos=\"14:1-18:0\">\n<li data-sourcepos=\"15:1-15:93\"><strong>Sportovn\u00ed:<\/strong> Sportovn\u00edho a aktivn\u00edho vzhledu dos\u00e1hnete, kdy\u017e si svetr s kapuc\u00ed obl\u00e9knete k tepl\u00e1k\u016fm nebo b\u011b\u017eeck\u00fdm kalhot\u00e1m.<\/li>\n<li data-sourcepos=\"16:1-16:92\"><strong>Vrstven\u00e9:<\/strong> Pro v\u011bt\u0161\u00ed teplo navrstv\u011bte mikinu p\u0159es tri\u010dko nebo ko\u0161ili s dlouh\u00fdm ruk\u00e1vem.<\/li>\n<li data-sourcepos=\"17:1-18:0\"><strong>Spole\u010densk\u00fd od\u011bv pro voln\u00fd \u010das:<\/strong> Mikinu s kapuc\u00ed obl\u00e9kn\u011bte do ko\u017een\u00e9 bundy, tmav\u00fdch d\u017e\u00edn\u016f a bot.<\/li>\n<\/ul>\n<h3 data-sourcepos=\"19:1-19:39\"><strong>Obl\u00edben\u00e9 zna\u010dky mikin s kapuc\u00ed:<\/strong><\/h3>\n<ul data-sourcepos=\"21:1-26:0\">\n<li data-sourcepos=\"21:1-21:77\"><strong><span class=\"citation-6 recitation\">\u0160ampion:<\/span><\/strong><span class=\"citation-6 recitation citation-end-6\"> Zn\u00e1m\u00e9 pro sv\u00e9 vysoce kvalitn\u00ed a klasick\u00e9 styly.<\/span><span class=\"button-container hide-from-message-actions ng-star-inserted\"> \u00a0<\/span>\n<div class=\"container ng-tns-c2946245707-78 hide\">\n<div class=\"carousel-container ng-tns-c2946245707-78\"><\/div>\n<\/div>\n<\/li>\n<li data-sourcepos=\"22:1-22:81\"><strong>Nike:<\/strong> Nab\u00edz\u00ed \u0161irokou \u0161k\u00e1lu mikin s kapuc\u00ed v r\u016fzn\u00fdch stylech a barv\u00e1ch.<\/li>\n<li data-sourcepos=\"23:1-23:58\"><strong>Adidas:<\/strong> Jsou zn\u00e1m\u00e9 sv\u00fdm atletick\u00fdm a sportovn\u00edm designem.<\/li>\n<li data-sourcepos=\"24:1-24:63\"><strong>H&amp;M:<\/strong> Poskytuje cenov\u011b dostupn\u00e9 a m\u00f3dn\u00ed svetry s kapuc\u00ed.<\/li>\n<li data-sourcepos=\"25:1-26:0\"><strong>Zara:<\/strong> Nab\u00edz\u00ed stylov\u00e9 a m\u00f3dn\u00ed mikiny.<\/li>\n<\/ul>","protected":false},"excerpt":{"rendered":"<table style=\"height: 508px;\" width=\"446\">\n<tbody>\n<tr>\n<td width=\"146\"><strong><b>Produkt<\/b><\/strong>\u00a0<strong><b>Jm\u00e9no:<\/b><\/strong><\/td>\n<td width=\"601\"><strong>Mikina s kapuc\u00ed<\/strong><\/td>\n<\/tr>\n<tr>\n<td width=\"146\"><strong><b>Materlal:<\/b><\/strong><\/td>\n<td width=\"601\">Polyester\/bavlna<\/td>\n<\/tr>\n<tr>\n<td width=\"146\"><strong><b>Technika:<\/b><\/strong><\/td>\n<td width=\"601\">Tisk a barven\u00ed<\/td>\n<\/tr>\n<tr>\n<td width=\"146\"><strong><b>Styl:<\/b><\/strong><\/td>\n<td width=\"601\">P\u0159\u00edle\u017eitostn\u00e9<\/td>\n<\/tr>\n<tr>\n<td width=\"146\"><strong><b>Barva<\/b><\/strong><strong><b>:<\/b><\/strong><\/td>\n<td width=\"601\">\u00a0Vlastn\u00ed barvy<\/td>\n<\/tr>\n<tr>\n<td width=\"146\"><strong><b>Velikost:<\/b><\/strong><\/td>\n<td width=\"601\">S \/M \/L \/XL \/2XL<\/td>\n<\/tr>\n<tr>\n<td width=\"146\"><strong><b>OEM\/ODM:<\/b><\/strong><\/td>\n<td width=\"601\">P\u0159ijateln\u00e9<\/td>\n<\/tr>\n<tr>\n<td width=\"146\"><strong><b>Kvalita:<\/b><\/strong><\/td>\n<td width=\"601\">100% Vysok\u00e1 kvalita<\/td>\n<\/tr>\n<tr>\n<td width=\"146\"><strong><b>M<\/b><\/strong><strong><b>OQ:<\/b><\/strong><\/td>\n<td width=\"601\">200 ks<\/td>\n<\/tr>\n<\/tbody>\n<\/table>","protected":false},"featured_media":1836,"template":"","meta":[],"product_brand":[],"product_cat":[38],"product_tag":[],"class_list":{"0":"post-1834","1":"product","2":"type-product","3":"status-publish","4":"has-post-thumbnail","6":"product_cat-mens-clothing","8":"first","9":"instock","10":"shipping-taxable","11":"product-type-simple"},"_links":{"self":[{"href":"https:\/\/mj-clothing.com\/cs\/wp-json\/wp\/v2\/product\/1834","targetHints":{"allow":["GET"]}}],"collection":[{"href":"https:\/\/mj-clothing.com\/cs\/wp-json\/wp\/v2\/product"}],"about":[{"href":"https:\/\/mj-clothing.com\/cs\/wp-json\/wp\/v2\/types\/product"}],"wp:featuredmedia":[{"embeddable":true,"href":"https:\/\/mj-clothing.com\/cs\/wp-json\/wp\/v2\/media\/1836"}],"wp:attachment":[{"href":"https:\/\/mj-clothing.com\/cs\/wp-json\/wp\/v2\/media?parent=1834"}],"wp:term":[{"taxonomy":"product_brand","embeddable":true,"href":"https:\/\/mj-clothing.com\/cs\/wp-json\/wp\/v2\/product_brand?post=1834"},{"taxonomy":"product_cat","embeddable":true,"href":"https:\/\/mj-clothing.com\/cs\/wp-json\/wp\/v2\/product_cat?post=1834"},{"taxonomy":"product_tag","embeddable":true,"href":"https:\/\/mj-clothing.com\/cs\/wp-json\/wp\/v2\/product_tag?post=1834"}],"curies":[{"name":"wp","href":"https:\/\/api.w.org\/{rel}","templated":true}]}}