{"id":1837,"date":"2024-12-16T03:05:25","date_gmt":"2024-12-16T03:05:25","guid":{"rendered":"https:\/\/mj-clothing.com\/?post_type=product&#038;p=1837"},"modified":"2024-12-17T06:26:09","modified_gmt":"2024-12-17T06:26:09","slug":"akimbo-hoodie","status":"publish","type":"product","link":"https:\/\/mj-clothing.com\/cs\/manufacturer\/akimbo-hoodie\/","title":{"rendered":"Mikina s kapuc\u00ed Akimbo"},"content":{"rendered":"<p data-sourcepos=\"1:1-1:237\">Mikina Akimbo je obl\u00edben\u00fd styl, kter\u00fd je zn\u00e1m\u00fd pro sv\u016fj voln\u00fd oversized st\u0159ih a m\u011bkk\u00fd, pohodln\u00fd materi\u00e1l. \u010casto se vyr\u00e1b\u00ed z kvalitn\u00edho fleecu nebo bavlny a m\u00e1 kapuci se stahovac\u00ed \u0161\u0148\u016frkou, klokan\u00ed kapsu a \u017eebrovan\u00e9 man\u017eety a pas.<\/p>\n<h3 data-sourcepos=\"3:1-3:38\"><strong>Kl\u00ed\u010dov\u00e9 vlastnosti mikiny Akimbo:<\/strong><\/h3>\n<ul data-sourcepos=\"5:1-10:0\">\n<li data-sourcepos=\"5:1-5:77\"><strong>Nadrozm\u011brn\u00fd st\u0159ih:<\/strong> Voln\u00fd a pohodln\u00fd st\u0159ih, kter\u00fd je ide\u00e1ln\u00ed pro vrstven\u00ed.<\/li>\n<li data-sourcepos=\"6:1-6:91\"><strong>M\u011bkk\u00fd materi\u00e1l:<\/strong> Obvykle se vyr\u00e1b\u00ed z vysoce kvalitn\u00edho rouna nebo bavlny pro maxim\u00e1ln\u00ed pohodl\u00ed.<\/li>\n<li data-sourcepos=\"7:1-7:89\"><strong>Stahovac\u00ed kapuce:<\/strong> Nastaviteln\u00e1 kapuce pro v\u011bt\u0161\u00ed teplo a ochranu p\u0159ed nep\u0159\u00edzniv\u00fdmi vlivy.<\/li>\n<li data-sourcepos=\"8:1-8:111\"><strong><span class=\"citation-0 recitation\">Klokan\u00ed kapsa:<\/span><\/strong><span class=\"citation-0 recitation citation-end-0\"> Prostorn\u00e1 p\u0159edn\u00ed kapsa na ruce v teple nebo na drobnosti.<\/span><span class=\"button-container hide-from-message-actions ng-star-inserted\"> \u00a0<\/span>\n<div class=\"container ng-tns-c2946245707-91 hide\">\n<div class=\"carousel-container ng-tns-c2946245707-91\"><\/div>\n<\/div>\n<\/li>\n<li data-sourcepos=\"9:1-10:0\"><strong>\u017debrovan\u00e9 man\u017eety a pas:<\/strong> Zaji\u0161\u0165uje pevn\u00e9 a pohodln\u00e9 no\u0161en\u00ed.<\/li>\n<\/ul>\n<h3 data-sourcepos=\"11:1-11:35\"><strong>Jak stylizovat mikinu Akimbo:<\/strong><\/h3>\n<p data-sourcepos=\"13:1-13:103\">Mikina Akimbo je univerz\u00e1ln\u00ed kousek, kter\u00fd lze stylizovat mnoha r\u016fzn\u00fdmi zp\u016fsoby. Zde je n\u011bkolik n\u00e1pad\u016f:<\/p>\n<ul data-sourcepos=\"15:1-18:0\">\n<li data-sourcepos=\"15:1-15:105\"><strong>P\u0159\u00edle\u017eitostn\u00e9:<\/strong> Kombinujte ji s d\u017e\u00ednami, tepl\u00e1ky nebo s b\u011b\u017eeck\u00fdmi kalhotami a teniskami, abyste vypadali uvoln\u011bn\u011b a pohodln\u011b.<\/li>\n<li data-sourcepos=\"16:1-16:77\"><strong>Vrstven\u00e9:<\/strong> Pro v\u011bt\u0161\u00ed teplo ji m\u016f\u017eete navrstvit na tri\u010dko nebo ko\u0161ili s dlouh\u00fdm ruk\u00e1vem.<\/li>\n<li data-sourcepos=\"17:1-18:0\"><strong>Spole\u010densk\u00fd od\u011bv pro voln\u00fd \u010das:<\/strong> Dopl\u0148te ho ko\u017eenou bundou, tmav\u00fdmi d\u017e\u00ednami a koza\u010dkami.<\/li>\n<\/ul>","protected":false},"excerpt":{"rendered":"<table style=\"height: 490px;\" width=\"435\">\n<tbody>\n<tr>\n<td width=\"146\"><strong><b>Produkt<\/b><\/strong>\u00a0<strong><b>Jm\u00e9no:<\/b><\/strong><\/td>\n<td width=\"601\"><strong>Mikina s kapuc\u00ed Akimbo<\/strong><\/td>\n<\/tr>\n<tr>\n<td width=\"146\"><strong><b>Materlal:<\/b><\/strong><\/td>\n<td width=\"601\">Polyester\/bavlna<\/td>\n<\/tr>\n<tr>\n<td width=\"146\"><strong><b>Technika:<\/b><\/strong><\/td>\n<td width=\"601\">Tisk a barven\u00ed<\/td>\n<\/tr>\n<tr>\n<td width=\"146\"><strong><b>Styl:<\/b><\/strong><\/td>\n<td width=\"601\">P\u0159\u00edle\u017eitostn\u00e9<\/td>\n<\/tr>\n<tr>\n<td width=\"146\"><strong><b>Barva<\/b><\/strong><strong><b>:<\/b><\/strong><\/td>\n<td width=\"601\">\u00a0Vlastn\u00ed barvy<\/td>\n<\/tr>\n<tr>\n<td width=\"146\"><strong><b>Velikost:<\/b><\/strong><\/td>\n<td width=\"601\">S \/M \/L \/XL \/2XL<\/td>\n<\/tr>\n<tr>\n<td width=\"146\"><strong><b>OEM\/ODM:<\/b><\/strong><\/td>\n<td width=\"601\">P\u0159ijateln\u00e9<\/td>\n<\/tr>\n<tr>\n<td width=\"146\"><strong><b>Kvalita:<\/b><\/strong><\/td>\n<td width=\"601\">100% Vysok\u00e1 kvalita<\/td>\n<\/tr>\n<tr>\n<td width=\"146\"><strong><b>M<\/b><\/strong><strong><b>OQ:<\/b><\/strong><\/td>\n<td width=\"601\">200 ks<\/td>\n<\/tr>\n<\/tbody>\n<\/table>","protected":false},"featured_media":1839,"template":"","meta":[],"product_brand":[],"product_cat":[38],"product_tag":[],"class_list":{"0":"post-1837","1":"product","2":"type-product","3":"status-publish","4":"has-post-thumbnail","6":"product_cat-mens-clothing","8":"first","9":"instock","10":"shipping-taxable","11":"product-type-simple"},"_links":{"self":[{"href":"https:\/\/mj-clothing.com\/cs\/wp-json\/wp\/v2\/product\/1837","targetHints":{"allow":["GET"]}}],"collection":[{"href":"https:\/\/mj-clothing.com\/cs\/wp-json\/wp\/v2\/product"}],"about":[{"href":"https:\/\/mj-clothing.com\/cs\/wp-json\/wp\/v2\/types\/product"}],"wp:featuredmedia":[{"embeddable":true,"href":"https:\/\/mj-clothing.com\/cs\/wp-json\/wp\/v2\/media\/1839"}],"wp:attachment":[{"href":"https:\/\/mj-clothing.com\/cs\/wp-json\/wp\/v2\/media?parent=1837"}],"wp:term":[{"taxonomy":"product_brand","embeddable":true,"href":"https:\/\/mj-clothing.com\/cs\/wp-json\/wp\/v2\/product_brand?post=1837"},{"taxonomy":"product_cat","embeddable":true,"href":"https:\/\/mj-clothing.com\/cs\/wp-json\/wp\/v2\/product_cat?post=1837"},{"taxonomy":"product_tag","embeddable":true,"href":"https:\/\/mj-clothing.com\/cs\/wp-json\/wp\/v2\/product_tag?post=1837"}],"curies":[{"name":"wp","href":"https:\/\/api.w.org\/{rel}","templated":true}]}}