{"id":1846,"date":"2024-12-16T03:37:19","date_gmt":"2024-12-16T03:37:19","guid":{"rendered":"https:\/\/mj-clothing.com\/?post_type=product&#038;p=1846"},"modified":"2024-12-17T06:24:41","modified_gmt":"2024-12-17T06:24:41","slug":"weighted-hoodie","status":"publish","type":"product","link":"https:\/\/mj-clothing.com\/cs\/manufacturer\/weighted-hoodie\/","title":{"rendered":"Z\u00e1t\u011b\u017eov\u00e1 mikina s kapuc\u00ed"},"content":{"rendered":"<p data-sourcepos=\"1:1-1:292\"><span class=\"citation-0 recitation citation-end-0\">Z\u00e1t\u011b\u017eov\u00e1 mikina je druh oble\u010den\u00ed, kter\u00e9 obsahuje z\u00e1t\u011b\u017eov\u00e9 materi\u00e1ly, obvykle sklen\u011bn\u00e9 kuli\u010dky nebo plastov\u00e9 kuli\u010dky, kter\u00e9 poskytuj\u00ed uklid\u0148uj\u00edc\u00ed a uzem\u0148uj\u00edc\u00ed \u00fa\u010dinek.<\/span> <span class=\"citation-1 recitation citation-end-1\">Tento jemn\u00fd tlak m\u016f\u017ee pomoci sn\u00ed\u017eit \u00fazkost, zlep\u0161it soust\u0159ed\u011bn\u00ed a podpo\u0159it lep\u0161\u00ed sp\u00e1nek.<\/span><span class=\"button-container hide-from-message-actions ng-star-inserted\"> \u00a0<\/span><\/p>\n<h3 data-sourcepos=\"3:1-3:38\"><strong>Kl\u00ed\u010dov\u00e9 vlastnosti mikiny s kapuc\u00ed:<\/strong><\/h3>\n<ul data-sourcepos=\"5:1-10:0\">\n<li data-sourcepos=\"5:1-5:145\"><strong>V\u00e1\u017een\u00e9 materi\u00e1ly:<\/strong> <span class=\"citation-2 recitation citation-end-2\">Mal\u00e9 kuli\u010dky nebo granule jsou rovnom\u011brn\u011b rozm\u00edst\u011bny po cel\u00e9 kapuci a p\u016fsob\u00ed jemn\u00fdm, uklid\u0148uj\u00edc\u00edm tlakem.<\/span><span class=\"button-container hide-from-message-actions ng-star-inserted\"> \u00a0<\/span>\n<div class=\"container ng-tns-c2946245707-171 hide\">\n<div class=\"carousel-container ng-tns-c2946245707-171\"><\/div>\n<\/div>\n<\/li>\n<li data-sourcepos=\"6:1-6:93\"><strong>Pohodl\u00ed:<\/strong> <span class=\"citation-3 recitation citation-end-3\">Mikina je navr\u017eena tak, aby byla m\u011bkk\u00e1, p\u0159\u00edjemn\u00e1 a pohodln\u00e1 na no\u0161en\u00ed.<\/span><span class=\"button-container hide-from-message-actions ng-star-inserted\"> \u00a0<\/span>\n<div class=\"container ng-tns-c2946245707-172 hide\">\n<div class=\"carousel-container ng-tns-c2946245707-172\"><\/div>\n<\/div>\n<\/li>\n<li data-sourcepos=\"7:1-7:108\"><strong>V\u0161estrannost:<\/strong> <span class=\"citation-4 recitation citation-end-4\">Lze jej nosit p\u0159es den pro relaxaci nebo v noci pro lep\u0161\u00ed sp\u00e1nek.<\/span><span class=\"button-container hide-from-message-actions ng-star-inserted\"> \u00a0<\/span>\n<div class=\"container ng-tns-c2946245707-173 hide\">\n<div class=\"carousel-container ng-tns-c2946245707-173\"><\/div>\n<\/div>\n<\/li>\n<li data-sourcepos=\"8:1-8:127\"><strong>Zklid\u0148uj\u00edc\u00ed \u00fa\u010dinek:<\/strong> <span class=\"citation-5 recitation citation-end-5\">Hmotnost m\u016f\u017ee pomoci sn\u00ed\u017eit stres a \u00fazkost a podpo\u0159it pocit klidu a pohody.<\/span><span class=\"button-container hide-from-message-actions ng-star-inserted\">\u00a0<\/span>\n<div class=\"container ng-tns-c2946245707-174 hide\">\n<div class=\"carousel-container ng-tns-c2946245707-174\"><\/div>\n<\/div>\n<\/li>\n<li data-sourcepos=\"9:1-10:0\"><strong><span class=\"citation-6 recitation\">Vylep\u0161en\u00e9 zam\u011b\u0159en\u00ed:<\/span><\/strong><span class=\"citation-6 recitation citation-end-6\"> Jemn\u00fd tlak m\u016f\u017ee pomoci zlep\u0161it soust\u0159ed\u011bn\u00ed a koncentraci.<\/span><span class=\"button-container hide-from-message-actions ng-star-inserted\"> \u00a0<\/span>\n<div class=\"container ng-tns-c2946245707-175 hide\">\n<div class=\"carousel-container ng-tns-c2946245707-175\"><\/div>\n<\/div>\n<\/li>\n<\/ul>\n<h3 data-sourcepos=\"11:1-11:36\"><strong>Jak vybrat mikinu s kapuc\u00ed:<\/strong><\/h3>\n<ul data-sourcepos=\"13:1-17:0\">\n<li data-sourcepos=\"13:1-13:82\"><strong>Hmotnost:<\/strong> Hmotnost mikiny by m\u011bla b\u00fdt p\u0159ibli\u017en\u011b 5-10% va\u0161\u00ed t\u011blesn\u00e9 hmotnosti.<\/li>\n<li data-sourcepos=\"14:1-14:75\"><strong>Materi\u00e1l:<\/strong> Hledejte m\u011bkk\u00fd, prody\u0161n\u00fd materi\u00e1l, jako je bavlna nebo fleece.<\/li>\n<li data-sourcepos=\"15:1-15:92\"><strong>Rozlo\u017een\u00ed hmotnosti:<\/strong> Dbejte na rovnom\u011brn\u00e9 rozlo\u017een\u00ed hmotnosti v cel\u00e9 mikin\u011b.<\/li>\n<li data-sourcepos=\"16:1-17:0\"><strong>Pohodl\u00ed:<\/strong> Mikina by m\u011bla b\u00fdt pohodln\u00e1 a nem\u011bla by b\u00fdt p\u0159\u00edli\u0161 t\u011bsn\u00e1 ani p\u0159\u00edli\u0161 voln\u00e1.<\/li>\n<\/ul>\n<h3 data-sourcepos=\"18:1-18:33\"><strong>Jak pou\u017e\u00edvat mikinu se z\u00e1t\u011b\u017e\u00ed:<\/strong><\/h3>\n<ul data-sourcepos=\"20:1-23:0\">\n<li data-sourcepos=\"20:1-20:72\"><strong>Relaxace:<\/strong> Mikinu m\u016f\u017eete nosit p\u0159i odpo\u010dinku na gau\u010di nebo v posteli.<\/li>\n<li data-sourcepos=\"21:1-21:81\"><strong><span class=\"citation-7 recitation\">Sp\u00e1nek:<\/span><\/strong><span class=\"citation-7 recitation citation-end-7\"> Mikinu pou\u017e\u00edvejte jako pom\u016fcku pro zlep\u0161en\u00ed kvality sp\u00e1nku.<\/span><span class=\"button-container hide-from-message-actions ng-star-inserted\"> \u00a0<\/span>\n<div class=\"container ng-tns-c2946245707-176 hide\">\n<div class=\"carousel-container ng-tns-c2946245707-176\"><\/div>\n<\/div>\n<\/li>\n<li data-sourcepos=\"22:1-23:0\"><strong><span class=\"citation-8 recitation\">Zam\u011b\u0159en\u00ed:<\/span><\/strong><span class=\"citation-8 recitation citation-end-8\"> Mikinu m\u016f\u017eete nosit p\u0159i studiu, pr\u00e1ci nebo jin\u00fdch \u010dinnostech, kter\u00e9 vy\u017eaduj\u00ed soust\u0159ed\u011bn\u00ed.<\/span><span class=\"button-container hide-from-message-actions ng-star-inserted\">\u00a0 \u00a0<\/span>\n<div class=\"container ng-tns-c2946245707-177 hide\">\n<div class=\"carousel-container ng-tns-c2946245707-177\"><\/div>\n<\/div>\n<\/li>\n<\/ul>\n<h3 data-sourcepos=\"24:1-24:40\"><strong>V\u00fdhody pou\u017e\u00edv\u00e1n\u00ed mikiny s kapuc\u00ed:<\/strong><\/h3>\n<ul data-sourcepos=\"26:1-30:0\">\n<li data-sourcepos=\"26:1-26:92\"><strong>Sn\u00ed\u017een\u00ed \u00fazkosti:<\/strong> <span class=\"citation-9 recitation citation-end-9\">Jemn\u00fd tlak m\u016f\u017ee pomoci zklidnit nervov\u00fd syst\u00e9m.<\/span><span class=\"button-container hide-from-message-actions ng-star-inserted\"> \u00a0<\/span>\n<div class=\"container ng-tns-c2946245707-178 hide\">\n<div class=\"carousel-container ng-tns-c2946245707-178\"><\/div>\n<\/div>\n<\/li>\n<li data-sourcepos=\"27:1-27:87\"><strong><span class=\"citation-10 recitation\">Zlep\u0161en\u00ed sp\u00e1nku:<\/span><\/strong><span class=\"citation-10 recitation citation-end-10\"> Hmotnost m\u016f\u017ee podpo\u0159it hlub\u0161\u00ed a klidn\u011bj\u0161\u00ed sp\u00e1nek.<\/span><span class=\"button-container hide-from-message-actions ng-star-inserted\">\u00a0<\/span>\n<div class=\"container ng-tns-c2946245707-179 hide\">\n<div class=\"carousel-container ng-tns-c2946245707-179\"><\/div>\n<\/div>\n<\/li>\n<li data-sourcepos=\"28:1-28:101\"><strong><span class=\"citation-11 recitation\">Lep\u0161\u00ed zam\u011b\u0159en\u00ed:<\/span><\/strong><span class=\"citation-11 recitation citation-end-11\"> Tlak m\u016f\u017ee pomoci zlep\u0161it koncentraci a pozornost.<\/span><span class=\"button-container hide-from-message-actions ng-star-inserted\">\u00a0 \u00a0<\/span>\n<div class=\"container ng-tns-c2946245707-180 hide\">\n<div class=\"carousel-container ng-tns-c2946245707-180\"><\/div>\n<\/div>\n<\/li>\n<li data-sourcepos=\"29:1-30:0\"><strong><span class=\"citation-12 recitation\">Sn\u00ed\u017een\u00ed stresu:<\/span><\/strong><span class=\"citation-12 recitation citation-end-12\"> Uklid\u0148uj\u00edc\u00ed \u00fa\u010dinek v\u00e1hy m\u016f\u017ee pomoci sn\u00ed\u017eit hladinu stresu.<\/span><span class=\"button-container hide-from-message-actions ng-star-inserted\">\u00a0<\/span>\n<div class=\"container ng-tns-c2946245707-181 hide\">\n<div class=\"carousel-container ng-tns-c2946245707-181\"><\/div>\n<\/div>\n<\/li>\n<\/ul>\n<p data-sourcepos=\"31:1-31:269\">Pokud hled\u00e1te p\u0159irozen\u00fd zp\u016fsob, jak sn\u00ed\u017eit stres a \u00fazkost, m\u016f\u017ee pro v\u00e1s b\u00fdt vhodnou volbou z\u00e1t\u011b\u017eov\u00e1 mikina. P\u0159ed pou\u017eit\u00edm z\u00e1t\u011b\u017eov\u00e9ho v\u00fdrobku je v\u0161ak d\u016fle\u017eit\u00e9 poradit se se zdravotn\u00edkem, zejm\u00e9na pokud m\u00e1te n\u011bjak\u00e9 z\u00e1kladn\u00ed zdravotn\u00ed pot\u00ed\u017ee.<\/p>","protected":false},"excerpt":{"rendered":"<table style=\"height: 478px;\" width=\"402\">\n<tbody>\n<tr>\n<td width=\"146\"><strong><b>Produkt<\/b><\/strong>\u00a0<strong><b>Jm\u00e9no:<\/b><\/strong><\/td>\n<td width=\"601\"><strong>Z\u00e1t\u011b\u017eov\u00e1 mikina s kapuc\u00ed<\/strong><\/td>\n<\/tr>\n<tr>\n<td width=\"146\"><strong><b>Materlal:<\/b><\/strong><\/td>\n<td width=\"601\">Polyester\/bavlna<\/td>\n<\/tr>\n<tr>\n<td width=\"146\"><strong><b>Technika:<\/b><\/strong><\/td>\n<td width=\"601\">Tisk a barven\u00ed<\/td>\n<\/tr>\n<tr>\n<td width=\"146\"><strong><b>Styl:<\/b><\/strong><\/td>\n<td width=\"601\">P\u0159\u00edle\u017eitostn\u00e9<\/td>\n<\/tr>\n<tr>\n<td width=\"146\"><strong><b>Barva<\/b><\/strong><strong><b>:<\/b><\/strong><\/td>\n<td width=\"601\">\u00a0Vlastn\u00ed barvy<\/td>\n<\/tr>\n<tr>\n<td width=\"146\"><strong><b>Velikost:<\/b><\/strong><\/td>\n<td width=\"601\">S \/M \/L \/XL \/2XL<\/td>\n<\/tr>\n<tr>\n<td width=\"146\"><strong><b>OEM\/ODM:<\/b><\/strong><\/td>\n<td width=\"601\">P\u0159ijateln\u00e9<\/td>\n<\/tr>\n<tr>\n<td width=\"146\"><strong><b>Kvalita:<\/b><\/strong><\/td>\n<td width=\"601\">100% Vysok\u00e1 kvalita<\/td>\n<\/tr>\n<tr>\n<td width=\"146\"><strong><b>M<\/b><\/strong><strong><b>OQ:<\/b><\/strong><\/td>\n<td width=\"601\">200 ks<\/td>\n<\/tr>\n<\/tbody>\n<\/table>","protected":false},"featured_media":1848,"template":"","meta":[],"product_brand":[],"product_cat":[38],"product_tag":[],"class_list":{"0":"post-1846","1":"product","2":"type-product","3":"status-publish","4":"has-post-thumbnail","6":"product_cat-mens-clothing","8":"first","9":"instock","10":"shipping-taxable","11":"product-type-simple"},"_links":{"self":[{"href":"https:\/\/mj-clothing.com\/cs\/wp-json\/wp\/v2\/product\/1846","targetHints":{"allow":["GET"]}}],"collection":[{"href":"https:\/\/mj-clothing.com\/cs\/wp-json\/wp\/v2\/product"}],"about":[{"href":"https:\/\/mj-clothing.com\/cs\/wp-json\/wp\/v2\/types\/product"}],"wp:featuredmedia":[{"embeddable":true,"href":"https:\/\/mj-clothing.com\/cs\/wp-json\/wp\/v2\/media\/1848"}],"wp:attachment":[{"href":"https:\/\/mj-clothing.com\/cs\/wp-json\/wp\/v2\/media?parent=1846"}],"wp:term":[{"taxonomy":"product_brand","embeddable":true,"href":"https:\/\/mj-clothing.com\/cs\/wp-json\/wp\/v2\/product_brand?post=1846"},{"taxonomy":"product_cat","embeddable":true,"href":"https:\/\/mj-clothing.com\/cs\/wp-json\/wp\/v2\/product_cat?post=1846"},{"taxonomy":"product_tag","embeddable":true,"href":"https:\/\/mj-clothing.com\/cs\/wp-json\/wp\/v2\/product_tag?post=1846"}],"curies":[{"name":"wp","href":"https:\/\/api.w.org\/{rel}","templated":true}]}}