{"id":1853,"date":"2024-12-16T06:19:44","date_gmt":"2024-12-16T06:19:44","guid":{"rendered":"https:\/\/mj-clothing.com\/?post_type=product&#038;p=1853"},"modified":"2024-12-17T06:22:58","modified_gmt":"2024-12-17T06:22:58","slug":"drake-hoodie","status":"publish","type":"product","link":"https:\/\/mj-clothing.com\/cs\/manufacturer\/drake-hoodie\/","title":{"rendered":"Mikina s kapuc\u00ed Drake"},"content":{"rendered":"<p data-sourcepos=\"1:1-1:226\"><span class=\"citation-0 recitation citation-end-0\">Drake Hoodie, zn\u00e1m\u00fd kanadsk\u00fd rapper, inspiroval \u0159adu zbo\u017e\u00ed, v\u010detn\u011b mikin s kapuc\u00ed.<\/span> <span class=\"citation-1 recitation citation-end-1\">Na t\u011bchto mikin\u00e1ch je \u010dasto vyobrazeno jeho ikonick\u00e9 logo, obal alba nebo texty p\u00edsn\u00ed, kter\u00e9 oslovuj\u00ed jeho oddan\u00e9 fanou\u0161ky.<\/span><\/p>\n<h3 data-sourcepos=\"1:1-1:226\"><strong>Kl\u00ed\u010dov\u00e9 vlastnosti mikiny Drake:<\/strong><\/h3>\n<ul data-sourcepos=\"5:1-9:0\">\n<li data-sourcepos=\"5:1-5:125\"><strong><span class=\"citation-2 recitation\">Vysoce kvalitn\u00ed materi\u00e1l:<\/span><\/strong><span class=\"citation-2 recitation citation-end-2\"> \u010casto jsou vyrobeny z prvot\u0159\u00eddn\u00edch materi\u00e1l\u016f, jako je bavlna nebo rouno, kter\u00e9 zaji\u0161\u0165uj\u00ed pohodl\u00ed a odolnost.<\/span><span class=\"button-container hide-from-message-actions ng-star-inserted\"> \u00a0<\/span><\/li>\n<li data-sourcepos=\"5:1-5:125\"><span class=\"button-container hide-from-message-actions ng-star-inserted\"><strong style=\"font-size: 14.4px;\"><span class=\"citation-3 recitation\">Stylov\u00fd design:<\/span><\/strong><span class=\"citation-3 recitation citation-end-3\" style=\"font-size: 14.4px;\"> Zahrnuje m\u00f3dn\u00ed vzory, odv\u00e1\u017enou grafiku a charakteristickou estetiku zna\u010dky Drake.<\/span><span class=\"button-container hide-from-message-actions ng-star-inserted\" style=\"font-size: 14.4px;\"> \u00a0<\/span><\/span>\n<div class=\"container ng-tns-c2946245707-199 hide\">\n<div class=\"carousel-container ng-tns-c2946245707-199\"><\/div>\n<\/div>\n<\/li>\n<li data-sourcepos=\"7:1-7:80\"><strong>Pohodln\u00e9 no\u0161en\u00ed:<\/strong> Poskytuje uvoln\u011bn\u00fd a pohodln\u00fd st\u0159ih pro ka\u017edodenn\u00ed no\u0161en\u00ed.<\/li>\n<li data-sourcepos=\"8:1-9:0\"><strong>Odvol\u00e1n\u00ed fanou\u0161k\u016f:<\/strong> <span class=\"citation-4 recitation citation-end-4\">Obsahuje ikonick\u00e9 obr\u00e1zky a zna\u010dku Drake.<\/span><span class=\"button-container hide-from-message-actions ng-star-inserted\"> \u00a0<\/span>\n<div class=\"container ng-tns-c2946245707-200 hide\">\n<div class=\"carousel-container ng-tns-c2946245707-200\"><\/div>\n<\/div>\n<\/li>\n<\/ul>\n<h3 data-sourcepos=\"10:1-10:32\"><strong>Kde koupit mikinu Drake:<\/strong><\/h3>\n<ul data-sourcepos=\"12:1-15:0\">\n<li data-sourcepos=\"12:1-12:146\"><strong>Ofici\u00e1ln\u00ed obchody se zbo\u017e\u00edm:<\/strong> <span class=\"citation-5 recitation citation-end-5\">V ofici\u00e1ln\u00edm obchod\u011b se zbo\u017e\u00edm zna\u010dky Drake nebo u autorizovan\u00fdch prodejc\u016f se \u010dasto prod\u00e1vaj\u00ed ofici\u00e1ln\u011b licencovan\u00e9 mikiny s kapuc\u00ed.<\/span><span class=\"button-container hide-from-message-actions ng-star-inserted\">\u00a0 \u00a0<\/span>\n<div class=\"container ng-tns-c2946245707-201 hide\">\n<div class=\"carousel-container ng-tns-c2946245707-201\"><\/div>\n<\/div>\n<\/li>\n<li data-sourcepos=\"13:1-13:162\"><strong><span class=\"citation-6 recitation\">Online tr\u017ei\u0161t\u011b:<\/span><\/strong><span class=\"citation-6 recitation citation-end-6\"> Platformy jako eBay, StockX a Grailed nab\u00edzej\u00ed \u0161irokou \u0161k\u00e1lu oble\u010den\u00ed zna\u010dky Drake, v\u010detn\u011b limitovan\u00fdch edic a vintage kousk\u016f.<\/span><span class=\"button-container hide-from-message-actions ng-star-inserted\"> \u00a0<\/span>\n<div class=\"container ng-tns-c2946245707-202 hide\">\n<div class=\"carousel-container ng-tns-c2946245707-202\"><\/div>\n<\/div>\n<\/li>\n<li data-sourcepos=\"14:1-15:0\"><strong>Obchody pro dal\u0161\u00ed prodej:<\/strong> Pod\u00edvejte se do m\u00edstn\u00edch butik\u016f se streetwearov\u00fdm oble\u010den\u00edm a do obchod\u016f pro dal\u0161\u00ed prodej.<\/li>\n<\/ul>\n<h3 data-sourcepos=\"16:1-16:35\"><strong>Tipy pro n\u00e1kup mikiny Drake:<\/strong><\/h3>\n<ul data-sourcepos=\"18:1-22:0\">\n<li data-sourcepos=\"18:1-18:101\"><strong>Autenti\u010dnost:<\/strong> Ov\u011b\u0159te pravost mikiny t\u00edm, \u017ee zkontrolujete, zda m\u00e1 ofici\u00e1ln\u00ed visa\u010dky a zna\u010dku.<\/li>\n<li data-sourcepos=\"19:1-19:85\"><strong>Stav:<\/strong> Pokud kupujete pou\u017eitou mikinu, zkontrolujte, zda nejev\u00ed zn\u00e1mky opot\u0159eben\u00ed nebo po\u0161kozen\u00ed.<\/li>\n<li data-sourcepos=\"20:1-20:84\"><strong>Velikost:<\/strong> Pro zaji\u0161t\u011bn\u00ed spr\u00e1vn\u00e9ho padnut\u00ed se \u0159i\u010fte tabulkou velikost\u00ed poskytnutou prodejcem.<\/li>\n<li data-sourcepos=\"21:1-22:0\"><strong>Cena:<\/strong> Prozkoumejte aktu\u00e1ln\u00ed tr\u017en\u00ed ceny, abyste se vyhnuli p\u0159epl\u00e1cen\u00ed.<\/li>\n<\/ul>\n<p data-sourcepos=\"23:1-23:123\">Podle t\u011bchto tip\u016f m\u016f\u017eete naj\u00edt dokonalou mikinu Drake, kter\u00e1 uk\u00e1\u017ee va\u0161i l\u00e1sku k tomuto um\u011blci a pozvedne v\u00e1\u0161 styl.<\/p>","protected":false},"excerpt":{"rendered":"<table style=\"height: 547px;\" width=\"443\">\n<tbody>\n<tr>\n<td width=\"146\"><strong><b>Produkt<\/b><\/strong>\u00a0<strong><b>Jm\u00e9no:<\/b><\/strong><\/td>\n<td width=\"601\"><strong>Mikina s kapuc\u00ed Drake<\/strong><\/td>\n<\/tr>\n<tr>\n<td width=\"146\"><strong><b>Materlal:<\/b><\/strong><\/td>\n<td width=\"601\">Polyester\/bavlna<\/td>\n<\/tr>\n<tr>\n<td width=\"146\"><strong><b>Technika:<\/b><\/strong><\/td>\n<td width=\"601\">Tisk a barven\u00ed<\/td>\n<\/tr>\n<tr>\n<td width=\"146\"><strong><b>Styl:<\/b><\/strong><\/td>\n<td width=\"601\">P\u0159\u00edle\u017eitostn\u00e9<\/td>\n<\/tr>\n<tr>\n<td width=\"146\"><strong><b>Barva<\/b><\/strong><strong><b>:<\/b><\/strong><\/td>\n<td width=\"601\">\u00a0\u010cern\u00e1 a vlastn\u00ed barvy<\/td>\n<\/tr>\n<tr>\n<td width=\"146\"><strong><b>Velikost:<\/b><\/strong><\/td>\n<td width=\"601\">S \/M \/L \/XL \/2XL<\/td>\n<\/tr>\n<tr>\n<td width=\"146\"><strong><b>OEM\/ODM:<\/b><\/strong><\/td>\n<td width=\"601\">P\u0159ijateln\u00e9<\/td>\n<\/tr>\n<tr>\n<td width=\"146\"><strong><b>Kvalita:<\/b><\/strong><\/td>\n<td width=\"601\">100% Vysok\u00e1 kvalita<\/td>\n<\/tr>\n<tr>\n<td width=\"146\"><strong><b>M<\/b><\/strong><strong><b>OQ:<\/b><\/strong><\/td>\n<td width=\"601\">200 ks<\/td>\n<\/tr>\n<\/tbody>\n<\/table>","protected":false},"featured_media":1857,"template":"","meta":[],"product_brand":[],"product_cat":[38],"product_tag":[],"class_list":{"0":"post-1853","1":"product","2":"type-product","3":"status-publish","4":"has-post-thumbnail","6":"product_cat-mens-clothing","8":"first","9":"instock","10":"shipping-taxable","11":"product-type-simple"},"_links":{"self":[{"href":"https:\/\/mj-clothing.com\/cs\/wp-json\/wp\/v2\/product\/1853","targetHints":{"allow":["GET"]}}],"collection":[{"href":"https:\/\/mj-clothing.com\/cs\/wp-json\/wp\/v2\/product"}],"about":[{"href":"https:\/\/mj-clothing.com\/cs\/wp-json\/wp\/v2\/types\/product"}],"wp:featuredmedia":[{"embeddable":true,"href":"https:\/\/mj-clothing.com\/cs\/wp-json\/wp\/v2\/media\/1857"}],"wp:attachment":[{"href":"https:\/\/mj-clothing.com\/cs\/wp-json\/wp\/v2\/media?parent=1853"}],"wp:term":[{"taxonomy":"product_brand","embeddable":true,"href":"https:\/\/mj-clothing.com\/cs\/wp-json\/wp\/v2\/product_brand?post=1853"},{"taxonomy":"product_cat","embeddable":true,"href":"https:\/\/mj-clothing.com\/cs\/wp-json\/wp\/v2\/product_cat?post=1853"},{"taxonomy":"product_tag","embeddable":true,"href":"https:\/\/mj-clothing.com\/cs\/wp-json\/wp\/v2\/product_tag?post=1853"}],"curies":[{"name":"wp","href":"https:\/\/api.w.org\/{rel}","templated":true}]}}