{"id":1859,"date":"2024-12-16T06:23:43","date_gmt":"2024-12-16T06:23:43","guid":{"rendered":"https:\/\/mj-clothing.com\/?post_type=product&#038;p=1859"},"modified":"2024-12-17T06:20:37","modified_gmt":"2024-12-17T06:20:37","slug":"white-crew-neck-sweatshirt","status":"publish","type":"product","link":"https:\/\/mj-clothing.com\/cs\/manufacturer\/white-crew-neck-sweatshirt\/","title":{"rendered":"B\u00edl\u00e1 mikina s pos\u00e1dkov\u00fdm v\u00fdst\u0159ihem"},"content":{"rendered":"<p data-sourcepos=\"1:1-1:170\"><span class=\"citation-0 recitation citation-end-0\">B\u00edl\u00e1 mikina s v\u00fdst\u0159ihem je klasick\u00fd a univerz\u00e1ln\u00ed kousek oble\u010den\u00ed, kter\u00fd lze obl\u00e9knout nahoru i dol\u016f.<\/span> Je to z\u00e1klad \u0161atn\u00edku, kter\u00fd lze nosit celoro\u010dn\u011b.<span class=\"button-container hide-from-message-actions ng-star-inserted\"> \u00a0<\/span><\/p>\n<h3 data-sourcepos=\"3:1-3:49\"><strong>Kl\u00ed\u010dov\u00e9 vlastnosti b\u00edl\u00e9 mikiny s pos\u00e1dkov\u00fdm v\u00fdst\u0159ihem:<\/strong><\/h3>\n<ul data-sourcepos=\"5:1-9:0\">\n<li data-sourcepos=\"5:1-5:89\"><strong>Jednoduch\u00fd design:<\/strong> Klasick\u00fd minimalistick\u00fd design s kulat\u00fdm v\u00fdst\u0159ihem a dlouh\u00fdmi ruk\u00e1vy.<\/li>\n<li data-sourcepos=\"6:1-6:97\"><strong>Pohodl\u00ed:<\/strong> <span class=\"citation-1 recitation citation-end-1\">Obvykle se vyr\u00e1b\u00ed z m\u011bkk\u00fdch a prody\u0161n\u00fdch materi\u00e1l\u016f, jako je bavlna nebo rouno.<\/span><span class=\"button-container hide-from-message-actions ng-star-inserted\"> \u00a0<\/span>\n<div class=\"container ng-tns-c2946245707-216 hide\">\n<div class=\"carousel-container ng-tns-c2946245707-216\"><\/div>\n<\/div>\n<\/li>\n<li data-sourcepos=\"7:1-7:91\"><strong><span class=\"citation-2 recitation\">V\u0161estrannost:<\/span><\/strong><span class=\"citation-2 recitation citation-end-2\"> Lze je kombinovat s d\u017e\u00ednami, leg\u00ednami, sukn\u011bmi nebo kalhotami.<\/span>\n<div class=\"container ng-tns-c2946245707-217 hide\">\n<div class=\"carousel-container ng-tns-c2946245707-217\"><\/div>\n<\/div>\n<\/li>\n<li data-sourcepos=\"8:1-9:0\"><strong>Nad\u010dasov\u00e9:<\/strong> Nad\u010dasov\u00fd kousek, kter\u00fd nikdy nevyjde z m\u00f3dy.<\/li>\n<\/ul>\n<h3 data-sourcepos=\"10:1-10:46\"><strong>Jak stylizovat b\u00edlou mikinu s v\u00fdst\u0159ihem:<\/strong><\/h3>\n<p data-sourcepos=\"12:1-12:66\">Zde je n\u011bkolik n\u00e1pad\u016f, jak stylizovat b\u00edlou mikinu s v\u00fdst\u0159ihem:<\/p>\n<ul data-sourcepos=\"14:1-18:0\">\n<li data-sourcepos=\"14:1-14:67\"><strong>P\u0159\u00edle\u017eitostn\u00e9:<\/strong> Kombinujte ji s d\u017e\u00ednami a teniskami, abyste vypadali uvoln\u011bn\u011b.<\/li>\n<li data-sourcepos=\"15:1-15:69\"><strong>Sportovn\u00ed:<\/strong> Nos\u00ed se s tepl\u00e1ky nebo leg\u00ednami a sportovn\u00ed obuv\u00ed.<\/li>\n<li data-sourcepos=\"16:1-16:73\"><strong>Spole\u010densk\u00fd od\u011bv pro voln\u00fd \u010das:<\/strong> Oble\u010dte si ho s blejzrem, kalhotami a mokas\u00ednami.<\/li>\n<li data-sourcepos=\"17:1-18:0\"><strong>Vrstven\u00e9:<\/strong> Navrstven\u00edm pod d\u017e\u00ednovou bundu nebo ko\u017eenou bundu z\u00edsk\u00e1te stylov\u00fd vzhled.<\/li>\n<\/ul>\n<h3 data-sourcepos=\"19:1-19:51\"><strong>Tipy pro v\u00fdb\u011br b\u00edl\u00e9 mikiny s v\u00fdst\u0159ihem:<\/strong><\/h3>\n<ul data-sourcepos=\"21:1-24:0\">\n<li data-sourcepos=\"21:1-21:88\"><strong>Materi\u00e1l:<\/strong> Hledejte m\u011bkk\u00fd a kvalitn\u00ed materi\u00e1l, kter\u00fd se bude pohodln\u011b nosit.<\/li>\n<li data-sourcepos=\"22:1-22:109\"><strong>P\u0159izp\u016fsoben\u00ed:<\/strong> Vyberte si st\u0159ih, kter\u00fd vyhovuje va\u0161emu osobn\u00edmu stylu. M\u016f\u017eete si vybrat voln\u011bj\u0161\u00ed st\u0159ih nebo vypasovan\u011bj\u0161\u00ed styl.<\/li>\n<li data-sourcepos=\"23:1-24:0\"><strong>P\u00e9\u010de:<\/strong> Aby mikina vypadala co nejl\u00e9pe, dodr\u017eujte pokyny k p\u00e9\u010di uveden\u00e9 na \u0161t\u00edtku.<\/li>\n<\/ul>\n<p data-sourcepos=\"25:1-25:101\">Podle t\u011bchto tip\u016f m\u016f\u017eete naj\u00edt perfektn\u00ed b\u00edlou mikinu s v\u00fdst\u0159ihem, kterou p\u0159id\u00e1te do sv\u00e9ho \u0161atn\u00edku.<\/p>","protected":false},"excerpt":{"rendered":"<table style=\"height: 481px;\" width=\"465\">\n<tbody>\n<tr>\n<td width=\"146\"><strong><b>Produkt<\/b><\/strong>\u00a0<strong><b>Jm\u00e9no:<\/b><\/strong><\/td>\n<td width=\"601\"><strong>B\u00edl\u00e1 mikina s pos\u00e1dkov\u00fdm v\u00fdst\u0159ihem<\/strong><\/td>\n<\/tr>\n<tr>\n<td width=\"146\"><strong><b>Materlal:<\/b><\/strong><\/td>\n<td width=\"601\">Polyester\/bavlna<\/td>\n<\/tr>\n<tr>\n<td width=\"146\"><strong><b>Technika:<\/b><\/strong><\/td>\n<td width=\"601\">Tisk a barven\u00ed<\/td>\n<\/tr>\n<tr>\n<td width=\"146\"><strong><b>Styl:<\/b><\/strong><\/td>\n<td width=\"601\">P\u0159\u00edle\u017eitostn\u00e9<\/td>\n<\/tr>\n<tr>\n<td width=\"146\"><strong><b>Barva<\/b><\/strong><strong><b>:<\/b><\/strong><\/td>\n<td width=\"601\">\u00a0Vlastn\u00ed barvy<\/td>\n<\/tr>\n<tr>\n<td width=\"146\"><strong><b>Velikost:<\/b><\/strong><\/td>\n<td width=\"601\">S \/M \/L \/XL \/2XL<\/td>\n<\/tr>\n<tr>\n<td width=\"146\"><strong><b>OEM\/ODM:<\/b><\/strong><\/td>\n<td width=\"601\">P\u0159ijateln\u00e9<\/td>\n<\/tr>\n<tr>\n<td width=\"146\"><strong><b>Kvalita:<\/b><\/strong><\/td>\n<td width=\"601\">100% Vysok\u00e1 kvalita<\/td>\n<\/tr>\n<tr>\n<td width=\"146\"><strong><b>M<\/b><\/strong><strong><b>OQ:<\/b><\/strong><\/td>\n<td width=\"601\">200 ks<\/td>\n<\/tr>\n<\/tbody>\n<\/table>","protected":false},"featured_media":1860,"template":"","meta":[],"product_brand":[],"product_cat":[38],"product_tag":[],"class_list":{"0":"post-1859","1":"product","2":"type-product","3":"status-publish","4":"has-post-thumbnail","6":"product_cat-mens-clothing","8":"first","9":"instock","10":"shipping-taxable","11":"product-type-simple"},"_links":{"self":[{"href":"https:\/\/mj-clothing.com\/cs\/wp-json\/wp\/v2\/product\/1859","targetHints":{"allow":["GET"]}}],"collection":[{"href":"https:\/\/mj-clothing.com\/cs\/wp-json\/wp\/v2\/product"}],"about":[{"href":"https:\/\/mj-clothing.com\/cs\/wp-json\/wp\/v2\/types\/product"}],"wp:featuredmedia":[{"embeddable":true,"href":"https:\/\/mj-clothing.com\/cs\/wp-json\/wp\/v2\/media\/1860"}],"wp:attachment":[{"href":"https:\/\/mj-clothing.com\/cs\/wp-json\/wp\/v2\/media?parent=1859"}],"wp:term":[{"taxonomy":"product_brand","embeddable":true,"href":"https:\/\/mj-clothing.com\/cs\/wp-json\/wp\/v2\/product_brand?post=1859"},{"taxonomy":"product_cat","embeddable":true,"href":"https:\/\/mj-clothing.com\/cs\/wp-json\/wp\/v2\/product_cat?post=1859"},{"taxonomy":"product_tag","embeddable":true,"href":"https:\/\/mj-clothing.com\/cs\/wp-json\/wp\/v2\/product_tag?post=1859"}],"curies":[{"name":"wp","href":"https:\/\/api.w.org\/{rel}","templated":true}]}}