{"id":1878,"date":"2024-12-16T07:13:21","date_gmt":"2024-12-16T07:13:21","guid":{"rendered":"https:\/\/mj-clothing.com\/?post_type=product&#038;p=1878"},"modified":"2024-12-17T03:45:36","modified_gmt":"2024-12-17T03:45:36","slug":"sewing-patterns-for-womens-tops","status":"publish","type":"product","link":"https:\/\/mj-clothing.com\/cs\/manufacturer\/sewing-patterns-for-womens-tops\/","title":{"rendered":"\u0160ic\u00ed vzory pro d\u00e1msk\u00e9 topy"},"content":{"rendered":"<p data-sourcepos=\"1:1-1:100\">K dispozici jsou \u0161ic\u00ed vzory pro d\u00e1msk\u00e9 topy pro \u0161ic\u00ed vzory pro d\u00e1msk\u00e9 topy. Zde je n\u011bkolik obl\u00edben\u00fdch mo\u017enost\u00ed:<\/p>\n<h2 data-sourcepos=\"3:1-3:29\"><strong>Online \u0161ic\u00ed vzory pro d\u00e1msk\u00e9 topy:<\/strong><\/h2>\n<ul data-sourcepos=\"5:1-15:0\">\n<li data-sourcepos=\"5:1-6:37\"><strong>Jednoduchost:<\/strong> Nab\u00edz\u00ed \u0161irokou \u0161k\u00e1lu vzor\u016f pro v\u0161echny \u00farovn\u011b dovednost\u00ed, v\u010detn\u011b top\u016f, halenek a tunik.<\/li>\n<li data-sourcepos=\"5:1-6:37\"><strong style=\"font-size: 14.4px;\">McCall's:<\/strong><span style=\"font-size: 14.4px;\"> Je zn\u00e1m\u00e1 sv\u00fdmi stylov\u00fdmi a modern\u00edmi vzory, v\u010detn\u011b top\u016f s r\u016fzn\u00fdmi d\u00e9lkami ruk\u00e1v\u016f, v\u00fdst\u0159ih\u016f a detail\u016f.<\/span><\/li>\n<li data-sourcepos=\"5:1-6:37\"><strong style=\"font-size: 14.4px;\">Vzory Vogue:<\/strong><span style=\"font-size: 14.4px;\"> Poskytuje vysoce m\u00f3dn\u00ed vzory pro pokro\u010dil\u00e9 \u0161vadleny, v\u010detn\u011b slo\u017eit\u00fdch halenek a top\u016f s jedine\u010dn\u00fdmi vzory.<\/span><\/li>\n<li data-sourcepos=\"5:1-6:37\"><strong style=\"font-size: 14.4px;\">BurdaStyle:<\/strong><span style=\"font-size: 14.4px;\"> Nab\u00edz\u00ed \u0159adu vzor\u016f, od klasick\u00fdch po m\u00f3dn\u00ed, s jasn\u00fdmi pokyny a podrobn\u00fdmi ilustracemi.<\/span><\/li>\n<li data-sourcepos=\"5:1-6:37\"><strong style=\"font-size: 14.4px;\">Nov\u00fd vzhled:<\/strong><span style=\"font-size: 14.4px;\"> Poskytuje cenov\u011b dostupn\u00e9 a snadno pou\u017eiteln\u00e9 vzory, v\u010detn\u011b z\u00e1kladn\u00edch top\u016f, halenek a tunik.<\/span>\n<div class=\"attachment-container search-images\">\n<div class=\"image-container hide-from-message-actions ng-star-inserted\">\n<div class=\"caption ellipsis gmat-caption ng-star-inserted\" aria-hidden=\"true\"><\/div>\n<\/div>\n<\/div>\n<\/li>\n<\/ul>\n<h3><strong>Nez\u00e1visl\u00e9 \u0161ic\u00ed vzory pro d\u00e1msk\u00e9 topy N\u00e1vrh\u00e1\u0159i vzor\u016f:<\/strong><\/h3>\n<ul data-sourcepos=\"18:1-26:0\">\n<li data-sourcepos=\"18:1-19:43\"><strong>Studio Grainline:<\/strong> Jsou zn\u00e1m\u00e9 sv\u00fdmi dob\u0159e propracovan\u00fdmi vzory a modern\u00edm designem.<\/li>\n<li data-sourcepos=\"18:1-19:43\"><strong style=\"font-size: 14.4px;\">Osvobozen\u00ed od \u0161it\u00ed:<\/strong><span style=\"font-size: 14.4px;\"> Nab\u00edz\u00ed vzory pro v\u0161echny typy postav, v\u010detn\u011b top\u016f s r\u016fzn\u00fdmi mo\u017enostmi st\u0159ihu a stylu.<\/span><\/li>\n<li data-sourcepos=\"18:1-19:43\"><strong style=\"font-size: 14.4px;\">Friday Pattern Company:<\/strong><span style=\"font-size: 14.4px;\"> Nab\u00edz\u00ed stylov\u00e9 a modern\u00ed vzory, v\u010detn\u011b top\u016f s jedine\u010dn\u00fdmi detaily a zaj\u00edmav\u00fdmi siluetami.<\/span><\/li>\n<li data-sourcepos=\"18:1-19:43\"><strong style=\"font-size: 14.4px;\">Megan Nielsenov\u00e1:<\/strong><span style=\"font-size: 14.4px;\"> Nab\u00edz\u00ed dob\u0159e zpracovan\u00e9 modely se zam\u011b\u0159en\u00edm na st\u0159ih a styl.<\/span>\n<div class=\"attachment-container search-images\">\n<div class=\"image-container hide-from-message-actions ng-star-inserted\">\n<div class=\"caption ellipsis gmat-caption ng-star-inserted\" aria-hidden=\"true\"><\/div>\n<\/div>\n<\/div>\n<\/li>\n<\/ul>","protected":false},"excerpt":{"rendered":"<table style=\"height: 475px;\" width=\"411\">\n<tbody>\n<tr>\n<td width=\"146\"><strong><b>Produkt<\/b><\/strong>\u00a0<strong><b>Jm\u00e9no:<\/b><\/strong><\/td>\n<td width=\"601\"><strong>\u0160ic\u00ed vzory pro d\u00e1msk\u00e9 topy<\/strong><\/td>\n<\/tr>\n<tr>\n<td width=\"146\"><strong><b>Materlal:<\/b><\/strong><\/td>\n<td width=\"601\">Pleten\u00ed<\/td>\n<\/tr>\n<tr>\n<td width=\"146\"><strong><b>Technika:<\/b><\/strong><\/td>\n<td width=\"601\">Vy\u0161\u00edvan\u00e9<\/td>\n<\/tr>\n<tr>\n<td width=\"146\"><strong><b>Styl:<\/b><\/strong><\/td>\n<td width=\"601\">P\u0159\u00edle\u017eitostn\u00e9<\/td>\n<\/tr>\n<tr>\n<td width=\"146\"><strong><b>Barva<\/b><\/strong><strong><b>:<\/b><\/strong><\/td>\n<td width=\"601\">\u00a0Vlastn\u00ed barvy<\/td>\n<\/tr>\n<tr>\n<td width=\"146\"><strong><b>Velikost:<\/b><\/strong><\/td>\n<td width=\"601\">S \/M \/L \/XL \/2XL<\/td>\n<\/tr>\n<tr>\n<td width=\"146\"><strong><b>OEM\/ODM:<\/b><\/strong><\/td>\n<td width=\"601\">P\u0159ijateln\u00e9<\/td>\n<\/tr>\n<tr>\n<td width=\"146\"><strong><b>Kvalita:<\/b><\/strong><\/td>\n<td width=\"601\">100% Vysok\u00e1 kvalita<\/td>\n<\/tr>\n<tr>\n<td width=\"146\"><strong><b>M<\/b><\/strong><strong><b>OQ:<\/b><\/strong><\/td>\n<td width=\"601\">200 ks<\/td>\n<\/tr>\n<\/tbody>\n<\/table>","protected":false},"featured_media":1881,"template":"","meta":[],"product_brand":[],"product_cat":[39],"product_tag":[],"class_list":{"0":"post-1878","1":"product","2":"type-product","3":"status-publish","4":"has-post-thumbnail","6":"product_cat-womens-clothing","8":"first","9":"instock","10":"shipping-taxable","11":"product-type-simple"},"_links":{"self":[{"href":"https:\/\/mj-clothing.com\/cs\/wp-json\/wp\/v2\/product\/1878","targetHints":{"allow":["GET"]}}],"collection":[{"href":"https:\/\/mj-clothing.com\/cs\/wp-json\/wp\/v2\/product"}],"about":[{"href":"https:\/\/mj-clothing.com\/cs\/wp-json\/wp\/v2\/types\/product"}],"wp:featuredmedia":[{"embeddable":true,"href":"https:\/\/mj-clothing.com\/cs\/wp-json\/wp\/v2\/media\/1881"}],"wp:attachment":[{"href":"https:\/\/mj-clothing.com\/cs\/wp-json\/wp\/v2\/media?parent=1878"}],"wp:term":[{"taxonomy":"product_brand","embeddable":true,"href":"https:\/\/mj-clothing.com\/cs\/wp-json\/wp\/v2\/product_brand?post=1878"},{"taxonomy":"product_cat","embeddable":true,"href":"https:\/\/mj-clothing.com\/cs\/wp-json\/wp\/v2\/product_cat?post=1878"},{"taxonomy":"product_tag","embeddable":true,"href":"https:\/\/mj-clothing.com\/cs\/wp-json\/wp\/v2\/product_tag?post=1878"}],"curies":[{"name":"wp","href":"https:\/\/api.w.org\/{rel}","templated":true}]}}