{"id":1891,"date":"2024-12-16T07:27:51","date_gmt":"2024-12-16T07:27:51","guid":{"rendered":"https:\/\/mj-clothing.com\/?post_type=product&#038;p=1891"},"modified":"2024-12-17T03:45:11","modified_gmt":"2024-12-17T03:45:11","slug":"african-print-womens-tops","status":"publish","type":"product","link":"https:\/\/mj-clothing.com\/cs\/manufacturer\/african-print-womens-tops\/","title":{"rendered":"D\u00e1msk\u00e9 topy s africk\u00fdm potiskem"},"content":{"rendered":"<div id=\"model-response-message-contentr_ec3773cab81b3474\" class=\"markdown markdown-main-panel response-optimization\" dir=\"ltr\">\n<p data-sourcepos=\"1:1-1:255\"><span class=\"citation-0 recitation citation-end-0\">D\u00e1msk\u00e9 topy s africk\u00fdm potiskem jsou \u017eiv\u00e9 a stylov\u00e9 od\u011bvy, kter\u00e9 oslavuj\u00ed bohat\u00e9 kulturn\u00ed d\u011bdictv\u00ed Afriky.<\/span> <span class=\"citation-1 recitation citation-end-1\">Tyto svr\u0161ky jsou \u010dasto vyrobeny z l\u00e1tky Ankara, co\u017e je barevn\u00e1 a vzorovan\u00e1 bavln\u011bn\u00e1 l\u00e1tka obl\u00edben\u00e1 v z\u00e1padn\u00ed Africe.<\/span><span class=\"button-container hide-from-message-actions ng-star-inserted\">\u00a0 \u00a0<\/span><\/p>\n<h3 data-sourcepos=\"5:1-5:58\">D\u00e1msk\u00e9 topy s africk\u00fdm potiskem se dod\u00e1vaj\u00ed v r\u016fzn\u00fdch stylech, v\u010detn\u011b:<\/h3>\n<ul data-sourcepos=\"7:1-11:0\">\n<li data-sourcepos=\"7:1-7:88\"><strong>Halenky:<\/strong> Tyto topy jsou \u010dasto vypasovan\u00e9 a lze je nosit se sukn\u011bmi, kalhotami nebo d\u017e\u00ednami.<\/li>\n<li data-sourcepos=\"8:1-8:80\"><strong>\u0160aty:<\/strong> \u0160aty s africk\u00fdm potiskem jsou obl\u00edbenou volbou pro zvl\u00e1\u0161tn\u00ed p\u0159\u00edle\u017eitosti.<\/li>\n<li data-sourcepos=\"9:1-9:77\"><strong><span class=\"citation-2 recitation\">Tri\u010dka:<\/span><\/strong><span class=\"citation-2 recitation citation-end-2\"> Tyto le\u017e\u00e9rn\u00ed topy jsou ide\u00e1ln\u00ed pro ka\u017edodenn\u00ed no\u0161en\u00ed.<\/span><span class=\"button-container hide-from-message-actions ng-star-inserted\"> \u00a0<\/span><\/li>\n<li data-sourcepos=\"9:1-9:77\"><strong style=\"font-size: 14.4px;\"><span class=\"citation-3 recitation\">Obleky pro skok:<\/span><\/strong><span class=\"citation-3 recitation citation-end-3\" style=\"font-size: 14.4px;\"> Tyto stylov\u00e9 kombin\u00e9zy jsou ide\u00e1ln\u00ed na ve\u010dern\u00ed proch\u00e1zku.<\/span><span class=\"button-container hide-from-message-actions ng-star-inserted\" style=\"font-size: 14.4px;\">\u00a0\u00a0<\/span>\n<div class=\"container ng-tns-c2946245707-271 hide\">\n<div class=\"carousel-container ng-tns-c2946245707-271\">\n<div class=\"carousel-content ng-tns-c2946245707-271\">\n<div class=\"sources-carousel-source ng-tns-c2946245707-271 hide ng-star-inserted\" data-test-id=\"sources-carousel-source\"><\/div>\n<\/div>\n<\/div>\n<\/div>\n<\/li>\n<\/ul>\n<p data-sourcepos=\"12:1-12:147\">Topy s africk\u00fdm potiskem jsou nejen kr\u00e1sn\u00e9, ale tak\u00e9 pohodln\u00e9 a v\u0161estrann\u00e9. Lze je obl\u00e9knout nahoru i dol\u016f, tak\u017ee se hod\u00ed pro ka\u017edou p\u0159\u00edle\u017eitost.<\/p>\n<h3 data-sourcepos=\"14:1-14:50\">Zde je n\u011bkolik tip\u016f pro styling d\u00e1msk\u00fdch top\u016f s africk\u00fdm potiskem:<\/h3>\n<ul data-sourcepos=\"16:1-20:0\">\n<li data-sourcepos=\"16:1-16:100\"><strong>Kombinujte a kombinujte:<\/strong> Nebojte se kombinovat africk\u00e9 vzory s jin\u00fdmi vzory a barvami.<\/li>\n<li data-sourcepos=\"17:1-17:102\"><strong><span class=\"citation-4 recitation\">Dopl\u0148ky:<\/span><\/strong><span class=\"citation-4 recitation citation-end-4\"> Dopl\u0148ky jako \u0161perky, \u0161\u00e1ly a klobouky dotvo\u0159\u00ed v\u00e1\u0161 vzhled.<\/span><span class=\"button-container hide-from-message-actions ng-star-inserted\"> \u00a0<\/span><\/li>\n<li data-sourcepos=\"17:1-17:102\"><strong style=\"font-size: 14.4px;\">Zachovejte jednoduchost:<\/strong><span style=\"font-size: 14.4px;\"> Pokud si obl\u00e9knete v\u00fdrazn\u00fd top s africk\u00fdm potiskem, zbytek oble\u010den\u00ed udr\u017eujte jednoduch\u00fd.<\/span><\/li>\n<li data-sourcepos=\"19:1-20:0\"><strong>P\u0159ijm\u011bte svou individualitu:<\/strong> <span class=\"citation-5 recitation citation-end-5\">Topy s africk\u00fdm potiskem jsou skv\u011bl\u00fdm zp\u016fsobem, jak vyj\u00e1d\u0159it sv\u016fj osobn\u00ed styl.<\/span><span class=\"button-container hide-from-message-actions ng-star-inserted\"> \u00a0<\/span>\n<div class=\"container ng-tns-c2946245707-273 hide\">\n<div class=\"carousel-container ng-tns-c2946245707-273\"><\/div>\n<\/div>\n<\/li>\n<\/ul>\n<p data-sourcepos=\"21:1-21:147\">A\u0165 u\u017e hled\u00e1te le\u017e\u00e9rn\u00ed top na doma, nebo stylov\u00fd outfit pro zvl\u00e1\u0161tn\u00ed p\u0159\u00edle\u017eitost, topy s africk\u00fdm potiskem jsou skv\u011blou volbou.<\/p>\n<\/div>","protected":false},"excerpt":{"rendered":"<table style=\"height: 455px;\" width=\"420\">\n<tbody>\n<tr>\n<td width=\"146\"><strong><b>Produkt<\/b><\/strong>\u00a0<strong><b>Jm\u00e9no:<\/b><\/strong><\/td>\n<td width=\"601\"><strong>D\u00e1msk\u00e9 topy s africk\u00fdm potiskem<\/strong><\/td>\n<\/tr>\n<tr>\n<td width=\"146\"><strong><b>Materlal:<\/b><\/strong><\/td>\n<td width=\"601\">Pleten\u00ed<\/td>\n<\/tr>\n<tr>\n<td width=\"146\"><strong><b>Technika:<\/b><\/strong><\/td>\n<td width=\"601\">Vy\u0161\u00edvan\u00e9<\/td>\n<\/tr>\n<tr>\n<td width=\"146\"><strong><b>Styl:<\/b><\/strong><\/td>\n<td width=\"601\">P\u0159\u00edle\u017eitostn\u00e9<\/td>\n<\/tr>\n<tr>\n<td width=\"146\"><strong><b>Barva<\/b><\/strong><strong><b>:<\/b><\/strong><\/td>\n<td width=\"601\">\u00a0Vlastn\u00ed barvy<\/td>\n<\/tr>\n<tr>\n<td width=\"146\"><strong><b>Velikost:<\/b><\/strong><\/td>\n<td width=\"601\">S \/M \/L \/XL \/2XL<\/td>\n<\/tr>\n<tr>\n<td width=\"146\"><strong><b>OEM\/ODM:<\/b><\/strong><\/td>\n<td width=\"601\">P\u0159ijateln\u00e9<\/td>\n<\/tr>\n<tr>\n<td width=\"146\"><strong><b>Kvalita:<\/b><\/strong><\/td>\n<td width=\"601\">100% Vysok\u00e1 kvalita<\/td>\n<\/tr>\n<tr>\n<td width=\"146\"><strong><b>M<\/b><\/strong><strong><b>OQ:<\/b><\/strong><\/td>\n<td width=\"601\">200 ks<\/td>\n<\/tr>\n<\/tbody>\n<\/table>","protected":false},"featured_media":1892,"template":"","meta":[],"product_brand":[],"product_cat":[39],"product_tag":[],"class_list":{"0":"post-1891","1":"product","2":"type-product","3":"status-publish","4":"has-post-thumbnail","6":"product_cat-womens-clothing","8":"first","9":"instock","10":"shipping-taxable","11":"product-type-simple"},"_links":{"self":[{"href":"https:\/\/mj-clothing.com\/cs\/wp-json\/wp\/v2\/product\/1891","targetHints":{"allow":["GET"]}}],"collection":[{"href":"https:\/\/mj-clothing.com\/cs\/wp-json\/wp\/v2\/product"}],"about":[{"href":"https:\/\/mj-clothing.com\/cs\/wp-json\/wp\/v2\/types\/product"}],"wp:featuredmedia":[{"embeddable":true,"href":"https:\/\/mj-clothing.com\/cs\/wp-json\/wp\/v2\/media\/1892"}],"wp:attachment":[{"href":"https:\/\/mj-clothing.com\/cs\/wp-json\/wp\/v2\/media?parent=1891"}],"wp:term":[{"taxonomy":"product_brand","embeddable":true,"href":"https:\/\/mj-clothing.com\/cs\/wp-json\/wp\/v2\/product_brand?post=1891"},{"taxonomy":"product_cat","embeddable":true,"href":"https:\/\/mj-clothing.com\/cs\/wp-json\/wp\/v2\/product_cat?post=1891"},{"taxonomy":"product_tag","embeddable":true,"href":"https:\/\/mj-clothing.com\/cs\/wp-json\/wp\/v2\/product_tag?post=1891"}],"curies":[{"name":"wp","href":"https:\/\/api.w.org\/{rel}","templated":true}]}}