{"id":1901,"date":"2024-12-16T07:56:53","date_gmt":"2024-12-16T07:56:53","guid":{"rendered":"https:\/\/mj-clothing.com\/?post_type=product&#038;p=1901"},"modified":"2024-12-17T03:44:39","modified_gmt":"2024-12-17T03:44:39","slug":"ivory-colored-womens-tops","status":"publish","type":"product","link":"https:\/\/mj-clothing.com\/cs\/manufacturer\/ivory-colored-womens-tops\/","title":{"rendered":"D\u00e1msk\u00e9 topy v barv\u011b slonoviny"},"content":{"rendered":"<div id=\"model-response-message-contentr_512563ff2fe7e496\" class=\"markdown markdown-main-panel response-optimization\" dir=\"ltr\">\n<p data-sourcepos=\"1:1-1:189\">D\u00e1msk\u00e9 topy v barv\u011b slonoviny jsou nad\u010dasovou klasikou, kterou lze obl\u00e9knout nahoru i dol\u016f. Tato univerz\u00e1ln\u00ed barva se dob\u0159e kombinuje s r\u016fzn\u00fdmi jin\u00fdmi barvami a vzory, tak\u017ee je z\u00e1kladem ka\u017ed\u00e9ho \u0161atn\u00edku.<\/p>\n<h3 data-sourcepos=\"5:1-5:51\">Zde jsou n\u011bkter\u00e9 popul\u00e1rn\u00ed styly Ivory Colored Womens Tops:<\/h3>\n<div class=\"attachment-container search-images\">\n<div class=\"image-container hide-from-message-actions ng-star-inserted\"><\/div>\n<\/div>\n<ul data-sourcepos=\"7:1-18:0\">\n<li data-sourcepos=\"7:1-9:0\">\n<p data-sourcepos=\"7:3-8:23\"><strong><span class=\"citation-0 recitation\">Halenky:<\/span><\/strong><span class=\"citation-0 recitation citation-end-0\"> Halenky v barv\u011b slonoviny mohou b\u00fdt vyrobeny z r\u016fzn\u00fdch materi\u00e1l\u016f, nap\u0159\u00edklad z hedv\u00e1b\u00ed, bavlny nebo lnu.<\/span> Lze je kombinovat se sukn\u011bmi, kalhotami nebo d\u017e\u00ednami a z\u00edskat tak elegantn\u00ed a sofistikovan\u00fd vzhled.<\/p>\n<\/li>\n<li data-sourcepos=\"7:1-9:0\">\n<p data-sourcepos=\"7:3-8:23\"><strong style=\"font-size: 14.4px;\"><span class=\"citation-1 recitation\">Tri\u010dka:<\/span><\/strong><span class=\"citation-1 recitation citation-end-1\" style=\"font-size: 14.4px;\"> Tri\u010dka v barv\u011b slonoviny jsou neform\u00e1ln\u00ed a pohodlnou volbou, kterou lze kombinovat s d\u017e\u00ednami, \u0161ortkami nebo sukn\u011bmi.<\/span><\/p>\n<\/li>\n<li data-sourcepos=\"7:1-9:0\">\n<p data-sourcepos=\"7:3-8:23\"><strong style=\"font-size: 14.4px;\">Svetry:<\/strong><span style=\"font-size: 14.4px;\"> Svetry v barv\u011b slonoviny jsou ide\u00e1ln\u00ed pro chladn\u011bj\u0161\u00ed po\u010das\u00ed. Lze je nosit k d\u017e\u00edn\u016fm, leg\u00edn\u00e1m nebo sukn\u00edm.<\/span><\/p>\n<\/li>\n<li data-sourcepos=\"7:1-9:0\">\n<p data-sourcepos=\"7:3-8:23\"><strong><span class=\"citation-2 recitation\">T\u00edlka:<\/span><\/strong><span class=\"citation-2 recitation citation-end-2\"> T\u00edlka v barv\u011b slonoviny jsou univerz\u00e1ln\u00edm kouskem, kter\u00fd lze vrstvit pod jin\u00e9 topy nebo nosit samostatn\u011b.<\/span><span class=\"button-container hide-from-message-actions ng-star-inserted\"> \u00a0<\/span><\/p>\n<div class=\"container ng-tns-c2946245707-289 hide\">\n<div class=\"carousel-container ng-tns-c2946245707-289\"><\/div>\n<\/div>\n<div class=\"attachment-container search-images\">\n<div class=\"image-container hide-from-message-actions ng-star-inserted\">\n<div class=\"caption ellipsis gmat-caption ng-star-inserted\" aria-hidden=\"true\"><span style=\"font-size: 20.16px;\">P\u0159i stylizov\u00e1n\u00ed d\u00e1msk\u00fdch top\u016f v barv\u011b slonoviny zva\u017ete n\u00e1sleduj\u00edc\u00ed tipy:<\/span><\/div>\n<\/div>\n<\/div>\n<\/li>\n<\/ul>\n<ul data-sourcepos=\"21:1-25:0\">\n<li data-sourcepos=\"21:1-21:94\"><strong>Dopl\u0148ky:<\/strong> Dopl\u0148ky, jako jsou n\u00e1hrdeln\u00edky, n\u00e1u\u0161nice a \u0161\u00e1tky, v\u00e1\u0161 vzhled je\u0161t\u011b zv\u00fdrazn\u00ed.<\/li>\n<li data-sourcepos=\"22:1-22:121\"><strong>Hrajte si s texturami:<\/strong> Kombinujte r\u016fzn\u00e9 textury, nap\u0159\u00edklad krajku, samet nebo \u00faplet, a vytv\u00e1\u0159ejte zaj\u00edmav\u00e9 oble\u010den\u00ed.<\/li>\n<li data-sourcepos=\"23:1-23:110\"><strong>Experimentujte s barvami:<\/strong> Odv\u00e1\u017en\u00fd vzhled z\u00edsk\u00e1te, kdy\u017e top v barv\u011b slonov\u00e9 kosti zkombinujete s pestr\u00fdmi barvami, jako je \u010derven\u00e1, modr\u00e1 nebo zelen\u00e1.<\/li>\n<li data-sourcepos=\"24:1-25:0\"><strong>Zachovejte jednoduchost:<\/strong> Pokud si obl\u00e9knete slo\u017eit\u011bj\u0161\u00ed top v barv\u011b slonov\u00e9 kosti, zbytek oble\u010den\u00ed udr\u017eujte jednoduch\u00fd.<\/li>\n<\/ul>\n<p data-sourcepos=\"26:1-26:197\">D\u00e1msk\u00e9 topy v barv\u011b slonoviny jsou univerz\u00e1ln\u00ed a stylovou volbou, kterou lze nosit pro ka\u017edou p\u0159\u00edle\u017eitost. Dodr\u017eov\u00e1n\u00edm t\u011bchto tip\u016f m\u016f\u017eete vytvo\u0159it \u00fa\u017easn\u00e9 oble\u010den\u00ed, ve kter\u00e9m budete vypadat a c\u00edtit se co nejl\u00e9pe.<\/p>\n<\/div>\n<div class=\"response-footer gap complete\">\n<div class=\"show-sources-container ng-star-inserted\"><\/div>\n<div class=\"container ng-tns-c2946245707-283\">\n<div class=\"carousel-container ng-tns-c2946245707-283\">\n<div class=\"carousel-content ng-tns-c2946245707-283\">\n<div class=\"sources-carousel-source ng-tns-c2946245707-283 ng-star-inserted\" data-test-id=\"sources-carousel-source\">\n<div class=\"source-card-container\">\n<div class=\"source-card-content\">\n<div class=\"source-card-body\">\n<div class=\"source-card-header\">\n<div class=\"source-card-title\"><\/div>\n<\/div>\n<\/div>\n<\/div>\n<\/div>\n<\/div>\n<\/div>\n<\/div>\n<\/div>\n<\/div>","protected":false},"excerpt":{"rendered":"<table style=\"height: 539px;\" width=\"411\">\n<tbody>\n<tr>\n<td width=\"146\"><strong><b>Produkt<\/b><\/strong>\u00a0<strong><b>Jm\u00e9no:<\/b><\/strong><\/td>\n<td width=\"601\"><strong>D\u00e1msk\u00e9 topy v barv\u011b slonoviny<\/strong><\/td>\n<\/tr>\n<tr>\n<td width=\"146\"><strong><b>Materlal:<\/b><\/strong><\/td>\n<td width=\"601\">Pleten\u00ed<\/td>\n<\/tr>\n<tr>\n<td width=\"146\"><strong><b>Technika:<\/b><\/strong><\/td>\n<td width=\"601\">Vy\u0161\u00edvan\u00e9<\/td>\n<\/tr>\n<tr>\n<td width=\"146\"><strong><b>Styl:<\/b><\/strong><\/td>\n<td width=\"601\">P\u0159\u00edle\u017eitostn\u00e9<\/td>\n<\/tr>\n<tr>\n<td width=\"146\"><strong><b>Barva<\/b><\/strong><strong><b>:<\/b><\/strong><\/td>\n<td width=\"601\">\u00a0Vlastn\u00ed barvy<\/td>\n<\/tr>\n<tr>\n<td width=\"146\"><strong><b>Velikost:<\/b><\/strong><\/td>\n<td width=\"601\">S \/M \/L \/XL \/2XL<\/td>\n<\/tr>\n<tr>\n<td width=\"146\"><strong><b>OEM\/ODM:<\/b><\/strong><\/td>\n<td width=\"601\">P\u0159ijateln\u00e9<\/td>\n<\/tr>\n<tr>\n<td width=\"146\"><strong><b>Kvalita:<\/b><\/strong><\/td>\n<td width=\"601\">100% Vysok\u00e1 kvalita<\/td>\n<\/tr>\n<tr>\n<td width=\"146\"><strong><b>M<\/b><\/strong><strong><b>OQ:<\/b><\/strong><\/td>\n<td width=\"601\">200 ks<\/td>\n<\/tr>\n<\/tbody>\n<\/table>","protected":false},"featured_media":1911,"template":"","meta":[],"product_brand":[],"product_cat":[39],"product_tag":[],"class_list":{"0":"post-1901","1":"product","2":"type-product","3":"status-publish","4":"has-post-thumbnail","6":"product_cat-womens-clothing","8":"first","9":"instock","10":"shipping-taxable","11":"product-type-simple"},"_links":{"self":[{"href":"https:\/\/mj-clothing.com\/cs\/wp-json\/wp\/v2\/product\/1901","targetHints":{"allow":["GET"]}}],"collection":[{"href":"https:\/\/mj-clothing.com\/cs\/wp-json\/wp\/v2\/product"}],"about":[{"href":"https:\/\/mj-clothing.com\/cs\/wp-json\/wp\/v2\/types\/product"}],"wp:featuredmedia":[{"embeddable":true,"href":"https:\/\/mj-clothing.com\/cs\/wp-json\/wp\/v2\/media\/1911"}],"wp:attachment":[{"href":"https:\/\/mj-clothing.com\/cs\/wp-json\/wp\/v2\/media?parent=1901"}],"wp:term":[{"taxonomy":"product_brand","embeddable":true,"href":"https:\/\/mj-clothing.com\/cs\/wp-json\/wp\/v2\/product_brand?post=1901"},{"taxonomy":"product_cat","embeddable":true,"href":"https:\/\/mj-clothing.com\/cs\/wp-json\/wp\/v2\/product_cat?post=1901"},{"taxonomy":"product_tag","embeddable":true,"href":"https:\/\/mj-clothing.com\/cs\/wp-json\/wp\/v2\/product_tag?post=1901"}],"curies":[{"name":"wp","href":"https:\/\/api.w.org\/{rel}","templated":true}]}}