{"id":1919,"date":"2024-12-16T08:23:18","date_gmt":"2024-12-16T08:23:18","guid":{"rendered":"https:\/\/mj-clothing.com\/?post_type=product&#038;p=1919"},"modified":"2024-12-17T03:44:00","modified_gmt":"2024-12-17T03:44:00","slug":"womens-pink-long-sleeve-tops","status":"publish","type":"product","link":"https:\/\/mj-clothing.com\/cs\/manufacturer\/womens-pink-long-sleeve-tops\/","title":{"rendered":"D\u00e1msk\u00e9 r\u016f\u017eov\u00e9 topy s dlouh\u00fdm ruk\u00e1vem"},"content":{"rendered":"<p data-sourcepos=\"1:1-1:189\">D\u00e1msk\u00e9 r\u016f\u017eov\u00e9 topy s dlouh\u00fdm ruk\u00e1vem jsou univerz\u00e1ln\u00ed a stylovou volbou pro \u017eeny. <span class=\"citation-0 recitation citation-end-0\">Dod\u00e1vaj\u00ed se v r\u016fzn\u00fdch odst\u00ednech, od jemn\u011b r\u016f\u017eov\u00e9 po z\u00e1\u0159iv\u011b horkou r\u016f\u017eovou, a lze je stylizovat pro r\u016fzn\u00e9 p\u0159\u00edle\u017eitosti.<\/span><span class=\"button-container hide-from-message-actions ng-star-inserted\"> \u00a0<\/span><\/p>\n<h3 data-sourcepos=\"5:1-5:54\">\u00a0 \u00a0 \u00a0 Zde jsou n\u011bkter\u00e9 obl\u00edben\u00e9 styly d\u00e1msk\u00fdch r\u016f\u017eov\u00fdch top\u016f s dlouh\u00fdm ruk\u00e1vem:<\/h3>\n<ul data-sourcepos=\"7:1-18:0\">\n<li data-sourcepos=\"7:1-9:0\">\n<p data-sourcepos=\"7:3-8:22\"><strong><span class=\"citation-1 recitation\">Halenky:<\/span><\/strong><span class=\"citation-1 recitation citation-end-1\"> R\u016f\u017eov\u00e9 halenky mohou b\u00fdt vyrobeny z r\u016fzn\u00fdch materi\u00e1l\u016f, nap\u0159\u00edklad z hedv\u00e1b\u00ed, bavlny nebo lnu.<\/span> Lze je kombinovat se sukn\u011bmi, kalhotami nebo d\u017e\u00ednami a z\u00edskat tak elegantn\u00ed a sofistikovan\u00fd vzhled.<span class=\"button-container hide-from-message-actions ng-star-inserted\">\u00a0 \u00a0<\/span><\/p>\n<\/li>\n<li data-sourcepos=\"7:1-9:0\">\n<p data-sourcepos=\"7:3-8:22\"><strong style=\"font-size: 14.4px;\"><span class=\"citation-2 recitation\">Tri\u010dka:<\/span><\/strong><span class=\"citation-2 recitation citation-end-2\" style=\"font-size: 14.4px;\"> R\u016f\u017eov\u00e1 tri\u010dka jsou neform\u00e1ln\u00ed a pohodlnou volbou, kterou lze kombinovat s d\u017e\u00ednami, \u0161ortkami nebo sukn\u011bmi.<\/span><span class=\"button-container hide-from-message-actions ng-star-inserted\" style=\"font-size: 14.4px;\">\u00a0 \u00a0<\/span><\/p>\n<\/li>\n<li data-sourcepos=\"7:1-9:0\">\n<p data-sourcepos=\"7:3-8:22\"><strong style=\"font-size: 14.4px;\"><span class=\"citation-3 recitation\">Svetry:<\/span><\/strong><span class=\"citation-3 recitation citation-end-3\" style=\"font-size: 14.4px;\"> R\u016f\u017eov\u00e9 svetry jsou ide\u00e1ln\u00ed pro chladn\u011bj\u0161\u00ed po\u010das\u00ed.<\/span><span style=\"font-size: 14.4px;\"> Lze je nosit k d\u017e\u00edn\u016fm, leg\u00edn\u00e1m nebo sukn\u00edm.<\/span><\/p>\n<\/li>\n<li data-sourcepos=\"7:1-9:0\">\n<p data-sourcepos=\"7:3-8:22\"><strong style=\"font-size: 14.4px;\"><span class=\"citation-4 recitation\">T\u00edlka:<\/span><\/strong><span class=\"citation-4 recitation citation-end-4\" style=\"font-size: 14.4px;\"> R\u016f\u017eov\u00e1 t\u00edlka jsou univerz\u00e1ln\u00edm kouskem, kter\u00fd lze vrstvit pod jin\u00e9 topy nebo nosit samostatn\u011b.<\/span><span class=\"button-container hide-from-message-actions ng-star-inserted\" style=\"font-size: 14.4px;\">\u00a0 \u00a0<\/span><\/p>\n<div class=\"container ng-tns-c2946245707-318 hide\">\n<div class=\"carousel-container ng-tns-c2946245707-318\"><\/div>\n<\/div>\n<div class=\"attachment-container search-images\">\n<div class=\"image-container hide-from-message-actions ng-star-inserted\">\n<div class=\"caption ellipsis gmat-caption ng-star-inserted\" aria-hidden=\"true\"><span style=\"font-size: 20.16px;\">Kdy\u017e d\u00e1msk\u00e9 r\u016f\u017eov\u00e9 topy s dlouh\u00fdm ruk\u00e1vem, zva\u017ete n\u00e1sleduj\u00edc\u00ed tipy:<\/span><\/div>\n<\/div>\n<\/div>\n<\/li>\n<\/ul>\n<ul data-sourcepos=\"21:1-25:0\">\n<li data-sourcepos=\"21:1-21:94\"><strong>Dopl\u0148ky:<\/strong> Dopl\u0148ky, jako jsou n\u00e1hrdeln\u00edky, n\u00e1u\u0161nice a \u0161\u00e1tky, v\u00e1\u0161 vzhled je\u0161t\u011b zv\u00fdrazn\u00ed.<\/li>\n<li data-sourcepos=\"22:1-22:121\"><strong>Hrajte si s texturami:<\/strong> Kombinujte r\u016fzn\u00e9 textury, nap\u0159\u00edklad krajku, samet nebo \u00faplet, a vytv\u00e1\u0159ejte zaj\u00edmav\u00e9 oble\u010den\u00ed.<\/li>\n<li data-sourcepos=\"23:1-23:114\"><strong>Experimentujte s barvami:<\/strong> Pro klasick\u00fd vzhled kombinujte r\u016f\u017eov\u00fd top s jin\u00fdmi barvami, jako je \u010dern\u00e1, b\u00edl\u00e1 nebo d\u017e\u00edny.<\/li>\n<li data-sourcepos=\"24:1-25:0\"><strong>Zachovejte jednoduchost:<\/strong> Pokud si vezmete v\u00fdrazn\u00fd r\u016f\u017eov\u00fd top, zbytek oble\u010den\u00ed nechte jednoduch\u00fd.<\/li>\n<\/ul>\n<p data-sourcepos=\"26:1-26:192\">R\u016f\u017eov\u00e9 topy s dlouh\u00fdm ruk\u00e1vem jsou univerz\u00e1ln\u00ed a stylovou volbou, kterou lze nosit pro ka\u017edou p\u0159\u00edle\u017eitost. Podle t\u011bchto tip\u016f si m\u016f\u017eete vytvo\u0159it \u00fa\u017easn\u00e9 oble\u010den\u00ed, ve kter\u00e9m budete vypadat a c\u00edtit se co nejl\u00e9pe.<\/p>","protected":false},"excerpt":{"rendered":"<table style=\"height: 488px;\" width=\"438\">\n<tbody>\n<tr>\n<td width=\"146\"><strong><b>Produkt<\/b><\/strong>\u00a0<strong><b>Jm\u00e9no:<\/b><\/strong><\/td>\n<td width=\"601\"><strong>D\u00e1msk\u00e9 r\u016f\u017eov\u00e9 topy s dlouh\u00fdm ruk\u00e1vem<\/strong><\/td>\n<\/tr>\n<tr>\n<td width=\"146\"><strong><b>Materlal:<\/b><\/strong><\/td>\n<td width=\"601\">Pleten\u00ed<\/td>\n<\/tr>\n<tr>\n<td width=\"146\"><strong><b>Technika:<\/b><\/strong><\/td>\n<td width=\"601\">Vy\u0161\u00edvan\u00e9<\/td>\n<\/tr>\n<tr>\n<td width=\"146\"><strong><b>Styl:<\/b><\/strong><\/td>\n<td width=\"601\">P\u0159\u00edle\u017eitostn\u00e9<\/td>\n<\/tr>\n<tr>\n<td width=\"146\"><strong><b>Barva<\/b><\/strong><strong><b>:<\/b><\/strong><\/td>\n<td width=\"601\">\u00a0Vlastn\u00ed barvy<\/td>\n<\/tr>\n<tr>\n<td width=\"146\"><strong><b>Velikost:<\/b><\/strong><\/td>\n<td width=\"601\">S \/M \/L \/XL \/2XL<\/td>\n<\/tr>\n<tr>\n<td width=\"146\"><strong><b>OEM\/ODM:<\/b><\/strong><\/td>\n<td width=\"601\">P\u0159ijateln\u00e9<\/td>\n<\/tr>\n<tr>\n<td width=\"146\"><strong><b>Kvalita:<\/b><\/strong><\/td>\n<td width=\"601\">100% Vysok\u00e1 kvalita<\/td>\n<\/tr>\n<tr>\n<td width=\"146\"><strong><b>M<\/b><\/strong><strong><b>OQ:<\/b><\/strong><\/td>\n<td width=\"601\">200 ks<\/td>\n<\/tr>\n<\/tbody>\n<\/table>","protected":false},"featured_media":1922,"template":"","meta":[],"product_brand":[],"product_cat":[39],"product_tag":[],"class_list":{"0":"post-1919","1":"product","2":"type-product","3":"status-publish","4":"has-post-thumbnail","6":"product_cat-womens-clothing","8":"first","9":"instock","10":"shipping-taxable","11":"product-type-simple"},"_links":{"self":[{"href":"https:\/\/mj-clothing.com\/cs\/wp-json\/wp\/v2\/product\/1919","targetHints":{"allow":["GET"]}}],"collection":[{"href":"https:\/\/mj-clothing.com\/cs\/wp-json\/wp\/v2\/product"}],"about":[{"href":"https:\/\/mj-clothing.com\/cs\/wp-json\/wp\/v2\/types\/product"}],"wp:featuredmedia":[{"embeddable":true,"href":"https:\/\/mj-clothing.com\/cs\/wp-json\/wp\/v2\/media\/1922"}],"wp:attachment":[{"href":"https:\/\/mj-clothing.com\/cs\/wp-json\/wp\/v2\/media?parent=1919"}],"wp:term":[{"taxonomy":"product_brand","embeddable":true,"href":"https:\/\/mj-clothing.com\/cs\/wp-json\/wp\/v2\/product_brand?post=1919"},{"taxonomy":"product_cat","embeddable":true,"href":"https:\/\/mj-clothing.com\/cs\/wp-json\/wp\/v2\/product_cat?post=1919"},{"taxonomy":"product_tag","embeddable":true,"href":"https:\/\/mj-clothing.com\/cs\/wp-json\/wp\/v2\/product_tag?post=1919"}],"curies":[{"name":"wp","href":"https:\/\/api.w.org\/{rel}","templated":true}]}}