{"id":1937,"date":"2024-12-16T08:58:11","date_gmt":"2024-12-16T08:58:11","guid":{"rendered":"https:\/\/mj-clothing.com\/?post_type=product&#038;p=1937"},"modified":"2024-12-18T06:12:05","modified_gmt":"2024-12-18T06:12:05","slug":"womens-flowy-tops","status":"publish","type":"product","link":"https:\/\/mj-clothing.com\/cs\/manufacturer\/womens-flowy-tops\/","title":{"rendered":"D\u00e1msk\u00e9 spl\u00fdvav\u00e9 topy"},"content":{"rendered":"<div id=\"model-response-message-contentr_088ece0303c648c2\" class=\"markdown markdown-main-panel response-optimization\" dir=\"ltr\">\n<p data-sourcepos=\"1:1-1:232\">D\u00e1msk\u00e9 spl\u00fdvav\u00e9 topy jsou pro sv\u00e9 pohodl\u00ed a v\u0161estrannost obl\u00edbenou volbou pro \u017eeny. <span class=\"citation-0 recitation citation-end-0\">Vyr\u00e1b\u011bj\u00ed se v r\u016fzn\u00fdch stylech, barv\u00e1ch a materi\u00e1lech, tak\u017ee jsou vhodn\u00e9 pro r\u016fzn\u00e9 p\u0159\u00edle\u017eitosti.<\/span> Zde je n\u011bkolik obl\u00edben\u00fdch styl\u016f spl\u00fdvav\u00fdch top\u016f:<span class=\"button-container hide-from-message-actions ng-star-inserted\">\u00a0<\/span><\/p>\n<h3 data-sourcepos=\"3:1-3:21\"><strong>1. D\u00e1msk\u00e9 spl\u00fdvav\u00e9 topy Halenky:<\/strong><\/h3>\n<ul data-sourcepos=\"5:1-11:0\">\n<li data-sourcepos=\"5:1-6:31\"><strong><span class=\"citation-1 recitation\">Halenky s vol\u00e1nkov\u00fdm ruk\u00e1vem:<\/span><\/strong><span class=\"citation-1 recitation citation-end-1\"> Tyto halenky dodaj\u00ed ka\u017ed\u00e9mu oble\u010den\u00ed n\u00e1dech \u017eenskosti a romantiky.<\/span><\/li>\n<li data-sourcepos=\"5:1-6:31\"><span class=\"button-container hide-from-message-actions ng-star-inserted\"><strong style=\"font-size: 14.4px;\"><span class=\"citation-2 recitation\">Halenky s odhalen\u00fdmi rameny:<\/span><\/strong><span class=\"citation-2 recitation citation-end-2\" style=\"font-size: 14.4px;\"> Tyto halenky jsou ide\u00e1ln\u00ed pro odhalen\u00ed ramen a vytvo\u0159en\u00ed koketn\u00edho vzhledu.<\/span><\/span><\/li>\n<li data-sourcepos=\"5:1-6:31\"><strong><span class=\"citation-3 recitation\">Halenky se zavazov\u00e1n\u00edm vp\u0159edu:<\/span><\/strong><span class=\"citation-3 recitation citation-end-3\"> Tyto halenky maj\u00ed lichotiv\u00fd a p\u0159izp\u016fsobiv\u00fd st\u0159ih.<\/span>\n<div class=\"container ng-tns-c2946245707-355 hide\">\n<div class=\"carousel-container ng-tns-c2946245707-355\"><\/div>\n<\/div>\n<div class=\"attachment-container search-images\">\n<div class=\"image-container hide-from-message-actions ng-star-inserted\">\n<div class=\"caption ellipsis gmat-caption ng-star-inserted\" aria-hidden=\"true\"><\/div>\n<\/div>\n<\/div>\n<\/li>\n<\/ul>\n<h3 data-sourcepos=\"12:1-12:20\"><strong>2. D\u00e1msk\u00e9 spl\u00fdvav\u00e9 topy tuniky:<\/strong><\/h3>\n<ul data-sourcepos=\"14:1-20:0\">\n<li data-sourcepos=\"14:1-15:24\"><strong><span class=\"citation-4 recitation\">Tuniky s potiskem:<\/span><\/strong><span class=\"citation-4 recitation citation-end-4\"> Tyto tuniky jsou ide\u00e1ln\u00ed pro obohacen\u00ed va\u0161eho \u0161atn\u00edku o barvy a vzory.<\/span><\/li>\n<li data-sourcepos=\"14:1-15:24\"><strong style=\"font-size: 14.4px;\">Jednobarevn\u00e9 tuniky:<\/strong><span style=\"font-size: 14.4px;\"> Tyto tuniky jsou univerz\u00e1ln\u00ed a lze je obl\u00e9knout nahoru i dol\u016f.<\/span><\/li>\n<li data-sourcepos=\"14:1-15:24\"><strong style=\"font-size: 14.4px;\">Vy\u0161\u00edvan\u00e9 tuniky:<\/strong><span style=\"font-size: 14.4px;\"> Tyto tuniky dod\u00e1vaj\u00ed eleganci a sofistikovanost.<\/span>\n<div class=\"attachment-container search-images\">\n<div class=\"image-container hide-from-message-actions ng-star-inserted\">\n<div class=\"caption ellipsis gmat-caption ng-star-inserted\" aria-hidden=\"true\"><\/div>\n<\/div>\n<\/div>\n<\/li>\n<\/ul>\n<h3 data-sourcepos=\"21:1-21:23\"><strong>3.D\u00e1msk\u00e1 spl\u00fdvav\u00e1 t\u00edlka T\u00edlka:<\/strong><\/h3>\n<ul data-sourcepos=\"23:1-29:0\">\n<li data-sourcepos=\"23:1-24:24\"><strong>Krajkov\u00e1 t\u00edlka:<\/strong> Tato t\u00edlka jsou ide\u00e1ln\u00ed pro dod\u00e1n\u00ed n\u00e1dechu \u017eenskosti a romantiky ka\u017ed\u00e9mu oble\u010den\u00ed.<\/li>\n<li data-sourcepos=\"23:1-24:24\"><strong style=\"font-size: 14.4px;\">T\u00edlka s ram\u00ednky:<\/strong><span style=\"font-size: 14.4px;\"> Tato t\u00edlka jsou ide\u00e1ln\u00ed pro vrstven\u00ed nebo samostatn\u00e9 no\u0161en\u00ed.<\/span><\/li>\n<li data-sourcepos=\"23:1-24:24\"><span class=\"button-container hide-from-message-actions ng-star-inserted\"><strong style=\"font-size: 14.4px;\"><span class=\"citation-5 recitation\">T\u00edlka s vol\u00e1nky:<\/span><\/strong><span class=\"citation-5 recitation citation-end-5\" style=\"font-size: 14.4px;\"> Tato t\u00edlka dodaj\u00ed ka\u017ed\u00e9mu oble\u010den\u00ed hrav\u00fd a koketn\u00ed n\u00e1dech.<\/span><span class=\"button-container hide-from-message-actions ng-star-inserted\" style=\"font-size: 14.4px;\"> \u00a0<\/span><\/span>\n<div class=\"container ng-tns-c2946245707-357 hide\">\n<div class=\"carousel-container ng-tns-c2946245707-357\"><\/div>\n<\/div>\n<div class=\"attachment-container search-images\"><\/div>\n<\/li>\n<\/ul>\n<h4 data-sourcepos=\"30:1-30:22\"><strong>4. Vlnit\u00e9 svetry:<\/strong><\/h4>\n<ul data-sourcepos=\"32:1-38:0\">\n<li data-sourcepos=\"32:1-33:28\"><strong><span class=\"citation-6 recitation\">Svetry nadm\u011brn\u00fdch velikost\u00ed:<\/span><\/strong><span class=\"citation-6 recitation citation-end-6\"> Tyto svetry jsou ide\u00e1ln\u00ed pro z\u00fatuln\u011bn\u00ed v chladn\u00fdch dnech.<\/span><span class=\"button-container hide-from-message-actions ng-star-inserted\">\u00a0 \u00a0<\/span>\n<div class=\"container ng-tns-c2946245707-358 hide\">\n<div class=\"carousel-container ng-tns-c2946245707-358\"><\/div>\n<\/div>\n<div class=\"attachment-container search-images\"><\/div>\n<\/li>\n<li data-sourcepos=\"34:1-35:29\"><strong><span class=\"citation-7 recitation\">Pleten\u00e9 svetry:<\/span><\/strong><span class=\"citation-7 recitation citation-end-7\"> Tyto svetry jsou klasickou a nad\u010dasovou volbou.<\/span><span class=\"button-container hide-from-message-actions ng-star-inserted\"> \u00a0<\/span><\/li>\n<li data-sourcepos=\"34:1-35:29\"><span class=\"button-container hide-from-message-actions ng-star-inserted\"><strong style=\"font-size: 14.4px;\"><span class=\"citation-8 recitation\">Svetry s kapuc\u00ed:<\/span><\/strong><span class=\"citation-8 recitation citation-end-8\" style=\"font-size: 14.4px;\"> Tyto svetry jsou ide\u00e1ln\u00ed pro vrstven\u00ed a lze je obl\u00e9knout nahoru i dol\u016f.<\/span><span class=\"button-container hide-from-message-actions ng-star-inserted\" style=\"font-size: 14.4px;\"> \u00a0<\/span><\/span>\n<div class=\"container ng-tns-c2946245707-360 hide\">\n<div class=\"carousel-container ng-tns-c2946245707-360\"><\/div>\n<\/div>\n<div class=\"attachment-container search-images\">\n<div class=\"image-container hide-from-message-actions ng-star-inserted\">\n<div class=\"caption ellipsis gmat-caption ng-star-inserted\" aria-hidden=\"true\"><\/div>\n<\/div>\n<\/div>\n<\/li>\n<\/ul>\n<h3 data-sourcepos=\"39:1-39:53\">P\u0159i \u00faprav\u011b spl\u00fdvav\u00fdch top\u016f zohledn\u011bte n\u00e1sleduj\u00edc\u00ed tipy:<\/h3>\n<ul data-sourcepos=\"41:1-45:0\">\n<li data-sourcepos=\"41:1-41:94\"><strong>Dopl\u0148ky:<\/strong> Dopl\u0148ky, jako jsou n\u00e1hrdeln\u00edky, n\u00e1u\u0161nice a \u0161\u00e1tky, v\u00e1\u0161 vzhled je\u0161t\u011b zv\u00fdrazn\u00ed.<\/li>\n<li data-sourcepos=\"42:1-42:121\"><strong>Hrajte si s texturami:<\/strong> Kombinujte r\u016fzn\u00e9 textury, nap\u0159\u00edklad krajku, samet nebo \u00faplet, a vytv\u00e1\u0159ejte zaj\u00edmav\u00e9 oble\u010den\u00ed.<\/li>\n<li data-sourcepos=\"43:1-43:112\"><strong>Experimentujte s barvami:<\/strong> Kombinujte spl\u00fdvav\u00fd top s jin\u00fdmi barvami a vytvo\u0159te stylov\u00fd a poutav\u00fd outfit.<\/li>\n<li data-sourcepos=\"44:1-45:0\"><strong>Zachovejte jednoduchost:<\/strong> Pokud si obl\u00e9knete v\u00fdrazn\u00fd a barevn\u00fd spl\u00fdvav\u00fd top, zbytek oble\u010den\u00ed udr\u017eujte jednoduch\u00fd.<\/li>\n<\/ul>\n<\/div>","protected":false},"excerpt":{"rendered":"<table style=\"height: 541px;\" width=\"431\">\n<tbody>\n<tr>\n<td width=\"146\"><strong><b>Produkt<\/b><\/strong>\u00a0<strong><b>Jm\u00e9no:<\/b><\/strong><\/td>\n<td width=\"601\"><strong>D\u00e1msk\u00e9 spl\u00fdvav\u00e9 topy<\/strong><\/td>\n<\/tr>\n<tr>\n<td width=\"146\"><strong><b>Materlal:<\/b><\/strong><\/td>\n<td width=\"601\">Pleten\u00ed<\/td>\n<\/tr>\n<tr>\n<td width=\"146\"><strong><b>Technika:<\/b><\/strong><\/td>\n<td width=\"601\">Vy\u0161\u00edvan\u00e9<\/td>\n<\/tr>\n<tr>\n<td width=\"146\"><strong><b>Styl:<\/b><\/strong><\/td>\n<td width=\"601\">P\u0159\u00edle\u017eitostn\u00e9<\/td>\n<\/tr>\n<tr>\n<td width=\"146\"><strong><b>Barva<\/b><\/strong><strong><b>:<\/b><\/strong><\/td>\n<td width=\"601\">\u00a0Vlastn\u00ed barvy<\/td>\n<\/tr>\n<tr>\n<td width=\"146\"><strong><b>Velikost:<\/b><\/strong><\/td>\n<td width=\"601\">S \/M \/L \/XL \/2XL<\/td>\n<\/tr>\n<tr>\n<td width=\"146\"><strong><b>OEM\/ODM:<\/b><\/strong><\/td>\n<td width=\"601\">P\u0159ijateln\u00e9<\/td>\n<\/tr>\n<tr>\n<td width=\"146\"><strong><b>Kvalita:<\/b><\/strong><\/td>\n<td width=\"601\">100% Vysok\u00e1 kvalita<\/td>\n<\/tr>\n<tr>\n<td width=\"146\"><strong><b>M<\/b><\/strong><strong><b>OQ:<\/b><\/strong><\/td>\n<td width=\"601\">200 ks<\/td>\n<\/tr>\n<\/tbody>\n<\/table>","protected":false},"featured_media":1938,"template":"","meta":[],"product_brand":[],"product_cat":[39],"product_tag":[],"class_list":{"0":"post-1937","1":"product","2":"type-product","3":"status-publish","4":"has-post-thumbnail","6":"product_cat-womens-clothing","8":"first","9":"instock","10":"shipping-taxable","11":"product-type-simple"},"_links":{"self":[{"href":"https:\/\/mj-clothing.com\/cs\/wp-json\/wp\/v2\/product\/1937","targetHints":{"allow":["GET"]}}],"collection":[{"href":"https:\/\/mj-clothing.com\/cs\/wp-json\/wp\/v2\/product"}],"about":[{"href":"https:\/\/mj-clothing.com\/cs\/wp-json\/wp\/v2\/types\/product"}],"wp:featuredmedia":[{"embeddable":true,"href":"https:\/\/mj-clothing.com\/cs\/wp-json\/wp\/v2\/media\/1938"}],"wp:attachment":[{"href":"https:\/\/mj-clothing.com\/cs\/wp-json\/wp\/v2\/media?parent=1937"}],"wp:term":[{"taxonomy":"product_brand","embeddable":true,"href":"https:\/\/mj-clothing.com\/cs\/wp-json\/wp\/v2\/product_brand?post=1937"},{"taxonomy":"product_cat","embeddable":true,"href":"https:\/\/mj-clothing.com\/cs\/wp-json\/wp\/v2\/product_cat?post=1937"},{"taxonomy":"product_tag","embeddable":true,"href":"https:\/\/mj-clothing.com\/cs\/wp-json\/wp\/v2\/product_tag?post=1937"}],"curies":[{"name":"wp","href":"https:\/\/api.w.org\/{rel}","templated":true}]}}