{"id":1946,"date":"2024-12-17T02:48:08","date_gmt":"2024-12-17T02:48:08","guid":{"rendered":"https:\/\/mj-clothing.com\/?post_type=product&#038;p=1946"},"modified":"2024-12-17T03:42:21","modified_gmt":"2024-12-17T03:42:21","slug":"easy-to-sew-womens-tops","status":"publish","type":"product","link":"https:\/\/mj-clothing.com\/cs\/manufacturer\/easy-to-sew-womens-tops\/","title":{"rendered":"Snadn\u00e9 \u0161it\u00ed d\u00e1msk\u00fdch top\u016f"},"content":{"rendered":"<div class=\"experimental-mode-disclaimer-container ng-star-inserted\">\n<div class=\"disclaimer\">\n<div class=\"disclaimer-text ng-star-inserted\"><\/div>\n<\/div>\n<\/div>\n<div id=\"model-response-message-contentr_97504a3a3735aa12\" class=\"markdown markdown-main-panel response-optimization\" dir=\"ltr\">\n<p data-sourcepos=\"1:1-1:139\">Vypad\u00e1 to, \u017ee hled\u00e1te D\u00e1msk\u00e9 topy pro snadn\u00e9 \u0161it\u00ed! Zde je rozpis n\u00e1pad\u016f a zdroj\u016f, kter\u00e9 v\u00e1m pomohou za\u010d\u00edt:<\/p>\n<h3 data-sourcepos=\"3:1-3:33\"><strong>Kl\u00ed\u010dov\u00e9 prvky pro snadn\u00e9 \u0161it\u00ed d\u00e1msk\u00fdch top\u016f:<\/strong><\/h3>\n<ul data-sourcepos=\"5:1-9:0\">\n<li data-sourcepos=\"5:1-5:153\"><strong>Jednoduch\u00e9 tvary:<\/strong> Hledejte vzory se z\u00e1kladn\u00edmi tvary, jako jsou obd\u00e9ln\u00edky, \u010dtverce nebo minim\u00e1ln\u00ed k\u0159ivky. Ty vy\u017eaduj\u00ed m\u00e9n\u011b slo\u017eit\u00e9 st\u0159\u00edh\u00e1n\u00ed a skl\u00e1d\u00e1n\u00ed.<\/li>\n<li data-sourcepos=\"6:1-6:172\"><strong><span class=\"citation-0 recitation\">Pleten\u00e9 l\u00e1tky:<\/span><\/strong><span class=\"citation-0 recitation citation-end-0\"> Tyto l\u00e1tky jsou pru\u017en\u00e9, tak\u017ee jsou pro za\u010d\u00e1te\u010dn\u00edky \u0161etrn\u011bj\u0161\u00ed.<\/span> \u010casto tak\u00e9 nevy\u017eaduj\u00ed dokon\u010dov\u00e1n\u00ed okraj\u016f, co\u017e \u0161et\u0159\u00ed v\u00e1\u0161 \u010das.<span class=\"button-container hide-from-message-actions ng-star-inserted\">\u00a0 \u00a0<\/span>\n<div class=\"container ng-tns-c2960411664-24 hide\">\n<div class=\"carousel-container ng-tns-c2960411664-24\"><\/div>\n<\/div>\n<\/li>\n<li data-sourcepos=\"7:1-7:95\"><strong>Minim\u00e1ln\u00ed \u0161vy:<\/strong> \u010c\u00edm m\u00e9n\u011b \u0161v\u016f vzor m\u00e1, t\u00edm rychleji a snadn\u011bji se \u0161ije.<\/li>\n<li data-sourcepos=\"8:1-9:0\"><strong>\u017d\u00e1dn\u00e9 komplikovan\u00e9 uz\u00e1v\u011bry:<\/strong> Na za\u010d\u00e1tku se vyhn\u011bte vzor\u016fm se zipy, knofl\u00edkov\u00fdmi d\u00edrkami nebo slo\u017eit\u00fdm zap\u00edn\u00e1n\u00edm.<\/li>\n<\/ul>\n<h3 data-sourcepos=\"10:1-10:32\"><strong>Snadn\u00e9 \u0161it\u00ed d\u00e1msk\u00fdch top\u016f ke zv\u00e1\u017een\u00ed:<\/strong><\/h3>\n<ul data-sourcepos=\"12:1-17:0\">\n<li data-sourcepos=\"12:1-12:133\"><strong>Tri\u010dka:<\/strong> Ne nadarmo je to klasika! <span class=\"citation-1 recitation citation-end-1\">Z\u00e1kladn\u00ed vzory tri\u010dek jsou snadno dostupn\u00e9 a p\u0159edstavuj\u00ed skv\u011bl\u00fd v\u00fdchoz\u00ed bod.<\/span><span class=\"button-container hide-from-message-actions ng-star-inserted\"> \u00a0<\/span>\n<div class=\"container ng-tns-c2960411664-25 hide\">\n<div class=\"carousel-container ng-tns-c2960411664-25\"><\/div>\n<\/div>\n<\/li>\n<li data-sourcepos=\"13:1-13:96\"><strong>T\u00edlka:<\/strong> Jednoduch\u00e1 t\u00edlka se \u0161irok\u00fdmi ram\u00ednky nebo z\u00e1kladn\u00edmi tvary jsou velmi snadn\u00e1.<\/li>\n<li data-sourcepos=\"14:1-14:110\"><strong>Vrchn\u00ed d\u00edl kimona:<\/strong> Ty \u010dasto zahrnuj\u00ed \u0161it\u00ed rovn\u00fdch lini\u00ed a mohou b\u00fdt vyrobeny z kr\u00e1sn\u00fdch drap\u00e9ri\u00ed.<\/li>\n<li data-sourcepos=\"15:1-15:97\"><strong>Jednoduch\u00e9 tuniky:<\/strong> Voln\u00e9 tuniky s minim\u00e1ln\u00edm tvarov\u00e1n\u00edm jsou pohodln\u00e9 a snadno se \u0161ij\u00ed.<\/li>\n<li data-sourcepos=\"16:1-17:0\"><strong>Shrom\u00e1\u017ed\u011bn\u00e9 topy:<\/strong> Topy s elastick\u00fdm v\u00fdst\u0159ihem nebo nab\u00edran\u00fdmi \u010d\u00e1stmi mohou b\u00fdt p\u0159ekvapiv\u011b jednoduch\u00e9.<\/li>\n<\/ul>\n<h3 data-sourcepos=\"18:1-18:43\"><strong>Kde snadno u\u0161\u00edt d\u00e1msk\u00e9 topy Naj\u00edt vzory a inspiraci:<\/strong><\/h3>\n<ul data-sourcepos=\"20:1-24:0\">\n<li data-sourcepos=\"20:1-20:97\"><strong>\u0160it\u00ed Essential:<\/strong> Tyto webov\u00e9 str\u00e1nky nab\u00edzej\u00ed \u0159adu vzor\u016f a zdroj\u016f pro za\u010d\u00e1te\u010dn\u00edky.<\/li>\n<li data-sourcepos=\"21:1-21:99\"><strong>Jednoduch\u00e9 \u0161it\u00ed:<\/strong> <span class=\"citation-2 recitation citation-end-2\">Zam\u011b\u0159uj\u00ed se na jednoduch\u00e9 a stylov\u00e9 vzory s jasn\u00fdmi pokyny.<\/span><span class=\"button-container hide-from-message-actions ng-star-inserted\">\u00a0<\/span>\n<div class=\"container ng-tns-c2960411664-26 hide\">\n<div class=\"carousel-container ng-tns-c2960411664-26\"><\/div>\n<\/div>\n<\/li>\n<li data-sourcepos=\"22:1-22:120\"><strong><span class=\"citation-3 recitation\">Pinterest:<\/span><\/strong><span class=\"citation-3 recitation citation-end-3\"> Pokladnice n\u00e1pad\u016f pro kutily, v\u010detn\u011b mnoha bezplatn\u00fdch n\u00e1vod\u016f a vzor\u016f pro snadn\u00e9 svr\u0161ky.<\/span><span class=\"button-container hide-from-message-actions ng-star-inserted\"> \u00a0<\/span>\n<div class=\"container ng-tns-c2960411664-27 hide\">\n<div class=\"carousel-container ng-tns-c2960411664-27\"><\/div>\n<\/div>\n<\/li>\n<li data-sourcepos=\"23:1-24:0\"><strong>Simplicity, McCall's, Butterick:<\/strong> Tyto spole\u010dnosti nab\u00edzej\u00ed \u0161irokou \u0161k\u00e1lu vzor\u016f, \u010dasto rozd\u011blen\u00fdch podle \u00farovn\u011b dovednost\u00ed.<\/li>\n<\/ul>\n<h3 data-sourcepos=\"25:1-25:23\"><strong>Tipy pro za\u010d\u00e1te\u010dn\u00edky:<\/strong><\/h3>\n<ul data-sourcepos=\"27:1-31:0\">\n<li data-sourcepos=\"27:1-27:102\"><strong>Za\u010dn\u011bte s jednoduch\u00fdm projektem:<\/strong> Na prvn\u00ed pokus se nepokou\u0161ejte \u0159e\u0161it n\u011bco p\u0159\u00edli\u0161 slo\u017eit\u00e9ho.<\/li>\n<li data-sourcepos=\"28:1-28:99\"><strong>Zvolte spr\u00e1vnou l\u00e1tku:<\/strong> S pleteninami se obecn\u011b pracuje l\u00e9pe ne\u017e s tkaninami.<\/li>\n<li data-sourcepos=\"29:1-29:93\"><strong>Pe\u010dliv\u011b si p\u0159e\u010dt\u011bte pokyny:<\/strong> Ne\u017e za\u010dnete, ujist\u011bte se, \u017ee jste pochopili jednotliv\u00e9 kroky.<\/li>\n<li data-sourcepos=\"30:1-31:0\"><strong>Nebojte se po\u017e\u00e1dat o pomoc:<\/strong> Pokud se zaseknete, je k dispozici mnoho online komunit a zdroj\u016f, kter\u00e9 v\u00e1m pomohou.<\/li>\n<\/ul>\n<p data-sourcepos=\"32:1-32:128\">Pokud m\u00e1te konkr\u00e9tn\u00ed dotazy nebo chcete prozkoumat konkr\u00e9tn\u00ed styl topu, jsem p\u0159ipraven v\u00e1m d\u00e1le pomoci. Sta\u010d\u00ed mi d\u00e1t v\u011bd\u011bt!<\/p>\n<\/div>\n<div class=\"skeleton-loader-container\"><\/div>","protected":false},"excerpt":{"rendered":"<table style=\"height: 518px;\" width=\"411\">\n<tbody>\n<tr>\n<td width=\"146\"><strong><b>Produkt<\/b><\/strong>\u00a0<strong><b>Jm\u00e9no:<\/b><\/strong><\/td>\n<td width=\"601\"><strong>Snadn\u00e9 \u0161it\u00ed d\u00e1msk\u00fdch top\u016f<\/strong><\/td>\n<\/tr>\n<tr>\n<td width=\"146\"><strong><b>Materlal:<\/b><\/strong><\/td>\n<td width=\"601\">Pleten\u00ed<\/td>\n<\/tr>\n<tr>\n<td width=\"146\"><strong><b>Technika:<\/b><\/strong><\/td>\n<td width=\"601\">Vy\u0161\u00edvan\u00e9<\/td>\n<\/tr>\n<tr>\n<td width=\"146\"><strong><b>Styl:<\/b><\/strong><\/td>\n<td width=\"601\">P\u0159\u00edle\u017eitostn\u00e9<\/td>\n<\/tr>\n<tr>\n<td width=\"146\"><strong><b>Barva<\/b><\/strong><strong><b>:<\/b><\/strong><\/td>\n<td width=\"601\">\u00a0Vlastn\u00ed barvy<\/td>\n<\/tr>\n<tr>\n<td width=\"146\"><strong><b>Velikost:<\/b><\/strong><\/td>\n<td width=\"601\">S \/M \/L \/XL \/2XL<\/td>\n<\/tr>\n<tr>\n<td width=\"146\"><strong><b>OEM\/ODM:<\/b><\/strong><\/td>\n<td width=\"601\">P\u0159ijateln\u00e9<\/td>\n<\/tr>\n<tr>\n<td width=\"146\"><strong><b>Kvalita:<\/b><\/strong><\/td>\n<td width=\"601\">100% Vysok\u00e1 kvalita<\/td>\n<\/tr>\n<tr>\n<td width=\"146\"><strong><b>M<\/b><\/strong><strong><b>OQ:<\/b><\/strong><\/td>\n<td width=\"601\">200 ks<\/td>\n<\/tr>\n<\/tbody>\n<\/table>","protected":false},"featured_media":1956,"template":"","meta":[],"product_brand":[],"product_cat":[39],"product_tag":[],"class_list":{"0":"post-1946","1":"product","2":"type-product","3":"status-publish","4":"has-post-thumbnail","6":"product_cat-womens-clothing","8":"first","9":"instock","10":"shipping-taxable","11":"product-type-simple"},"_links":{"self":[{"href":"https:\/\/mj-clothing.com\/cs\/wp-json\/wp\/v2\/product\/1946","targetHints":{"allow":["GET"]}}],"collection":[{"href":"https:\/\/mj-clothing.com\/cs\/wp-json\/wp\/v2\/product"}],"about":[{"href":"https:\/\/mj-clothing.com\/cs\/wp-json\/wp\/v2\/types\/product"}],"wp:featuredmedia":[{"embeddable":true,"href":"https:\/\/mj-clothing.com\/cs\/wp-json\/wp\/v2\/media\/1956"}],"wp:attachment":[{"href":"https:\/\/mj-clothing.com\/cs\/wp-json\/wp\/v2\/media?parent=1946"}],"wp:term":[{"taxonomy":"product_brand","embeddable":true,"href":"https:\/\/mj-clothing.com\/cs\/wp-json\/wp\/v2\/product_brand?post=1946"},{"taxonomy":"product_cat","embeddable":true,"href":"https:\/\/mj-clothing.com\/cs\/wp-json\/wp\/v2\/product_cat?post=1946"},{"taxonomy":"product_tag","embeddable":true,"href":"https:\/\/mj-clothing.com\/cs\/wp-json\/wp\/v2\/product_tag?post=1946"}],"curies":[{"name":"wp","href":"https:\/\/api.w.org\/{rel}","templated":true}]}}