{"id":1960,"date":"2024-12-17T03:10:50","date_gmt":"2024-12-17T03:10:50","guid":{"rendered":"https:\/\/mj-clothing.com\/?post_type=product&#038;p=1960"},"modified":"2024-12-17T03:10:50","modified_gmt":"2024-12-17T03:10:50","slug":"periwinkle-womens-tops","status":"publish","type":"product","link":"https:\/\/mj-clothing.com\/cs\/manufacturer\/periwinkle-womens-tops\/","title":{"rendered":"Periwinkle D\u00e1msk\u00e9 topy"},"content":{"rendered":"<div id=\"model-response-message-contentr_7f973865284483ec\" class=\"markdown markdown-main-panel response-optimization\" dir=\"ltr\">\n<p data-sourcepos=\"1:1-1:279\">D\u00e1msk\u00fd top Periwinkle je kr\u00e1sn\u00e1, jemn\u00e1 a univerz\u00e1ln\u00ed barva, kter\u00e1 dod\u00e1 ka\u017ed\u00e9mu oble\u010den\u00ed n\u00e1dech elegance a \u017eenskosti. <span class=\"citation-0 recitation citation-end-0\">Je to sv\u011btle fialov\u00e1 s n\u00e1dechem do modra, \u010dasto popisovan\u00e1 jako sv\u011btle levandulov\u00e1 nebo sv\u011btle fialov\u00e1.<\/span> Zde je popis toho, pro\u010d jsou d\u00e1msk\u00e9 topy v barv\u011b periwinkle tak p\u0159ita\u017eliv\u00e9:<span class=\"button-container hide-from-message-actions ng-star-inserted\">\u00a0 \u00a0<\/span><\/p>\n<h3 data-sourcepos=\"3:1-3:39\"><strong>Pro\u010d Periwinkle D\u00e1msk\u00e9 topy funguje dob\u0159e pro topy:<\/strong><\/h3>\n<ul data-sourcepos=\"5:1-9:0\">\n<li data-sourcepos=\"5:1-5:138\"><strong>Lichot\u00ed mnoha odst\u00edn\u016fm pleti:<\/strong> Barva Periwinkle m\u00e1 studen\u00e9 i tepl\u00e9 t\u00f3ny, tak\u017ee lichot\u00ed \u0161irok\u00e9 \u0161k\u00e1le pleti.<\/li>\n<li data-sourcepos=\"6:1-6:105\"><strong>Jemn\u00e1 a uklid\u0148uj\u00edc\u00ed:<\/strong> <span class=\"citation-1 recitation citation-end-1\">Je to jemn\u00e1 barva, kter\u00e1 navozuje pocity klidu a m\u00edru.<\/span><span class=\"button-container hide-from-message-actions ng-star-inserted\"> \u00a0<\/span>\n<div class=\"container ng-tns-c2960411664-45 hide\">\n<div class=\"carousel-container ng-tns-c2960411664-45\"><\/div>\n<\/div>\n<\/li>\n<li data-sourcepos=\"7:1-7:111\"><strong><span class=\"citation-2 recitation\">V\u0161estrannost:<\/span><\/strong><span class=\"citation-2 recitation citation-end-2\"> R\u016f\u017eovou barvu lze obl\u00e9knout nahoru i dol\u016f, tak\u017ee se hod\u00ed pro r\u016fzn\u00e9 p\u0159\u00edle\u017eitosti.<\/span><span class=\"button-container hide-from-message-actions ng-star-inserted\"> \u00a0<\/span>\n<div class=\"container ng-tns-c2960411664-46 hide\">\n<div class=\"carousel-container ng-tns-c2960411664-46\"><\/div>\n<\/div>\n<\/li>\n<li data-sourcepos=\"8:1-9:0\"><strong>Dob\u0159e se kombinuje s dal\u0161\u00edmi barvami:<\/strong> Dopl\u0148uje neutr\u00e1ln\u00ed barvy, jako je b\u00edl\u00e1, \u0161ed\u00e1 a b\u00e9\u017eov\u00e1, ale i dal\u0161\u00ed barvy, jako je r\u016f\u017eov\u00e1, zelen\u00e1 a dokonce i \u017elut\u00e1.<\/li>\n<\/ul>\n<h3 data-sourcepos=\"10:1-10:44\"><strong>Typy d\u00e1msk\u00fdch top\u016f Periwinkle, kter\u00e9 m\u016f\u017eete naj\u00edt:<\/strong><\/h3>\n<ul data-sourcepos=\"12:1-16:0\">\n<li data-sourcepos=\"12:1-12:164\"><strong>Tri\u010dka a topy pro voln\u00fd \u010das:<\/strong> R\u016f\u017eov\u00e9 tri\u010dko nebo le\u017e\u00e9rn\u00ed top se hod\u00ed na ka\u017edodenn\u00ed no\u0161en\u00ed. Kombinujte ho s d\u017e\u00ednami, \u0161ortkami nebo le\u017e\u00e9rn\u00ed sukn\u00ed, abyste vypadali uvoln\u011bn\u011b.<\/li>\n<li data-sourcepos=\"13:1-13:198\"><strong><span class=\"citation-3 recitation\">Halenky a slu\u0161iv\u00e9 topy:<\/span><\/strong><span class=\"citation-3 recitation citation-end-3\"> K slavnostn\u011bj\u0161\u00edm p\u0159\u00edle\u017eitostem lze obl\u00e9knout hedv\u00e1bnou, sat\u00e9novou nebo \u0161ifonovou halenku v barv\u011b periwinkle.<\/span> Kombinujte je s kalhotami, sukn\u00ed nebo t\u0159eba pod blejzrem.<span class=\"button-container hide-from-message-actions ng-star-inserted\"> \u00a0<\/span>\n<div class=\"container ng-tns-c2960411664-47 hide\">\n<div class=\"carousel-container ng-tns-c2960411664-47\"><\/div>\n<\/div>\n<\/li>\n<li data-sourcepos=\"14:1-14:110\"><strong>Svetry a kardigany:<\/strong> R\u016f\u017eov\u00fd svetr nebo kardigan je skv\u011bl\u00fdm vrstven\u00fdm kouskem do chladn\u011bj\u0161\u00edho po\u010das\u00ed.<\/li>\n<li data-sourcepos=\"15:1-16:0\"><strong><span class=\"citation-4 recitation\">T\u00edlka a t\u00edlka:<\/span><\/strong><span class=\"citation-4 recitation citation-end-4\"> Bled\u011bmodr\u00e9 t\u00edlko nebo kamizolu m\u016f\u017eete v tepl\u00e9m po\u010das\u00ed nosit samostatn\u011b nebo je vrstvit pod jin\u00e9 topy.<\/span><span class=\"button-container hide-from-message-actions ng-star-inserted\">\u00a0<\/span>\n<div class=\"container ng-tns-c2960411664-48 hide\">\n<div class=\"carousel-container ng-tns-c2960411664-48\">\n<div class=\"carousel-content ng-tns-c2960411664-48\">\n<div class=\"sources-carousel-source ng-tns-c2960411664-48 hide ng-star-inserted\" data-test-id=\"sources-carousel-source\"><\/div>\n<\/div>\n<\/div>\n<\/div>\n<\/li>\n<\/ul>\n<h3 data-sourcepos=\"17:1-17:33\"><strong>Jak stylizovat r\u016f\u017eov\u00e9 topy:<\/strong><\/h3>\n<ul data-sourcepos=\"19:1-23:0\">\n<li data-sourcepos=\"19:1-19:100\"><strong>P\u0159\u00edle\u017eitostn\u00e9:<\/strong> Sv\u011b\u017e\u00ed a le\u017e\u00e9rn\u00ed vzhled z\u00edsk\u00e1te, kdy\u017e si k b\u00edl\u00fdm d\u017e\u00edn\u016fm a tenisk\u00e1m obl\u00e9knete tri\u010dko v barv\u011b periwinkle.<\/li>\n<li data-sourcepos=\"20:1-20:117\"><strong>Business Casual:<\/strong> Oble\u010dte si r\u016f\u017eovou halenku s \u0161ed\u00fdmi kalhotami a podpatky a z\u00edskejte profesion\u00e1ln\u00ed a z\u00e1rove\u0148 stylov\u00fd outfit.<\/li>\n<li data-sourcepos=\"21:1-21:104\"><strong>\u0160aty:<\/strong> Elegantn\u00ed ve\u010dern\u00ed vzhled vytvo\u0159\u00edte kombinac\u00ed sat\u00e9nov\u00e9ho topu v barv\u011b periwinkle s \u010dernou sukn\u00ed a podpatky.<\/li>\n<li data-sourcepos=\"22:1-23:0\"><strong>Bohemian:<\/strong> V boh\u00e9msk\u00e9m stylu obl\u00e9kn\u011bte r\u016f\u017eov\u00fd spl\u00fdvav\u00fd top s dlouhou sukn\u00ed a sand\u00e1ly.<\/li>\n<\/ul>\n<p data-sourcepos=\"32:1-32:113\">\n<\/div>","protected":false},"excerpt":{"rendered":"<table style=\"height: 501px;\" width=\"369\">\n<tbody>\n<tr>\n<td width=\"146\"><strong><b>Produkt<\/b><\/strong>\u00a0<strong><b>Jm\u00e9no:<\/b><\/strong><\/td>\n<td width=\"601\"><strong>Periwinkle D\u00e1msk\u00e9 topy<\/strong><\/td>\n<\/tr>\n<tr>\n<td width=\"146\"><strong><b>Materlal:<\/b><\/strong><\/td>\n<td width=\"601\">Pleten\u00ed<\/td>\n<\/tr>\n<tr>\n<td width=\"146\"><strong><b>Technika: <\/b><\/strong><\/td>\n<td width=\"601\">Vy\u0161\u00edvan\u00e9<\/td>\n<\/tr>\n<tr>\n<td width=\"146\"><strong><b>Styl: <\/b><\/strong><\/td>\n<td width=\"601\">P\u0159\u00edle\u017eitostn\u00e9<\/td>\n<\/tr>\n<tr>\n<td width=\"146\"><strong><b>Barva<\/b><\/strong><strong><b>:<\/b><\/strong><\/td>\n<td width=\"601\">\u00a0Vlastn\u00ed barvy<\/td>\n<\/tr>\n<tr>\n<td width=\"146\"><strong><b>Velikost:<\/b><\/strong><\/td>\n<td width=\"601\">S \/M \/L \/XL \/2XL<\/td>\n<\/tr>\n<tr>\n<td width=\"146\"><strong><b>OEM\/ODM:<\/b><\/strong><\/td>\n<td width=\"601\">P\u0159ijateln\u00e9<\/td>\n<\/tr>\n<tr>\n<td width=\"146\"><strong><b>Kvalita:<\/b><\/strong><\/td>\n<td width=\"601\">100% Vysok\u00e1 kvalita<\/td>\n<\/tr>\n<tr>\n<td width=\"146\"><strong><b>M<\/b><\/strong><strong><b>OQ:<\/b><\/strong><\/td>\n<td width=\"601\">200 ks<\/td>\n<\/tr>\n<\/tbody>\n<\/table>","protected":false},"featured_media":1961,"template":"","meta":[],"product_brand":[],"product_cat":[39],"product_tag":[],"class_list":{"0":"post-1960","1":"product","2":"type-product","3":"status-publish","4":"has-post-thumbnail","6":"product_cat-womens-clothing","8":"first","9":"instock","10":"shipping-taxable","11":"product-type-simple"},"_links":{"self":[{"href":"https:\/\/mj-clothing.com\/cs\/wp-json\/wp\/v2\/product\/1960","targetHints":{"allow":["GET"]}}],"collection":[{"href":"https:\/\/mj-clothing.com\/cs\/wp-json\/wp\/v2\/product"}],"about":[{"href":"https:\/\/mj-clothing.com\/cs\/wp-json\/wp\/v2\/types\/product"}],"wp:featuredmedia":[{"embeddable":true,"href":"https:\/\/mj-clothing.com\/cs\/wp-json\/wp\/v2\/media\/1961"}],"wp:attachment":[{"href":"https:\/\/mj-clothing.com\/cs\/wp-json\/wp\/v2\/media?parent=1960"}],"wp:term":[{"taxonomy":"product_brand","embeddable":true,"href":"https:\/\/mj-clothing.com\/cs\/wp-json\/wp\/v2\/product_brand?post=1960"},{"taxonomy":"product_cat","embeddable":true,"href":"https:\/\/mj-clothing.com\/cs\/wp-json\/wp\/v2\/product_cat?post=1960"},{"taxonomy":"product_tag","embeddable":true,"href":"https:\/\/mj-clothing.com\/cs\/wp-json\/wp\/v2\/product_tag?post=1960"}],"curies":[{"name":"wp","href":"https:\/\/api.w.org\/{rel}","templated":true}]}}