{"id":2001,"date":"2024-12-17T08:02:02","date_gmt":"2024-12-17T08:02:02","guid":{"rendered":"https:\/\/mj-clothing.com\/?post_type=product&#038;p=2001"},"modified":"2024-12-17T08:57:32","modified_gmt":"2024-12-17T08:57:32","slug":"womens-surplice-top","status":"publish","type":"product","link":"https:\/\/mj-clothing.com\/cs\/manufacturer\/womens-surplice-top\/","title":{"rendered":"D\u00e1msk\u00fd top s v\u00fdst\u0159ihem"},"content":{"rendered":"<p data-sourcepos=\"1:1-1:164\">D\u00e1msk\u00fd top s v\u00fdst\u0159ihem je stylov\u00fd a lichotiv\u00fd od\u011bv zn\u00e1m\u00fd sv\u00fdm v\u00fdrazn\u00fdm v\u00fdst\u0159ihem. Zde je p\u0159ehled jeho kl\u00ed\u010dov\u00fdch vlastnost\u00ed a d\u016fvod\u016f, pro\u010d je obl\u00edben\u00fd:<\/p>\n<h3 data-sourcepos=\"3:1-3:27\"><strong>Co je to d\u00e1msk\u00fd top s n\u00e1pletem?<\/strong><\/h3>\n<p data-sourcepos=\"5:1-5:212\">Charakteristick\u00fdm znakem svrchn\u00edho d\u00edlu surpitu je jeho <strong>p\u0159ekr\u00fdvaj\u00edc\u00ed se p\u0159edn\u00ed panely<\/strong> kter\u00e9 vytv\u00e1\u0159ej\u00ed diagon\u00e1ln\u00ed v\u00fdst\u0159ih nebo v\u00fdst\u0159ih ve tvaru p\u00edsmene V. Tento design je inspirov\u00e1n tradi\u010dn\u00edm c\u00edrkevn\u00edm rouchem zvan\u00fdm surlice.<\/p>\n<p data-sourcepos=\"7:1-7:27\">Zde jsou n\u011bkter\u00e9 kl\u00ed\u010dov\u00e9 funkce:<\/p>\n<ul data-sourcepos=\"9:1-14:0\">\n<li data-sourcepos=\"9:1-9:98\"><strong>P\u0159ekr\u00fdvaj\u00edc\u00ed se fronta:<\/strong> Tkanina se p\u0159es sebe p\u0159ek\u0159\u00ed\u017e\u00ed a vytvo\u0159\u00ed efekt zavinut\u00ed nebo fale\u0161n\u00e9ho zavinut\u00ed.<\/li>\n<li data-sourcepos=\"10:1-10:131\"><strong>V\u00fdst\u0159ih do V nebo diagon\u00e1ln\u00ed v\u00fdst\u0159ih:<\/strong> Tento v\u00fdst\u0159ih je obvykle pom\u011brn\u011b hlubok\u00fd a prodlu\u017euj\u00edc\u00ed, co\u017e lichot\u00ed mnoha typ\u016fm postavy.<\/li>\n<li data-sourcepos=\"11:1-11:133\"><strong>R\u016fzn\u00e9 styly ruk\u00e1v\u016f:<\/strong> P\u0159ekryvn\u00e9 topy mohou m\u00edt kr\u00e1tk\u00e9 ruk\u00e1vy, dlouh\u00e9 ruk\u00e1vy, t\u0159\u00ed\u010dtvrte\u010dn\u00ed ruk\u00e1vy nebo mohou b\u00fdt dokonce bez ruk\u00e1v\u016f.<\/li>\n<li data-sourcepos=\"12:1-12:179\"><strong>R\u016fzn\u00e9 tkaniny:<\/strong> Mohou b\u00fdt vyrobeny z r\u016fzn\u00fdch materi\u00e1l\u016f, v\u010detn\u011b \u00faplet\u016f, tkanin, hedv\u00e1b\u00ed, \u017eerzeje a dal\u0161\u00edch. V\u00fdb\u011br l\u00e1tky ovliv\u0148uje st\u0159ih a celkov\u00fd vzhled topu.<\/li>\n<li data-sourcepos=\"13:1-14:0\"><strong>P\u0159izp\u016fsoben\u00e9 nebo voln\u00e9:<\/strong> St\u0159ih m\u016f\u017ee b\u00fdt r\u016fzn\u00fd, od vypasovan\u00e9ho a\u017e po voln\u00fd a spl\u00fdvav\u00fd, v z\u00e1vislosti na designu a materi\u00e1lu.<\/li>\n<\/ul>\n<h3 data-sourcepos=\"15:1-15:34\"><strong>Pro\u010d jsou d\u00e1msk\u00e9 tri\u010dka Surplice Top popul\u00e1rn\u00ed?<\/strong><\/h3>\n<ul data-sourcepos=\"17:1-21:0\">\n<li data-sourcepos=\"17:1-17:188\"><strong>Lichotiv\u00fd v\u00fdst\u0159ih:<\/strong> V\u00fdst\u0159ih do V nebo diagon\u00e1ln\u00ed v\u00fdst\u0159ih prodlu\u017euje krk a trup a vytv\u00e1\u0159\u00ed ze\u0161t\u00edhluj\u00edc\u00ed efekt. Rovn\u011b\u017e lichotiv\u011b zv\u00fdraz\u0148uje kl\u00ed\u010dn\u00ed kosti a poprs\u00ed.<\/li>\n<li data-sourcepos=\"18:1-18:107\"><strong>\u017densk\u00fd a elegantn\u00ed:<\/strong> P\u0159ekr\u00fdvaj\u00edc\u00ed se design dod\u00e1 ka\u017ed\u00e9mu oble\u010den\u00ed n\u00e1dech \u017eenskosti a elegance.<\/li>\n<li data-sourcepos=\"19:1-19:103\"><strong>V\u0161estrannost:<\/strong> P\u0159ekryvn\u00e9 topy lze obl\u00e9knout nahoru i dol\u016f, tak\u017ee se hod\u00ed pro r\u016fzn\u00e9 p\u0159\u00edle\u017eitosti.<\/li>\n<li data-sourcepos=\"20:1-21:0\"><strong>Pohodln\u00e9:<\/strong> V z\u00e1vislosti na materi\u00e1lu a st\u0159ihu mohou b\u00fdt velmi pohodln\u00e9 na no\u0161en\u00ed.<\/li>\n<\/ul>\n<h3 data-sourcepos=\"22:1-22:32\"><strong>Jak stylizovat d\u00e1msk\u00fd top s v\u00fdst\u0159ihem:<\/strong><\/h3>\n<ul data-sourcepos=\"24:1-28:0\">\n<li data-sourcepos=\"24:1-24:90\"><strong>P\u0159\u00edle\u017eitostn\u00e9:<\/strong> Kombinujte ji s d\u017e\u00ednami, \u0161ortkami nebo le\u017e\u00e9rn\u00ed sukn\u00ed a z\u00edskejte uvoln\u011bn\u00fd ka\u017edodenn\u00ed vzhled.<\/li>\n<li data-sourcepos=\"25:1-25:114\"><strong>Business Casual:<\/strong> Noste ji ke kalhot\u00e1m, tu\u017ekov\u00e9 sukni nebo pod sako, aby p\u016fsobila profesion\u00e1ln\u011bji.<\/li>\n<li data-sourcepos=\"26:1-26:140\"><strong>\u0160aty:<\/strong> Zvolte si overal z luxusn\u00ed l\u00e1tky, jako je hedv\u00e1b\u00ed nebo sat\u00e9n, a na ve\u010dern\u00ed akci ho kombinujte s kalhotami nebo sukn\u00ed.<\/li>\n<li data-sourcepos=\"27:1-28:0\"><strong>Vrstven\u00ed:<\/strong> Surfov\u00fd top m\u016f\u017eete navrstvit pod svetr nebo bundu, abyste z\u00edskali v\u011bt\u0161\u00ed teplo a styl.<\/li>\n<\/ul>","protected":false},"excerpt":{"rendered":"<table style=\"height: 571px;\" width=\"446\">\n<tbody>\n<tr>\n<td width=\"146\"><strong><b>Produkt<\/b><\/strong>\u00a0<strong><b>Jm\u00e9no:<\/b><\/strong><\/td>\n<td width=\"601\"><strong>D\u00e1msk\u00fd top s v\u00fdst\u0159ihem<\/strong><\/td>\n<\/tr>\n<tr>\n<td width=\"146\"><strong><b>Materlal:<\/b><\/strong><\/td>\n<td width=\"601\">Pleten\u00ed<\/td>\n<\/tr>\n<tr>\n<td width=\"146\"><strong><b>Technika:<\/b><\/strong><\/td>\n<td width=\"601\">Vy\u0161\u00edvan\u00e9<\/td>\n<\/tr>\n<tr>\n<td width=\"146\"><strong><b>Styl:<\/b><\/strong><\/td>\n<td width=\"601\">P\u0159\u00edle\u017eitostn\u00e9<\/td>\n<\/tr>\n<tr>\n<td width=\"146\"><strong><b>Barva<\/b><\/strong><strong><b>:<\/b><\/strong><\/td>\n<td width=\"601\">\u00a0Vlastn\u00ed barvy<\/td>\n<\/tr>\n<tr>\n<td width=\"146\"><strong><b>Velikost:<\/b><\/strong><\/td>\n<td width=\"601\">S \/M \/L \/XL \/2XL<\/td>\n<\/tr>\n<tr>\n<td width=\"146\"><strong><b>OEM\/ODM:<\/b><\/strong><\/td>\n<td width=\"601\">P\u0159ijateln\u00e9<\/td>\n<\/tr>\n<tr>\n<td width=\"146\"><strong><b>Kvalita:<\/b><\/strong><\/td>\n<td width=\"601\">100% Vysok\u00e1 kvalita<\/td>\n<\/tr>\n<tr>\n<td width=\"146\"><strong><b>M<\/b><\/strong><strong><b>OQ:<\/b><\/strong><\/td>\n<td width=\"601\">200 ks<\/td>\n<\/tr>\n<\/tbody>\n<\/table>","protected":false},"featured_media":2002,"template":"","meta":[],"product_brand":[],"product_cat":[39],"product_tag":[],"class_list":{"0":"post-2001","1":"product","2":"type-product","3":"status-publish","4":"has-post-thumbnail","6":"product_cat-womens-clothing","8":"first","9":"instock","10":"shipping-taxable","11":"product-type-simple"},"_links":{"self":[{"href":"https:\/\/mj-clothing.com\/cs\/wp-json\/wp\/v2\/product\/2001","targetHints":{"allow":["GET"]}}],"collection":[{"href":"https:\/\/mj-clothing.com\/cs\/wp-json\/wp\/v2\/product"}],"about":[{"href":"https:\/\/mj-clothing.com\/cs\/wp-json\/wp\/v2\/types\/product"}],"wp:featuredmedia":[{"embeddable":true,"href":"https:\/\/mj-clothing.com\/cs\/wp-json\/wp\/v2\/media\/2002"}],"wp:attachment":[{"href":"https:\/\/mj-clothing.com\/cs\/wp-json\/wp\/v2\/media?parent=2001"}],"wp:term":[{"taxonomy":"product_brand","embeddable":true,"href":"https:\/\/mj-clothing.com\/cs\/wp-json\/wp\/v2\/product_brand?post=2001"},{"taxonomy":"product_cat","embeddable":true,"href":"https:\/\/mj-clothing.com\/cs\/wp-json\/wp\/v2\/product_cat?post=2001"},{"taxonomy":"product_tag","embeddable":true,"href":"https:\/\/mj-clothing.com\/cs\/wp-json\/wp\/v2\/product_tag?post=2001"}],"curies":[{"name":"wp","href":"https:\/\/api.w.org\/{rel}","templated":true}]}}