{"id":2003,"date":"2024-12-17T08:19:49","date_gmt":"2024-12-17T08:19:49","guid":{"rendered":"https:\/\/mj-clothing.com\/?post_type=product&#038;p=2003"},"modified":"2025-01-04T03:04:40","modified_gmt":"2025-01-04T03:04:40","slug":"womens-tops-for-winter","status":"publish","type":"product","link":"https:\/\/mj-clothing.com\/cs\/manufacturer\/womens-tops-for-winter\/","title":{"rendered":"D\u00e1msk\u00e9 topy na zimu"},"content":{"rendered":"<p data-sourcepos=\"1:1-1:137\">Pokud jde o d\u00e1msk\u00e9 topy na zimu, kl\u00ed\u010dem k \u00fasp\u011bchu je vyv\u00e1\u017eit styl s teplem a pohodl\u00edm. Zde je n\u011bkolik obl\u00edben\u00fdch a praktick\u00fdch mo\u017enost\u00ed pro \u017eeny:<\/p>\n<h3 data-sourcepos=\"3:1-3:28\"><strong>Pro d\u00e1msk\u00e9 topy Pro zimn\u00ed teplo a vrstven\u00ed:<\/strong><\/h3>\n<ul data-sourcepos=\"5:1-9:0\">\n<li data-sourcepos=\"5:1-5:239\"><strong>Rol\u00e1ky a v\u00fdst\u0159ihy:<\/strong> Ty jsou vynikaj\u00edc\u00ed pro udr\u017een\u00ed tepla na krku a lze je nosit samostatn\u011b nebo je vrstvit pod svetry \u010di bundy. Hledejte je v materi\u00e1lech, jako je merino vlna, ka\u0161m\u00edr nebo termopletenina, kter\u00e9 v\u00e1s je\u0161t\u011b v\u00edce zah\u0159ej\u00ed.<\/li>\n<li data-sourcepos=\"6:1-6:205\"><strong>Termo tri\u010dka s dlouh\u00fdm ruk\u00e1vem:<\/strong> Ty jsou navr\u017eeny tak, aby zachycovaly teplo a udr\u017eely v\u00e1s v teple i ve velmi chladn\u00fdch podm\u00ednk\u00e1ch. Skv\u011ble se hod\u00ed k vrstven\u00ed pod jin\u00e9 svr\u0161ky nebo k samostatn\u00e9mu no\u0161en\u00ed p\u0159i venkovn\u00edch aktivit\u00e1ch.<\/li>\n<li data-sourcepos=\"7:1-7:199\"><strong>Svetry:<\/strong> Klasick\u00e9 zimn\u00ed svetry jsou k dost\u00e1n\u00ed v r\u016fzn\u00fdch proveden\u00edch, v\u010detn\u011b svetr\u016f s v\u00fdst\u0159ihem, s v\u00fdst\u0159ihem do V, svetr\u016f a rol\u00e1k\u016f. Pro maxim\u00e1ln\u00ed teplo si vyberte materi\u00e1ly, jako je vlna, ka\u0161m\u00edr nebo fleece.<\/li>\n<li data-sourcepos=\"8:1-9:0\"><strong>Fleecov\u00e9 svr\u0161ky:<\/strong> Jsou neuv\u011b\u0159iteln\u011b m\u011bkk\u00e9, tepl\u00e9 a pohodln\u00e9. Jsou ide\u00e1ln\u00ed pro b\u011b\u017en\u00e9 no\u0161en\u00ed a venkovn\u00ed aktivity.<\/li>\n<\/ul>\n<h3 data-sourcepos=\"10:1-10:20\"><strong>D\u00e1msk\u00e9 topy pro zimn\u00ed stylov\u00e9 mo\u017enosti:<\/strong><\/h3>\n<ul data-sourcepos=\"12:1-16:0\">\n<li data-sourcepos=\"12:1-12:140\"><strong>Svetrov\u00e9 \u0161aty:<\/strong> Jsou m\u00f3dn\u00ed a \u00fatulnou volbou pro zimn\u00ed obdob\u00ed. Lze je kombinovat s pun\u010dochami a koza\u010dkami a vytvo\u0159it tak kompletn\u00ed outfit.<\/li>\n<li data-sourcepos=\"13:1-13:144\"><strong>Pleten\u00e9 tuniky:<\/strong> Ty nab\u00edzej\u00ed uvoln\u011bn\u00fd a pohodln\u00fd st\u0159ih a z\u00e1rove\u0148 vypadaj\u00ed stylov\u011b. Lze je kombinovat s leg\u00ednami nebo \u00fazk\u00fdmi d\u017e\u00ednami.<\/li>\n<li data-sourcepos=\"14:1-14:142\"><strong>Sametov\u00e9 topy:<\/strong> Samet dod\u00e1 ka\u017ed\u00e9mu oble\u010den\u00ed eleganci a h\u0159ejivost. Jsou ide\u00e1ln\u00ed na sv\u00e1te\u010dn\u00ed ve\u010d\u00edrky nebo jin\u00e9 zvl\u00e1\u0161tn\u00ed p\u0159\u00edle\u017eitosti.<\/li>\n<li data-sourcepos=\"15:1-16:0\"><strong>Ko\u0161ile na knofl\u00edky (flanelov\u00e9 nebo man\u0161estrov\u00e9):<\/strong> Lze je nosit samostatn\u011b nebo je pro v\u011bt\u0161\u00ed teplo navrstvit na rol\u00e1k \u010di termotriko.<\/li>\n<\/ul>\n<h3 data-sourcepos=\"17:1-17:26\"><strong>Materi\u00e1ly, kter\u00e9 je t\u0159eba hledat pro d\u00e1msk\u00e9 topy na zimu:<\/strong><\/h3>\n<ul data-sourcepos=\"19:1-24:0\">\n<li data-sourcepos=\"19:1-19:68\"><strong>Vlna:<\/strong> P\u0159irozen\u00fd izolant, kter\u00fd udr\u017euje teplo, i kdy\u017e je mokr\u00fd.<\/li>\n<li data-sourcepos=\"20:1-20:90\"><strong>Ka\u0161m\u00edr:<\/strong> Luxusn\u00ed a neuv\u011b\u0159iteln\u011b m\u011bkk\u00fd materi\u00e1l, kter\u00fd v\u00fdborn\u011b h\u0159eje.<\/li>\n<li data-sourcepos=\"21:1-21:91\"><strong>Fleece:<\/strong> M\u011bkk\u00fd a h\u0159ejiv\u00fd syntetick\u00fd materi\u00e1l, kter\u00fd je z\u00e1rove\u0148 lehk\u00fd a prody\u0161n\u00fd.<\/li>\n<li data-sourcepos=\"22:1-22:82\"><strong>Term\u00e1ln\u00ed \u00faplety:<\/strong> Je navr\u017een tak, aby zachycoval teplo a udr\u017eoval v\u00e1s v teple v chladn\u00fdch podm\u00ednk\u00e1ch.<\/li>\n<li data-sourcepos=\"23:1-24:0\"><strong>Bavlna:<\/strong> Bavlna sice nen\u00ed tak h\u0159ejiv\u00e1 jako vlna nebo fleece, ale je prody\u0161n\u00e1 a pohodln\u00e1 pro vrstven\u00ed.<\/li>\n<\/ul>\n<h3 data-sourcepos=\"25:1-25:34\"><strong>Tipy na d\u00e1msk\u00e9 topy na zimu:<\/strong><\/h3>\n<ul data-sourcepos=\"27:1-30:0\">\n<li data-sourcepos=\"27:1-27:222\"><strong>Vezm\u011bte v \u00favahu klima:<\/strong> Pokud \u017eijete ve velmi chladn\u00e9m podneb\u00ed, up\u0159ednostn\u011bte teplo a zvolte materi\u00e1ly, jako je vlna nebo fleece. Pokud \u017eijete v m\u00edrn\u011bj\u0161\u00edm podneb\u00ed, m\u016f\u017eete zvolit leh\u010d\u00ed materi\u00e1ly, jako je bavlna nebo ten\u010d\u00ed \u00faplety.<\/li>\n<li data-sourcepos=\"28:1-28:107\"><strong>P\u0159em\u00fd\u0161lejte o vrstven\u00ed:<\/strong> Vyb\u00edrejte si svr\u0161ky, kter\u00e9 lze snadno vrstvit pod jin\u00e9 oble\u010den\u00ed, abyste se zah\u0159\u00e1li.<\/li>\n<li data-sourcepos=\"29:1-30:0\"><strong>Nezapome\u0148te na styl:<\/strong> Zimn\u00ed svr\u0161ky mohou b\u00fdt funk\u010dn\u00ed i m\u00f3dn\u00ed. Vyberte si styly a barvy, kter\u00e9 se v\u00e1m l\u00edb\u00ed a kter\u00e9 dopln\u00ed v\u00e1\u0161 \u0161atn\u00edk.<\/li>\n<\/ul>\n<p data-sourcepos=\"31:1-31:126\">Zv\u00e1\u017e\u00edte-li tyto faktory, m\u016f\u017eete naj\u00edt dokonal\u00e9 d\u00e1msk\u00e9 topy, kter\u00e9 v\u00e1s zah\u0159ej\u00ed a budou stylov\u00e9 po celou zimn\u00ed sez\u00f3nu.<\/p>","protected":false},"excerpt":{"rendered":"<table style=\"height: 515px;\" width=\"480\">\n<tbody>\n<tr>\n<td width=\"146\"><strong><b>Produkt<\/b><\/strong>\u00a0<strong><b>Jm\u00e9no:<\/b><\/strong><\/td>\n<td width=\"601\"><strong>D\u00e1msk\u00e9 topy na zimu<\/strong><\/td>\n<\/tr>\n<tr>\n<td width=\"146\"><strong><b>Materlal:<\/b><\/strong><\/td>\n<td width=\"601\">Pleten\u00ed<\/td>\n<\/tr>\n<tr>\n<td width=\"146\"><strong><b>Technika:<\/b><\/strong><\/td>\n<td width=\"601\">Vy\u0161\u00edvan\u00e9<\/td>\n<\/tr>\n<tr>\n<td width=\"146\"><strong><b>Styl:<\/b><\/strong><\/td>\n<td width=\"601\">P\u0159\u00edle\u017eitostn\u00e9<\/td>\n<\/tr>\n<tr>\n<td width=\"146\"><strong><b>Barva<\/b><\/strong><strong><b>:<\/b><\/strong><\/td>\n<td width=\"601\">\u00a0Vlastn\u00ed barvy<\/td>\n<\/tr>\n<tr>\n<td width=\"146\"><strong><b>Velikost:<\/b><\/strong><\/td>\n<td width=\"601\">S \/M \/L \/XL \/2XL<\/td>\n<\/tr>\n<tr>\n<td width=\"146\"><strong><b>OEM\/ODM:<\/b><\/strong><\/td>\n<td width=\"601\">P\u0159ijateln\u00e9<\/td>\n<\/tr>\n<tr>\n<td width=\"146\"><strong><b>Kvalita:<\/b><\/strong><\/td>\n<td width=\"601\">100% Vysok\u00e1 kvalita<\/td>\n<\/tr>\n<tr>\n<td width=\"146\"><strong><b>M<\/b><\/strong><strong><b>OQ:<\/b><\/strong><\/td>\n<td width=\"601\">200 ks<\/td>\n<\/tr>\n<\/tbody>\n<\/table>","protected":false},"featured_media":2088,"template":"","meta":[],"product_brand":[],"product_cat":[39],"product_tag":[],"class_list":{"0":"post-2003","1":"product","2":"type-product","3":"status-publish","4":"has-post-thumbnail","6":"product_cat-womens-clothing","8":"first","9":"instock","10":"shipping-taxable","11":"product-type-simple"},"_links":{"self":[{"href":"https:\/\/mj-clothing.com\/cs\/wp-json\/wp\/v2\/product\/2003","targetHints":{"allow":["GET"]}}],"collection":[{"href":"https:\/\/mj-clothing.com\/cs\/wp-json\/wp\/v2\/product"}],"about":[{"href":"https:\/\/mj-clothing.com\/cs\/wp-json\/wp\/v2\/types\/product"}],"wp:featuredmedia":[{"embeddable":true,"href":"https:\/\/mj-clothing.com\/cs\/wp-json\/wp\/v2\/media\/2088"}],"wp:attachment":[{"href":"https:\/\/mj-clothing.com\/cs\/wp-json\/wp\/v2\/media?parent=2003"}],"wp:term":[{"taxonomy":"product_brand","embeddable":true,"href":"https:\/\/mj-clothing.com\/cs\/wp-json\/wp\/v2\/product_brand?post=2003"},{"taxonomy":"product_cat","embeddable":true,"href":"https:\/\/mj-clothing.com\/cs\/wp-json\/wp\/v2\/product_cat?post=2003"},{"taxonomy":"product_tag","embeddable":true,"href":"https:\/\/mj-clothing.com\/cs\/wp-json\/wp\/v2\/product_tag?post=2003"}],"curies":[{"name":"wp","href":"https:\/\/api.w.org\/{rel}","templated":true}]}}