{"id":2005,"date":"2024-12-17T08:27:39","date_gmt":"2024-12-17T08:27:39","guid":{"rendered":"https:\/\/mj-clothing.com\/?post_type=product&#038;p=2005"},"modified":"2024-12-18T06:08:53","modified_gmt":"2024-12-18T06:08:53","slug":"glorya-long-sleeve-hooded-top-womens","status":"publish","type":"product","link":"https:\/\/mj-clothing.com\/cs\/manufacturer\/glorya-long-sleeve-hooded-top-womens\/","title":{"rendered":"D\u00e1msk\u00fd top s dlouh\u00fdm ruk\u00e1vem a kapuc\u00ed Glorya"},"content":{"rendered":"<div id=\"model-response-message-contentr_2042c454bde921df\" class=\"markdown markdown-main-panel response-optimization\" dir=\"ltr\">\n<p data-sourcepos=\"1:1-1:220\">Vypad\u00e1 to, \u017ee m\u00e1te z\u00e1jem o Patagonia Long-Sleeve Glorya Long-Sleeve Hooded Top-Women's. Jedn\u00e1 se o obl\u00edben\u00fd kousek od zna\u010dky Patagonia, kter\u00fd je zn\u00e1m\u00fd sv\u00fdm pohodl\u00edm a v\u0161estrannost\u00ed. Zde je rozpis toho, \u010d\u00edm vynik\u00e1:<\/p>\n<h3 data-sourcepos=\"3:1-3:17\"><strong>Kl\u00ed\u010dov\u00e9 vlastnosti D\u00e1msk\u00fd top s dlouh\u00fdm ruk\u00e1vem a kapuc\u00ed Glorya:<\/strong><\/h3>\n<ul data-sourcepos=\"5:1-12:0\">\n<li data-sourcepos=\"5:1-5:186\"><strong>Lehk\u00e9 a pohodln\u00e9:<\/strong> <span class=\"citation-0 recitation citation-end-0\">Tato mikina je vyrobena z m\u011bkk\u00e9 sm\u011bsi recyklovan\u00e9ho polyesteru, lyocellu TENCEL\u2122 a spandexu a je navr\u017eena pro pohodl\u00ed a volnost pohybu.<\/span>\n<div class=\"container ng-tns-c2960411664-80 hide\">\n<div class=\"carousel-container ng-tns-c2960411664-80\"><\/div>\n<\/div>\n<\/li>\n<li data-sourcepos=\"6:1-6:176\"><strong>Odv\u00e1d\u00ed vlhkost a rychle schne:<\/strong> <span class=\"citation-1 recitation citation-end-1\">Tkanina v\u00fdborn\u011b odv\u00e1d\u00ed vlhkost a rychle schne, tak\u017ee je vhodn\u00e1 pro aktivn\u00ed no\u0161en\u00ed i ka\u017edodenn\u00ed pou\u017eit\u00ed.<\/span><span class=\"button-container hide-from-message-actions ng-star-inserted\">\u00a0 \u00a0<\/span>\n<div class=\"container ng-tns-c2960411664-81 hide\">\n<div class=\"carousel-container ng-tns-c2960411664-81\"><\/div>\n<\/div>\n<\/li>\n<li data-sourcepos=\"7:1-7:106\"><strong>Uvoln\u011bn\u00fd st\u0159ih:<\/strong> <span class=\"citation-2 recitation citation-end-2\">Mikina Glorya Hoody m\u00e1 voln\u00fd st\u0159ih, kter\u00fd umo\u017e\u0148uje pohodln\u00e9 vrstven\u00ed.<\/span><span class=\"button-container hide-from-message-actions ng-star-inserted\">\u00a0<\/span>\n<div class=\"container ng-tns-c2960411664-82 hide\">\n<div class=\"carousel-container ng-tns-c2960411664-82\"><\/div>\n<\/div>\n<\/li>\n<li data-sourcepos=\"8:1-8:121\"><strong>Nastaviteln\u00e1 kapuce:<\/strong> <span class=\"citation-3 recitation citation-end-3\">Kapuce m\u00e1 stahovac\u00ed \u0161\u0148\u016frku, kter\u00e1 umo\u017e\u0148uje jej\u00ed nastaven\u00ed pro optim\u00e1ln\u00ed pokryt\u00ed a zah\u0159\u00e1t\u00ed.<\/span><span class=\"button-container hide-from-message-actions ng-star-inserted\">\u00a0<\/span>\n<div class=\"container ng-tns-c2960411664-83 hide\">\n<div class=\"carousel-container ng-tns-c2960411664-83\"><\/div>\n<\/div>\n<\/li>\n<li data-sourcepos=\"9:1-9:157\"><strong>V\u0161estrannost:<\/strong> <span class=\"citation-4 recitation citation-end-4\">Lze ji nosit samostatn\u011b nebo ji vrstvit na jin\u00e9 svr\u0161ky, tak\u017ee je skv\u011blou volbou pro r\u016fzn\u00e9 aktivity a do r\u016fzn\u00e9ho po\u010das\u00ed.<\/span><span class=\"button-container hide-from-message-actions ng-star-inserted\"> \u00a0<\/span>\n<div class=\"container ng-tns-c2960411664-84 hide\">\n<div class=\"carousel-container ng-tns-c2960411664-84\"><\/div>\n<\/div>\n<\/li>\n<li data-sourcepos=\"10:1-10:148\"><strong><span class=\"citation-5 recitation\">Udr\u017eiteln\u00e9 materi\u00e1ly:<\/span><\/strong><span class=\"citation-5 recitation citation-end-5\"> Tato mikina je vyrobena z recyklovan\u00e9ho polyesteru a lyocellu TENCEL\u2122, tak\u017ee je \u0161etrn\u011bj\u0161\u00ed k \u017eivotn\u00edmu prost\u0159ed\u00ed.<\/span><span class=\"button-container hide-from-message-actions ng-star-inserted\"> \u00a0<\/span>\n<div class=\"container ng-tns-c2960411664-85 hide\">\n<div class=\"carousel-container ng-tns-c2960411664-85\"><\/div>\n<\/div>\n<\/li>\n<li data-sourcepos=\"11:1-12:0\"><strong><span class=\"citation-6 recitation\">Fair Trade Certified\u2122 \u0160it\u00e9:<\/span><\/strong><span class=\"citation-6 recitation citation-end-6\"> To znamen\u00e1, \u017ee lid\u00e9, kte\u0159\u00ed od\u011bv vyrobili, z\u00edskali za svou pr\u00e1ci pr\u00e9mii.<\/span><span class=\"button-container hide-from-message-actions ng-star-inserted\">\u00a0<\/span>\n<div class=\"container ng-tns-c2960411664-86 hide\">\n<div class=\"carousel-container ng-tns-c2960411664-86\"><\/div>\n<\/div>\n<\/li>\n<\/ul>\n<h3 data-sourcepos=\"13:1-13:30\"><strong>Pro\u010d je to obl\u00edben\u00e1 volba D\u00e1msk\u00fd top s dlouh\u00fdm ruk\u00e1vem a kapuc\u00ed Glorya:<\/strong><\/h3>\n<ul data-sourcepos=\"15:1-19:0\">\n<li data-sourcepos=\"15:1-15:151\"><strong>Pohodl\u00ed p\u0159i pohybu:<\/strong> <span class=\"citation-7 recitation citation-end-7\">D\u00edky lehk\u00e9 a pru\u017en\u00e9 tkanin\u011b je ide\u00e1ln\u00ed pro aktivity, jako je turistika, j\u00f3ga nebo jen b\u011bh\u00e1n\u00ed po \u00fa\u0159adech.<\/span><span class=\"button-container hide-from-message-actions ng-star-inserted\">\u00a0<\/span>\n<div class=\"container ng-tns-c2960411664-87 hide\">\n<div class=\"carousel-container ng-tns-c2960411664-87\"><\/div>\n<\/div>\n<\/li>\n<li data-sourcepos=\"16:1-16:101\"><strong>Ka\u017edodenn\u00ed no\u0161en\u00ed:<\/strong> D\u00edky le\u017e\u00e9rn\u00edmu stylu a pohodln\u00e9mu st\u0159ihu je skv\u011blou volbou pro ka\u017edodenn\u00ed no\u0161en\u00ed.<\/li>\n<li data-sourcepos=\"17:1-17:91\"><strong>Vrstven\u00ed kus\u016f:<\/strong> Je ide\u00e1ln\u00ed pro vrstven\u00ed pod bundy nebo vesty v chladn\u011bj\u0161\u00edm po\u010das\u00ed.<\/li>\n<li data-sourcepos=\"18:1-19:0\"><strong>Kvalita a trvanlivost:<\/strong> Spole\u010dnost Patagonia je zn\u00e1m\u00e1 v\u00fdrobou vysoce kvalitn\u00edch a odoln\u00fdch v\u00fdrobk\u016f.<\/li>\n<\/ul>\n<h3 data-sourcepos=\"20:1-20:21\"><strong>Kde naj\u00edt Glorya D\u00e1msk\u00fd top s dlouh\u00fdm ruk\u00e1vem a kapuc\u00ed:<\/strong><\/h3>\n<p data-sourcepos=\"22:1-22:86\">T\u00edlko Patagonia Glorya s dlouh\u00fdm ruk\u00e1vem a kapuc\u00ed najdete obvykle u t\u011bchto prodejc\u016f:<\/p>\n<ul data-sourcepos=\"24:1-27:0\">\n<li data-sourcepos=\"24:1-24:80\"><strong>Webov\u00e9 str\u00e1nky spole\u010dnosti Patagonia:<\/strong> Toto je ofici\u00e1ln\u00ed zdroj produkt\u016f Patagonia.<\/li>\n<li data-sourcepos=\"25:1-25:114\"><strong>Venkovn\u00ed prodejci:<\/strong> <span class=\"citation-8 recitation citation-end-8\">V obchodech jako REI, Backcountry a Moosejaw se \u010dasto prod\u00e1v\u00e1 oble\u010den\u00ed zna\u010dky Patagonia.<\/span><span class=\"button-container hide-from-message-actions ng-star-inserted\">\u00a0<\/span>\n<div class=\"container ng-tns-c2960411664-88 hide\">\n<div class=\"carousel-container ng-tns-c2960411664-88\"><\/div>\n<\/div>\n<\/li>\n<li data-sourcepos=\"26:1-27:0\"><strong>Obchodn\u00ed domy:<\/strong> V\u00fdrobky Patagonia mohou b\u00fdt k dost\u00e1n\u00ed tak\u00e9 v n\u011bkter\u00fdch obchodn\u00edch domech.<\/li>\n<\/ul>\n<p data-sourcepos=\"28:1-28:153\">Pokud hled\u00e1te pohodlnou, v\u0161estrannou a udr\u017eiteln\u011b vyrobenou mikinu, mikina Patagonia Glorya s dlouh\u00fdm ruk\u00e1vem a kapuc\u00ed rozhodn\u011b stoj\u00ed za zv\u00e1\u017een\u00ed.<\/p>\n<\/div>\n<div class=\"skeleton-loader-container\"><\/div>\n<div class=\"response-footer gap complete\">\n<div class=\"container ng-tns-c2960411664-79\">\n<div class=\"carousel-container ng-tns-c2960411664-79\">\n<div class=\"carousel-content ng-tns-c2960411664-79\">\n<div class=\"sources-carousel-source ng-tns-c2960411664-79 ng-star-inserted\" data-test-id=\"sources-carousel-source\">\n<div class=\"source-card-container\">\n<div class=\"source-card-content\">\n<div class=\"source-card-body\">\n<div class=\"source-card-header\">\n<div class=\"source-card-title\"><\/div>\n<\/div>\n<\/div>\n<\/div>\n<\/div>\n<\/div>\n<\/div>\n<\/div>\n<\/div>\n<\/div>","protected":false},"excerpt":{"rendered":"<table style=\"height: 661px;\" width=\"527\">\n<tbody>\n<tr>\n<td width=\"146\"><strong><b>Produkt<\/b><\/strong>\u00a0<strong><b>Jm\u00e9no:<\/b><\/strong><\/td>\n<td width=\"601\"><strong>D\u00e1msk\u00fd top s dlouh\u00fdm ruk\u00e1vem a kapuc\u00ed Glorya<\/strong><\/td>\n<\/tr>\n<tr>\n<td width=\"146\"><strong><b>Materlal:<\/b><\/strong><\/td>\n<td width=\"601\">Pleten\u00ed<\/td>\n<\/tr>\n<tr>\n<td width=\"146\"><strong><b>Technika:<\/b><\/strong><\/td>\n<td width=\"601\">Vy\u0161\u00edvan\u00e9<\/td>\n<\/tr>\n<tr>\n<td width=\"146\"><strong><b>Styl:<\/b><\/strong><\/td>\n<td width=\"601\">P\u0159\u00edle\u017eitostn\u00e9<\/td>\n<\/tr>\n<tr>\n<td width=\"146\"><strong><b>Barva<\/b><\/strong><strong><b>:<\/b><\/strong><\/td>\n<td width=\"601\">\u00a0Vlastn\u00ed barvy<\/td>\n<\/tr>\n<tr>\n<td width=\"146\"><strong><b>Velikost:<\/b><\/strong><\/td>\n<td width=\"601\">S \/M \/L \/XL \/2XL<\/td>\n<\/tr>\n<tr>\n<td width=\"146\"><strong><b>OEM\/ODM:<\/b><\/strong><\/td>\n<td width=\"601\">P\u0159ijateln\u00e9<\/td>\n<\/tr>\n<tr>\n<td width=\"146\"><strong><b>Kvalita:<\/b><\/strong><\/td>\n<td width=\"601\">100% Vysok\u00e1 kvalita<\/td>\n<\/tr>\n<tr>\n<td width=\"146\"><strong><b>M<\/b><\/strong><strong><b>OQ:<\/b><\/strong><\/td>\n<td width=\"601\">200 ks<\/td>\n<\/tr>\n<\/tbody>\n<\/table>","protected":false},"featured_media":2006,"template":"","meta":[],"product_brand":[],"product_cat":[39],"product_tag":[],"class_list":{"0":"post-2005","1":"product","2":"type-product","3":"status-publish","4":"has-post-thumbnail","6":"product_cat-womens-clothing","8":"first","9":"instock","10":"shipping-taxable","11":"product-type-simple"},"_links":{"self":[{"href":"https:\/\/mj-clothing.com\/cs\/wp-json\/wp\/v2\/product\/2005","targetHints":{"allow":["GET"]}}],"collection":[{"href":"https:\/\/mj-clothing.com\/cs\/wp-json\/wp\/v2\/product"}],"about":[{"href":"https:\/\/mj-clothing.com\/cs\/wp-json\/wp\/v2\/types\/product"}],"wp:featuredmedia":[{"embeddable":true,"href":"https:\/\/mj-clothing.com\/cs\/wp-json\/wp\/v2\/media\/2006"}],"wp:attachment":[{"href":"https:\/\/mj-clothing.com\/cs\/wp-json\/wp\/v2\/media?parent=2005"}],"wp:term":[{"taxonomy":"product_brand","embeddable":true,"href":"https:\/\/mj-clothing.com\/cs\/wp-json\/wp\/v2\/product_brand?post=2005"},{"taxonomy":"product_cat","embeddable":true,"href":"https:\/\/mj-clothing.com\/cs\/wp-json\/wp\/v2\/product_cat?post=2005"},{"taxonomy":"product_tag","embeddable":true,"href":"https:\/\/mj-clothing.com\/cs\/wp-json\/wp\/v2\/product_tag?post=2005"}],"curies":[{"name":"wp","href":"https:\/\/api.w.org\/{rel}","templated":true}]}}