{"id":2008,"date":"2024-12-17T08:49:20","date_gmt":"2024-12-17T08:49:20","guid":{"rendered":"https:\/\/mj-clothing.com\/?post_type=product&#038;p=2008"},"modified":"2024-12-17T08:56:51","modified_gmt":"2024-12-17T08:56:51","slug":"womens-cashmere-long-coat","status":"publish","type":"product","link":"https:\/\/mj-clothing.com\/cs\/manufacturer\/womens-cashmere-long-coat\/","title":{"rendered":"D\u00e1msk\u00fd ka\u0161m\u00edrov\u00fd dlouh\u00fd kab\u00e1t"},"content":{"rendered":"<div id=\"model-response-message-contentr_21586b4a0aa106d5\" class=\"markdown markdown-main-panel response-optimization\" dir=\"ltr\">\n<p data-sourcepos=\"1:1-1:191\">D\u00e1msk\u00fd ka\u0161m\u00edrov\u00fd dlouh\u00fd kab\u00e1t je zt\u011blesn\u011bn\u00edm luxusu, tepla a nad\u010dasov\u00e9ho stylu. Je to v\u00fdznamn\u00fd investi\u010dn\u00ed kousek, kter\u00fd dok\u00e1\u017ee pozvednout ka\u017ed\u00fd zimn\u00ed \u0161atn\u00edk. Zde se dozv\u00edte, \u010d\u00edm jsou tak v\u00fdjime\u010dn\u00e9:<\/p>\n<h3 data-sourcepos=\"3:1-3:17\"><strong>Pro\u010d d\u00e1msk\u00fd ka\u0161m\u00edrov\u00fd dlouh\u00fd kab\u00e1t?<\/strong><\/h3>\n<ul data-sourcepos=\"5:1-9:0\">\n<li data-sourcepos=\"5:1-5:146\"><strong><span class=\"citation-0 recitation\">Bezkonkuren\u010dn\u00ed m\u011bkkost:<\/span><\/strong><span class=\"citation-0 recitation citation-end-0\"> Ka\u0161m\u00edrov\u00e1 vl\u00e1kna jsou neuv\u011b\u0159iteln\u011b jemn\u00e1, tak\u017ee na poko\u017ece p\u016fsob\u00ed luxusn\u011b m\u011bkk\u00fdm a hladk\u00fdm dojmem.<\/span><span class=\"button-container hide-from-message-actions ng-star-inserted\"> \u00a0<\/span>\n<div class=\"container ng-tns-c2960411664-95 hide\">\n<div class=\"carousel-container ng-tns-c2960411664-95\"><\/div>\n<\/div>\n<\/li>\n<li data-sourcepos=\"6:1-6:147\"><strong><span class=\"citation-1 recitation\">V\u00fdjime\u010dn\u00e9 teplo:<\/span><\/strong><span class=\"citation-1 recitation citation-end-1\"> P\u0159esto\u017ee je ka\u0161m\u00edr lehk\u00fd, v\u00fdborn\u011b izoluje a udr\u017euje teplo, ani\u017e by v\u00e1m p\u0159ipadal objemn\u00fd.<\/span><span class=\"button-container hide-from-message-actions ng-star-inserted\">\u00a0<\/span>\n<div class=\"container ng-tns-c2960411664-96 hide\">\n<div class=\"carousel-container ng-tns-c2960411664-96\"><\/div>\n<\/div>\n<\/li>\n<li data-sourcepos=\"7:1-7:152\"><strong>Lehk\u00e9 a pohodln\u00e9:<\/strong> <span class=\"citation-2 recitation citation-end-2\">Ka\u0161m\u00edrov\u00e9 od\u011bvy jsou zn\u00e1m\u00e9 svou lehkost\u00ed, d\u00edky n\u00ed\u017e se pohodln\u011b nos\u00ed del\u0161\u00ed dobu.<\/span><span class=\"button-container hide-from-message-actions ng-star-inserted\">\u00a0 \u00a0<\/span>\n<div class=\"container ng-tns-c2960411664-97 hide\">\n<div class=\"carousel-container ng-tns-c2960411664-97\"><\/div>\n<\/div>\n<\/li>\n<li data-sourcepos=\"8:1-9:0\"><strong><span class=\"citation-3 recitation\">Odolnost:<\/span><\/strong><span class=\"citation-3 recitation citation-end-3\"> P\u0159i spr\u00e1vn\u00e9 p\u00e9\u010di m\u016f\u017ee kvalitn\u00ed ka\u0161m\u00edrov\u00fd kab\u00e1t vydr\u017eet mnoho let, tak\u017ee se vyplat\u00ed do n\u011bj investovat.<\/span><span class=\"button-container hide-from-message-actions ng-star-inserted\">\u00a0 \u00a0<\/span>\n<div class=\"container ng-tns-c2960411664-98 hide\">\n<div class=\"carousel-container ng-tns-c2960411664-98\"><\/div>\n<\/div>\n<\/li>\n<\/ul>\n<h3 data-sourcepos=\"10:1-10:41\"><strong>Kl\u00ed\u010dov\u00e9 vlastnosti d\u00e1msk\u00e9ho ka\u0161m\u00edrov\u00e9ho dlouh\u00e9ho kab\u00e1tu:<\/strong><\/h3>\n<ul data-sourcepos=\"12:1-22:0\">\n<li data-sourcepos=\"12:1-12:85\"><strong>D\u00e9lka:<\/strong> Obvykle sah\u00e1 pod kolena, tak\u017ee maxim\u00e1ln\u011b kryje a zah\u0159\u00edv\u00e1.<\/li>\n<li data-sourcepos=\"13:1-16:93\"><strong>Klasick\u00e9 styly:<\/strong> \u010casto se vyzna\u010duje nad\u010dasov\u00fdmi siluetami, jako jsou:\n<ul data-sourcepos=\"14:5-16:93\">\n<li data-sourcepos=\"14:5-14:88\"><strong>Jedno\u0159ad\u00e9:<\/strong> Klasick\u00fd a univerz\u00e1ln\u00ed styl s jednou \u0159adou knofl\u00edk\u016f.<\/li>\n<li data-sourcepos=\"15:5-15:87\"><strong>Dvou\u0159ad\u00e9:<\/strong> <span class=\"citation-4 recitation citation-end-4\">Form\u00e1ln\u011bj\u0161\u00ed styl se dv\u011bma \u0159adami knofl\u00edk\u016f.<\/span><span class=\"button-container hide-from-message-actions ng-star-inserted\">\u00a0 \u00a0<\/span>\n<div class=\"container ng-tns-c2960411664-99 hide\">\n<div class=\"carousel-container ng-tns-c2960411664-99\"><\/div>\n<\/div>\n<\/li>\n<li data-sourcepos=\"16:5-16:93\"><strong><span class=\"citation-5 recitation\">Zavinovac\u00ed kab\u00e1t:<\/span><\/strong><span class=\"citation-5 recitation citation-end-5\"> Uvoln\u011bn\u00fd a elegantn\u00ed styl, kter\u00fd lze zav\u00e1zat p\u00e1skem.<\/span><span class=\"button-container hide-from-message-actions ng-star-inserted\"> \u00a0<\/span>\n<div class=\"container ng-tns-c2960411664-100 hide\">\n<div class=\"carousel-container ng-tns-c2960411664-100\">\n<div class=\"carousel-content ng-tns-c2960411664-100\">\n<div class=\"sources-carousel-source ng-tns-c2960411664-100 hide ng-star-inserted\" data-test-id=\"sources-carousel-source\"><\/div>\n<\/div>\n<\/div>\n<\/div>\n<\/li>\n<\/ul>\n<\/li>\n<li data-sourcepos=\"17:1-20:67\"><strong>Mo\u017enosti obojku:<\/strong> M\u016f\u017ee m\u00edt r\u016fzn\u00e9 styly l\u00edmc\u016f, nap\u0159\u00edklad:\n<ul data-sourcepos=\"18:5-20:67\">\n<li data-sourcepos=\"18:5-18:69\"><strong><span class=\"citation-6 recitation\">Vroubkovan\u00e1 klopa:<\/span><\/strong><span class=\"citation-6 recitation citation-end-6\"> Klasick\u00fd a univerz\u00e1ln\u00ed l\u00edmec.<\/span><span class=\"button-container hide-from-message-actions ng-star-inserted\">\u00a0<\/span>\n<div class=\"container ng-tns-c2960411664-101 hide\">\n<div class=\"carousel-container ng-tns-c2960411664-101\"><\/div>\n<\/div>\n<\/li>\n<li data-sourcepos=\"19:5-19:57\"><strong>\u0160\u00e1lov\u00fd l\u00edmec:<\/strong> Uvoln\u011bn\u011bj\u0161\u00ed a \u00fatuln\u011bj\u0161\u00ed l\u00edmec.<\/li>\n<li data-sourcepos=\"20:5-20:67\"><strong>Stojanov\u00fd l\u00edmec:<\/strong> Poskytuje dodate\u010dn\u00e9 teplo kolem krku.<\/li>\n<\/ul>\n<\/li>\n<li data-sourcepos=\"21:1-22:0\"><strong>Minim\u00e1ln\u00ed detaily:<\/strong> \u010casto se vyzna\u010duje \u010dist\u00fdmi liniemi a minimem detail\u016f, aby vynikla luxusn\u00ed tkanina.<\/li>\n<\/ul>\n<h3 data-sourcepos=\"23:1-23:56\"><strong>Co je t\u0159eba zv\u00e1\u017eit p\u0159i n\u00e1kupu d\u00e1msk\u00e9ho ka\u0161m\u00edrov\u00e9ho dlouh\u00e9ho kab\u00e1tu:<\/strong><\/h3>\n<ul data-sourcepos=\"25:1-30:0\">\n<li data-sourcepos=\"25:1-25:129\"><strong>Ka\u0161m\u00edr Kvalita:<\/strong> Hledejte kab\u00e1ty vyroben\u00e9 z ka\u0161m\u00edru 100% nebo s vysok\u00fdm pod\u00edlem ka\u0161m\u00edru ve sm\u011bsi s jin\u00fdmi jemn\u00fdmi vl\u00e1kny.<\/li>\n<li data-sourcepos=\"26:1-26:134\"><strong>Hmotnost:<\/strong> Hmotnost ka\u0161m\u00edru ovliv\u0148uje jeho h\u0159ejivost a p\u0159ilnavost. T\u011b\u017e\u0161\u00ed ka\u0161m\u00edr je obecn\u011b teplej\u0161\u00ed, ale m\u016f\u017ee b\u00fdt tak\u00e9 objemn\u011bj\u0161\u00ed.<\/li>\n<li data-sourcepos=\"27:1-27:89\"><strong>Konstrukce:<\/strong> Zkontrolujte kvalitu \u0161it\u00ed a pod\u0161\u00edvky, abyste zajistili trvanlivost.<\/li>\n<li data-sourcepos=\"28:1-28:99\"><strong>P\u0159izp\u016fsoben\u00ed:<\/strong> Vyberte si kab\u00e1t, kter\u00fd dob\u0159e sed\u00ed na ramenou a umo\u017e\u0148uje pohodln\u00e9 vrstven\u00ed.<\/li>\n<li data-sourcepos=\"29:1-30:0\"><strong>Cena:<\/strong> <span class=\"citation-7 recitation citation-end-7\">Ka\u0161m\u00edrov\u00e9 kab\u00e1ty jsou investic\u00ed, tak\u017ee se p\u0159ipravte na zna\u010dn\u00e9 v\u00fddaje.<\/span> P\u0159i spr\u00e1vn\u00e9 p\u00e9\u010di v\u0161ak vydr\u017e\u00ed mnoho let.<span class=\"button-container hide-from-message-actions ng-star-inserted\">\u00a0<\/span>\n<div class=\"container ng-tns-c2960411664-102 hide\">\n<div class=\"carousel-container ng-tns-c2960411664-102\"><\/div>\n<\/div>\n<\/li>\n<\/ul>\n<h3 data-sourcepos=\"31:1-31:46\"><strong>Kde naj\u00edt d\u00e1msk\u00e9 ka\u0161m\u00edrov\u00e9 dlouh\u00e9 kab\u00e1ty:<\/strong><\/h3>\n<ul data-sourcepos=\"33:1-37:0\">\n<li data-sourcepos=\"33:1-33:80\"><strong>\u0160pi\u010dkov\u00e9 obchodn\u00ed domy:<\/strong> Nordstrom, Saks Fifth Avenue, Bloomingdale's<\/li>\n<li data-sourcepos=\"34:1-34:52\"><strong>Luxusn\u00ed zna\u010dky:<\/strong> Max Mara, Loro Piana, The Row<\/li>\n<li data-sourcepos=\"35:1-35:80\"><strong>Specializovan\u00ed prodejci ka\u0161m\u00edru:<\/strong> <span class=\"citation-8 recitation citation-end-8\">GOBI Cashmere, Sofia Cashmere<\/span><span class=\"button-container hide-from-message-actions ng-star-inserted\">\u00a0 \u00a0<\/span>\n<div class=\"container ng-tns-c2960411664-103 hide\">\n<div class=\"carousel-container ng-tns-c2960411664-103\"><\/div>\n<\/div>\n<\/li>\n<li data-sourcepos=\"36:1-37:0\"><strong>Internetov\u00ed prodejci:<\/strong> Farfetch, Net-a-Porter, Mytheresa<\/li>\n<\/ul>\n<p data-sourcepos=\"38:1-38:122\">D\u00e1msk\u00fd ka\u0161m\u00edrov\u00fd dlouh\u00fd kab\u00e1t je luxusn\u00ed a nad\u010dasov\u00e1 investice, kter\u00e1 v\u00e1s zah\u0159eje a dod\u00e1 v\u00e1m styl po mnoho let.<\/p>\n<\/div>\n<div class=\"response-footer gap complete\">\n<div class=\"container ng-tns-c2960411664-94\">\n<div class=\"carousel-container ng-tns-c2960411664-94\">\n<div class=\"carousel-content ng-tns-c2960411664-94\">\n<div class=\"sources-carousel-source ng-tns-c2960411664-94 ng-star-inserted\" data-test-id=\"sources-carousel-source\">\n<div class=\"source-card-container\">\n<div class=\"source-card-content\">\n<div class=\"source-card-body\">\n<div class=\"source-card-header\">\n<div class=\"source-card-title\"><\/div>\n<\/div>\n<\/div>\n<\/div>\n<\/div>\n<\/div>\n<\/div>\n<\/div>\n<\/div>\n<\/div>","protected":false},"excerpt":{"rendered":"<table style=\"height: 596px;\" width=\"487\">\n<tbody>\n<tr>\n<td width=\"146\"><strong><b>Produkt<\/b><\/strong>\u00a0<strong><b>Jm\u00e9no:<\/b><\/strong><\/td>\n<td width=\"601\"><strong>D\u00e1msk\u00fd ka\u0161m\u00edrov\u00fd dlouh\u00fd kab\u00e1t<\/strong><\/td>\n<\/tr>\n<tr>\n<td width=\"146\"><strong><b>Materlal:<\/b><\/strong><\/td>\n<td width=\"601\">Pleten\u00ed<\/td>\n<\/tr>\n<tr>\n<td width=\"146\"><strong><b>Technika:<\/b><\/strong><\/td>\n<td width=\"601\">Vy\u0161\u00edvan\u00e9<\/td>\n<\/tr>\n<tr>\n<td width=\"146\"><strong><b>Styl:<\/b><\/strong><\/td>\n<td width=\"601\">P\u0159\u00edle\u017eitostn\u00e9<\/td>\n<\/tr>\n<tr>\n<td width=\"146\"><strong><b>Barva<\/b><\/strong><strong><b>:<\/b><\/strong><\/td>\n<td width=\"601\">\u00a0Vlastn\u00ed barvy<\/td>\n<\/tr>\n<tr>\n<td width=\"146\"><strong><b>Velikost:<\/b><\/strong><\/td>\n<td width=\"601\">S \/M \/L \/XL \/2XL<\/td>\n<\/tr>\n<tr>\n<td width=\"146\"><strong><b>OEM\/ODM:<\/b><\/strong><\/td>\n<td width=\"601\">P\u0159ijateln\u00e9<\/td>\n<\/tr>\n<tr>\n<td width=\"146\"><strong><b>Kvalita:<\/b><\/strong><\/td>\n<td width=\"601\">100% Vysok\u00e1 kvalita<\/td>\n<\/tr>\n<tr>\n<td width=\"146\"><strong><b>M<\/b><\/strong><strong><b>OQ:<\/b><\/strong><\/td>\n<td width=\"601\">200 ks<\/td>\n<\/tr>\n<\/tbody>\n<\/table>","protected":false},"featured_media":2009,"template":"","meta":[],"product_brand":[],"product_cat":[39],"product_tag":[],"class_list":{"0":"post-2008","1":"product","2":"type-product","3":"status-publish","4":"has-post-thumbnail","6":"product_cat-womens-clothing","8":"first","9":"instock","10":"shipping-taxable","11":"product-type-simple"},"_links":{"self":[{"href":"https:\/\/mj-clothing.com\/cs\/wp-json\/wp\/v2\/product\/2008","targetHints":{"allow":["GET"]}}],"collection":[{"href":"https:\/\/mj-clothing.com\/cs\/wp-json\/wp\/v2\/product"}],"about":[{"href":"https:\/\/mj-clothing.com\/cs\/wp-json\/wp\/v2\/types\/product"}],"wp:featuredmedia":[{"embeddable":true,"href":"https:\/\/mj-clothing.com\/cs\/wp-json\/wp\/v2\/media\/2009"}],"wp:attachment":[{"href":"https:\/\/mj-clothing.com\/cs\/wp-json\/wp\/v2\/media?parent=2008"}],"wp:term":[{"taxonomy":"product_brand","embeddable":true,"href":"https:\/\/mj-clothing.com\/cs\/wp-json\/wp\/v2\/product_brand?post=2008"},{"taxonomy":"product_cat","embeddable":true,"href":"https:\/\/mj-clothing.com\/cs\/wp-json\/wp\/v2\/product_cat?post=2008"},{"taxonomy":"product_tag","embeddable":true,"href":"https:\/\/mj-clothing.com\/cs\/wp-json\/wp\/v2\/product_tag?post=2008"}],"curies":[{"name":"wp","href":"https:\/\/api.w.org\/{rel}","templated":true}]}}