{"id":2010,"date":"2024-12-17T08:55:56","date_gmt":"2024-12-17T08:55:56","guid":{"rendered":"https:\/\/mj-clothing.com\/?post_type=product&#038;p=2010"},"modified":"2024-12-17T08:55:56","modified_gmt":"2024-12-17T08:55:56","slug":"black-long-wool-coat-womens","status":"publish","type":"product","link":"https:\/\/mj-clothing.com\/cs\/manufacturer\/black-long-wool-coat-womens\/","title":{"rendered":"\u010cern\u00fd dlouh\u00fd vln\u011bn\u00fd kab\u00e1t d\u00e1msk\u00fd"},"content":{"rendered":"<p data-sourcepos=\"1:1-1:191\">D\u00e1msk\u00fd \u010dern\u00fd dlouh\u00fd vln\u011bn\u00fd kab\u00e1t je pro ka\u017edou \u017eenu nepostradateln\u00fdm dopl\u0148kem \u0161atn\u00edku. Je to klasick\u00fd kousek, kter\u00fd v sob\u011b spojuje prakti\u010dnost, teplo a nad\u010dasov\u00fd styl. Zde je rozpis toho, co je d\u011bl\u00e1 tak skv\u011bl\u00fdmi:<\/p>\n<h3 data-sourcepos=\"3:1-3:13\"><strong>Pro\u010d \u010dern\u00fd dlouh\u00fd vln\u011bn\u00fd kab\u00e1t d\u00e1msk\u00fd vln\u011bn\u00fd?<\/strong><\/h3>\n<ul data-sourcepos=\"5:1-9:0\">\n<li data-sourcepos=\"5:1-5:116\"><strong><span class=\"citation-0 recitation\">Teplo:<\/span><\/strong><span class=\"citation-0 recitation citation-end-0\"> Vlna je p\u0159irozen\u00fd izolant, kter\u00fd v\u00fdborn\u011b h\u0159eje i p\u0159i velmi n\u00edzk\u00fdch teplot\u00e1ch.<\/span><span class=\"button-container hide-from-message-actions ng-star-inserted\"> \u00a0<\/span>\n<div class=\"container ng-tns-c2960411664-110 hide\">\n<div class=\"carousel-container ng-tns-c2960411664-110\"><\/div>\n<\/div>\n<\/li>\n<li data-sourcepos=\"6:1-6:114\"><strong><span class=\"citation-1 recitation\">Odolnost:<\/span><\/strong><span class=\"citation-1 recitation citation-end-1\"> Vln\u011bn\u00e1 vl\u00e1kna jsou siln\u00e1 a pru\u017en\u00e1, tak\u017ee vln\u011bn\u00e9 kab\u00e1ty jsou odoln\u00e9 a maj\u00ed dlouhou \u017eivotnost.<\/span><span class=\"button-container hide-from-message-actions ng-star-inserted\"> \u00a0<\/span>\n<div class=\"container ng-tns-c2960411664-111 hide\">\n<div class=\"carousel-container ng-tns-c2960411664-111\"><\/div>\n<\/div>\n<\/li>\n<li data-sourcepos=\"7:1-7:130\"><strong><span class=\"citation-2 recitation\">Odolnost proti vod\u011b:<\/span><\/strong><span class=\"citation-2 recitation citation-end-2\"> Vlna m\u00e1 p\u0159irozen\u00e9 vodoodpudiv\u00e9 vlastnosti, tak\u017ee v\u00e1s udr\u017e\u00ed v suchu i za m\u00edrn\u00e9ho de\u0161t\u011b nebo sn\u011b\u017een\u00ed.<\/span><span class=\"button-container hide-from-message-actions ng-star-inserted\"> \u00a0<\/span>\n<div class=\"container ng-tns-c2960411664-112 hide\">\n<div class=\"carousel-container ng-tns-c2960411664-112\"><\/div>\n<\/div>\n<\/li>\n<li data-sourcepos=\"8:1-9:0\"><strong><span class=\"citation-3 recitation\">Prody\u0161nost:<\/span><\/strong><span class=\"citation-3 recitation citation-end-3\"> Vlna je prody\u0161n\u00e1, co\u017e pom\u00e1h\u00e1 regulovat t\u011blesnou teplotu a zabra\u0148uje p\u0159eh\u0159\u00e1t\u00ed.<\/span><span class=\"button-container hide-from-message-actions ng-star-inserted\">\u00a0 \u00a0<\/span>\n<div class=\"container ng-tns-c2960411664-113 hide\">\n<div class=\"carousel-container ng-tns-c2960411664-113\"><\/div>\n<\/div>\n<\/li>\n<\/ul>\n<h3 data-sourcepos=\"10:1-10:43\"><strong>Kl\u00ed\u010dov\u00e9 vlastnosti d\u00e1msk\u00e9ho dlouh\u00e9ho vln\u011bn\u00e9ho kab\u00e1tu:<\/strong><\/h3>\n<ul data-sourcepos=\"12:1-23:0\">\n<li data-sourcepos=\"12:1-12:137\"><strong>D\u00e9lka:<\/strong> Obvykle sah\u00e1 pod kolena, tak\u017ee maxim\u00e1ln\u011b kryje a zah\u0159\u00edv\u00e1. Tato d\u00e9lka je tak\u00e9 velmi lichotiv\u00e1 a prodlu\u017euj\u00edc\u00ed.<\/li>\n<li data-sourcepos=\"13:1-13:125\"><strong>Barva:<\/strong> \u010cern\u00e1 je neuv\u011b\u0159iteln\u011b univerz\u00e1ln\u00ed a hod\u00ed se ke v\u0161emu. Je to klasick\u00e1 volba, kter\u00e1 nikdy nevyjde z m\u00f3dy.<\/li>\n<li data-sourcepos=\"14:1-18:62\"><strong>Klasick\u00e9 styly:<\/strong> Mezi b\u011b\u017en\u00e9 styly pat\u0159\u00ed:\n<ul data-sourcepos=\"15:5-18:62\">\n<li data-sourcepos=\"15:5-15:89\"><strong>Jedno\u0159ad\u00e9:<\/strong> Nad\u010dasov\u00fd a univerz\u00e1ln\u00ed styl s jednou \u0159adou knofl\u00edk\u016f.<\/li>\n<li data-sourcepos=\"16:5-16:102\"><strong>Dvou\u0159ad\u00e9:<\/strong> <span class=\"citation-4 recitation citation-end-4\">Form\u00e1ln\u011bj\u0161\u00ed a strukturovan\u011bj\u0161\u00ed styl se dv\u011bma \u0159adami knofl\u00edk\u016f.<\/span><span class=\"button-container hide-from-message-actions ng-star-inserted\">\u00a0<\/span>\n<div class=\"container ng-tns-c2960411664-114 hide\">\n<div class=\"carousel-container ng-tns-c2960411664-114\"><\/div>\n<\/div>\n<\/li>\n<li data-sourcepos=\"17:5-17:93\"><strong><span class=\"citation-5 recitation\">Zavinovac\u00ed kab\u00e1t:<\/span><\/strong><span class=\"citation-5 recitation citation-end-5\"> Uvoln\u011bn\u00fd a elegantn\u00ed styl, kter\u00fd lze zav\u00e1zat p\u00e1skem.<\/span><span class=\"button-container hide-from-message-actions ng-star-inserted\"> \u00a0<\/span>\n<div class=\"container ng-tns-c2960411664-115 hide\">\n<div class=\"carousel-container ng-tns-c2960411664-115\"><\/div>\n<\/div>\n<\/li>\n<li data-sourcepos=\"18:5-18:62\"><strong>Chesterfield:<\/strong> Form\u00e1ln\u00ed styl se sametov\u00fdm l\u00edmcem.<\/li>\n<\/ul>\n<\/li>\n<li data-sourcepos=\"19:1-23:0\"><strong>Mo\u017enosti obojku:<\/strong>\n<ul data-sourcepos=\"20:5-23:0\">\n<li data-sourcepos=\"20:5-20:69\"><strong><span class=\"citation-6 recitation\">Vroubkovan\u00e1 klopa:<\/span><\/strong><span class=\"citation-6 recitation citation-end-6\"> Klasick\u00fd a univerz\u00e1ln\u00ed l\u00edmec.<\/span><span class=\"button-container hide-from-message-actions ng-star-inserted\"> \u00a0<\/span>\n<div class=\"container ng-tns-c2960411664-116 hide\">\n<div class=\"carousel-container ng-tns-c2960411664-116\"><\/div>\n<\/div>\n<\/li>\n<li data-sourcepos=\"21:5-21:71\"><strong><span class=\"citation-7 recitation\">Vrcholov\u00e1 klopa:<\/span><\/strong><span class=\"citation-7 recitation citation-end-7\"> Form\u00e1ln\u011bj\u0161\u00ed a dramati\u010dt\u011bj\u0161\u00ed l\u00edmec.<\/span><span class=\"button-container hide-from-message-actions ng-star-inserted\"> \u00a0<\/span>\n<div class=\"container ng-tns-c2960411664-117 hide\">\n<div class=\"carousel-container ng-tns-c2960411664-117\"><\/div>\n<\/div>\n<\/li>\n<li data-sourcepos=\"22:5-23:0\"><strong>Stojanov\u00fd l\u00edmec:<\/strong> Poskytuje dodate\u010dn\u00e9 teplo kolem krku.<\/li>\n<\/ul>\n<\/li>\n<\/ul>\n<h3 data-sourcepos=\"24:1-24:58\"><strong>Co je t\u0159eba vz\u00edt v \u00favahu p\u0159i n\u00e1kupu \u010dern\u00e9ho dlouh\u00e9ho vln\u011bn\u00e9ho kab\u00e1tu pro \u017eeny:<\/strong><\/h3>\n<ul data-sourcepos=\"26:1-31:0\">\n<li data-sourcepos=\"26:1-26:101\"><strong>Kvalita vlny:<\/strong> Hledejte kab\u00e1ty vyroben\u00e9 z vysoce kvalitn\u00ed vlny, nap\u0159\u00edklad z merino vlny nebo panensk\u00e9 vlny.<\/li>\n<li data-sourcepos=\"27:1-27:75\"><strong>Oblo\u017een\u00ed:<\/strong> Kvalitn\u00ed pod\u0161\u00edvka zv\u00fd\u0161\u00ed h\u0159ejivost a odolnost kab\u00e1tu.<\/li>\n<li data-sourcepos=\"28:1-28:99\"><strong>P\u0159izp\u016fsoben\u00ed:<\/strong> Ujist\u011bte se, \u017ee kab\u00e1t dob\u0159e sed\u00ed p\u0159es ramena a umo\u017e\u0148uje pohodln\u00e9 vrstven\u00ed.<\/li>\n<li data-sourcepos=\"29:1-29:72\"><strong>Podrobnosti:<\/strong> Zva\u017ete detaily, jako jsou kapsy, knofl\u00edky a poutka na opasek.<\/li>\n<li data-sourcepos=\"30:1-31:0\"><strong><span class=\"citation-8 recitation\">Cena:<\/span><\/strong><span class=\"citation-8 recitation citation-end-8\"> Kvalitn\u00ed vln\u011bn\u00fd kab\u00e1t je investice, kter\u00e1 v\u0161ak vydr\u017e\u00ed mnoho let.<\/span><span class=\"button-container hide-from-message-actions ng-star-inserted\">\u00a0 \u00a0<\/span>\n<div class=\"container ng-tns-c2960411664-118 hide\">\n<div class=\"carousel-container ng-tns-c2960411664-118\"><\/div>\n<\/div>\n<\/li>\n<\/ul>\n<h3 data-sourcepos=\"32:1-32:40\"><strong>Jak stylizovat \u010dern\u00fd dlouh\u00fd vln\u011bn\u00fd kab\u00e1t pro \u017eeny:<\/strong><\/h3>\n<ul data-sourcepos=\"34:1-37:0\">\n<li data-sourcepos=\"34:1-34:85\"><strong>P\u0159\u00edle\u017eitostn\u00e9:<\/strong> Zkombinujte ji s d\u017e\u00ednami, svetrem a botami a z\u00edskejte klasick\u00fd ka\u017edodenn\u00ed vzhled.<\/li>\n<li data-sourcepos=\"35:1-35:95\"><strong>Business Casual:<\/strong> Pro profesion\u00e1ln\u00ed vzhled ji m\u016f\u017eete nosit p\u0159es halenku a kalhoty nebo sukni.<\/li>\n<li data-sourcepos=\"36:1-37:0\"><strong>\u0160aty:<\/strong> Navrstven\u00edm na \u0161aty nebo ve\u010dern\u00ed oble\u010den\u00ed z\u00edsk\u00e1te sofistikovan\u00fd vzhled.<\/li>\n<\/ul>\n<p data-sourcepos=\"38:1-38:217\"><span class=\"citation-9 recitation citation-end-9\">\u010cern\u00fd dlouh\u00fd vln\u011bn\u00fd kab\u00e1t je univerz\u00e1ln\u00ed a nezbytn\u00fd kousek, kter\u00fd v\u00e1s zah\u0159eje a bude stylov\u00fd po celou zimn\u00ed sez\u00f3nu.<\/span> Je to investice, kter\u00e1 se vyplat\u00ed a kterou budete moci nosit je\u0161t\u011b mnoho let.<span class=\"button-container hide-from-message-actions ng-star-inserted\"> \u00a0 <\/span><\/p>","protected":false},"excerpt":{"rendered":"<table style=\"height: 647px;\" width=\"508\">\n<tbody>\n<tr>\n<td width=\"146\"><strong><b>Produkt<\/b><\/strong>\u00a0<strong><b>Jm\u00e9no:<\/b><\/strong><\/td>\n<td width=\"601\"><strong>\u010cern\u00fd dlouh\u00fd vln\u011bn\u00fd kab\u00e1t d\u00e1msk\u00fd<\/strong><\/td>\n<\/tr>\n<tr>\n<td width=\"146\"><strong><b>Materlal:<\/b><\/strong><\/td>\n<td width=\"601\">Pleten\u00ed<\/td>\n<\/tr>\n<tr>\n<td width=\"146\"><strong><b>Technika:<\/b><\/strong><\/td>\n<td width=\"601\">Vy\u0161\u00edvan\u00e9<\/td>\n<\/tr>\n<tr>\n<td width=\"146\"><strong><b>Styl:<\/b><\/strong><\/td>\n<td width=\"601\">P\u0159\u00edle\u017eitostn\u00e9<\/td>\n<\/tr>\n<tr>\n<td width=\"146\"><strong><b>Barva<\/b><\/strong><strong><b>:<\/b><\/strong><\/td>\n<td width=\"601\">\u00a0Vlastn\u00ed barvy<\/td>\n<\/tr>\n<tr>\n<td width=\"146\"><strong><b>Velikost:<\/b><\/strong><\/td>\n<td width=\"601\">S \/M \/L \/XL \/2XL<\/td>\n<\/tr>\n<tr>\n<td width=\"146\"><strong><b>OEM\/ODM:<\/b><\/strong><\/td>\n<td width=\"601\">P\u0159ijateln\u00e9<\/td>\n<\/tr>\n<tr>\n<td width=\"146\"><strong><b>Kvalita:<\/b><\/strong><\/td>\n<td width=\"601\">100% Vysok\u00e1 kvalita<\/td>\n<\/tr>\n<tr>\n<td width=\"146\"><strong><b>M<\/b><\/strong><strong><b>OQ:<\/b><\/strong><\/td>\n<td width=\"601\">200 ks<\/td>\n<\/tr>\n<\/tbody>\n<\/table>","protected":false},"featured_media":2011,"template":"","meta":[],"product_brand":[],"product_cat":[39],"product_tag":[],"class_list":{"0":"post-2010","1":"product","2":"type-product","3":"status-publish","4":"has-post-thumbnail","6":"product_cat-womens-clothing","8":"first","9":"instock","10":"shipping-taxable","11":"product-type-simple"},"_links":{"self":[{"href":"https:\/\/mj-clothing.com\/cs\/wp-json\/wp\/v2\/product\/2010","targetHints":{"allow":["GET"]}}],"collection":[{"href":"https:\/\/mj-clothing.com\/cs\/wp-json\/wp\/v2\/product"}],"about":[{"href":"https:\/\/mj-clothing.com\/cs\/wp-json\/wp\/v2\/types\/product"}],"wp:featuredmedia":[{"embeddable":true,"href":"https:\/\/mj-clothing.com\/cs\/wp-json\/wp\/v2\/media\/2011"}],"wp:attachment":[{"href":"https:\/\/mj-clothing.com\/cs\/wp-json\/wp\/v2\/media?parent=2010"}],"wp:term":[{"taxonomy":"product_brand","embeddable":true,"href":"https:\/\/mj-clothing.com\/cs\/wp-json\/wp\/v2\/product_brand?post=2010"},{"taxonomy":"product_cat","embeddable":true,"href":"https:\/\/mj-clothing.com\/cs\/wp-json\/wp\/v2\/product_cat?post=2010"},{"taxonomy":"product_tag","embeddable":true,"href":"https:\/\/mj-clothing.com\/cs\/wp-json\/wp\/v2\/product_tag?post=2010"}],"curies":[{"name":"wp","href":"https:\/\/api.w.org\/{rel}","templated":true}]}}