{"id":2015,"date":"2024-12-17T09:10:45","date_gmt":"2024-12-17T09:10:45","guid":{"rendered":"https:\/\/mj-clothing.com\/?post_type=product&#038;p=2015"},"modified":"2024-12-17T09:10:45","modified_gmt":"2024-12-17T09:10:45","slug":"womens-petite-long-coats","status":"publish","type":"product","link":"https:\/\/mj-clothing.com\/cs\/manufacturer\/womens-petite-long-coats\/","title":{"rendered":"D\u00e1msk\u00e9 dlouh\u00e9 kab\u00e1ty Petite"},"content":{"rendered":"<p data-sourcepos=\"1:1-1:144\">Hled\u00e1te d\u00e1msk\u00fd dlouh\u00fd kab\u00e1t Petite, kter\u00fd je h\u0159ejiv\u00fd, stylov\u00fd a padnouc\u00ed v zimn\u00edm kab\u00e1tu! Zde je pr\u016fvodce hled\u00e1n\u00edm ide\u00e1ln\u00edho d\u00e1msk\u00e9ho dlouh\u00e9ho kab\u00e1tu pro drobn\u00e9 postavy:<\/p>\n<h3 data-sourcepos=\"3:1-3:39\"><strong>Pro\u010d je u dlouh\u00fdch kab\u00e1t\u016f d\u016fle\u017eit\u00e1 kategorie \"Petite\"?<\/strong><\/h3>\n<p data-sourcepos=\"5:1-5:132\">Dlouh\u00e9 kab\u00e1ty standardn\u00edch rozm\u011br\u016f mohou \u010dasto p\u0159er\u016fst p\u0159es hlavu drobn\u00fdm postav\u00e1m (obecn\u011b se za n\u011b pova\u017euj\u00ed postavy s v\u00fd\u0161kou do 180 cm). Drobn\u00e9 velikosti tento probl\u00e9m \u0159e\u0161\u00ed:<\/p>\n<ul data-sourcepos=\"7:1-11:0\">\n<li data-sourcepos=\"7:1-7:128\"><strong>Zkr\u00e1cen\u00e1 d\u00e9lka:<\/strong> Celkov\u00e1 d\u00e9lka kab\u00e1tu je zkr\u00e1cena, tak\u017ee v\u00e1s nezahlt\u00ed. Zam\u011b\u0159te se na d\u00e9lku kolem kolen nebo m\u00edrn\u011b pod n\u011b.<\/li>\n<li data-sourcepos=\"8:1-8:112\"><strong>Krat\u0161\u00ed ruk\u00e1vy:<\/strong> Ruk\u00e1vy jsou tvarov\u00e1ny tak, aby sahaly a\u017e k z\u00e1p\u011bst\u00ed, a nen\u00ed tak nutn\u00e9 je n\u00e1kladn\u011b upravovat.<\/li>\n<li data-sourcepos=\"9:1-9:107\"><strong>Vy\u0161\u0161\u00ed pr\u016framky:<\/strong> T\u00edm se zabr\u00e1n\u00ed shrnov\u00e1n\u00ed p\u0159ebyte\u010dn\u00e9 l\u00e1tky v podpa\u017e\u00ed a vytvo\u0159\u00ed se hez\u010d\u00ed silueta.<\/li>\n<li data-sourcepos=\"10:1-11:0\"><strong>U\u017e\u0161\u00ed ramena:<\/strong> Ramenn\u00ed \u0161vy jsou p\u0159izp\u016fsobeny men\u0161\u00ed postav\u011b, tak\u017ee nep\u016fsob\u00ed povadle nebo \u0161patn\u011b padnouc\u00edm dojmem.<\/li>\n<\/ul>\n<h3 data-sourcepos=\"12:1-12:46\"><strong>V\u00fdhody d\u00e1msk\u00fdch dlouh\u00fdch kab\u00e1t\u016f (i pro drobn\u00e9 postavy)<\/strong><\/h3>\n<ul data-sourcepos=\"14:1-17:0\">\n<li data-sourcepos=\"14:1-14:103\"><strong>Maxim\u00e1ln\u00ed teplo:<\/strong> Dlouh\u00e9 kab\u00e1ty poskytuj\u00ed vynikaj\u00edc\u00ed kryt\u00ed a udr\u017e\u00ed v\u00e1s v pohodl\u00ed i v tom nejchladn\u011bj\u0161\u00edm po\u010das\u00ed.<\/li>\n<li data-sourcepos=\"15:1-15:106\"><strong>Elegantn\u00ed silueta:<\/strong> Dob\u0159e padnouc\u00ed dlouh\u00fd kab\u00e1t m\u016f\u017ee b\u00fdt neuv\u011b\u0159iteln\u011b lichotiv\u00fd a prodlou\u017eit va\u0161i postavu.<\/li>\n<li data-sourcepos=\"16:1-17:0\"><strong>V\u0161estrannost:<\/strong> Oble\u010dte si ho k \u0161at\u016fm na podpatku nebo k d\u017e\u00edn\u00e1m a koza\u010dk\u00e1m - dlouh\u00fd kab\u00e1t se p\u0159izp\u016fsob\u00ed r\u016fzn\u00fdm styl\u016fm.<\/li>\n<\/ul>\n<h3 data-sourcepos=\"18:1-18:30\"><strong>Kl\u00ed\u010dov\u00e9 vlastnosti d\u00e1msk\u00fdch dlouh\u00fdch kab\u00e1t\u016f Petite<\/strong><\/h3>\n<ul data-sourcepos=\"20:1-30:0\">\n<li data-sourcepos=\"20:1-20:156\"><strong>D\u00e9lka:<\/strong> Jak ji\u017e bylo zm\u00edn\u011bno, zam\u011b\u0159te se na d\u00e9lku ke kolen\u016fm nebo m\u00edrn\u011b pod n\u011b. Vyhn\u011bte se kab\u00e1t\u016fm dlouh\u00fdm a\u017e na zem, pokud nechcete p\u016fsobit dramaticky a m\u00f3dn\u011b.<\/li>\n<li data-sourcepos=\"21:1-21:174\"><strong>P\u0159izp\u016fsoben\u00ed:<\/strong> To je z\u00e1sadn\u00ed! V\u011bnujte pozornost st\u0159ihu d\u00e1msk\u00fdch dlouh\u00fdch kab\u00e1t\u016f Petite (\u0161vy by m\u011bly sed\u011bt na okraji ramen) a st\u0159ihu poprs\u00ed (m\u011blo by se pohodln\u011b zav\u00edrat, ani\u017e by t\u00e1hlo).<\/li>\n<li data-sourcepos=\"22:1-22:52\"><strong>Ruk\u00e1vy:<\/strong> M\u011bly by kon\u010dit u z\u00e1p\u011bstn\u00ed kosti.<\/li>\n<li data-sourcepos=\"23:1-27:84\"><strong>Styl:<\/strong>\n<ul data-sourcepos=\"24:5-27:84\">\n<li data-sourcepos=\"24:5-24:87\"><strong>Jedno\u0159ad\u00e9:<\/strong> Klasick\u00e9 a univerz\u00e1ln\u00ed, \u010dasto s jednou \u0159adou knofl\u00edk\u016f.<\/li>\n<li data-sourcepos=\"25:5-25:142\"><strong>Dvou\u0159ad\u00e9:<\/strong> Strukturovan\u011bj\u0161\u00ed a form\u00e1ln\u011bj\u0161\u00ed, se dv\u011bma \u0159adami knofl\u00edk\u016f. Pro drobn\u00e9 postavy m\u016f\u017ee b\u00fdt slo\u017eit\u011bj\u0161\u00ed, proto v\u011bnujte zv\u00fd\u0161enou pozornost st\u0159ihu.<\/li>\n<li data-sourcepos=\"26:5-26:78\"><strong>Zavinovac\u00ed kab\u00e1t:<\/strong> Vytv\u00e1\u0159\u00ed definovan\u00fd pas a nastaviteln\u00fd st\u0159ih pomoc\u00ed p\u00e1sku.<\/li>\n<li data-sourcepos=\"27:5-27:84\"><strong>\u0158ada A:<\/strong> M\u00edrn\u011b roz\u0161\u00ed\u0159en\u00fd spodn\u00ed lem, kter\u00fd vyrovn\u00e1v\u00e1 \u0161ir\u0161\u00ed ramena nebo boky.<\/li>\n<\/ul>\n<\/li>\n<li data-sourcepos=\"28:1-28:112\"><strong>Tkanina:<\/strong> Vlna je klasickou h\u0159ejivou volbou, ale zva\u017ete i sm\u011bsi pro ni\u017e\u0161\u00ed hmotnost nebo vy\u0161\u0161\u00ed odolnost.<\/li>\n<li data-sourcepos=\"29:1-30:0\"><strong>Barva:<\/strong> \u010cern\u00e1, n\u00e1mo\u0159nick\u00e1 a \u0161ed\u00e1 jsou nad\u010dasov\u00e9. Zva\u017ete velbloud\u00ed, v\u00ednovou nebo lesn\u00ed zelenou barvu.<\/li>\n<\/ul>\n<h3 data-sourcepos=\"31:1-31:28\"><strong>Tipy na styling pro drobn\u00e9 postavy<\/strong><\/h3>\n<ul data-sourcepos=\"33:1-37:0\">\n<li data-sourcepos=\"33:1-33:86\"><strong>Vyhn\u011bte se nadm\u011brn\u00e9 velikosti:<\/strong> M\u016f\u017ee to utopit v\u00e1\u0161 r\u00e1m. Volte rad\u011bji st\u0159ih na m\u00edru nebo vypasovan\u00fd styl.<\/li>\n<li data-sourcepos=\"34:1-34:78\"><strong>Opasky jsou v\u00e1\u0161 p\u0159\u00edtel:<\/strong> Vyzna\u010dte si pas, abyste nep\u016fsobili beztvar\u00fdm dojmem.<\/li>\n<li data-sourcepos=\"35:1-35:94\"><strong>Podpatky nebo boty na podpatku:<\/strong> P\u0159idejte v\u00fd\u0161ku a prodlou\u017ete nohy, abyste vyv\u00e1\u017eili d\u00e9lku kab\u00e1tu.<\/li>\n<li data-sourcepos=\"36:1-37:0\"><strong>Zachovejte jednoduchost:<\/strong> Vyhn\u011bte se nadm\u011brn\u00e9mu objemu nebo ozdob\u00e1m, kter\u00e9 by mohly zahltit v\u00e1\u0161 r\u00e1m.<\/li>\n<\/ul>","protected":false},"excerpt":{"rendered":"<table style=\"height: 612px;\" width=\"488\">\n<tbody>\n<tr>\n<td width=\"146\"><strong><b>Produkt<\/b><\/strong>\u00a0<strong><b>Jm\u00e9no:<\/b><\/strong><\/td>\n<td width=\"601\"><strong>D\u00e1msk\u00e9 dlouh\u00e9 kab\u00e1ty Petite<\/strong><\/td>\n<\/tr>\n<tr>\n<td width=\"146\"><strong><b>Materlal:<\/b><\/strong><\/td>\n<td width=\"601\">Pleten\u00ed<\/td>\n<\/tr>\n<tr>\n<td width=\"146\"><strong><b>Technika:<\/b><\/strong><\/td>\n<td width=\"601\">Vy\u0161\u00edvan\u00e9<\/td>\n<\/tr>\n<tr>\n<td width=\"146\"><strong><b>Styl:<\/b><\/strong><\/td>\n<td width=\"601\">P\u0159\u00edle\u017eitostn\u00e9<\/td>\n<\/tr>\n<tr>\n<td width=\"146\"><strong><b>Barva<\/b><\/strong><strong><b>:<\/b><\/strong><\/td>\n<td width=\"601\">\u00a0Vlastn\u00ed barvy<\/td>\n<\/tr>\n<tr>\n<td width=\"146\"><strong><b>Velikost:<\/b><\/strong><\/td>\n<td width=\"601\">S \/M \/L \/XL \/2XL<\/td>\n<\/tr>\n<tr>\n<td width=\"146\"><strong><b>OEM\/ODM:<\/b><\/strong><\/td>\n<td width=\"601\">P\u0159ijateln\u00e9<\/td>\n<\/tr>\n<tr>\n<td width=\"146\"><strong><b>Kvalita:<\/b><\/strong><\/td>\n<td width=\"601\">100% Vysok\u00e1 kvalita<\/td>\n<\/tr>\n<tr>\n<td width=\"146\"><strong><b>M<\/b><\/strong><strong><b>OQ:<\/b><\/strong><\/td>\n<td width=\"601\">200 ks<\/td>\n<\/tr>\n<\/tbody>\n<\/table>","protected":false},"featured_media":2017,"template":"","meta":[],"product_brand":[],"product_cat":[39],"product_tag":[],"class_list":{"0":"post-2015","1":"product","2":"type-product","3":"status-publish","4":"has-post-thumbnail","6":"product_cat-womens-clothing","8":"first","9":"instock","10":"shipping-taxable","11":"product-type-simple"},"_links":{"self":[{"href":"https:\/\/mj-clothing.com\/cs\/wp-json\/wp\/v2\/product\/2015","targetHints":{"allow":["GET"]}}],"collection":[{"href":"https:\/\/mj-clothing.com\/cs\/wp-json\/wp\/v2\/product"}],"about":[{"href":"https:\/\/mj-clothing.com\/cs\/wp-json\/wp\/v2\/types\/product"}],"wp:featuredmedia":[{"embeddable":true,"href":"https:\/\/mj-clothing.com\/cs\/wp-json\/wp\/v2\/media\/2017"}],"wp:attachment":[{"href":"https:\/\/mj-clothing.com\/cs\/wp-json\/wp\/v2\/media?parent=2015"}],"wp:term":[{"taxonomy":"product_brand","embeddable":true,"href":"https:\/\/mj-clothing.com\/cs\/wp-json\/wp\/v2\/product_brand?post=2015"},{"taxonomy":"product_cat","embeddable":true,"href":"https:\/\/mj-clothing.com\/cs\/wp-json\/wp\/v2\/product_cat?post=2015"},{"taxonomy":"product_tag","embeddable":true,"href":"https:\/\/mj-clothing.com\/cs\/wp-json\/wp\/v2\/product_tag?post=2015"}],"curies":[{"name":"wp","href":"https:\/\/api.w.org\/{rel}","templated":true}]}}