{"id":2020,"date":"2024-12-17T09:14:47","date_gmt":"2024-12-17T09:14:47","guid":{"rendered":"https:\/\/mj-clothing.com\/?post_type=product&#038;p=2020"},"modified":"2024-12-19T03:40:02","modified_gmt":"2024-12-19T03:40:02","slug":"long-shearling-coat-womens","status":"publish","type":"product","link":"https:\/\/mj-clothing.com\/cs\/manufacturer\/long-shearling-coat-womens\/","title":{"rendered":"Dlouh\u00fd d\u00e1msk\u00fd kab\u00e1t ze st\u0159i\u017ee"},"content":{"rendered":"<p data-sourcepos=\"1:1-1:209\">Dlouh\u00fd d\u00e1msk\u00fd kab\u00e1t ze st\u0159i\u017ee je luxusn\u00ed a neuv\u011b\u0159iteln\u011b tepl\u00fd svrchn\u00ed od\u011bv pro \u017eeny. Je to v\u00fdrazn\u00fd kousek, kter\u00fd kombinuje prakti\u010dnost s nepopirateln\u00fdm stylem. Zde je rozpis toho, co je \u010din\u00ed tak \u017e\u00e1douc\u00edmi:<\/p>\n<h3 data-sourcepos=\"3:1-3:22\"><strong>Co je Dlouh\u00fd d\u00e1msk\u00fd kab\u00e1t ze st\u0159i\u017ee?<\/strong><\/h3>\n<p data-sourcepos=\"5:1-5:190\">St\u0159i\u017e je vyrobena z ov\u010d\u00ed nebo jehn\u011b\u010d\u00ed k\u016f\u017ee, kter\u00e1 byla vy\u010din\u011bna a zpracov\u00e1na se zachovanou vlnou. T\u00edm vznik\u00e1 m\u011bkk\u00fd, ply\u0161ov\u00fd vnit\u0159ek a v\u00fdrazn\u00fd semi\u0161ov\u00fd nebo ko\u017een\u00fd vn\u011bj\u0161ek.<\/p>\n<h3 data-sourcepos=\"5:1-5:190\"><strong>Pro\u010d si vybrat dlouh\u00fd d\u00e1msk\u00fd st\u0159ihov\u00fd kab\u00e1t?<\/strong><\/h3>\n<ul data-sourcepos=\"9:1-13:0\">\n<li data-sourcepos=\"9:1-9:190\"><strong>V\u00fdjime\u010dn\u00e9 teplo:<\/strong> St\u0159i\u017e je jedn\u00edm z nejteplej\u0161\u00edch dostupn\u00fdch p\u0159\u00edrodn\u00edch materi\u00e1l\u016f. Hust\u00e1 vln\u011bn\u00e1 vl\u00e1kna zachycuj\u00ed vzduch a poskytuj\u00ed vynikaj\u00edc\u00ed izolaci i p\u0159i t\u011bch nejni\u017e\u0161\u00edch teplot\u00e1ch.<\/li>\n<li data-sourcepos=\"9:1-9:190\"><strong>Pohodl\u00ed:<\/strong> M\u011bkk\u00fd, ply\u0161ov\u00fd vnit\u0159ek st\u0159i\u017eov\u00e9ho ko\u017eichu je neuv\u011b\u0159iteln\u011b p\u0159\u00edjemn\u00fd na k\u016f\u017ei.<\/li>\n<li data-sourcepos=\"11:1-11:98\"><strong>Odolnost:<\/strong> St\u0159i\u017e je odoln\u00fd materi\u00e1l, kter\u00fd p\u0159i spr\u00e1vn\u00e9 p\u00e9\u010di vydr\u017e\u00ed mnoho let.<\/li>\n<li data-sourcepos=\"12:1-13:0\"><strong>Styl:<\/strong> Dlouh\u00fd st\u0159i\u017en\u00ed kab\u00e1t je v\u00fdrazn\u00fdm kouskem, kter\u00fd dod\u00e1 ka\u017ed\u00e9mu oble\u010den\u00ed n\u00e1dech luxusu a sofistikovanosti.<\/li>\n<\/ul>\n<h3 data-sourcepos=\"14:1-14:42\"><strong>Kl\u00ed\u010dov\u00e9 vlastnosti dlouh\u00e9ho d\u00e1msk\u00e9ho kab\u00e1tu ze st\u0159i\u017ee:<\/strong><\/h3>\n<ul data-sourcepos=\"16:1-21:0\">\n<li data-sourcepos=\"16:1-16:86\"><strong>D\u00e9lka:<\/strong> Obvykle spad\u00e1 pod kolena, tak\u017ee maxim\u00e1ln\u011b kryje a zah\u0159\u00edv\u00e1.<\/li>\n<li data-sourcepos=\"17:1-17:66\"><strong>Exteri\u00e9r:<\/strong> Mohou b\u00fdt semi\u0161ov\u00e9, ko\u017een\u00e9 nebo kombinovan\u00e9.<\/li>\n<li data-sourcepos=\"18:1-18:46\"><strong>Interi\u00e9r:<\/strong> M\u011bkk\u00e1, ply\u0161ov\u00e1 vln\u011bn\u00e1 pod\u0161\u00edvka.<\/li>\n<li data-sourcepos=\"19:1-19:100\"><strong>Obojek:<\/strong> Mohou m\u00edt r\u016fzn\u00e9 typy l\u00edmc\u016f, nap\u0159\u00edklad \u0161\u00e1lov\u00fd l\u00edmec, vroubkovan\u00fd l\u00edmec nebo kapuci.<\/li>\n<li data-sourcepos=\"20:1-21:0\"><strong>Uzav\u0159en\u00ed:<\/strong> M\u016f\u017ee m\u00edt knofl\u00edky, zipy nebo p\u0159ep\u00edna\u010de.<\/li>\n<\/ul>\n<h3 data-sourcepos=\"22:1-22:57\"><strong>Co je t\u0159eba zv\u00e1\u017eit p\u0159i n\u00e1kupu dlouh\u00e9ho st\u0159i\u017en\u00edho kab\u00e1tu:<\/strong><\/h3>\n<ul data-sourcepos=\"24:1-28:0\">\n<li data-sourcepos=\"24:1-24:87\"><strong>Kvalita:<\/strong> Hledejte kab\u00e1ty vyroben\u00e9 z vysoce kvalitn\u00ed st\u0159i\u017ee s hustou a rovnom\u011brnou vlnou.<\/li>\n<li data-sourcepos=\"25:1-25:129\"><strong>Hmotnost:<\/strong> St\u0159ihov\u00e9 kab\u00e1ty mohou b\u00fdt t\u011b\u017ek\u00e9, proto zva\u017ete jejich hmotnost a to, jak pohodln\u00e9 bude jejich no\u0161en\u00ed po del\u0161\u00ed dobu.<\/li>\n<li data-sourcepos=\"26:1-26:99\"><strong>P\u0159izp\u016fsoben\u00ed:<\/strong> Ujist\u011bte se, \u017ee kab\u00e1t dob\u0159e sed\u00ed p\u0159es ramena a umo\u017e\u0148uje pohodln\u00e9 vrstven\u00ed.<\/li>\n<li data-sourcepos=\"27:1-28:0\"><strong>Cena:<\/strong> St\u0159ihov\u00e9 kab\u00e1ty jsou investic\u00ed, tak\u017ee se p\u0159ipravte na zna\u010dnou \u010d\u00e1stku.<\/li>\n<\/ul>\n<h3 data-sourcepos=\"29:1-29:39\"><strong>Jak stylov\u011b upravit dlouh\u00fd st\u0159ihov\u00fd kab\u00e1t:<\/strong><\/h3>\n<ul data-sourcepos=\"31:1-33:0\">\n<li data-sourcepos=\"31:1-31:94\"><strong>P\u0159\u00edle\u017eitostn\u00e9:<\/strong> Zkombinujte ji s d\u017e\u00ednami, svetrem a botami a z\u00edskejte tepl\u00fd a stylov\u00fd ka\u017edodenn\u00ed vzhled.<\/li>\n<li data-sourcepos=\"32:1-33:0\"><strong>\u0160aty:<\/strong> Navrstven\u00edm na \u0161aty nebo ve\u010dern\u00ed oble\u010den\u00ed z\u00edsk\u00e1te luxusn\u00ed a sofistikovan\u00fd vzhled.<\/li>\n<\/ul>\n<h3 data-sourcepos=\"34:1-34:35\"><strong>P\u00e9\u010de o dlouh\u00fd st\u0159ihov\u00fd kab\u00e1t:<\/strong><\/h3>\n<ul data-sourcepos=\"36:1-39:0\">\n<li data-sourcepos=\"36:1-36:115\"><strong>Profesion\u00e1ln\u00ed \u010di\u0161t\u011bn\u00ed:<\/strong> Doporu\u010duje se nechat si st\u0159iha\u010dsk\u00fd ko\u017eich odborn\u011b vy\u010distit.<\/li>\n<li data-sourcepos=\"36:1-36:115\"><strong>Bodov\u00e9 \u010di\u0161t\u011bn\u00ed:<\/strong> Mal\u00e9 skvrny m\u016f\u017eete vy\u010distit vlhk\u00fdm had\u0159\u00edkem a jemn\u00fdm \u010distic\u00edm prost\u0159edkem.<\/li>\n<li data-sourcepos=\"38:1-39:0\"><strong>Skladov\u00e1n\u00ed:<\/strong> St\u0159iha\u010dsk\u00fd kab\u00e1t skladujte na chladn\u00e9m a such\u00e9m m\u00edst\u011b mimo dosah p\u0159\u00edm\u00e9ho slune\u010dn\u00edho z\u00e1\u0159en\u00ed.<\/li>\n<\/ul>\n<p data-sourcepos=\"40:1-40:121\">Dlouh\u00fd st\u0159i\u017en\u00ed kab\u00e1t je luxusn\u00ed a praktickou investic\u00ed, kter\u00e1 v\u00e1s zah\u0159eje a dod\u00e1 v\u00e1m styl na mnoho let dop\u0159edu.<\/p>","protected":false},"excerpt":{"rendered":"<table style=\"height: 560px;\" width=\"542\">\n<tbody>\n<tr>\n<td width=\"146\"><strong><b>Produkt<\/b><\/strong>\u00a0<strong><b>Jm\u00e9no:<\/b><\/strong><\/td>\n<td width=\"601\"><strong>Dlouh\u00fd d\u00e1msk\u00fd kab\u00e1t ze st\u0159i\u017ee<\/strong><\/td>\n<\/tr>\n<tr>\n<td width=\"146\"><strong><b>Materlal:<\/b><\/strong><\/td>\n<td width=\"601\">Pleten\u00ed<\/td>\n<\/tr>\n<tr>\n<td width=\"146\"><strong><b>Technika:<\/b><\/strong><\/td>\n<td width=\"601\">Vy\u0161\u00edvan\u00e9<\/td>\n<\/tr>\n<tr>\n<td width=\"146\"><strong><b>Styl:<\/b><\/strong><\/td>\n<td width=\"601\">P\u0159\u00edle\u017eitostn\u00e9<\/td>\n<\/tr>\n<tr>\n<td width=\"146\"><strong><b>Barva<\/b><\/strong><strong><b>:<\/b><\/strong><\/td>\n<td width=\"601\">\u00a0Vlastn\u00ed barvy<\/td>\n<\/tr>\n<tr>\n<td width=\"146\"><strong><b>Velikost:<\/b><\/strong><\/td>\n<td width=\"601\">S \/M \/L \/XL \/2XL<\/td>\n<\/tr>\n<tr>\n<td width=\"146\"><strong><b>OEM\/ODM:<\/b><\/strong><\/td>\n<td width=\"601\">P\u0159ijateln\u00e9<\/td>\n<\/tr>\n<tr>\n<td width=\"146\"><strong><b>Kvalita:<\/b><\/strong><\/td>\n<td width=\"601\">100% Vysok\u00e1 kvalita<\/td>\n<\/tr>\n<tr>\n<td width=\"146\"><strong><b>M<\/b><\/strong><strong><b>OQ:<\/b><\/strong><\/td>\n<td width=\"601\">200 ks<\/td>\n<\/tr>\n<\/tbody>\n<\/table>","protected":false},"featured_media":2026,"template":"","meta":[],"product_brand":[],"product_cat":[39],"product_tag":[],"class_list":{"0":"post-2020","1":"product","2":"type-product","3":"status-publish","4":"has-post-thumbnail","6":"product_cat-womens-clothing","8":"first","9":"instock","10":"shipping-taxable","11":"product-type-simple"},"_links":{"self":[{"href":"https:\/\/mj-clothing.com\/cs\/wp-json\/wp\/v2\/product\/2020","targetHints":{"allow":["GET"]}}],"collection":[{"href":"https:\/\/mj-clothing.com\/cs\/wp-json\/wp\/v2\/product"}],"about":[{"href":"https:\/\/mj-clothing.com\/cs\/wp-json\/wp\/v2\/types\/product"}],"wp:featuredmedia":[{"embeddable":true,"href":"https:\/\/mj-clothing.com\/cs\/wp-json\/wp\/v2\/media\/2026"}],"wp:attachment":[{"href":"https:\/\/mj-clothing.com\/cs\/wp-json\/wp\/v2\/media?parent=2020"}],"wp:term":[{"taxonomy":"product_brand","embeddable":true,"href":"https:\/\/mj-clothing.com\/cs\/wp-json\/wp\/v2\/product_brand?post=2020"},{"taxonomy":"product_cat","embeddable":true,"href":"https:\/\/mj-clothing.com\/cs\/wp-json\/wp\/v2\/product_cat?post=2020"},{"taxonomy":"product_tag","embeddable":true,"href":"https:\/\/mj-clothing.com\/cs\/wp-json\/wp\/v2\/product_tag?post=2020"}],"curies":[{"name":"wp","href":"https:\/\/api.w.org\/{rel}","templated":true}]}}