{"id":2037,"date":"2024-12-18T02:59:21","date_gmt":"2024-12-18T02:59:21","guid":{"rendered":"https:\/\/mj-clothing.com\/?post_type=product&#038;p=2037"},"modified":"2024-12-18T03:22:38","modified_gmt":"2024-12-18T03:22:38","slug":"womens-heated-long-coat","status":"publish","type":"product","link":"https:\/\/mj-clothing.com\/cs\/manufacturer\/womens-heated-long-coat\/","title":{"rendered":"D\u00e1msk\u00fd vyh\u0159\u00edvan\u00fd dlouh\u00fd kab\u00e1t"},"content":{"rendered":"<p data-sourcepos=\"1:1-1:216\">D\u00e1msk\u00fd dlouh\u00fd kab\u00e1t s vyh\u0159\u00edv\u00e1n\u00edm je typ svrchn\u00edho od\u011bvu navr\u017een\u00fd tak, aby poskytoval v\u00fdjime\u010dn\u00e9 teplo v chladn\u00e9m po\u010das\u00ed. Obsahuje integrovan\u00e9 vyh\u0159\u00edvac\u00ed prvky nap\u00e1jen\u00e9 bateri\u00ed, kter\u00e1 je obvykle um\u00edst\u011bna v nen\u00e1padn\u00e9 kapse.<\/p>\n<h3 data-sourcepos=\"3:1-3:35\"><strong>V \u010dem jsou v\u00fdjime\u010dn\u00e9:<\/strong><\/h3>\n<ul data-sourcepos=\"5:1-8:0\">\n<li data-sourcepos=\"5:1-5:222\"><strong>Vynikaj\u00edc\u00ed teplo:<\/strong> Vestav\u011bn\u00e9 topn\u00e9 prvky vytv\u00e1\u0159ej\u00ed teplo, \u010d\u00edm\u017e v\u00fdrazn\u011b zvy\u0161uj\u00ed izola\u010dn\u00ed vlastnosti kab\u00e1tu. D\u00edky tomu jsou ide\u00e1ln\u00ed pro extr\u00e9mn\u011b chladn\u00e9 podneb\u00ed nebo venkovn\u00ed aktivity v mraziv\u00fdch teplot\u00e1ch.<\/li>\n<li data-sourcepos=\"6:1-6:159\"><strong>Pohodl\u00ed:<\/strong> Mnoh\u00e9 modely nab\u00edzej\u00ed nastaviteln\u00fd stupe\u0148 tepla, kter\u00fd umo\u017e\u0148uje p\u0159izp\u016fsobit \u00farove\u0148 tepla podle va\u0161ich preferenc\u00ed a intenzity chladu.<\/li>\n<li data-sourcepos=\"7:1-8:0\"><strong>V\u0161estrannost:<\/strong> V z\u00e1vislosti na designu a materi\u00e1lech kab\u00e1tu se hod\u00ed k r\u016fzn\u00fdm p\u0159\u00edle\u017eitostem, od b\u011b\u017en\u00fdch v\u00fdlet\u016f a\u017e po form\u00e1ln\u011bj\u0161\u00ed ud\u00e1losti.<\/li>\n<\/ul>\n<h3 data-sourcepos=\"9:1-9:56\"><strong>Co je t\u0159eba zv\u00e1\u017eit p\u0159i v\u00fdb\u011bru d\u00e1msk\u00e9ho vyh\u0159\u00edvan\u00e9ho dlouh\u00e9ho kab\u00e1tu:<\/strong><\/h3>\n<ul data-sourcepos=\"11:1-15:0\">\n<li data-sourcepos=\"11:1-11:198\"><strong>Technologie vyt\u00e1p\u011bn\u00ed:<\/strong> R\u016fzn\u00e9 zna\u010dky pou\u017e\u00edvaj\u00ed r\u016fzn\u00e9 technologie oh\u0159evu. Prozkoumejte konkr\u00e9tn\u00ed technologii pou\u017eitou v kab\u00e1tu, o kter\u00fd m\u00e1te z\u00e1jem, abyste pochopili jeho v\u00fdkon a bezpe\u010dnostn\u00ed vlastnosti.<\/li>\n<li data-sourcepos=\"12:1-12:182\"><strong>V\u00fddr\u017e baterie:<\/strong> V\u00fddr\u017e baterie je kl\u00ed\u010dov\u00e1. Zva\u017ete, jak dlouho baterie vydr\u017e\u00ed p\u0159i r\u016fzn\u00fdch nastaven\u00edch teploty, abyste m\u011bli jistotu, \u017ee bude vyhovovat va\u0161im pot\u0159eb\u00e1m po celou dobu va\u0161ich aktivit.<\/li>\n<li data-sourcepos=\"13:1-13:174\"><strong>Pohodl\u00ed a p\u0159izp\u016fsoben\u00ed:<\/strong> Vyberte si kab\u00e1t, kter\u00fd dob\u0159e padne a pohodln\u011b se nos\u00ed. Hledejte prvky, jako jsou nastaviteln\u00e9 man\u017eety, kapuce a stahovac\u00ed \u0161\u0148\u016frky, kter\u00e9 zlep\u0161uj\u00ed p\u0159izp\u016fsoben\u00ed a h\u0159ejivost.<\/li>\n<li data-sourcepos=\"14:1-15:0\"><strong>Styl a design:<\/strong> Vyberte si kab\u00e1t, kter\u00fd dopln\u00ed v\u00e1\u0161 osobn\u00ed styl a p\u0159\u00edle\u017eitosti, ke kter\u00fdm ho budete nosit.<\/li>\n<\/ul>\n<p data-sourcepos=\"16:1-16:186\">Pokud \u017eijete ve velmi chladn\u00e9m podneb\u00ed nebo se v zim\u011b \u010dasto v\u011bnujete venkovn\u00edm aktivit\u00e1m, m\u016f\u017ee b\u00fdt d\u00e1msk\u00fd dlouh\u00fd kab\u00e1t s vyh\u0159\u00edv\u00e1n\u00edm cennou investic\u00ed do tepla a pohodl\u00ed.<\/p>","protected":false},"excerpt":{"rendered":"<table style=\"height: 602px;\" width=\"581\">\n<tbody>\n<tr>\n<td width=\"146\"><strong><b>Produkt<\/b><\/strong>\u00a0<strong><b>Jm\u00e9no:<\/b><\/strong><\/td>\n<td width=\"601\"><strong>D\u00e1msk\u00fd vyh\u0159\u00edvan\u00fd dlouh\u00fd kab\u00e1t<\/strong><\/td>\n<\/tr>\n<tr>\n<td width=\"146\"><strong><b>Materlal:<\/b><\/strong><\/td>\n<td width=\"601\">Pleten\u00ed<\/td>\n<\/tr>\n<tr>\n<td width=\"146\"><strong><b>Technika:<\/b><\/strong><\/td>\n<td width=\"601\">Vy\u0161\u00edvan\u00e9<\/td>\n<\/tr>\n<tr>\n<td width=\"146\"><strong><b>Styl:<\/b><\/strong><\/td>\n<td width=\"601\">P\u0159\u00edle\u017eitostn\u00e9<\/td>\n<\/tr>\n<tr>\n<td width=\"146\"><strong><b>Barva<\/b><\/strong><strong><b>:<\/b><\/strong><\/td>\n<td width=\"601\">\u00a0Vlastn\u00ed barvy<\/td>\n<\/tr>\n<tr>\n<td width=\"146\"><strong><b>Velikost:<\/b><\/strong><\/td>\n<td width=\"601\">S \/M \/L \/XL \/2XL<\/td>\n<\/tr>\n<tr>\n<td width=\"146\"><strong><b>OEM\/ODM:<\/b><\/strong><\/td>\n<td width=\"601\">P\u0159ijateln\u00e9<\/td>\n<\/tr>\n<tr>\n<td width=\"146\"><strong><b>Kvalita:<\/b><\/strong><\/td>\n<td width=\"601\">100% Vysok\u00e1 kvalita<\/td>\n<\/tr>\n<tr>\n<td width=\"146\"><strong><b>M<\/b><\/strong><strong><b>OQ:<\/b><\/strong><\/td>\n<td width=\"601\">200 ks<\/td>\n<\/tr>\n<\/tbody>\n<\/table>","protected":false},"featured_media":2040,"template":"","meta":[],"product_brand":[],"product_cat":[39],"product_tag":[],"class_list":{"0":"post-2037","1":"product","2":"type-product","3":"status-publish","4":"has-post-thumbnail","6":"product_cat-womens-clothing","8":"first","9":"instock","10":"shipping-taxable","11":"product-type-simple"},"_links":{"self":[{"href":"https:\/\/mj-clothing.com\/cs\/wp-json\/wp\/v2\/product\/2037","targetHints":{"allow":["GET"]}}],"collection":[{"href":"https:\/\/mj-clothing.com\/cs\/wp-json\/wp\/v2\/product"}],"about":[{"href":"https:\/\/mj-clothing.com\/cs\/wp-json\/wp\/v2\/types\/product"}],"wp:featuredmedia":[{"embeddable":true,"href":"https:\/\/mj-clothing.com\/cs\/wp-json\/wp\/v2\/media\/2040"}],"wp:attachment":[{"href":"https:\/\/mj-clothing.com\/cs\/wp-json\/wp\/v2\/media?parent=2037"}],"wp:term":[{"taxonomy":"product_brand","embeddable":true,"href":"https:\/\/mj-clothing.com\/cs\/wp-json\/wp\/v2\/product_brand?post=2037"},{"taxonomy":"product_cat","embeddable":true,"href":"https:\/\/mj-clothing.com\/cs\/wp-json\/wp\/v2\/product_cat?post=2037"},{"taxonomy":"product_tag","embeddable":true,"href":"https:\/\/mj-clothing.com\/cs\/wp-json\/wp\/v2\/product_tag?post=2037"}],"curies":[{"name":"wp","href":"https:\/\/api.w.org\/{rel}","templated":true}]}}