{"id":2041,"date":"2024-12-18T03:08:39","date_gmt":"2024-12-18T03:08:39","guid":{"rendered":"https:\/\/mj-clothing.com\/?post_type=product&#038;p=2041"},"modified":"2024-12-18T03:23:38","modified_gmt":"2024-12-18T03:23:38","slug":"womens-long-wrap-coat","status":"publish","type":"product","link":"https:\/\/mj-clothing.com\/cs\/manufacturer\/womens-long-wrap-coat\/","title":{"rendered":"D\u00e1msk\u00fd dlouh\u00fd zavinovac\u00ed kab\u00e1t"},"content":{"rendered":"<p data-sourcepos=\"1:1-1:121\">Dlouh\u00fd d\u00e1msk\u00fd zavinovac\u00ed kab\u00e1t je stylovou a v\u0161estrannou volbou svrchn\u00edho oble\u010den\u00ed, kter\u00e1 nab\u00edz\u00ed n\u00e1dech elegance a sofistikovanosti.<\/p>\n<h3 data-sourcepos=\"3:1-3:17\"><strong>D\u00e1msk\u00fd dlouh\u00fd zavinovac\u00ed kab\u00e1t Kl\u00ed\u010dov\u00e9 vlastnosti:<\/strong><\/h3>\n<ul data-sourcepos=\"5:1-9:0\">\n<li data-sourcepos=\"5:1-5:132\"><strong>Obalov\u00fd design:<\/strong> Charakteristick\u00fdm znakem je zavinovac\u00ed styl, kdy se kab\u00e1t p\u0159ekr\u00fdv\u00e1 a obvykle se v pase zavazuje nebo p\u0159ep\u00e1s\u00e1v\u00e1.<\/li>\n<li data-sourcepos=\"6:1-6:83\"><strong>D\u00e9lka:<\/strong> Sah\u00e1 pod boky, \u010dasto a\u017e ke kolen\u016fm nebo dokonce do poloviny l\u00fdtek.<\/li>\n<li data-sourcepos=\"7:1-7:126\"><strong>R\u016fzn\u00e9 materi\u00e1ly:<\/strong> Mohou b\u00fdt vyrobeny z r\u016fzn\u00fdch materi\u00e1l\u016f, v\u010detn\u011b vlny, ka\u0161m\u00edru, bavln\u011bn\u00fdch sm\u011bs\u00ed a dokonce i z um\u011bl\u00e9 ko\u017ee\u0161iny.<\/li>\n<li data-sourcepos=\"8:1-9:0\"><strong><span class=\"citation-0 interactive-span-selected-v2\">V\u0161estrannost:<\/span><\/strong><span class=\"citation-0 citation-end-0 interactive-span-selected-v2\"> Lze je obl\u00e9knout nahoru i dol\u016f, tak\u017ee se hod\u00ed pro r\u016fzn\u00e9 p\u0159\u00edle\u017eitosti od neform\u00e1ln\u00edch v\u00fdlet\u016f a\u017e po slavnostn\u00ed ud\u00e1losti. <\/span>\n<div class=\"container ng-tns-c3353360079-34\">\n<div class=\"carousel-container ng-tns-c3353360079-34\">\n<div class=\"carousel-content ng-tns-c3353360079-34\">\n<div class=\"sources-carousel-source ng-tns-c3353360079-34 ng-star-inserted\" data-test-id=\"sources-carousel-source\">\n<div class=\"source-card-container\">\n<div class=\"source-card-content\">\n<div class=\"source-card-body\">\n<div class=\"source-card-header\"><\/div>\n<\/div>\n<div class=\"source-card-footer\">\n<div class=\"source-card-attribution\"><\/div>\n<\/div>\n<\/div>\n<\/div>\n<\/div>\n<\/div>\n<\/div>\n<\/div>\n<\/li>\n<\/ul>\n<h3 data-sourcepos=\"10:1-10:24\"><strong>Pro\u010d je \u017eeny miluj\u00ed:<\/strong><\/h3>\n<ul data-sourcepos=\"12:1-15:0\">\n<li data-sourcepos=\"12:1-12:108\"><strong>Lichotiv\u00e1 silueta:<\/strong> Zavinovac\u00ed st\u0159ih zv\u00fdraz\u0148uje pas a vytv\u00e1\u0159\u00ed lichotiv\u00fd tvar p\u0159es\u00fdpac\u00edch hodin.<\/li>\n<li data-sourcepos=\"13:1-13:64\"><strong>Pohodl\u00ed:<\/strong> \u010casto poskytuj\u00ed pohodln\u00fd a uvoln\u011bn\u00fd st\u0159ih.<\/li>\n<li data-sourcepos=\"14:1-15:0\"><strong>Styl:<\/strong> Ka\u017ed\u00e9mu oble\u010den\u00ed dodaj\u00ed n\u00e1dech \u017eenskosti a elegance.<\/li>\n<\/ul>\n<h3 data-sourcepos=\"16:1-16:17\"><strong>Tipy pro styling:<\/strong><\/h3>\n<ul data-sourcepos=\"18:1-20:0\">\n<li data-sourcepos=\"18:1-18:101\"><strong>P\u00e1rovat s:<\/strong> D\u017e\u00edny a boty pro le\u017e\u00e9rn\u00ed vzhled nebo \u0161aty a podpatky pro elegantn\u011bj\u0161\u00ed sestavu.<\/li>\n<li data-sourcepos=\"19:1-20:0\"><strong>Dopl\u0148ky:<\/strong> Vzhled dopl\u0148te \u0161\u00e1lou, rukavicemi a stylov\u00fdm kloboukem.<\/li>\n<\/ul>\n<p data-sourcepos=\"21:1-21:140\">Pokud hled\u00e1te stylov\u00fd a v\u0161estrann\u00fd kab\u00e1t do sv\u00e9ho zimn\u00edho \u0161atn\u00edku, ur\u010dit\u011b stoj\u00ed za zv\u00e1\u017een\u00ed d\u00e1msk\u00fd dlouh\u00fd zavinovac\u00ed kab\u00e1t.<\/p>","protected":false},"excerpt":{"rendered":"<table style=\"height: 617px;\" width=\"599\">\n<tbody>\n<tr>\n<td width=\"146\"><strong><b>Produkt<\/b><\/strong>\u00a0<strong><b>Jm\u00e9no:<\/b><\/strong><\/td>\n<td width=\"601\"><strong>D\u00e1msk\u00fd dlouh\u00fd zavinovac\u00ed kab\u00e1t<\/strong><\/td>\n<\/tr>\n<tr>\n<td width=\"146\"><strong><b>Materlal:<\/b><\/strong><\/td>\n<td width=\"601\">Pleten\u00ed<\/td>\n<\/tr>\n<tr>\n<td width=\"146\"><strong><b>Technika:<\/b><\/strong><\/td>\n<td width=\"601\">Vy\u0161\u00edvan\u00e9<\/td>\n<\/tr>\n<tr>\n<td width=\"146\"><strong><b>Styl:<\/b><\/strong><\/td>\n<td width=\"601\">P\u0159\u00edle\u017eitostn\u00e9<\/td>\n<\/tr>\n<tr>\n<td width=\"146\"><strong><b>Barva<\/b><\/strong><strong><b>:<\/b><\/strong><\/td>\n<td width=\"601\">\u00a0Vlastn\u00ed barvy<\/td>\n<\/tr>\n<tr>\n<td width=\"146\"><strong><b>Velikost:<\/b><\/strong><\/td>\n<td width=\"601\">S \/M \/L \/XL \/2XL<\/td>\n<\/tr>\n<tr>\n<td width=\"146\"><strong><b>OEM\/ODM:<\/b><\/strong><\/td>\n<td width=\"601\">P\u0159ijateln\u00e9<\/td>\n<\/tr>\n<tr>\n<td width=\"146\"><strong><b>Kvalita:<\/b><\/strong><\/td>\n<td width=\"601\">100% Vysok\u00e1 kvalita<\/td>\n<\/tr>\n<tr>\n<td width=\"146\"><strong><b>M<\/b><\/strong><strong><b>OQ:<\/b><\/strong><\/td>\n<td width=\"601\">200 ks<\/td>\n<\/tr>\n<\/tbody>\n<\/table>","protected":false},"featured_media":2042,"template":"","meta":[],"product_brand":[],"product_cat":[39],"product_tag":[],"class_list":{"0":"post-2041","1":"product","2":"type-product","3":"status-publish","4":"has-post-thumbnail","6":"product_cat-womens-clothing","8":"first","9":"instock","10":"shipping-taxable","11":"product-type-simple"},"_links":{"self":[{"href":"https:\/\/mj-clothing.com\/cs\/wp-json\/wp\/v2\/product\/2041","targetHints":{"allow":["GET"]}}],"collection":[{"href":"https:\/\/mj-clothing.com\/cs\/wp-json\/wp\/v2\/product"}],"about":[{"href":"https:\/\/mj-clothing.com\/cs\/wp-json\/wp\/v2\/types\/product"}],"wp:featuredmedia":[{"embeddable":true,"href":"https:\/\/mj-clothing.com\/cs\/wp-json\/wp\/v2\/media\/2042"}],"wp:attachment":[{"href":"https:\/\/mj-clothing.com\/cs\/wp-json\/wp\/v2\/media?parent=2041"}],"wp:term":[{"taxonomy":"product_brand","embeddable":true,"href":"https:\/\/mj-clothing.com\/cs\/wp-json\/wp\/v2\/product_brand?post=2041"},{"taxonomy":"product_cat","embeddable":true,"href":"https:\/\/mj-clothing.com\/cs\/wp-json\/wp\/v2\/product_cat?post=2041"},{"taxonomy":"product_tag","embeddable":true,"href":"https:\/\/mj-clothing.com\/cs\/wp-json\/wp\/v2\/product_tag?post=2041"}],"curies":[{"name":"wp","href":"https:\/\/api.w.org\/{rel}","templated":true}]}}