{"id":2066,"date":"2024-12-19T03:05:05","date_gmt":"2024-12-19T03:05:05","guid":{"rendered":"https:\/\/mj-clothing.com\/?post_type=product&#038;p=2066"},"modified":"2024-12-19T03:05:05","modified_gmt":"2024-12-19T03:05:05","slug":"spring-coats-for-ladies","status":"publish","type":"product","link":"https:\/\/mj-clothing.com\/cs\/manufacturer\/spring-coats-for-ladies\/","title":{"rendered":"Jarn\u00ed kab\u00e1ty pro d\u00e1my"},"content":{"rendered":"<p data-sourcepos=\"1:1-1:154\">Jarn\u00ed kab\u00e1ty pro d\u00e1my jsou kr\u00e1sn\u00fdm obdob\u00edm a je ide\u00e1ln\u00ed \u010das aktualizovat sv\u016fj \u0161atn\u00edk o stylov\u00e9 jarn\u00ed kab\u00e1ty. Zde je n\u011bkolik obl\u00edben\u00fdch mo\u017enost\u00ed pro d\u00e1my:<\/p>\n<h3 data-sourcepos=\"3:1-3:19\"><strong>1. Jarn\u00ed kab\u00e1ty pro d\u00e1my:<\/strong><\/h3>\n<ul data-sourcepos=\"5:1-8:0\">\n<li style=\"list-style-type: none;\">\n<ul data-sourcepos=\"5:1-8:0\">\n<li data-sourcepos=\"5:1-5:94\"><strong>Klasick\u00e9 a nad\u010dasov\u00e9:<\/strong> Kab\u00e1t je z\u00e1kladem \u0161atn\u00edku, kter\u00fd lze obl\u00e9knout nahoru i dol\u016f.<\/li>\n<li data-sourcepos=\"6:1-6:60\"><strong>V\u0161estrannost:<\/strong> Je ide\u00e1ln\u00ed pro de\u0161tiv\u00e9 i slune\u010dn\u00e9 dny.<\/li>\n<li data-sourcepos=\"7:1-8:0\"><strong>Stylov\u00e9:<\/strong> Vyberte si z r\u016fzn\u00fdch barev a styl\u016f podle sv\u00e9ho vkusu.<\/li>\n<\/ul>\n<\/li>\n<\/ul>\n<div class=\"attachment-container search-images\">\n<div class=\"image-container hide-from-message-actions ng-star-inserted\"><strong style=\"color: #555555; font-size: 14.4px;\">2. D\u017e\u00ednov\u00e1 bunda:<\/strong><\/div>\n<\/div>\n<ul data-sourcepos=\"13:1-16:0\">\n<li style=\"list-style-type: none;\">\n<ul data-sourcepos=\"13:1-16:0\">\n<li data-sourcepos=\"13:1-13:91\"><strong>Le\u017e\u00e9rn\u00ed a pohodov\u00e9:<\/strong> D\u017e\u00ednov\u00e1 bunda je skv\u011bl\u00fdm zp\u016fsobem, jak dodat sv\u00e9mu outfitu \u0161mrnc.<\/li>\n<li data-sourcepos=\"14:1-14:65\"><strong>V\u0161estrannost:<\/strong> Lze je kombinovat s d\u017e\u00ednami, \u0161aty nebo sukn\u011bmi.<\/li>\n<li data-sourcepos=\"15:1-16:0\"><strong>Pohodln\u00e9:<\/strong> D\u017e\u00ednovina je odoln\u00e1 a pohodln\u00e1 tkanina.<\/li>\n<\/ul>\n<\/li>\n<\/ul>\n<div class=\"attachment-container search-images\">\n<div class=\"image-container hide-from-message-actions ng-star-inserted\">\n<div class=\"caption ellipsis gds-label-m-alt ng-star-inserted\" aria-hidden=\"true\"><strong style=\"color: #555555; font-size: 14.4px;\">3.Jarn\u00ed kab\u00e1ty pro d\u00e1my Blejzr:<\/strong><\/div>\n<\/div>\n<\/div>\n<ul data-sourcepos=\"21:1-24:0\">\n<li style=\"list-style-type: none;\">\n<ul data-sourcepos=\"21:1-24:0\">\n<li data-sourcepos=\"21:1-21:75\"><strong>Elegantn\u00ed a sofistikovan\u00e9:<\/strong> Blejzr je skv\u011bl\u00fd zp\u016fsob, jak vylep\u0161it sv\u016fj vzhled.<\/li>\n<li data-sourcepos=\"22:1-22:80\"><strong>V\u0161estrannost:<\/strong> Lze je nosit do pr\u00e1ce, na ve\u010de\u0159i i na b\u011b\u017en\u00fd v\u00edkend.<\/li>\n<li data-sourcepos=\"23:1-24:0\"><strong>Stylov\u00e9:<\/strong> Vyb\u00edrejte z r\u016fzn\u00fdch barev, vzor\u016f a styl\u016f.<\/li>\n<\/ul>\n<\/li>\n<\/ul>\n<div class=\"attachment-container search-images\">\n<div class=\"image-container hide-from-message-actions ng-star-inserted\">\n<div class=\"caption ellipsis gds-label-m-alt ng-star-inserted\" aria-hidden=\"true\"><strong style=\"color: #555555; font-size: 14.4px;\">4. Jarn\u00ed kab\u00e1ty pro d\u00e1my Ko\u017een\u00e1 bunda:<\/strong><\/div>\n<\/div>\n<\/div>\n<ul data-sourcepos=\"29:1-32:0\">\n<li style=\"list-style-type: none;\">\n<ul data-sourcepos=\"29:1-32:0\">\n<li data-sourcepos=\"29:1-29:89\"><strong>Elegantn\u00ed a cool:<\/strong> Ko\u017een\u00e1 bunda je skv\u011bl\u00fdm zp\u016fsobem, jak dodat sv\u00e9mu oble\u010den\u00ed trochu nadhledu.<\/li>\n<li data-sourcepos=\"30:1-30:46\"><strong>V\u0161estrannost:<\/strong> Lze ji obl\u00e9knout nahoru i dol\u016f.<\/li>\n<li data-sourcepos=\"31:1-32:0\"><strong>Stylov\u00e9:<\/strong> Vyberte si z r\u016fzn\u00fdch barev a styl\u016f.<\/li>\n<\/ul>\n<\/li>\n<\/ul>\n<div class=\"attachment-container search-images\">\n<div class=\"image-container hide-from-message-actions ng-star-inserted\">\n<div class=\"caption ellipsis gds-label-m-alt ng-star-inserted\" aria-hidden=\"true\"><strong style=\"color: #555555; font-size: 14.4px;\">5. Puffer Jacket:<\/strong><\/div>\n<\/div>\n<\/div>\n<ul data-sourcepos=\"37:1-40:0\">\n<li style=\"list-style-type: none;\">\n<ul data-sourcepos=\"37:1-40:0\">\n<li data-sourcepos=\"37:1-37:87\"><strong>Tepl\u00e9 a \u00fatuln\u00e9:<\/strong> Bunda s kapuc\u00ed je skv\u011bl\u00fd zp\u016fsob, jak se v chladn\u00fdch jarn\u00edch dnech zah\u0159\u00e1t.<\/li>\n<li data-sourcepos=\"38:1-38:66\"><strong>V\u0161estrannost:<\/strong> Lze je kombinovat s d\u017e\u00ednami, leg\u00ednami nebo sukn\u011bmi.<\/li>\n<li data-sourcepos=\"39:1-40:0\"><strong>Stylov\u00e9:<\/strong> Vyberte si z r\u016fzn\u00fdch barev a styl\u016f.<\/li>\n<\/ul>\n<\/li>\n<\/ul>\n<div class=\"attachment-container search-images\"><\/div>\n<p data-sourcepos=\"43:1-43:46\"><strong>Tipy pro v\u00fdb\u011br ide\u00e1ln\u00edho jarn\u00edho kab\u00e1tu:<\/strong><\/p>\n<ul data-sourcepos=\"45:1-49:0\">\n<li data-sourcepos=\"45:1-45:184\"><strong>Zva\u017ete sv\u00e9 klimatick\u00e9 podm\u00ednky:<\/strong> Pokud \u017eijete v tepl\u00e9m podneb\u00ed, m\u016f\u017eete zvolit leh\u010d\u00ed kab\u00e1t. Pokud \u017eijete v chladn\u011bj\u0161\u00edm podneb\u00ed, m\u016f\u017eete zvolit kab\u00e1t vy\u0161\u0161\u00ed gram\u00e1\u017ee.<\/li>\n<li data-sourcepos=\"46:1-46:188\"><strong>Zamyslete se nad sv\u00fdm \u017eivotn\u00edm stylem:<\/strong> Pokud jste aktivn\u00ed, m\u016f\u017eete si vybrat kab\u00e1t, ve kter\u00e9m se snadno pohybujete. Pokud pracujete v profesion\u00e1ln\u00edm prost\u0159ed\u00ed, mo\u017en\u00e1 budete cht\u00edt zvolit form\u00e1ln\u011bj\u0161\u00ed kab\u00e1t.<\/li>\n<li data-sourcepos=\"47:1-47:87\"><strong>Vyberte si barvu, kter\u00e1 se v\u00e1m l\u00edb\u00ed:<\/strong> Kab\u00e1t, kter\u00fd se v\u00e1m l\u00edb\u00ed, budete nosit \u010dast\u011bji.<\/li>\n<li data-sourcepos=\"48:1-49:0\"><strong>Zva\u017ete, jak se hod\u00ed:<\/strong> Dob\u0159e padnouc\u00ed kab\u00e1t bude vypadat skv\u011ble a budete se v n\u011bm c\u00edtit skv\u011ble.<\/li>\n<\/ul>\n<p data-sourcepos=\"50:1-50:202\">A\u0165 u\u017e m\u00e1te jak\u00fdkoli styl, je pro v\u00e1s ide\u00e1ln\u00ed jarn\u00ed kab\u00e1t. D\u00edky velk\u00e9mu mno\u017estv\u00ed skv\u011bl\u00fdch mo\u017enost\u00ed si jist\u011b vyberete dokonal\u00fd kab\u00e1t, kter\u00fd v\u00e1s udr\u017e\u00ed v teple a stylu po celou sez\u00f3nu.<\/p>","protected":false},"excerpt":{"rendered":"<table style=\"height: 611px;\" width=\"429\">\n<tbody>\n<tr>\n<td width=\"146\"><strong><b>Produkt<\/b><\/strong>\u00a0<strong><b>Jm\u00e9no:<\/b><\/strong><\/td>\n<td width=\"601\"><strong>Jarn\u00ed kab\u00e1ty pro d\u00e1my<\/strong><\/td>\n<\/tr>\n<tr>\n<td width=\"146\"><strong><b>Materlal:<\/b><\/strong><\/td>\n<td width=\"601\">Pleten\u00ed<\/td>\n<\/tr>\n<tr>\n<td width=\"146\"><strong><b>Technika:<\/b><\/strong><\/td>\n<td width=\"601\">Vy\u0161\u00edvan\u00e9<\/td>\n<\/tr>\n<tr>\n<td width=\"146\"><strong><b>Styl:<\/b><\/strong><\/td>\n<td width=\"601\">P\u0159\u00edle\u017eitostn\u00e9<\/td>\n<\/tr>\n<tr>\n<td width=\"146\"><strong><b>Barva<\/b><\/strong><strong><b>:<\/b><\/strong><\/td>\n<td width=\"601\">\u00a0Vlastn\u00ed barvy<\/td>\n<\/tr>\n<tr>\n<td width=\"146\"><strong><b>Velikost:<\/b><\/strong><\/td>\n<td width=\"601\">S \/M \/L \/XL \/2XL<\/td>\n<\/tr>\n<tr>\n<td width=\"146\"><strong><b>OEM\/ODM:<\/b><\/strong><\/td>\n<td width=\"601\">P\u0159ijateln\u00e9<\/td>\n<\/tr>\n<tr>\n<td width=\"146\"><strong><b>Kvalita:<\/b><\/strong><\/td>\n<td width=\"601\">100% Vysok\u00e1 kvalita<\/td>\n<\/tr>\n<tr>\n<td width=\"146\"><strong><b>M<\/b><\/strong><strong><b>OQ:<\/b><\/strong><\/td>\n<td width=\"601\">200 ks<\/td>\n<\/tr>\n<\/tbody>\n<\/table>","protected":false},"featured_media":2075,"template":"","meta":[],"product_brand":[],"product_cat":[39],"product_tag":[],"class_list":{"0":"post-2066","1":"product","2":"type-product","3":"status-publish","4":"has-post-thumbnail","6":"product_cat-womens-clothing","8":"first","9":"instock","10":"shipping-taxable","11":"product-type-simple"},"_links":{"self":[{"href":"https:\/\/mj-clothing.com\/cs\/wp-json\/wp\/v2\/product\/2066","targetHints":{"allow":["GET"]}}],"collection":[{"href":"https:\/\/mj-clothing.com\/cs\/wp-json\/wp\/v2\/product"}],"about":[{"href":"https:\/\/mj-clothing.com\/cs\/wp-json\/wp\/v2\/types\/product"}],"wp:featuredmedia":[{"embeddable":true,"href":"https:\/\/mj-clothing.com\/cs\/wp-json\/wp\/v2\/media\/2075"}],"wp:attachment":[{"href":"https:\/\/mj-clothing.com\/cs\/wp-json\/wp\/v2\/media?parent=2066"}],"wp:term":[{"taxonomy":"product_brand","embeddable":true,"href":"https:\/\/mj-clothing.com\/cs\/wp-json\/wp\/v2\/product_brand?post=2066"},{"taxonomy":"product_cat","embeddable":true,"href":"https:\/\/mj-clothing.com\/cs\/wp-json\/wp\/v2\/product_cat?post=2066"},{"taxonomy":"product_tag","embeddable":true,"href":"https:\/\/mj-clothing.com\/cs\/wp-json\/wp\/v2\/product_tag?post=2066"}],"curies":[{"name":"wp","href":"https:\/\/api.w.org\/{rel}","templated":true}]}}