{"id":2076,"date":"2024-12-19T03:26:08","date_gmt":"2024-12-19T03:26:08","guid":{"rendered":"https:\/\/mj-clothing.com\/?post_type=product&#038;p=2076"},"modified":"2024-12-19T03:33:03","modified_gmt":"2024-12-19T03:33:03","slug":"spring-trench-coats-for-ladies","status":"publish","type":"product","link":"https:\/\/mj-clothing.com\/cs\/manufacturer\/spring-trench-coats-for-ladies\/","title":{"rendered":"Jarn\u00ed kab\u00e1ty pro d\u00e1my"},"content":{"rendered":"<p data-sourcepos=\"1:1-1:134\">D\u00e1msk\u00e9 jarn\u00ed kab\u00e1ty jsou klasick\u00fdm z\u00e1kladem \u0161atn\u00edku, kter\u00fd lze obl\u00e9knout nahoru i dol\u016f. Zde je n\u011bkolik obl\u00edben\u00fdch styl\u016f, kter\u00e9 stoj\u00ed za zv\u00e1\u017een\u00ed:<\/p>\n<h3 data-sourcepos=\"3:1-3:27\"><strong>1. Klasick\u00fd kab\u00e1t:<\/strong><\/h3>\n<ul data-sourcepos=\"5:1-8:0\">\n<li style=\"list-style-type: none;\">\n<ul data-sourcepos=\"5:1-8:0\">\n<li data-sourcepos=\"5:1-5:116\"><strong>Nad\u010dasov\u00e9 a elegantn\u00ed:<\/strong> Klasick\u00fd tren\u010dkot je univerz\u00e1ln\u00ed kousek, kter\u00fd lze nosit k r\u016fzn\u00fdm outfit\u016fm.<\/li>\n<li data-sourcepos=\"6:1-6:101\"><strong>V\u0161estrannost:<\/strong> Lze ji obl\u00e9knout k sukni a podpatk\u016fm nebo k d\u017e\u00edn\u00e1m a tenisk\u00e1m.<\/li>\n<li data-sourcepos=\"7:1-8:0\"><strong>Funk\u010dn\u00ed:<\/strong> D\u00edky vod\u011bodoln\u00e9 tkanin\u011b a p\u00e1su, kter\u00fd zabra\u0148uje v\u011btru, je ide\u00e1ln\u00ed pro de\u0161tiv\u00e9 nebo v\u011btrn\u00e9 dny.<\/li>\n<\/ul>\n<\/li>\n<\/ul>\n<div class=\"attachment-container search-images\"><strong style=\"color: #555555; font-size: 14.4px;\">2. Kab\u00e1t s p\u00e1skem:<\/strong><\/div>\n<ul data-sourcepos=\"13:1-16:0\">\n<li style=\"list-style-type: none;\">\n<ul data-sourcepos=\"13:1-16:0\">\n<li data-sourcepos=\"13:1-13:86\"><strong>Lichotiv\u00e9 pro postavu:<\/strong> P\u00e1sek zpev\u0148uje pas a vytv\u00e1\u0159\u00ed lichotivou siluetu.<\/li>\n<li data-sourcepos=\"14:1-14:79\"><strong>Stylov\u00e9:<\/strong> Je to skv\u011bl\u00fd zp\u016fsob, jak dodat ka\u017ed\u00e9mu oble\u010den\u00ed n\u00e1dech sofistikovanosti.<\/li>\n<li data-sourcepos=\"15:1-16:0\"><strong>Praktick\u00e9:<\/strong> P\u00e1sek lze ut\u00e1hnout nebo povolit a upravit tak jeho p\u0159izp\u016fsoben\u00ed.<\/li>\n<\/ul>\n<\/li>\n<\/ul>\n<div class=\"attachment-container search-images\">\n<div class=\"image-container hide-from-message-actions ng-star-inserted\">\n<h3 class=\"caption ellipsis gds-label-m-alt ng-star-inserted\" aria-hidden=\"true\"><strong style=\"color: #555555; font-size: 14.4px;\">3. Lehk\u00fd kab\u00e1t:<\/strong><\/h3>\n<\/div>\n<\/div>\n<ul data-sourcepos=\"21:1-24:0\">\n<li style=\"list-style-type: none;\">\n<ul data-sourcepos=\"21:1-24:0\">\n<li data-sourcepos=\"21:1-21:108\"><strong>Ide\u00e1ln\u00ed pro teplej\u0161\u00ed po\u010das\u00ed:<\/strong> Lehk\u00fd kab\u00e1t je ide\u00e1ln\u00ed pro jarn\u00ed dny, kdy nen\u00ed p\u0159\u00edli\u0161 chladno.<\/li>\n<li data-sourcepos=\"22:1-22:73\"><strong>V\u0161estrannost:<\/strong> V z\u00e1vislosti na p\u0159\u00edle\u017eitosti se d\u00e1 obl\u00e9knout nahoru nebo dol\u016f.<\/li>\n<li data-sourcepos=\"23:1-24:0\"><strong>Pohodln\u00e9:<\/strong> D\u00edky lehk\u00e9 tkanin\u011b se v n\u011bm snadno pohybuje.<\/li>\n<\/ul>\n<\/li>\n<\/ul>\n<div class=\"attachment-container search-images\">\n<div class=\"image-container hide-from-message-actions ng-star-inserted\">\n<h3 class=\"caption ellipsis gds-label-m-alt ng-star-inserted\" aria-hidden=\"true\"><strong style=\"color: #555555; font-size: 14.4px;\">4. Barevn\u00fd kab\u00e1t:<\/strong><\/h3>\n<\/div>\n<\/div>\n<ul data-sourcepos=\"29:1-32:0\">\n<li style=\"list-style-type: none;\">\n<ul data-sourcepos=\"29:1-32:0\">\n<li data-sourcepos=\"29:1-29:102\"><strong>M\u00f3dn\u00ed a stylov\u00e9:<\/strong> Barevn\u00fd kab\u00e1t je skv\u011bl\u00fd zp\u016fsob, jak obohatit sv\u016fj \u0161atn\u00edk o barevn\u00fd n\u00e1dech.<\/li>\n<li data-sourcepos=\"30:1-30:77\"><strong>V\u0161estrannost:<\/strong> Lze ji kombinovat s neutr\u00e1ln\u00edmi barvami nebo jin\u00fdmi jasn\u00fdmi barvami.<\/li>\n<li data-sourcepos=\"31:1-32:0\"><strong>Poutav\u00e9:<\/strong> Ur\u010dit\u011b se s n\u00edm oto\u010d\u00edte.<\/li>\n<\/ul>\n<\/li>\n<\/ul>\n<div class=\"attachment-container search-images\">\n<div class=\"image-container hide-from-message-actions ng-star-inserted\">\n<h3 class=\"caption ellipsis gds-label-m-alt ng-star-inserted\" aria-hidden=\"true\"><strong style=\"color: #555555; font-size: 14.4px;\">Tipy pro v\u00fdb\u011br perfektn\u00edch jarn\u00edch kab\u00e1t\u016f pro d\u00e1my:<\/strong><\/h3>\n<\/div>\n<\/div>\n<ul data-sourcepos=\"37:1-41:0\">\n<li data-sourcepos=\"37:1-37:102\"><strong>Vezm\u011bte v \u00favahu l\u00e1tku:<\/strong> Hledejte lehkou, vod\u011bodolnou tkaninu, kter\u00e1 se pohodln\u011b nos\u00ed.<\/li>\n<li data-sourcepos=\"38:1-38:87\"><strong>Zvolte spr\u00e1vn\u00fd st\u0159ih:<\/strong> Kab\u00e1t by m\u011bl dob\u0159e sed\u011bt a nem\u011bl by b\u00fdt p\u0159\u00edli\u0161 t\u011bsn\u00fd ani p\u0159\u00edli\u0161 voln\u00fd.<\/li>\n<li data-sourcepos=\"39:1-39:109\"><strong>Zvolte spr\u00e1vnou d\u00e9lku:<\/strong> D\u00e9lka kab\u00e1tu by m\u011bla odpov\u00eddat va\u0161\u00ed v\u00fd\u0161ce a p\u0159\u00edle\u017eitosti.<\/li>\n<li data-sourcepos=\"40:1-41:0\"><strong>Dopl\u0148ky:<\/strong> P\u0159idejte \u0161\u00e1tek, p\u00e1sek nebo klobouk a p\u0159izp\u016fsobte si sv\u016fj vzhled.<\/li>\n<\/ul>\n<p data-sourcepos=\"42:1-42:134\">D\u00edky velk\u00e9mu mno\u017estv\u00ed r\u016fzn\u00fdch styl\u016f a barev si m\u016f\u017eete vybrat z jarn\u00edch kab\u00e1t\u016f pro d\u00e1my, ve kter\u00fdch jist\u011b najdete perfektn\u00ed jarn\u00ed kab\u00e1t, kter\u00fd dopln\u00ed v\u00e1\u0161 \u0161atn\u00edk.<\/p>","protected":false},"excerpt":{"rendered":"<table style=\"height: 631px;\" width=\"523\">\n<tbody>\n<tr>\n<td width=\"146\"><strong><b>Produkt<\/b><\/strong>\u00a0<strong><b>Jm\u00e9no:<\/b><\/strong><\/td>\n<td width=\"601\"><strong>Jarn\u00ed kab\u00e1ty pro d\u00e1my<\/strong><\/td>\n<\/tr>\n<tr>\n<td width=\"146\"><strong><b>Materlal:<\/b><\/strong><\/td>\n<td width=\"601\">Pleten\u00ed<\/td>\n<\/tr>\n<tr>\n<td width=\"146\"><strong><b>Technika:<\/b><\/strong><\/td>\n<td width=\"601\">Vy\u0161\u00edvan\u00e9<\/td>\n<\/tr>\n<tr>\n<td width=\"146\"><strong><b>Styl:<\/b><\/strong><\/td>\n<td width=\"601\">P\u0159\u00edle\u017eitostn\u00e9<\/td>\n<\/tr>\n<tr>\n<td width=\"146\"><strong><b>Barva<\/b><\/strong><strong><b>:<\/b><\/strong><\/td>\n<td width=\"601\">\u00a0Vlastn\u00ed barvy<\/td>\n<\/tr>\n<tr>\n<td width=\"146\"><strong><b>Velikost:<\/b><\/strong><\/td>\n<td width=\"601\">S \/M \/L \/XL \/2XL<\/td>\n<\/tr>\n<tr>\n<td width=\"146\"><strong><b>OEM\/ODM:<\/b><\/strong><\/td>\n<td width=\"601\">P\u0159ijateln\u00e9<\/td>\n<\/tr>\n<tr>\n<td width=\"146\"><strong><b>Kvalita:<\/b><\/strong><\/td>\n<td width=\"601\">100% Vysok\u00e1 kvalita<\/td>\n<\/tr>\n<tr>\n<td width=\"146\"><strong><b>M<\/b><\/strong><strong><b>OQ:<\/b><\/strong><\/td>\n<td width=\"601\">200 ks<\/td>\n<\/tr>\n<\/tbody>\n<\/table>","protected":false},"featured_media":2077,"template":"","meta":[],"product_brand":[],"product_cat":[39],"product_tag":[],"class_list":{"0":"post-2076","1":"product","2":"type-product","3":"status-publish","4":"has-post-thumbnail","6":"product_cat-womens-clothing","8":"first","9":"instock","10":"shipping-taxable","11":"product-type-simple"},"_links":{"self":[{"href":"https:\/\/mj-clothing.com\/cs\/wp-json\/wp\/v2\/product\/2076","targetHints":{"allow":["GET"]}}],"collection":[{"href":"https:\/\/mj-clothing.com\/cs\/wp-json\/wp\/v2\/product"}],"about":[{"href":"https:\/\/mj-clothing.com\/cs\/wp-json\/wp\/v2\/types\/product"}],"wp:featuredmedia":[{"embeddable":true,"href":"https:\/\/mj-clothing.com\/cs\/wp-json\/wp\/v2\/media\/2077"}],"wp:attachment":[{"href":"https:\/\/mj-clothing.com\/cs\/wp-json\/wp\/v2\/media?parent=2076"}],"wp:term":[{"taxonomy":"product_brand","embeddable":true,"href":"https:\/\/mj-clothing.com\/cs\/wp-json\/wp\/v2\/product_brand?post=2076"},{"taxonomy":"product_cat","embeddable":true,"href":"https:\/\/mj-clothing.com\/cs\/wp-json\/wp\/v2\/product_cat?post=2076"},{"taxonomy":"product_tag","embeddable":true,"href":"https:\/\/mj-clothing.com\/cs\/wp-json\/wp\/v2\/product_tag?post=2076"}],"curies":[{"name":"wp","href":"https:\/\/api.w.org\/{rel}","templated":true}]}}