{"id":2080,"date":"2024-12-19T03:37:13","date_gmt":"2024-12-19T03:37:13","guid":{"rendered":"https:\/\/mj-clothing.com\/?post_type=product&#038;p=2080"},"modified":"2024-12-19T03:37:13","modified_gmt":"2024-12-19T03:37:13","slug":"womens-winter-coat","status":"publish","type":"product","link":"https:\/\/mj-clothing.com\/cs\/manufacturer\/womens-winter-coat\/","title":{"rendered":"D\u00e1msk\u00fd zimn\u00ed kab\u00e1t"},"content":{"rendered":"<p data-sourcepos=\"1:1-1:109\">Zde jsou n\u011bkter\u00e9 z nejobl\u00edben\u011bj\u0161\u00edch d\u00e1msk\u00fdch zimn\u00edch kab\u00e1t\u016f, kter\u00e9 v\u00e1s v chladn\u00fdch m\u011bs\u00edc\u00edch zah\u0159ej\u00ed a dodaj\u00ed v\u00e1m styl:<\/p>\n<h3 data-sourcepos=\"3:1-3:19\"><strong>1. D\u00e1msk\u00fd zimn\u00ed kab\u00e1t Puffer:<\/strong><\/h3>\n<ul data-sourcepos=\"5:1-8:0\">\n<li style=\"list-style-type: none;\">\n<ul data-sourcepos=\"5:1-8:0\">\n<li data-sourcepos=\"5:1-5:113\"><strong>Tepl\u00e9 a \u00fatuln\u00e9:<\/strong> Pufrov\u00e9 kab\u00e1ty jsou zn\u00e1m\u00e9 svou vynikaj\u00edc\u00ed izolac\u00ed, tak\u017ee jsou ide\u00e1ln\u00ed do chladn\u00e9ho po\u010das\u00ed.<\/li>\n<li data-sourcepos=\"6:1-6:96\"><strong>V\u0161estrannost:<\/strong> Dod\u00e1vaj\u00ed se v r\u016fzn\u00fdch d\u00e9lk\u00e1ch, stylech a barv\u00e1ch, aby vyhovovaly r\u016fzn\u00fdm preferenc\u00edm.<\/li>\n<li data-sourcepos=\"7:1-8:0\"><strong>Funk\u010dn\u00ed:<\/strong> Mnoho kab\u00e1t\u016f m\u00e1 kapuci, kapsy a dal\u0161\u00ed praktick\u00e9 detaily.<\/li>\n<\/ul>\n<\/li>\n<\/ul>\n<div class=\"attachment-container search-images\"><\/div>\n<h3 data-sourcepos=\"11:1-11:17\"><strong>2. Vln\u011bn\u00fd d\u00e1msk\u00fd zimn\u00ed kab\u00e1t:<\/strong><\/h3>\n<ul data-sourcepos=\"13:1-16:0\">\n<li style=\"list-style-type: none;\">\n<ul data-sourcepos=\"13:1-16:0\">\n<li data-sourcepos=\"13:1-13:85\"><strong>Elegantn\u00ed a nad\u010dasov\u00e9:<\/strong> Vln\u011bn\u00e9 kab\u00e1ty jsou klasickou volbou pro sofistikovan\u00fd vzhled.<\/li>\n<li data-sourcepos=\"14:1-14:95\"><strong>Tepl\u00e9 a odoln\u00e9:<\/strong> Vlna je p\u0159\u00edrodn\u00ed izolant, kter\u00fd odol\u00e1v\u00e1 drsn\u00fdm zimn\u00edm podm\u00ednk\u00e1m.<\/li>\n<li data-sourcepos=\"15:1-16:0\"><strong>V\u0161estrannost:<\/strong> Vln\u011bn\u00e9 kab\u00e1ty lze podle p\u0159\u00edle\u017eitosti obl\u00e9knout nahoru i dol\u016f.<\/li>\n<\/ul>\n<\/li>\n<\/ul>\n<div class=\"attachment-container search-images\"><\/div>\n<h3 data-sourcepos=\"19:1-19:18\"><strong>3. D\u00e1msk\u00fd zimn\u00ed kab\u00e1t Parka:<\/strong><\/h3>\n<ul data-sourcepos=\"21:1-24:0\">\n<li style=\"list-style-type: none;\">\n<ul data-sourcepos=\"21:1-24:0\">\n<li data-sourcepos=\"21:1-21:88\"><strong>H\u0159ejiv\u00e9 a ochrann\u00e9:<\/strong> Parky jsou navr\u017eeny tak, aby v\u00e1s udr\u017eely v teple v extr\u00e9mn\u011b chladn\u00e9m po\u010das\u00ed.<\/li>\n<li data-sourcepos=\"22:1-22:75\"><strong>Funk\u010dn\u00ed:<\/strong> \u010casto maj\u00ed kapuce, ko\u017ee\u0161inov\u00e9 lemov\u00e1n\u00ed a mnoho kapes.<\/li>\n<li data-sourcepos=\"23:1-24:0\"><strong>Stylov\u00e9:<\/strong> Parky mohou b\u00fdt stylov\u00e9 a m\u00f3dn\u00ed, zejm\u00e9na v modern\u00edch designech a barv\u00e1ch.<\/li>\n<\/ul>\n<\/li>\n<\/ul>\n<div class=\"attachment-container search-images\"><\/div>\n<h3 data-sourcepos=\"27:1-27:15\"><strong>4. Peacoat:<\/strong><\/h3>\n<ul data-sourcepos=\"29:1-32:0\">\n<li style=\"list-style-type: none;\">\n<ul data-sourcepos=\"29:1-32:0\">\n<li data-sourcepos=\"29:1-29:83\"><strong>Klasick\u00e9 a n\u00e1mo\u0159nick\u00e9:<\/strong> Peacoats jsou nad\u010dasov\u00fdm stylem s n\u00e1mo\u0159nickou tradic\u00ed.<\/li>\n<li data-sourcepos=\"30:1-30:102\"><strong>Tepl\u00e9 a stylov\u00e9:<\/strong> Jsou vyrobeny ze siln\u00e9 a tepl\u00e9 vlny a \u010dasto maj\u00ed dvou\u0159adovou p\u0159edn\u00ed \u010d\u00e1st.<\/li>\n<li data-sourcepos=\"31:1-32:0\"><strong>V\u0161estrannost:<\/strong> Podle p\u0159\u00edle\u017eitosti lze pl\u00e1\u0161t\u011b obl\u00e9knout nahoru i dol\u016f.<\/li>\n<\/ul>\n<\/li>\n<\/ul>\n<div class=\"attachment-container search-images\"><\/div>\n<h3 data-sourcepos=\"35:1-35:20\"><strong>5. Ko\u017een\u00fd kab\u00e1t:<\/strong><\/h3>\n<ul data-sourcepos=\"37:1-40:0\">\n<li style=\"list-style-type: none;\">\n<ul data-sourcepos=\"37:1-40:0\">\n<li data-sourcepos=\"37:1-37:72\"><strong>Dr\u00e1\u017ediv\u00e9 a stylov\u00e9:<\/strong> Ko\u017een\u00e9 kab\u00e1ty dodaj\u00ed ka\u017ed\u00e9mu oble\u010den\u00ed \u0161mrnc.<\/li>\n<li data-sourcepos=\"38:1-38:87\"><strong>Odoln\u00e9 a nad\u010dasov\u00e9:<\/strong> K\u016f\u017ee je odoln\u00fd materi\u00e1l, kter\u00fd vydr\u017e\u00ed mnoho let.<\/li>\n<li data-sourcepos=\"39:1-40:0\"><strong>V\u0161estrannost:<\/strong> Ko\u017een\u00e9 kab\u00e1ty lze podle stylu a p\u0159\u00edle\u017eitosti obl\u00e9knout nahoru i dol\u016f.<\/li>\n<\/ul>\n<\/li>\n<\/ul>\n<div class=\"attachment-container search-images\"><\/div>\n<h3 data-sourcepos=\"43:1-43:46\"><strong>Tipy pro v\u00fdb\u011br d\u00e1msk\u00e9ho zimn\u00edho kab\u00e1tu:<\/strong><\/h3>\n<ul data-sourcepos=\"45:1-50:0\">\n<li data-sourcepos=\"45:1-45:91\"><strong>Zva\u017ete sv\u00e9 klimatick\u00e9 podm\u00ednky:<\/strong> Vyberte si kab\u00e1t vhodn\u00fd pro podneb\u00ed, ve kter\u00e9m \u017eijete.<\/li>\n<li data-sourcepos=\"46:1-46:117\"><strong>Zamyslete se nad sv\u00fdm \u017eivotn\u00edm stylem:<\/strong> Zva\u017ete sv\u00e9 ka\u017edodenn\u00ed aktivity a vyberte si kab\u00e1t, kter\u00fd je praktick\u00fd a pohodln\u00fd.<\/li>\n<li data-sourcepos=\"47:1-47:91\"><strong>V\u011bnujte pozornost st\u0159ihu:<\/strong> Kab\u00e1t by m\u011bl dob\u0159e sed\u011bt a nem\u011bl by b\u00fdt p\u0159\u00edli\u0161 t\u011bsn\u00fd ani p\u0159\u00edli\u0161 voln\u00fd.<\/li>\n<li data-sourcepos=\"48:1-48:98\"><strong>Vyberte si styl, kter\u00fd odpov\u00edd\u00e1 va\u0161\u00ed osobnosti:<\/strong> Vyberte si kab\u00e1t, kter\u00fd odr\u00e1\u017e\u00ed v\u00e1\u0161 osobn\u00ed styl.<\/li>\n<li data-sourcepos=\"49:1-50:0\"><strong>Zva\u017ete materi\u00e1ly:<\/strong> Hledejte kvalitn\u00ed materi\u00e1ly, kter\u00e9 v\u00e1s udr\u017e\u00ed v teple a suchu.<\/li>\n<\/ul>\n<p data-sourcepos=\"51:1-51:149\">D\u00edky velk\u00e9mu mno\u017estv\u00ed r\u016fzn\u00fdch styl\u016f a materi\u00e1l\u016f si jist\u011b vyberete perfektn\u00ed zimn\u00ed kab\u00e1t, kter\u00fd v\u00e1s zah\u0159eje a bude stylov\u00fd po celou sez\u00f3nu.<\/p>","protected":false},"excerpt":{"rendered":"<table style=\"height: 602px;\" width=\"458\">\n<tbody>\n<tr>\n<td width=\"146\"><strong><b>Produkt<\/b><\/strong>\u00a0<strong><b>Jm\u00e9no:<\/b><\/strong><\/td>\n<td width=\"601\"><strong>D\u00e1msk\u00fd zimn\u00ed kab\u00e1t<\/strong><\/td>\n<\/tr>\n<tr>\n<td width=\"146\"><strong><b>Materlal:<\/b><\/strong><\/td>\n<td width=\"601\">Pleten\u00ed<\/td>\n<\/tr>\n<tr>\n<td width=\"146\"><strong><b>Technika:<\/b><\/strong><\/td>\n<td width=\"601\">Vy\u0161\u00edvan\u00e9<\/td>\n<\/tr>\n<tr>\n<td width=\"146\"><strong><b>Styl:<\/b><\/strong><\/td>\n<td width=\"601\">P\u0159\u00edle\u017eitostn\u00e9<\/td>\n<\/tr>\n<tr>\n<td width=\"146\"><strong><b>Barva<\/b><\/strong><strong><b>:<\/b><\/strong><\/td>\n<td width=\"601\">\u00a0Vlastn\u00ed barvy<\/td>\n<\/tr>\n<tr>\n<td width=\"146\"><strong><b>Velikost:<\/b><\/strong><\/td>\n<td width=\"601\">S \/M \/L \/XL \/2XL<\/td>\n<\/tr>\n<tr>\n<td width=\"146\"><strong><b>OEM\/ODM:<\/b><\/strong><\/td>\n<td width=\"601\">P\u0159ijateln\u00e9<\/td>\n<\/tr>\n<tr>\n<td width=\"146\"><strong><b>Kvalita:<\/b><\/strong><\/td>\n<td width=\"601\">100% Vysok\u00e1 kvalita<\/td>\n<\/tr>\n<tr>\n<td width=\"146\"><strong><b>M<\/b><\/strong><strong><b>OQ:<\/b><\/strong><\/td>\n<td width=\"601\">200 ks<\/td>\n<\/tr>\n<\/tbody>\n<\/table>","protected":false},"featured_media":2081,"template":"","meta":[],"product_brand":[],"product_cat":[39],"product_tag":[],"class_list":{"0":"post-2080","1":"product","2":"type-product","3":"status-publish","4":"has-post-thumbnail","6":"product_cat-womens-clothing","8":"first","9":"instock","10":"shipping-taxable","11":"product-type-simple"},"_links":{"self":[{"href":"https:\/\/mj-clothing.com\/cs\/wp-json\/wp\/v2\/product\/2080","targetHints":{"allow":["GET"]}}],"collection":[{"href":"https:\/\/mj-clothing.com\/cs\/wp-json\/wp\/v2\/product"}],"about":[{"href":"https:\/\/mj-clothing.com\/cs\/wp-json\/wp\/v2\/types\/product"}],"wp:featuredmedia":[{"embeddable":true,"href":"https:\/\/mj-clothing.com\/cs\/wp-json\/wp\/v2\/media\/2081"}],"wp:attachment":[{"href":"https:\/\/mj-clothing.com\/cs\/wp-json\/wp\/v2\/media?parent=2080"}],"wp:term":[{"taxonomy":"product_brand","embeddable":true,"href":"https:\/\/mj-clothing.com\/cs\/wp-json\/wp\/v2\/product_brand?post=2080"},{"taxonomy":"product_cat","embeddable":true,"href":"https:\/\/mj-clothing.com\/cs\/wp-json\/wp\/v2\/product_cat?post=2080"},{"taxonomy":"product_tag","embeddable":true,"href":"https:\/\/mj-clothing.com\/cs\/wp-json\/wp\/v2\/product_tag?post=2080"}],"curies":[{"name":"wp","href":"https:\/\/api.w.org\/{rel}","templated":true}]}}