{"id":1630,"date":"2024-12-12T01:46:18","date_gmt":"2024-12-12T01:46:18","guid":{"rendered":"https:\/\/mj-clothing.com\/?post_type=product&#038;p=1630"},"modified":"2024-12-17T07:22:20","modified_gmt":"2024-12-17T07:22:20","slug":"mens-long-sleeve-shirt","status":"publish","type":"product","link":"https:\/\/mj-clothing.com\/da\/manufacturer\/mens-long-sleeve-shirt\/","title":{"rendered":"Lang\u00e6rmet skjorte til m\u00e6nd"},"content":{"rendered":"<p><span class=\"citation-0 recitation citation-end-0\">En lang\u00e6rmet herreskjorte er et alsidigt stykke t\u00f8j, som kan dresses op eller ned, alt efter lejlighed og stof.<\/span> Det er en basisgarderobe, som alle m\u00e6nd b\u00f8r eje.<\/p>\n<h3 data-sourcepos=\"5:1-5:38\"><strong>Typer af lang\u00e6rmede skjorter til m\u00e6nd:<\/strong><\/h3>\n<ul data-sourcepos=\"7:1-15:0\">\n<li data-sourcepos=\"7:1-8:30\"><strong><span class=\"citation-1 recitation\">Flannel:<\/span><\/strong><span class=\"citation-1 recitation citation-end-1\"> Flannelskjorter er et klassisk valg til efter\u00e5r og vinter og er lavet af et bl\u00f8dt, varmt stof, der er perfekt til lag-p\u00e5-lag.<\/span>\n<div class=\"container\"><\/div>\n<p><span class=\"citation-2 recitation citation-end-2\">De findes i mange forskellige m\u00f8nstre, fra ternede til ensfarvede.<\/span><\/li>\n<li data-sourcepos=\"7:1-8:30\"><strong>Oxford:<\/strong> En kjoleskjorte lavet af et t\u00e6tv\u00e6vet bomuldsstof. <span class=\"citation-3 recitation citation-end-3\">Oxford-skjorter bruges ofte i forretningssammenh\u00e6nge, men de kan ogs\u00e5 kl\u00e6des ned til afslappet brug.<\/span>\n<div class=\"container\"><\/div>\n<\/li>\n<li data-sourcepos=\"7:1-8:30\"><strong>Chambray:<\/strong> <span class=\"citation-4 recitation citation-end-4\">En let, afslappet skjorte lavet af et bomuldsstof, der minder om denim.<\/span> Chambray-skjorter er perfekte til for\u00e5r og sommer.<\/li>\n<li data-sourcepos=\"7:1-8:30\"><strong><span class=\"citation-5 recitation\">T-shirt:<\/span><\/strong><span class=\"citation-5 recitation citation-end-5\"> En grundl\u00e6ggende, alsidig skjorte, som kan bruges alene eller i lag under andet t\u00f8j.<\/span>\n<div class=\"container\"><span style=\"font-size: 14.4px;\">Lang\u00e6rmede t-shirts er gode til k\u00f8ligere vejr.<\/span><\/div>\n<\/li>\n<li data-sourcepos=\"7:1-8:30\">\n<p data-sourcepos=\"16:1-16:43\"><strong>S\u00e5dan styler du en lang\u00e6rmet skjorte til m\u00e6nd:<\/strong><\/p>\n<ul data-sourcepos=\"18:1-21:0\">\n<li data-sourcepos=\"18:1-18:110\"><strong><span class=\"citation-6 recitation\">Kl\u00e6d det p\u00e5:<\/span><\/strong><span class=\"citation-6 recitation citation-end-6\"> S\u00e6t en lang\u00e6rmet oxfordskjorte sammen med et slips og habitbukser for et formelt look.<\/span><\/li>\n<li data-sourcepos=\"18:1-18:110\"><strong style=\"font-size: 14.4px;\"><span class=\"citation-7 recitation\">Kl\u00e6d det ned:<\/span><\/strong><span class=\"citation-7 recitation citation-end-7\" style=\"font-size: 14.4px;\"> Brug en flannelskjorte med jeans og st\u00f8vler for et afslappet, r\u00e5t look.<\/span><\/li>\n<li data-sourcepos=\"18:1-18:110\"><strong>L\u00e6g det i lag:<\/strong> L\u00e6g en lang\u00e6rmet t-shirt under en flannelskjorte eller en sweater for at f\u00e5 ekstra varme.<\/li>\n<li data-sourcepos=\"18:1-18:110\">\n<p data-sourcepos=\"22:1-22:46\"><strong>Tips til k\u00f8b af en lang\u00e6rmet skjorte til m\u00e6nd:<\/strong><\/p>\n<ul data-sourcepos=\"24:1-27:0\">\n<li data-sourcepos=\"24:1-24:95\"><strong>Overvej stoffet:<\/strong> V\u00e6lg et stof, der passer til \u00e5rstiden og lejligheden.<\/li>\n<li data-sourcepos=\"25:1-25:126\"><strong>V\u00e6r opm\u00e6rksom p\u00e5 pasformen:<\/strong> Skjorten skal sidde godt p\u00e5 skuldre og bryst, og den skal v\u00e6re lang nok til at kunne stoppes ind.<\/li>\n<li data-sourcepos=\"26:1-27:0\"><strong>Tjek kraven:<\/strong> Kraven skal ligge fladt mod din hals og m\u00e5 hverken v\u00e6re for stram eller for l\u00f8s.<\/li>\n<\/ul>\n<\/li>\n<\/ul>\n<\/li>\n<\/ul>","protected":false},"excerpt":{"rendered":"<table style=\"height: 593px;\" width=\"513\">\n<tbody>\n<tr>\n<td width=\"146\"><strong><b>Produkt<\/b><\/strong>\u00a0<strong><b>Navn:<\/b><\/strong><\/td>\n<td width=\"601\"><strong>Lang\u00e6rmet skjorte til m\u00e6nd<\/strong><\/td>\n<\/tr>\n<tr>\n<td width=\"146\"><strong><b>Materlal:<\/b><\/strong><\/td>\n<td width=\"601\">Polyester\/bomuld<\/td>\n<\/tr>\n<tr>\n<td width=\"146\"><strong><b>Teknik:<\/b><\/strong><\/td>\n<td width=\"601\">Trykning og farvning<\/td>\n<\/tr>\n<tr>\n<td width=\"146\"><strong><b>Stil:<\/b><\/strong><\/td>\n<td width=\"601\">Afslappet<\/td>\n<\/tr>\n<tr>\n<td width=\"146\"><strong><b>Farve<\/b><\/strong><strong><b>:<\/b><\/strong><\/td>\n<td width=\"601\">\u00a0Brugerdefinerede farver<\/td>\n<\/tr>\n<tr>\n<td width=\"146\"><strong><b>St\u00f8rrelse:<\/b><\/strong><\/td>\n<td width=\"601\">S \/M \/L \/XL \/2XL<\/td>\n<\/tr>\n<tr>\n<td width=\"146\"><strong><b>OEM\/ODM:<\/b><\/strong><\/td>\n<td width=\"601\">Acceptabel<\/td>\n<\/tr>\n<tr>\n<td width=\"146\"><strong><b>Kvalitet:<\/b><\/strong><\/td>\n<td width=\"601\">100% H\u00f8j kvalitet<\/td>\n<\/tr>\n<tr>\n<td width=\"146\"><strong><b>M<\/b><\/strong><strong><b>OQ:<\/b><\/strong><\/td>\n<td width=\"601\">200 stk.<\/td>\n<\/tr>\n<\/tbody>\n<\/table>","protected":false},"featured_media":1746,"template":"","meta":[],"product_brand":[],"product_cat":[38],"product_tag":[],"class_list":{"0":"post-1630","1":"product","2":"type-product","3":"status-publish","4":"has-post-thumbnail","6":"product_cat-mens-clothing","8":"first","9":"instock","10":"shipping-taxable","11":"product-type-simple"},"_links":{"self":[{"href":"https:\/\/mj-clothing.com\/da\/wp-json\/wp\/v2\/product\/1630","targetHints":{"allow":["GET"]}}],"collection":[{"href":"https:\/\/mj-clothing.com\/da\/wp-json\/wp\/v2\/product"}],"about":[{"href":"https:\/\/mj-clothing.com\/da\/wp-json\/wp\/v2\/types\/product"}],"wp:featuredmedia":[{"embeddable":true,"href":"https:\/\/mj-clothing.com\/da\/wp-json\/wp\/v2\/media\/1746"}],"wp:attachment":[{"href":"https:\/\/mj-clothing.com\/da\/wp-json\/wp\/v2\/media?parent=1630"}],"wp:term":[{"taxonomy":"product_brand","embeddable":true,"href":"https:\/\/mj-clothing.com\/da\/wp-json\/wp\/v2\/product_brand?post=1630"},{"taxonomy":"product_cat","embeddable":true,"href":"https:\/\/mj-clothing.com\/da\/wp-json\/wp\/v2\/product_cat?post=1630"},{"taxonomy":"product_tag","embeddable":true,"href":"https:\/\/mj-clothing.com\/da\/wp-json\/wp\/v2\/product_tag?post=1630"}],"curies":[{"name":"wp","href":"https:\/\/api.w.org\/{rel}","templated":true}]}}