{"id":1639,"date":"2024-12-12T03:09:51","date_gmt":"2024-12-12T03:09:51","guid":{"rendered":"https:\/\/mj-clothing.com\/?post_type=product&#038;p=1639"},"modified":"2024-12-17T07:21:12","modified_gmt":"2024-12-17T07:21:12","slug":"luxury-mens-white-shirt","status":"publish","type":"product","link":"https:\/\/mj-clothing.com\/da\/manufacturer\/luxury-mens-white-shirt\/","title":{"rendered":"Hvid luksusskjorte til m\u00e6nd"},"content":{"rendered":"<h2>Hvid luksusskjorte til m\u00e6nd<\/h2>\n<p><span class=\"citation-0 recitation citation-end-0\">En hvid luksusskjorte til m\u00e6nd er en tidl\u00f8s klassiker, der kan l\u00f8fte enhver garderobe.<\/span>Her er nogle vigtige faktorer, du skal overveje, n\u00e5r du v\u00e6lger en hvid luksusskjorte:<\/p>\n<div id=\"model-response-message-contentr_5dd7d1f0a90fdd28\" class=\"markdown markdown-main-panel response-optimization\" dir=\"ltr\">\n<p data-sourcepos=\"3:1-3:11\"><strong>Stof:<\/strong><\/p>\n<ul data-sourcepos=\"5:1-12:0\">\n<li data-sourcepos=\"5:1-7:29\"><strong><span class=\"citation-1 recitation\">Fin bomuld:<\/span><\/strong><span class=\"citation-1 recitation citation-end-1\"> Bomuld af h\u00f8j kvalitet, f.eks. egyptisk eller Pima-bomuld, giver enest\u00e5ende bl\u00f8dhed, \u00e5ndbarhed og holdbarhed.<\/span><\/li>\n<li data-sourcepos=\"5:1-7:29\"><strong><span class=\"citation-2 recitation\">Sea Island Cotton:<\/span><\/strong><span class=\"citation-2 recitation citation-end-2\"> Sea Island-bomuld er kendt for sine ekstra lange fibre og er et af de mest luksuri\u00f8se stoffer, der findes.<\/span> Den er utrolig bl\u00f8d, glat og skinnende.<span class=\"button-container hide-from-message-actions ng-star-inserted\">\u00a0<\/span>\n<div class=\"container ng-tns-c3661983433-95 hide\">\n<div class=\"carousel-container ng-tns-c3661983433-95\"><\/div>\n<\/div>\n<div class=\"attachment-container search-images\"><\/div>\n<\/li>\n<li data-sourcepos=\"5:1-7:29\"><strong><span class=\"citation-3 recitation\">Linned:<\/span><\/strong><span class=\"citation-3 recitation citation-end-3\"> Et naturligt, \u00e5ndbart stof, der er perfekt til varmere vejr.<\/span>Det har ofte et let struktureret udseende og en afslappet, elegant fornemmelse.<span class=\"button-container hide-from-message-actions ng-star-inserted\" style=\"font-size: 14.4px;\">\u00a0\u00a0<\/span>\n<div class=\"container ng-tns-c3661983433-95 hide\">\n<div class=\"carousel-container ng-tns-c3661983433-95\"><\/div>\n<\/div>\n<div class=\"attachment-container search-images\"><\/div>\n<\/li>\n<\/ul>\n<p data-sourcepos=\"13:1-13:17\"><strong>Konstruktion:<\/strong><\/p>\n<ul data-sourcepos=\"15:1-18:0\">\n<li data-sourcepos=\"15:1-15:160\"><strong>Skr\u00e6ddersyning:<\/strong> Skjorten skal v\u00e6re veltilpasset med pr\u00e6cise syninger og rene afslutninger. V\u00e6r opm\u00e6rksom p\u00e5 detaljer som krave, manchetter og knaphuller.<\/li>\n<li data-sourcepos=\"16:1-16:110\"><strong>Passer:<\/strong> Pasformen er afg\u00f8rende for et luksuri\u00f8st look. En velsiddende skjorte skal falde glat og behageligt.<\/li>\n<li data-sourcepos=\"17:1-18:0\"><strong>Halsb\u00e5ndets stil:<\/strong> V\u00e6lg en kravestil, der passer til din ansigtsform og dine personlige pr\u00e6ferencer. <span class=\"citation-4 recitation citation-end-4\">Popul\u00e6re muligheder er den klassiske spidskrave, button-down-kraven og cutaway-kraven.<\/span><span class=\"button-container hide-from-message-actions ng-star-inserted\"> \u00a0<\/span>\n<div class=\"container ng-tns-c3661983433-96 hide\">\n<div class=\"carousel-container ng-tns-c3661983433-96\">\n<div class=\"carousel-content ng-tns-c3661983433-96\">\n<div class=\"sources-carousel-source ng-tns-c3661983433-96 hide ng-star-inserted\" data-test-id=\"sources-carousel-source\"><\/div>\n<\/div>\n<\/div>\n<\/div>\n<\/li>\n<\/ul>\n<p data-sourcepos=\"19:1-19:11\"><strong>Design:<\/strong><\/p>\n<ul data-sourcepos=\"21:1-23:0\">\n<li data-sourcepos=\"21:1-21:168\"><strong>Minimalistisk elegance:<\/strong> Et enkelt, rent design udstr\u00e5ler ofte mest luksus. V\u00e6lg en skjorte med subtile detaljer som perlemorsknapper eller et fint monogram.<\/li>\n<li data-sourcepos=\"22:1-23:0\"><strong>Subtile m\u00f8nstre:<\/strong> Hvis du foretr\u00e6kker et strejf af m\u00f8nster, kan du overveje en diskret stribe eller en lille tern.<\/li>\n<\/ul>\n<p data-sourcepos=\"24:1-24:11\"><strong>M\u00e6rker:<\/strong><\/p>\n<\/div>\n<div class=\"skeleton-loader-container\">\n<p data-sourcepos=\"26:1-26:70\">Flere luksusm\u00e6rker er kendt for deres hvide luksusskjorter til m\u00e6nd:<\/p>\n<ul data-sourcepos=\"28:1-36:0\">\n<li data-sourcepos=\"28:1-29:43\"><strong>Turnbull &amp; Asser:<\/strong> <span class=\"citation-5 recitation citation-end-5\">Kendt for deres skr\u00e6ddersyede design og luksuri\u00f8se stoffer.<\/span><\/li>\n<li data-sourcepos=\"28:1-29:43\"><strong><span class=\"citation-6 recitation\">Charvet:<\/span><\/strong><span class=\"citation-6 recitation citation-end-6\"> En historisk fransk skjortemager, der tilbyder uds\u00f8gt h\u00e5ndv\u00e6rk og elegante designs.<\/span><\/li>\n<li data-sourcepos=\"28:1-29:43\"><strong><span class=\"citation-7 recitation\">Brioni:<\/span><\/strong><span class=\"citation-7 recitation citation-end-7\"> Et italiensk luksusm\u00e6rke med fokus p\u00e5 fint skr\u00e6dderarbejde og up\u00e5klagelig kvalitet.<\/span><\/li>\n<li data-sourcepos=\"28:1-29:43\">\n<div class=\"container\"><strong><span class=\"citation-8 recitation\">Kiton:<\/span><\/strong><span class=\"citation-8 recitation citation-end-8\"> Endnu et italiensk luksusm\u00e6rke, som producerer nogle af de fineste skjorter i verden.<\/span><\/div>\n<p><span class=\"button-container hide-from-message-actions ng-star-inserted\"> \u00a0 <\/span><\/li>\n<\/ul>\n<\/div>\n<div class=\"response-footer gap complete\">\n<div class=\"container ng-tns-c3661983433-86\">\n<div class=\"carousel-container ng-tns-c3661983433-86\">\n<div class=\"carousel-content ng-tns-c3661983433-86\">\n<div class=\"sources-carousel-source ng-tns-c3661983433-86 ng-star-inserted\" data-test-id=\"sources-carousel-source\">\n<div class=\"source-card-container\">\n<div class=\"source-card-content\">\n<div class=\"source-card-body\">\n<div class=\"source-card-header\">\n<div class=\"source-card-title\"><\/div>\n<\/div>\n<\/div>\n<\/div>\n<\/div>\n<\/div>\n<\/div>\n<\/div>\n<\/div>\n<\/div>","protected":false},"excerpt":{"rendered":"<table style=\"height: 485px;\" width=\"491\">\n<tbody>\n<tr>\n<td width=\"146\"><strong><b>Produkt<\/b><\/strong>\u00a0<strong><b>Navn:<\/b><\/strong><\/td>\n<td width=\"601\"><strong>Hvid luksusskjorte til m\u00e6nd<\/strong><\/td>\n<\/tr>\n<tr>\n<td width=\"146\"><strong><b>Materlal:<\/b><\/strong><\/td>\n<td width=\"601\">Polyester\/bomuld<\/td>\n<\/tr>\n<tr>\n<td width=\"146\"><strong><b>Teknik:<\/b><\/strong><\/td>\n<td width=\"601\">Trykning og farvning<\/td>\n<\/tr>\n<tr>\n<td width=\"146\"><strong><b>Stil:<\/b><\/strong><\/td>\n<td width=\"601\">Afslappet<\/td>\n<\/tr>\n<tr>\n<td width=\"146\"><strong><b>Farve<\/b><\/strong><strong><b>:<\/b><\/strong><\/td>\n<td width=\"601\">\u00a0Brugerdefinerede farver<\/td>\n<\/tr>\n<tr>\n<td width=\"146\"><strong><b>St\u00f8rrelse:<\/b><\/strong><\/td>\n<td width=\"601\">S \/M \/L \/XL \/2XL<\/td>\n<\/tr>\n<tr>\n<td width=\"146\"><strong><b>OEM\/ODM:<\/b><\/strong><\/td>\n<td width=\"601\">Acceptabel<\/td>\n<\/tr>\n<tr>\n<td width=\"146\"><strong><b>Kvalitet:<\/b><\/strong><\/td>\n<td width=\"601\">100% H\u00f8j kvalitet<\/td>\n<\/tr>\n<tr>\n<td width=\"146\"><strong><b>M<\/b><\/strong><strong><b>OQ:<\/b><\/strong><\/td>\n<td width=\"601\">200 stk.<\/td>\n<\/tr>\n<\/tbody>\n<\/table>","protected":false},"featured_media":1748,"template":"","meta":[],"product_brand":[],"product_cat":[38],"product_tag":[],"class_list":{"0":"post-1639","1":"product","2":"type-product","3":"status-publish","4":"has-post-thumbnail","6":"product_cat-mens-clothing","8":"first","9":"instock","10":"shipping-taxable","11":"product-type-simple"},"_links":{"self":[{"href":"https:\/\/mj-clothing.com\/da\/wp-json\/wp\/v2\/product\/1639","targetHints":{"allow":["GET"]}}],"collection":[{"href":"https:\/\/mj-clothing.com\/da\/wp-json\/wp\/v2\/product"}],"about":[{"href":"https:\/\/mj-clothing.com\/da\/wp-json\/wp\/v2\/types\/product"}],"wp:featuredmedia":[{"embeddable":true,"href":"https:\/\/mj-clothing.com\/da\/wp-json\/wp\/v2\/media\/1748"}],"wp:attachment":[{"href":"https:\/\/mj-clothing.com\/da\/wp-json\/wp\/v2\/media?parent=1639"}],"wp:term":[{"taxonomy":"product_brand","embeddable":true,"href":"https:\/\/mj-clothing.com\/da\/wp-json\/wp\/v2\/product_brand?post=1639"},{"taxonomy":"product_cat","embeddable":true,"href":"https:\/\/mj-clothing.com\/da\/wp-json\/wp\/v2\/product_cat?post=1639"},{"taxonomy":"product_tag","embeddable":true,"href":"https:\/\/mj-clothing.com\/da\/wp-json\/wp\/v2\/product_tag?post=1639"}],"curies":[{"name":"wp","href":"https:\/\/api.w.org\/{rel}","templated":true}]}}