{"id":1687,"date":"2024-12-12T06:29:02","date_gmt":"2024-12-12T06:29:02","guid":{"rendered":"https:\/\/mj-clothing.com\/?post_type=product&#038;p=1687"},"modified":"2024-12-13T03:09:53","modified_gmt":"2024-12-13T03:09:53","slug":"mens-linnen-ecru-shirt","status":"publish","type":"product","link":"https:\/\/mj-clothing.com\/da\/manufacturer\/mens-linnen-ecru-shirt\/","title":{"rendered":"Linnen Ecru-skjorte til m\u00e6nd"},"content":{"rendered":"<h2><strong>Linnen Ecru-skjorte til m\u00e6nd<\/strong><\/h2>\n<p><span class=\"citation-0 recitation citation-end-0\">En Linnen Ecru-skjorte til herrer er et stilfuldt og alsidigt stykke t\u00f8j, der er perfekt til varmt vejr.<\/span> Her er hvorfor:<\/p>\n<h3 data-sourcepos=\"3:1-3:14\"><strong>\u00a0 \u00a0 \u00a0 Hvorfor linned?<\/strong><\/h3>\n<ul data-sourcepos=\"5:1-9:0\">\n<li data-sourcepos=\"5:1-5:157\"><strong>\u00c5ndbarhed:<\/strong> <span class=\"citation-1 recitation citation-end-1\">Linned er en naturlig fiber, der er god til at absorbere fugt og lade luften cirkulere, s\u00e5 du kan holde dig k\u00f8lig og veltilpas.<\/span><\/li>\n<li data-sourcepos=\"5:1-5:157\"><strong style=\"font-size: 14.4px;\"><span class=\"citation-2 recitation\">Holdbarhed:<\/span><\/strong><span class=\"citation-2 recitation citation-end-2\" style=\"font-size: 14.4px;\"> P\u00e5 trods af sit sarte udseende er h\u00f8r overraskende slidst\u00e6rkt og langtidsholdbart.<\/span><\/li>\n<li data-sourcepos=\"5:1-5:157\"><strong><span class=\"citation-3 recitation\">Bl\u00f8dhed:<\/span><\/strong><span class=\"citation-3 recitation citation-end-3\"> Linned bliver bl\u00f8dere for hver vask, hvilket g\u00f8r det mere behageligt med tiden.<\/span><\/li>\n<li data-sourcepos=\"5:1-5:157\"><strong style=\"font-size: 14.4px;\">Rynke-resistent:<\/strong><span style=\"font-size: 14.4px;\"> H\u00f8r er kendt for sine naturlige rynker, men det bidrager til den afslappede charme.<\/span><br \/>\n<h3 data-sourcepos=\"10:1-10:13\"><strong>Hvorfor Ecru?<\/strong><\/h3>\n<\/li>\n<li data-sourcepos=\"5:1-5:157\"><strong>Alsidighed:<\/strong> <span class=\"citation-4 recitation citation-end-4\">Ecru, en lys beige eller r\u00e5hvid farve, er utrolig alsidig.<\/span>Den passer godt sammen med mange forskellige farver, fra m\u00f8rk denim til lyse chinos.<\/li>\n<li data-sourcepos=\"13:1-13:96\"><strong>Tidl\u00f8s:<\/strong> Den neutrale ecru-tone g\u00f8r den til et tidl\u00f8st stykke t\u00f8j, som aldrig g\u00e5r af mode.<\/li>\n<li data-sourcepos=\"14:1-15:0\"><strong>Let at style:<\/strong> <span class=\"citation-5 recitation citation-end-5\"><span class=\"citation-5 recitation citation-end-5\"><span class=\"citation-5 recitation citation-end-5\">Den kan dresses op eller ned, hvilket g\u00f8r den perfekt til forskellige lejligheder.<\/span><\/span><\/span><br \/>\n<h3 data-sourcepos=\"16:1-16:36\"><strong>Hvordan styler man en Linnen Ecru-skjorte til m\u00e6nd?<\/strong><\/h3>\n<\/li>\n<li data-sourcepos=\"14:1-15:0\"><strong>Afslappet:<\/strong> S\u00e6t den sammen med jeans, chinos eller shorts og sneakers for et afslappet hverdagslook.<\/li>\n<li data-sourcepos=\"14:1-15:0\"><strong>Smart og afslappet:<\/strong> Kombiner den med skr\u00e6ddersyede bukser og loafers for et sofistikeret, men afslappet ensemble.<\/li>\n<li data-sourcepos=\"14:1-15:0\"><strong>Tropisk:<\/strong> Brug den med h\u00f8rbukser eller shorts i en kontrastfarve for et luftigt, sommerligt outfit.<\/li>\n<\/ul>","protected":false},"excerpt":{"rendered":"<p>Materiale: Polyester\/bomuld\/linned<\/p>\n<p>Teknik: Broderet<\/p>\n<p>Stil: Afslappet<\/p>\n<p>Farve: Sort og tilpassede farver<\/p>\n<p>St\u00f8rrelse: S \/M \/L \/XL \/2XL<\/p>","protected":false},"featured_media":1750,"template":"","meta":[],"product_brand":[],"product_cat":[38],"product_tag":[],"class_list":{"0":"post-1687","1":"product","2":"type-product","3":"status-publish","4":"has-post-thumbnail","6":"product_cat-mens-clothing","8":"first","9":"instock","10":"shipping-taxable","11":"product-type-simple"},"_links":{"self":[{"href":"https:\/\/mj-clothing.com\/da\/wp-json\/wp\/v2\/product\/1687","targetHints":{"allow":["GET"]}}],"collection":[{"href":"https:\/\/mj-clothing.com\/da\/wp-json\/wp\/v2\/product"}],"about":[{"href":"https:\/\/mj-clothing.com\/da\/wp-json\/wp\/v2\/types\/product"}],"wp:featuredmedia":[{"embeddable":true,"href":"https:\/\/mj-clothing.com\/da\/wp-json\/wp\/v2\/media\/1750"}],"wp:attachment":[{"href":"https:\/\/mj-clothing.com\/da\/wp-json\/wp\/v2\/media?parent=1687"}],"wp:term":[{"taxonomy":"product_brand","embeddable":true,"href":"https:\/\/mj-clothing.com\/da\/wp-json\/wp\/v2\/product_brand?post=1687"},{"taxonomy":"product_cat","embeddable":true,"href":"https:\/\/mj-clothing.com\/da\/wp-json\/wp\/v2\/product_cat?post=1687"},{"taxonomy":"product_tag","embeddable":true,"href":"https:\/\/mj-clothing.com\/da\/wp-json\/wp\/v2\/product_tag?post=1687"}],"curies":[{"name":"wp","href":"https:\/\/api.w.org\/{rel}","templated":true}]}}