{"id":1744,"date":"2024-12-13T02:59:23","date_gmt":"2024-12-13T02:59:23","guid":{"rendered":"https:\/\/mj-clothing.com\/?post_type=product&#038;p=1744"},"modified":"2024-12-17T07:18:06","modified_gmt":"2024-12-17T07:18:06","slug":"mens-pocket-t-shirts","status":"publish","type":"product","link":"https:\/\/mj-clothing.com\/da\/manufacturer\/mens-pocket-t-shirts\/","title":{"rendered":"T-shirts med lommer til m\u00e6nd"},"content":{"rendered":"<div id=\"chat-history\" class=\"chat-history-scroll-container\">\n<div id=\"e1f51b489f031adc\" class=\"conversation-container ng-tns-c2150043242-1 message-actions-hover-boundary response-optimization ng-star-inserted\">\n<div class=\"response-container ng-tns-c1933435332-46 response-optimization response-container-with-gpi ng-star-inserted response-container-has-multiple-responses\">\n<div class=\"presented-response-container ng-tns-c1933435332-46\">\n<div class=\"response-container-content ng-tns-c1933435332-46 tunable-selection-with-avatar\">\n<div class=\"response-content ng-tns-c1933435332-46\">\n<div id=\"model-response-message-contentr_e1f51b489f031adc\" class=\"markdown markdown-main-panel response-optimization\" dir=\"ltr\">\n<h3 data-sourcepos=\"1:1-1:78\">T-shirts med lommer til m\u00e6nd<\/h3>\n<p data-sourcepos=\"1:1-1:78\">Her er nogle Mens Pocket T Shirts, der i \u00f8jeblikket er tilg\u00e6ngelige i Singapore:<\/p>\n<p data-sourcepos=\"3:1-3:19\"><strong>Afslappede muligheder:<\/strong><\/p>\n<ul data-sourcepos=\"5:1-10:0\">\n<li data-sourcepos=\"5:1-7:0\">\n<p data-sourcepos=\"5:3-6:64\"><strong>Uniqlo Oversized Pocket Crew Neck T-shirt med halve \u00e6rmer:<\/strong> <span class=\"citation-0 recitation citation-end-0\">Det er en behagelig og stilfuld l\u00f8sning, som f\u00e5s i mange forskellige farver.<\/span> Den er perfekt til hverdagsbrug.<span class=\"button-container hide-from-message-actions ng-star-inserted\">\u00a0 \u00a0<\/span><\/p>\n<div class=\"container ng-tns-c2946245707-59 hide\">\n<div class=\"carousel-container ng-tns-c2946245707-59\"><\/div>\n<\/div>\n<div class=\"attachment-container search-images\"><\/div>\n<\/li>\n<li data-sourcepos=\"8:1-10:0\">\n<p data-sourcepos=\"8:3-9:47\"><strong>Carhartt WIP S\/S Work Pocket T-shirt:<\/strong> Dette er en mere holdbar og robust l\u00f8sning, der er perfekt til arbejde eller udend\u00f8rs aktiviteter. <span class=\"citation-1 recitation citation-end-1\">Den har en brystlomme og en afslappet pasform.<\/span><span class=\"button-container hide-from-message-actions ng-star-inserted\">\u00a0 \u00a0<\/span><\/p>\n<div class=\"container ng-tns-c2946245707-60 hide\">\n<div class=\"carousel-container ng-tns-c2946245707-60\"><\/div>\n<\/div>\n<div class=\"attachment-container search-images\"><\/div>\n<\/li>\n<\/ul>\n<p data-sourcepos=\"11:1-11:20\"><strong>Premium-indstillinger:<\/strong><\/p>\n<ul data-sourcepos=\"13:1-18:0\">\n<li data-sourcepos=\"13:1-15:0\">\n<p data-sourcepos=\"13:3-14:45\"><strong>Ralph Lauren Jersey Pocket T-Shirt:<\/strong> <span class=\"citation-2 recitation citation-end-2\">Dette er en t-shirt i h\u00f8j kvalitet lavet af f\u00f8rsteklasses bomuld.<\/span> Den har et klassisk design og en lille lomme p\u00e5 brystet.<\/p>\n<\/li>\n<li data-sourcepos=\"13:1-15:0\">\n<p data-sourcepos=\"13:3-14:45\"><strong style=\"font-size: 14.4px;\">Timberland Oxford Chest Pocket T-shirt til m\u00e6nd:<\/strong> <span class=\"citation-3 recitation citation-end-3\" style=\"font-size: 14.4px;\">Dette er en unik og stilfuld l\u00f8sning fremstillet af 100%-bomuld.<\/span> <span class=\"citation-4 recitation citation-end-4\" style=\"font-size: 14.4px;\">Den har en button-down-krave og en brystlomme.<\/span><span class=\"button-container hide-from-message-actions ng-star-inserted\" style=\"font-size: 14.4px;\">\u00a0 \u00a0<\/span><\/p>\n<div class=\"container ng-tns-c2946245707-62 hide\">\n<div class=\"carousel-container ng-tns-c2946245707-62\">\n<div class=\"carousel-content ng-tns-c2946245707-62\">\n<div class=\"sources-carousel-source ng-tns-c2946245707-62 hide ng-star-inserted\" data-test-id=\"sources-carousel-source\"><\/div>\n<\/div>\n<\/div>\n<\/div>\n<div class=\"attachment-container search-images\"><\/div>\n<\/li>\n<\/ul>\n<p data-sourcepos=\"19:1-19:24\"><strong>Indstillinger for ydeevne:<\/strong><\/p>\n<ul data-sourcepos=\"21:1-23:0\">\n<li data-sourcepos=\"21:1-23:0\"><strong>Under Armour UA Pocket T-shirt til m\u00e6nd:<\/strong> Dette er en performance t-shirt, der er perfekt til tr\u00e6ning eller andre aktive aktiviteter. <span class=\"citation-5 recitation citation-end-5\">Den har fugttransporterende teknologi og en brystlomme.<\/span><span class=\"button-container hide-from-message-actions ng-star-inserted\"> \u00a0<\/span>\n<div class=\"container ng-tns-c2946245707-63 hide\">\n<div class=\"carousel-container ng-tns-c2946245707-63\"><\/div>\n<\/div>\n<div class=\"attachment-container search-images\">\n<div class=\"image-container hide-from-message-actions ng-star-inserted\">\n<div class=\"caption ellipsis gmat-caption ng-star-inserted\" aria-hidden=\"true\"><\/div>\n<\/div>\n<\/div>\n<\/li>\n<\/ul>\n<p data-sourcepos=\"24:1-24:171\">Dette er blot nogle f\u00e5 af de mange lomme-t-shirts til m\u00e6nd, der findes i Singapore. Du kan finde et st\u00f8rre udvalg af muligheder i dit lokale stormagasin eller hos en onlineforhandler.<\/p>\n<p data-sourcepos=\"26:1-26:56\"><strong>Yderligere tips til at v\u00e6lge en lomme-T-shirt til m\u00e6nd:<\/strong><\/p>\n<ul data-sourcepos=\"28:1-32:0\">\n<li data-sourcepos=\"28:1-28:273\">Overvej stoffet: Bomuld er et popul\u00e6rt valg til pocket t-shirts, fordi det er behageligt og \u00e5ndbart. Men,Mens Pocket T Shirts, du kan ogs\u00e5 overveje performance-stoffer som polyester eller nylon, hvis du er p\u00e5 udkig efter en t-shirt, der transporterer fugt v\u00e6k og holder dig k\u00f8lig.<\/li>\n<li data-sourcepos=\"29:1-29:174\">V\u00e6lg den rigtige pasform: Pocket t-shirts findes i mange forskellige pasformer, fra slim fit til relaxed fit. V\u00e6lg en pasform, der smigrer din kropstype, og som er behagelig at have p\u00e5.<\/li>\n<li data-sourcepos=\"30:1-30:209\">Overvej lommestilen: Nogle pocket t-shirts har en lille lomme p\u00e5 brystet, mens andre har en st\u00f8rre lomme p\u00e5 siden. V\u00e6lg en lommestil, som du kan lide, og som er praktisk i forhold til dine behov.<\/li>\n<li data-sourcepos=\"31:1-32:0\">T\u00e6nk p\u00e5 anledningen: Hvis du leder efter en lomme-T-shirt til at tage p\u00e5 arbejde, skal du m\u00e5ske v\u00e6lge en mere formel model. Hvis du leder efter en t-shirt til weekenden, skal du m\u00e5ske v\u00e6lge en mere afslappet model.<\/li>\n<\/ul>\n<p data-sourcepos=\"33:1-33:86\">Ved at f\u00f8lge disse tips kan du finde den perfekte lomme-t-shirt til m\u00e6nd til dine behov.<\/p>\n<\/div>\n<\/div>\n<\/div>\n<\/div>\n<\/div>\n<\/div>\n<\/div>\n<div class=\"input-area-container\">\n<div class=\"input-area\" data-node-type=\"input-area\">\n<div class=\"text-input-field\">\n<div class=\"text-input-field_textarea-wrapper\">\n<div class=\"text-input-field-main-area\">\n<div class=\"text-input-field_textarea-inner\">\n<div class=\"ql-editor textarea new-input-ui ql-blank\" role=\"textbox\" contenteditable=\"true\" data-gramm=\"false\" aria-multiline=\"true\" aria-label=\"Indtast en prompt her\" data-placeholder=\"Ask Gemini\"><\/div>\n<\/div>\n<\/div>\n<\/div>\n<\/div>\n<\/div>\n<\/div>","protected":false},"excerpt":{"rendered":"<table style=\"height: 530px;\" width=\"498\">\n<tbody>\n<tr>\n<td width=\"146\"><strong><b>Produkt<\/b><\/strong>\u00a0<strong><b>Navn:<\/b><\/strong><\/td>\n<td width=\"601\"><strong>T-shirts med lommer til m\u00e6nd<\/strong><\/td>\n<\/tr>\n<tr>\n<td width=\"146\"><strong><b>Materlal:<\/b><\/strong><\/td>\n<td width=\"601\">Polyester\/bomuld<\/td>\n<\/tr>\n<tr>\n<td width=\"146\"><strong><b>Teknik:<\/b><\/strong><\/td>\n<td width=\"601\">Trykning og farvning<\/td>\n<\/tr>\n<tr>\n<td width=\"146\"><strong><b>Stil:<\/b><\/strong><\/td>\n<td width=\"601\">Afslappet<\/td>\n<\/tr>\n<tr>\n<td width=\"146\"><strong><b>Farve<\/b><\/strong><strong><b>:<\/b><\/strong><\/td>\n<td width=\"601\">\u00a0Brugerdefinerede farver<\/td>\n<\/tr>\n<tr>\n<td width=\"146\"><strong><b>St\u00f8rrelse:<\/b><\/strong><\/td>\n<td width=\"601\">S \/M \/L \/XL \/2XL<\/td>\n<\/tr>\n<tr>\n<td width=\"146\"><strong><b>OEM\/ODM:<\/b><\/strong><\/td>\n<td width=\"601\">Acceptabel<\/td>\n<\/tr>\n<tr>\n<td width=\"146\"><strong><b>Kvalitet:<\/b><\/strong><\/td>\n<td width=\"601\">100% H\u00f8j kvalitet<\/td>\n<\/tr>\n<tr>\n<td width=\"146\"><strong><b>M<\/b><\/strong><strong><b>OQ:<\/b><\/strong><\/td>\n<td width=\"601\">200 stk.<\/td>\n<\/tr>\n<\/tbody>\n<\/table>","protected":false},"featured_media":1751,"template":"","meta":[],"product_brand":[],"product_cat":[38],"product_tag":[],"class_list":{"0":"post-1744","1":"product","2":"type-product","3":"status-publish","4":"has-post-thumbnail","6":"product_cat-mens-clothing","8":"first","9":"instock","10":"shipping-taxable","11":"product-type-simple"},"_links":{"self":[{"href":"https:\/\/mj-clothing.com\/da\/wp-json\/wp\/v2\/product\/1744","targetHints":{"allow":["GET"]}}],"collection":[{"href":"https:\/\/mj-clothing.com\/da\/wp-json\/wp\/v2\/product"}],"about":[{"href":"https:\/\/mj-clothing.com\/da\/wp-json\/wp\/v2\/types\/product"}],"wp:featuredmedia":[{"embeddable":true,"href":"https:\/\/mj-clothing.com\/da\/wp-json\/wp\/v2\/media\/1751"}],"wp:attachment":[{"href":"https:\/\/mj-clothing.com\/da\/wp-json\/wp\/v2\/media?parent=1744"}],"wp:term":[{"taxonomy":"product_brand","embeddable":true,"href":"https:\/\/mj-clothing.com\/da\/wp-json\/wp\/v2\/product_brand?post=1744"},{"taxonomy":"product_cat","embeddable":true,"href":"https:\/\/mj-clothing.com\/da\/wp-json\/wp\/v2\/product_cat?post=1744"},{"taxonomy":"product_tag","embeddable":true,"href":"https:\/\/mj-clothing.com\/da\/wp-json\/wp\/v2\/product_tag?post=1744"}],"curies":[{"name":"wp","href":"https:\/\/api.w.org\/{rel}","templated":true}]}}