{"id":1761,"date":"2024-12-14T03:02:38","date_gmt":"2024-12-14T03:02:38","guid":{"rendered":"https:\/\/mj-clothing.com\/?post_type=product&#038;p=1761"},"modified":"2024-12-17T07:15:13","modified_gmt":"2024-12-17T07:15:13","slug":"floral-quilted-jacket","status":"publish","type":"product","link":"https:\/\/mj-clothing.com\/da\/manufacturer\/floral-quilted-jacket\/","title":{"rendered":"Quiltet jakke med blomster"},"content":{"rendered":"<h2 data-sourcepos=\"1:1-1:143\">Quiltet jakke med blomster<\/h2>\n<p data-sourcepos=\"1:1-1:143\">En blomstret quiltet jakke er et stilfuldt og hyggeligt stykke t\u00f8j, der kan tilf\u00f8je et strejf af femininitet og varme til ethvert outfit. Her er, hvorfor du m\u00e5ske vil elske en:<\/p>\n<p data-sourcepos=\"3:1-3:39\"><strong>Hvorfor v\u00e6lge en quiltet jakke med blomster?<\/strong><\/p>\n<ul data-sourcepos=\"5:1-9:0\">\n<li data-sourcepos=\"5:1-5:159\"><strong>Stilfuld og alsidig:<\/strong> Det er en perfekt blanding af komfort og mode. Du kan dresse den op med en nederdel og st\u00f8vler eller holde den afslappet med jeans og sneakers.<\/li>\n<li data-sourcepos=\"6:1-6:100\"><strong>Varmt og hyggeligt:<\/strong> Det quiltede design og den ofte isolerede foring g\u00f8r den ideel til k\u00f8ligere vejr.<\/li>\n<li data-sourcepos=\"7:1-7:86\"><strong>Feminin og romantisk:<\/strong> Blomsterm\u00f8nsteret giver et strejf af bl\u00f8dhed og elegance.<\/li>\n<li data-sourcepos=\"8:1-9:0\"><strong>Trendy:<\/strong> Blomsterprint er altid p\u00e5 mode, is\u00e6r i for\u00e5rs- og efter\u00e5rss\u00e6sonen.<\/li>\n<\/ul>\n<p data-sourcepos=\"10:1-10:41\"><strong>S\u00e5dan styler du en quiltet jakke med blomster:<\/strong><\/p>\n<ul data-sourcepos=\"12:1-15:0\">\n<li data-sourcepos=\"12:1-12:82\"><strong>Casual Chic:<\/strong> S\u00e6t den sammen med jeans, en t-shirt og sneakers for et afslappet look.<\/li>\n<li data-sourcepos=\"13:1-13:85\"><strong>Boho Chic:<\/strong> L\u00e6g den over en flagrende kjole, og tilf\u00f8j ankelst\u00f8vler for en bohemeagtig stemning.<\/li>\n<li data-sourcepos=\"14:1-15:0\"><strong>Smart og afslappet:<\/strong> Brug den med en sweater, bukser og loafers for et poleret look.<\/li>\n<\/ul>\n<p data-sourcepos=\"16:1-16:46\"><strong>Tips til at v\u00e6lge en blomstret quiltet jakke:<\/strong><\/p>\n<ul data-sourcepos=\"18:1-22:0\">\n<li data-sourcepos=\"18:1-18:93\"><strong>V\u00e6lg den rigtige pasform:<\/strong> S\u00f8rg for, at jakken sidder godt og ikke overd\u00f8ver din figur.<\/li>\n<li data-sourcepos=\"19:1-19:80\"><strong>Overvej anledningen:<\/strong> V\u00e6lg et m\u00f8nster og en farve, der passer til lejligheden.<\/li>\n<li data-sourcepos=\"20:1-20:105\"><strong>V\u00e6r opm\u00e6rksom p\u00e5 stoffet:<\/strong> V\u00e6lg et slidst\u00e6rkt og behageligt stof, f.eks. bomuld eller polyester.<\/li>\n<li data-sourcepos=\"21:1-22:0\"><strong>Brug tilbeh\u00f8r:<\/strong> Tilf\u00f8j et t\u00f8rkl\u00e6de, en hat eller en taske for at fuldende dit look.<\/li>\n<\/ul>","protected":false},"excerpt":{"rendered":"<table style=\"height: 542px;\" width=\"483\">\n<tbody>\n<tr>\n<td width=\"146\"><strong><b>Produkt<\/b><\/strong>\u00a0<strong><b>Navn:<\/b><\/strong><\/td>\n<td width=\"601\"><strong>Quiltet jakke med blomster<\/strong><\/td>\n<\/tr>\n<tr>\n<td width=\"146\"><strong><b>Materlal:<\/b><\/strong><\/td>\n<td width=\"601\">Polyester\/bomuld<\/td>\n<\/tr>\n<tr>\n<td width=\"146\"><strong><b>Teknik:<\/b><\/strong><\/td>\n<td width=\"601\">Trykning og farvning<\/td>\n<\/tr>\n<tr>\n<td width=\"146\"><strong><b>Stil:<\/b><\/strong><\/td>\n<td width=\"601\">Afslappet<\/td>\n<\/tr>\n<tr>\n<td width=\"146\"><strong><b>Farve<\/b><\/strong><strong><b>:<\/b><\/strong><\/td>\n<td width=\"601\">\u00a0Brugerdefinerede farver<\/td>\n<\/tr>\n<tr>\n<td width=\"146\"><strong><b>St\u00f8rrelse:<\/b><\/strong><\/td>\n<td width=\"601\">S \/M \/L \/XL \/2XL<\/td>\n<\/tr>\n<tr>\n<td width=\"146\"><strong><b>OEM\/ODM:<\/b><\/strong><\/td>\n<td width=\"601\">Acceptabel<\/td>\n<\/tr>\n<tr>\n<td width=\"146\"><strong><b>Kvalitet:<\/b><\/strong><\/td>\n<td width=\"601\">100% H\u00f8j kvalitet<\/td>\n<\/tr>\n<tr>\n<td width=\"146\"><strong><b>M<\/b><\/strong><strong><b>OQ:<\/b><\/strong><\/td>\n<td width=\"601\">200 stk.<\/td>\n<\/tr>\n<\/tbody>\n<\/table>","protected":false},"featured_media":1762,"template":"","meta":[],"product_brand":[],"product_cat":[38],"product_tag":[],"class_list":{"0":"post-1761","1":"product","2":"type-product","3":"status-publish","4":"has-post-thumbnail","6":"product_cat-mens-clothing","8":"first","9":"instock","10":"shipping-taxable","11":"product-type-simple"},"_links":{"self":[{"href":"https:\/\/mj-clothing.com\/da\/wp-json\/wp\/v2\/product\/1761","targetHints":{"allow":["GET"]}}],"collection":[{"href":"https:\/\/mj-clothing.com\/da\/wp-json\/wp\/v2\/product"}],"about":[{"href":"https:\/\/mj-clothing.com\/da\/wp-json\/wp\/v2\/types\/product"}],"wp:featuredmedia":[{"embeddable":true,"href":"https:\/\/mj-clothing.com\/da\/wp-json\/wp\/v2\/media\/1762"}],"wp:attachment":[{"href":"https:\/\/mj-clothing.com\/da\/wp-json\/wp\/v2\/media?parent=1761"}],"wp:term":[{"taxonomy":"product_brand","embeddable":true,"href":"https:\/\/mj-clothing.com\/da\/wp-json\/wp\/v2\/product_brand?post=1761"},{"taxonomy":"product_cat","embeddable":true,"href":"https:\/\/mj-clothing.com\/da\/wp-json\/wp\/v2\/product_cat?post=1761"},{"taxonomy":"product_tag","embeddable":true,"href":"https:\/\/mj-clothing.com\/da\/wp-json\/wp\/v2\/product_tag?post=1761"}],"curies":[{"name":"wp","href":"https:\/\/api.w.org\/{rel}","templated":true}]}}