{"id":1763,"date":"2024-12-14T03:06:05","date_gmt":"2024-12-14T03:06:05","guid":{"rendered":"https:\/\/mj-clothing.com\/?post_type=product&#038;p=1763"},"modified":"2024-12-17T07:11:45","modified_gmt":"2024-12-17T07:11:45","slug":"black-tweed-jacket","status":"publish","type":"product","link":"https:\/\/mj-clothing.com\/da\/manufacturer\/black-tweed-jacket\/","title":{"rendered":"Sort tweed-jakke"},"content":{"rendered":"<h2 data-sourcepos=\"1:1-1:113\">Sort tweed-jakke<\/h2>\n<p data-sourcepos=\"1:1-1:113\">En sort tweedjakke er et alsidigt og stilfuldt stykke t\u00f8j, der kan l\u00f8fte ethvert outfit. Her er, hvorfor du m\u00e5ske vil elske en:<\/p>\n<p data-sourcepos=\"3:1-3:36\"><strong>Hvorfor v\u00e6lge en sort tweedjakke?<\/strong><\/p>\n<ul data-sourcepos=\"5:1-9:0\">\n<li data-sourcepos=\"5:1-5:101\"><strong>Tidl\u00f8s elegance:<\/strong> Sort tweed er et klassisk, sofistikeret stof, som aldrig g\u00e5r af mode.<\/li>\n<li data-sourcepos=\"6:1-6:95\"><strong>Alsidig styling:<\/strong> Den kan dresses op eller ned, hvilket g\u00f8r den perfekt til forskellige lejligheder.<\/li>\n<li data-sourcepos=\"7:1-7:103\"><strong>Varme og komfort:<\/strong> Tweed er et slidst\u00e6rkt og isolerende stof, hvilket g\u00f8r det ideelt til koldere vejr.<\/li>\n<li data-sourcepos=\"8:1-9:0\"><strong>Struktureret look:<\/strong> Den unikke v\u00e6vning af tweed giver dit outfit visuel interesse.<\/li>\n<\/ul>\n<p data-sourcepos=\"10:1-10:38\"><strong>S\u00e5dan styler du en sort-tweedjakke:<\/strong><\/p>\n<ul data-sourcepos=\"12:1-15:0\">\n<li data-sourcepos=\"12:1-12:93\"><strong>Smart og afslappet:<\/strong> S\u00e6t den sammen med chinos, en skjorte med knapper og loafers for et raffineret look.<\/li>\n<li data-sourcepos=\"13:1-13:102\"><strong>Business Casual:<\/strong> Brug den med p\u00e6ne bukser, en p\u00e6n skjorte og et slips for et professionelt outfit.<\/li>\n<li data-sourcepos=\"14:1-15:0\"><strong>Casual Chic:<\/strong> Kombiner den med jeans, en t-shirt og sneakers for en afslappet stil.<\/li>\n<\/ul>\n<p data-sourcepos=\"16:1-16:43\"><strong>Tips til at v\u00e6lge en sort tweedjakke:<\/strong><\/p>\n<ul data-sourcepos=\"18:1-22:0\">\n<li data-sourcepos=\"18:1-18:71\"><strong>Passer:<\/strong> V\u00e6lg en jakke, der sidder godt og smigrer din kropsform.<\/li>\n<li data-sourcepos=\"19:1-19:109\"><strong>M\u00f8nster:<\/strong> Overvej tweedens m\u00f8nster, om det er et klassisk sildebensm\u00f8nster eller et mere moderne design.<\/li>\n<li data-sourcepos=\"20:1-20:76\"><strong>V\u00e6gt:<\/strong> Tweedens v\u00e6gt afg\u00f8r, hvor varm jakken er.<\/li>\n<li data-sourcepos=\"21:1-22:0\"><strong>Tilbeh\u00f8r:<\/strong> Tilf\u00f8j en lommeklud, et slips eller et t\u00f8rkl\u00e6de for at s\u00e6tte et personligt pr\u00e6g.<\/li>\n<\/ul>","protected":false},"excerpt":{"rendered":"<table style=\"height: 587px;\" width=\"485\">\n<tbody>\n<tr>\n<td width=\"146\"><strong><b>Produkt<\/b><\/strong>\u00a0<strong><b>Navn:<\/b><\/strong><\/td>\n<td width=\"601\"><strong>Sort tweed-jakke<\/strong><\/td>\n<\/tr>\n<tr>\n<td width=\"146\"><strong><b>Materlal:<\/b><\/strong><\/td>\n<td width=\"601\">Polyester\/bomuld<\/td>\n<\/tr>\n<tr>\n<td width=\"146\"><strong><b>Teknik:<\/b><\/strong><\/td>\n<td width=\"601\">Trykning og farvning<\/td>\n<\/tr>\n<tr>\n<td width=\"146\"><strong><b>Stil:<\/b><\/strong><\/td>\n<td width=\"601\">Afslappet<\/td>\n<\/tr>\n<tr>\n<td width=\"146\"><strong><b>Farve<\/b><\/strong><strong><b>:<\/b><\/strong><\/td>\n<td width=\"601\">\u00a0Brugerdefinerede farver<\/td>\n<\/tr>\n<tr>\n<td width=\"146\"><strong><b>St\u00f8rrelse:<\/b><\/strong><\/td>\n<td width=\"601\">S \/M \/L \/XL \/2XL<\/td>\n<\/tr>\n<tr>\n<td width=\"146\"><strong><b>OEM\/ODM:<\/b><\/strong><\/td>\n<td width=\"601\">Acceptabel<\/td>\n<\/tr>\n<tr>\n<td width=\"146\"><strong><b>Kvalitet:<\/b><\/strong><\/td>\n<td width=\"601\">100% H\u00f8j kvalitet<\/td>\n<\/tr>\n<tr>\n<td width=\"146\"><strong><b>M<\/b><\/strong><strong><b>OQ:<\/b><\/strong><\/td>\n<td width=\"601\">200 stk.<\/td>\n<\/tr>\n<\/tbody>\n<\/table>","protected":false},"featured_media":1764,"template":"","meta":[],"product_brand":[],"product_cat":[38],"product_tag":[],"class_list":{"0":"post-1763","1":"product","2":"type-product","3":"status-publish","4":"has-post-thumbnail","6":"product_cat-mens-clothing","8":"first","9":"instock","10":"shipping-taxable","11":"product-type-simple"},"_links":{"self":[{"href":"https:\/\/mj-clothing.com\/da\/wp-json\/wp\/v2\/product\/1763","targetHints":{"allow":["GET"]}}],"collection":[{"href":"https:\/\/mj-clothing.com\/da\/wp-json\/wp\/v2\/product"}],"about":[{"href":"https:\/\/mj-clothing.com\/da\/wp-json\/wp\/v2\/types\/product"}],"wp:featuredmedia":[{"embeddable":true,"href":"https:\/\/mj-clothing.com\/da\/wp-json\/wp\/v2\/media\/1764"}],"wp:attachment":[{"href":"https:\/\/mj-clothing.com\/da\/wp-json\/wp\/v2\/media?parent=1763"}],"wp:term":[{"taxonomy":"product_brand","embeddable":true,"href":"https:\/\/mj-clothing.com\/da\/wp-json\/wp\/v2\/product_brand?post=1763"},{"taxonomy":"product_cat","embeddable":true,"href":"https:\/\/mj-clothing.com\/da\/wp-json\/wp\/v2\/product_cat?post=1763"},{"taxonomy":"product_tag","embeddable":true,"href":"https:\/\/mj-clothing.com\/da\/wp-json\/wp\/v2\/product_tag?post=1763"}],"curies":[{"name":"wp","href":"https:\/\/api.w.org\/{rel}","templated":true}]}}