{"id":1765,"date":"2024-12-14T03:13:20","date_gmt":"2024-12-14T03:13:20","guid":{"rendered":"https:\/\/mj-clothing.com\/?post_type=product&#038;p=1765"},"modified":"2024-12-17T07:10:04","modified_gmt":"2024-12-17T07:10:04","slug":"vintage-jacket","status":"publish","type":"product","link":"https:\/\/mj-clothing.com\/da\/manufacturer\/vintage-jacket\/","title":{"rendered":"Vintage-jakke"},"content":{"rendered":"<p data-sourcepos=\"1:1-1:110\">En vintagejakke er et tidl\u00f8st stykke t\u00f8j, som kan give et unikt touch til ethvert outfit. Her er, hvorfor du m\u00e5ske vil elske en:<\/p>\n<h3 data-sourcepos=\"3:1-3:32\"><strong>Hvorfor v\u00e6lge en vintagejakke?<\/strong><\/h3>\n<ul data-sourcepos=\"5:1-9:0\">\n<li data-sourcepos=\"5:1-5:118\"><strong>Unik stil:<\/strong>\u00a0 Jakker har ofte karakteristiske designs og detaljer, som du ikke finder i moderne t\u00f8j.<\/li>\n<li data-sourcepos=\"6:1-6:111\"><strong>H\u00f8j kvalitet:<\/strong> Mange jakker er lavet af materialer af h\u00f8j kvalitet, som har st\u00e5et deres pr\u00f8ve gennem tiden.<\/li>\n<li data-sourcepos=\"7:1-7:125\"><strong>B\u00e6redygtig mode:<\/strong> Ved at v\u00e6lge vintage reducerer du din milj\u00f8p\u00e5virkning og giver t\u00f8jet et nyt liv.<\/li>\n<li data-sourcepos=\"8:1-9:0\"><strong>Karakter og historie:<\/strong> En jakke kan fort\u00e6lle en historie og tilf\u00f8je et strejf af nostalgi og personlighed til din garderobe.<\/li>\n<\/ul>\n<h3 data-sourcepos=\"10:1-10:34\"><strong>S\u00e5dan styler du en vintagejakke:<\/strong><\/h3>\n<ul data-sourcepos=\"12:1-16:0\">\n<li data-sourcepos=\"12:1-12:79\"><strong>Afslappet:<\/strong> S\u00e6t den sammen med jeans, en t-shirt og sneakers for et afslappet look.<\/li>\n<li data-sourcepos=\"13:1-13:98\"><strong>Smart og afslappet:<\/strong> Brug den med chinos, en nedknappet skjorte og loafers for et poleret ensemble.<\/li>\n<li data-sourcepos=\"14:1-14:93\"><strong>Edgy:<\/strong> Kombiner den med l\u00e6derbukser, en grafisk tee og st\u00f8vler for en rock-and-roll-stemning.<\/li>\n<li data-sourcepos=\"15:1-16:0\"><strong>Formelt:<\/strong> L\u00e6g den over en habitjakke for at f\u00e5 et unikt twist p\u00e5 formel p\u00e5kl\u00e6dning.<\/li>\n<\/ul>\n<h3 data-sourcepos=\"17:1-17:39\"><strong>Tips til at v\u00e6lge en vintagejakke:<\/strong><\/h3>\n<ul data-sourcepos=\"19:1-23:0\">\n<li data-sourcepos=\"19:1-19:82\"><strong>Passer:<\/strong> S\u00f8rg for, at jakken sidder godt, og tag h\u00f8jde for eventuelle \u00e6ndringer.<\/li>\n<li data-sourcepos=\"20:1-20:64\"><strong>Tilstand:<\/strong> Tjek for skader, pletter eller slitage.<\/li>\n<li data-sourcepos=\"21:1-21:93\"><strong>Stil:<\/strong> Overvej din personlige stil, og v\u00e6lg en jakke, der passer til din garderobe.<\/li>\n<li data-sourcepos=\"22:1-23:0\"><strong>Materiale:<\/strong> G\u00e5 efter materialer af h\u00f8j kvalitet som l\u00e6der, uld eller denim.<\/li>\n<\/ul>\n<h3 data-sourcepos=\"24:1-24:34\"><strong>Hvor finder man en vintagejakke?<\/strong><\/h3>\n<ul data-sourcepos=\"26:1-30:0\">\n<li data-sourcepos=\"26:1-26:76\"><strong>Genbrugsbutikker:<\/strong> Et godt sted at finde skjulte perler til overkommelige priser.<\/li>\n<li data-sourcepos=\"27:1-27:89\"><strong>Butikker, der s\u00e6lger i kommission:<\/strong> Disse butikker har ofte kuraterede kollektioner af vintaget\u00f8j.<\/li>\n<li data-sourcepos=\"28:1-28:97\"><strong>Online markedspladser:<\/strong> Hjemmesider som eBay og Etsy tilbyder et stort udvalg af jakker.<\/li>\n<li data-sourcepos=\"29:1-30:0\"><strong>Butikker med vintaget\u00f8j:<\/strong> Specialbutikker, der specialiserer sig i vintagemode.<\/li>\n<\/ul>\n<div class=\"attachment-container search-images\">\n<div class=\"image-container hide-from-message-actions ng-star-inserted\">\n<div class=\"overlay-container ng-star-inserted\"><\/div>\n<\/div>\n<\/div>","protected":false},"excerpt":{"rendered":"<table style=\"height: 442px;\" width=\"514\">\n<tbody>\n<tr>\n<td width=\"146\"><strong><b>Produkt<\/b><\/strong>\u00a0<strong><b>Navn:<\/b><\/strong><\/td>\n<td width=\"601\"><strong>Vintage-jakke<\/strong><\/td>\n<\/tr>\n<tr>\n<td width=\"146\"><strong><b>Materlal:<\/b><\/strong><\/td>\n<td width=\"601\">Polyester\/bomuld<\/td>\n<\/tr>\n<tr>\n<td width=\"146\"><strong><b>Teknik:<\/b><\/strong><\/td>\n<td width=\"601\">Trykning og farvning<\/td>\n<\/tr>\n<tr>\n<td width=\"146\"><strong><b>Stil:<\/b><\/strong><\/td>\n<td width=\"601\">Afslappet<\/td>\n<\/tr>\n<tr>\n<td width=\"146\"><strong><b>Farve<\/b><\/strong><strong><b>:<\/b><\/strong><\/td>\n<td width=\"601\">\u00a0Brugerdefinerede farver<\/td>\n<\/tr>\n<tr>\n<td width=\"146\"><strong><b>St\u00f8rrelse:<\/b><\/strong><\/td>\n<td width=\"601\">S \/M \/L \/XL \/2XL<\/td>\n<\/tr>\n<tr>\n<td width=\"146\"><strong><b>OEM\/ODM:<\/b><\/strong><\/td>\n<td width=\"601\">Acceptabel<\/td>\n<\/tr>\n<tr>\n<td width=\"146\"><strong><b>Kvalitet:<\/b><\/strong><\/td>\n<td width=\"601\">100% H\u00f8j kvalitet<\/td>\n<\/tr>\n<tr>\n<td width=\"146\"><strong><b>M<\/b><\/strong><strong><b>OQ:<\/b><\/strong><\/td>\n<td width=\"601\">200 stk.<\/td>\n<\/tr>\n<\/tbody>\n<\/table>","protected":false},"featured_media":1769,"template":"","meta":[],"product_brand":[],"product_cat":[38],"product_tag":[],"class_list":{"0":"post-1765","1":"product","2":"type-product","3":"status-publish","4":"has-post-thumbnail","6":"product_cat-mens-clothing","8":"first","9":"instock","10":"shipping-taxable","11":"product-type-simple"},"_links":{"self":[{"href":"https:\/\/mj-clothing.com\/da\/wp-json\/wp\/v2\/product\/1765","targetHints":{"allow":["GET"]}}],"collection":[{"href":"https:\/\/mj-clothing.com\/da\/wp-json\/wp\/v2\/product"}],"about":[{"href":"https:\/\/mj-clothing.com\/da\/wp-json\/wp\/v2\/types\/product"}],"wp:featuredmedia":[{"embeddable":true,"href":"https:\/\/mj-clothing.com\/da\/wp-json\/wp\/v2\/media\/1769"}],"wp:attachment":[{"href":"https:\/\/mj-clothing.com\/da\/wp-json\/wp\/v2\/media?parent=1765"}],"wp:term":[{"taxonomy":"product_brand","embeddable":true,"href":"https:\/\/mj-clothing.com\/da\/wp-json\/wp\/v2\/product_brand?post=1765"},{"taxonomy":"product_cat","embeddable":true,"href":"https:\/\/mj-clothing.com\/da\/wp-json\/wp\/v2\/product_cat?post=1765"},{"taxonomy":"product_tag","embeddable":true,"href":"https:\/\/mj-clothing.com\/da\/wp-json\/wp\/v2\/product_tag?post=1765"}],"curies":[{"name":"wp","href":"https:\/\/api.w.org\/{rel}","templated":true}]}}