{"id":1774,"date":"2024-12-14T03:23:26","date_gmt":"2024-12-14T03:23:26","guid":{"rendered":"https:\/\/mj-clothing.com\/?post_type=product&#038;p=1774"},"modified":"2024-12-17T07:06:57","modified_gmt":"2024-12-17T07:06:57","slug":"shell-jacket","status":"publish","type":"product","link":"https:\/\/mj-clothing.com\/da\/manufacturer\/shell-jacket\/","title":{"rendered":"Skaljakke"},"content":{"rendered":"<p data-sourcepos=\"1:1-1:266\">En skaljakke er et let, vand- og vindt\u00e6t yderlag, der er designet til at beskytte dig mod elementerne. Det er et alsidigt stykke overt\u00f8j, der kan bruges under forskellige vejrforhold, hvilket g\u00f8r det til et popul\u00e6rt valg til udend\u00f8rs aktiviteter og hverdagsbrug.<\/p>\n<h3 data-sourcepos=\"3:1-3:35\"><strong>De vigtigste egenskaber ved en skaljakke:<\/strong><\/h3>\n<ul data-sourcepos=\"5:1-9:0\">\n<li data-sourcepos=\"5:1-5:218\"><strong>Vand- og vindt\u00e6t:<\/strong> Jakkens prim\u00e6re funktion er at holde dig t\u00f8r og beskyttet mod vinden. Den er typisk lavet af vandt\u00e6tte og \u00e5ndbare materialer som Gore-Tex eller lignende teknologier.<\/li>\n<li data-sourcepos=\"6:1-6:155\"><strong>\u00c5ndbarhed:<\/strong> Samtidig med at en god jakke holder dig t\u00f8r, lader den ogs\u00e5 fugten slippe ud, s\u00e5 du ikke f\u00f8ler dig klam og utilpas.<\/li>\n<li data-sourcepos=\"7:1-7:97\"><strong>Holdbarhed:<\/strong> Skaljakker er designet til at modst\u00e5 barske vejrforhold og kraftig brug.<\/li>\n<li data-sourcepos=\"8:1-9:0\"><strong>Pakbarhed:<\/strong> Mange jakker er lette og kan pakkes sammen, s\u00e5 de er nemme at have med, n\u00e5r de ikke er i brug.<\/li>\n<\/ul>\n<h3 data-sourcepos=\"10:1-10:32\"><strong>S\u00e5dan styler du en skaljakke:<\/strong><\/h3>\n<ul data-sourcepos=\"12:1-15:0\">\n<li data-sourcepos=\"12:1-12:96\"><strong>Afslappet:<\/strong> S\u00e6t den sammen med jeans, en t-shirt og sneakers for et behageligt og funktionelt look.<\/li>\n<li data-sourcepos=\"13:1-13:112\"><strong>Smart og afslappet:<\/strong> L\u00e6g den over en sweater, chinos og en skjorte med knapper for at f\u00e5 et stilfuldt og praktisk outfit.<\/li>\n<li data-sourcepos=\"14:1-15:0\"><strong>Udend\u00f8rs aktiviteter:<\/strong> Brug den med vandrebukser, en fleece og solide st\u00f8vler for at beskytte mod elementerne.<\/li>\n<\/ul>\n<h3 data-sourcepos=\"16:1-16:37\"><strong>Popul\u00e6re m\u00e6rker til skaljakker:<\/strong><\/h3>\n<ul data-sourcepos=\"18:1-21:0\">\n<li data-sourcepos=\"18:1-18:58\"><strong>Udend\u00f8rs m\u00e6rker:<\/strong> Patagonia, The North Face, Arc'teryx<\/li>\n<li data-sourcepos=\"19:1-19:46\"><strong>Tekniske m\u00e6rker:<\/strong> Gore-Tex, Helly Hansen<\/li>\n<li data-sourcepos=\"20:1-21:0\"><strong>Livsstilsm\u00e6rker:<\/strong> Columbia, Timberland, Jack Wolfskin<\/li>\n<\/ul>","protected":false},"excerpt":{"rendered":"<table style=\"height: 515px;\" width=\"509\">\n<tbody>\n<tr>\n<td width=\"146\"><strong><b>Produkt<\/b><\/strong>\u00a0<strong><b>Navn:<\/b><\/strong><\/td>\n<td width=\"601\"><strong>Skaljakke<\/strong><\/td>\n<\/tr>\n<tr>\n<td width=\"146\"><strong><b>Materlal:<\/b><\/strong><\/td>\n<td width=\"601\">Polyester\/bomuld<\/td>\n<\/tr>\n<tr>\n<td width=\"146\"><strong><b>Teknik:<\/b><\/strong><\/td>\n<td width=\"601\">Trykning og farvning<\/td>\n<\/tr>\n<tr>\n<td width=\"146\"><strong><b>Stil:<\/b><\/strong><\/td>\n<td width=\"601\">Afslappet<\/td>\n<\/tr>\n<tr>\n<td width=\"146\"><strong><b>Farve<\/b><\/strong><strong><b>:<\/b><\/strong><\/td>\n<td width=\"601\">\u00a0Brugerdefinerede farver<\/td>\n<\/tr>\n<tr>\n<td width=\"146\"><strong><b>St\u00f8rrelse:<\/b><\/strong><\/td>\n<td width=\"601\">S \/M \/L \/XL \/2XL<\/td>\n<\/tr>\n<tr>\n<td width=\"146\"><strong><b>OEM\/ODM:<\/b><\/strong><\/td>\n<td width=\"601\">Acceptabel<\/td>\n<\/tr>\n<tr>\n<td width=\"146\"><strong><b>Kvalitet:<\/b><\/strong><\/td>\n<td width=\"601\">100% H\u00f8j kvalitet<\/td>\n<\/tr>\n<tr>\n<td width=\"146\"><strong><b>M<\/b><\/strong><strong><b>OQ:<\/b><\/strong><\/td>\n<td width=\"601\">200 stk.<\/td>\n<\/tr>\n<\/tbody>\n<\/table>","protected":false},"featured_media":1776,"template":"","meta":[],"product_brand":[],"product_cat":[38],"product_tag":[],"class_list":{"0":"post-1774","1":"product","2":"type-product","3":"status-publish","4":"has-post-thumbnail","6":"product_cat-mens-clothing","8":"first","9":"instock","10":"shipping-taxable","11":"product-type-simple"},"_links":{"self":[{"href":"https:\/\/mj-clothing.com\/da\/wp-json\/wp\/v2\/product\/1774","targetHints":{"allow":["GET"]}}],"collection":[{"href":"https:\/\/mj-clothing.com\/da\/wp-json\/wp\/v2\/product"}],"about":[{"href":"https:\/\/mj-clothing.com\/da\/wp-json\/wp\/v2\/types\/product"}],"wp:featuredmedia":[{"embeddable":true,"href":"https:\/\/mj-clothing.com\/da\/wp-json\/wp\/v2\/media\/1776"}],"wp:attachment":[{"href":"https:\/\/mj-clothing.com\/da\/wp-json\/wp\/v2\/media?parent=1774"}],"wp:term":[{"taxonomy":"product_brand","embeddable":true,"href":"https:\/\/mj-clothing.com\/da\/wp-json\/wp\/v2\/product_brand?post=1774"},{"taxonomy":"product_cat","embeddable":true,"href":"https:\/\/mj-clothing.com\/da\/wp-json\/wp\/v2\/product_cat?post=1774"},{"taxonomy":"product_tag","embeddable":true,"href":"https:\/\/mj-clothing.com\/da\/wp-json\/wp\/v2\/product_tag?post=1774"}],"curies":[{"name":"wp","href":"https:\/\/api.w.org\/{rel}","templated":true}]}}