{"id":1777,"date":"2024-12-14T03:30:07","date_gmt":"2024-12-14T03:30:07","guid":{"rendered":"https:\/\/mj-clothing.com\/?post_type=product&#038;p=1777"},"modified":"2024-12-17T07:04:15","modified_gmt":"2024-12-17T07:04:15","slug":"cropped-leather-jacket","status":"publish","type":"product","link":"https:\/\/mj-clothing.com\/da\/manufacturer\/cropped-leather-jacket\/","title":{"rendered":"Besk\u00e5ret l\u00e6derjakke"},"content":{"rendered":"<p data-sourcepos=\"1:1-1:117\">En cropped l\u00e6derjakke er et stilfuldt og alsidigt stykke t\u00f8j, der kan l\u00f8fte ethvert outfit. Her er, hvorfor du m\u00e5ske vil elske en:<\/p>\n<h3 data-sourcepos=\"3:1-3:40\"><strong>Hvorfor v\u00e6lge en cropped l\u00e6derjakke?<\/strong><\/h3>\n<ul data-sourcepos=\"5:1-9:0\">\n<li data-sourcepos=\"5:1-5:120\"><strong><span class=\"citation-0 recitation\">Trendy og moderne:<\/span><\/strong><span class=\"citation-0 recitation citation-end-0\"> Besk\u00e5rne jakker er en popul\u00e6r trend, som kan give dit look en moderne kant.<\/span><\/li>\n<li data-sourcepos=\"5:1-5:120\"><strong style=\"font-size: 14.4px;\">Alsidig styling:<\/strong><span style=\"font-size: 14.4px;\"> Den kan dresses op eller ned, hvilket g\u00f8r den perfekt til forskellige lejligheder.<\/span><\/li>\n<li data-sourcepos=\"7:1-7:113\"><strong><span class=\"citation-1 recitation\">Flatterende pasform:<\/span><\/strong><span class=\"citation-1 recitation citation-end-1\"> En cropped jakke kan fremh\u00e6ve din talje og skabe en flatterende silhuet.<\/span><\/li>\n<li data-sourcepos=\"7:1-7:113\"><strong style=\"font-size: 14.4px;\">Edgy og chik:<\/strong><span style=\"font-size: 14.4px;\"> L\u00e6der giver et strejf af h\u00e5rdhed og raffinement.<\/span><\/li>\n<\/ul>\n<h3 data-sourcepos=\"10:1-10:42\"><strong>S\u00e5dan styler du en besk\u00e5ret l\u00e6derjakke:<\/strong><\/h3>\n<ul data-sourcepos=\"12:1-15:0\">\n<li data-sourcepos=\"12:1-12:82\"><strong>Casual Chic:<\/strong> S\u00e6t den sammen med jeans, en t-shirt og sneakers for et afslappet look.<\/li>\n<li data-sourcepos=\"13:1-13:102\"><strong>Smart og afslappet:<\/strong> Brug den med en nederdel, en bluse og ankelst\u00f8vler for et feminint og stilfuldt outfit.<\/li>\n<li data-sourcepos=\"14:1-15:0\"><strong>Edgy look:<\/strong> Kombiner den med l\u00e6derbukser, en grafisk tee og st\u00f8vler for en rock-and-roll-stemning.<\/li>\n<\/ul>\n<h3 data-sourcepos=\"16:1-16:47\"><strong>Tips til at v\u00e6lge en cropped l\u00e6derjakke:<\/strong><\/h3>\n<ul data-sourcepos=\"18:1-22:0\">\n<li data-sourcepos=\"18:1-18:71\"><strong>Passer:<\/strong> V\u00e6lg en jakke, der sidder godt og smigrer din kropsform.<\/li>\n<li data-sourcepos=\"19:1-19:60\"><strong>Materiale:<\/strong> V\u00e6lg l\u00e6der af h\u00f8j kvalitet, der holder.<\/li>\n<li data-sourcepos=\"20:1-20:87\"><strong>Stil:<\/strong> Overvej din personlige stil, og v\u00e6lg en jakke, der afspejler din smag.<\/li>\n<li data-sourcepos=\"21:1-22:0\"><strong>Farve:<\/strong> Sort er et klassisk valg, men du kan ogs\u00e5 overveje andre farver som brun eller bordeaux.<\/li>\n<\/ul>","protected":false},"excerpt":{"rendered":"<table style=\"height: 523px;\" width=\"508\">\n<tbody>\n<tr>\n<td width=\"146\"><strong><b>Produkt<\/b><\/strong>\u00a0<strong><b>Navn:<\/b><\/strong><\/td>\n<td width=\"601\"><strong>Besk\u00e5ret l\u00e6derjakke<\/strong><\/td>\n<\/tr>\n<tr>\n<td width=\"146\"><strong><b>Materlal:<\/b><\/strong><\/td>\n<td width=\"601\">Polyester\/bomuld<\/td>\n<\/tr>\n<tr>\n<td width=\"146\"><strong><b>Teknik:<\/b><\/strong><\/td>\n<td width=\"601\">Hud<\/td>\n<\/tr>\n<tr>\n<td width=\"146\"><strong><b>Stil:<\/b><\/strong><\/td>\n<td width=\"601\">Afslappet<\/td>\n<\/tr>\n<tr>\n<td width=\"146\"><strong><b>Farve<\/b><\/strong><strong><b>:<\/b><\/strong><\/td>\n<td width=\"601\">\u00a0Brugerdefinerede farver<\/td>\n<\/tr>\n<tr>\n<td width=\"146\"><strong><b>St\u00f8rrelse:<\/b><\/strong><\/td>\n<td width=\"601\">S \/M \/L \/XL \/2XL<\/td>\n<\/tr>\n<tr>\n<td width=\"146\"><strong><b>OEM\/ODM:<\/b><\/strong><\/td>\n<td width=\"601\">Acceptabel<\/td>\n<\/tr>\n<tr>\n<td width=\"146\"><strong><b>Kvalitet:<\/b><\/strong><\/td>\n<td width=\"601\">100% H\u00f8j kvalitet<\/td>\n<\/tr>\n<tr>\n<td width=\"146\"><strong><b>M<\/b><\/strong><strong><b>OQ:<\/b><\/strong><\/td>\n<td width=\"601\">200 stk.<\/td>\n<\/tr>\n<\/tbody>\n<\/table>","protected":false},"featured_media":1781,"template":"","meta":[],"product_brand":[],"product_cat":[38],"product_tag":[],"class_list":{"0":"post-1777","1":"product","2":"type-product","3":"status-publish","4":"has-post-thumbnail","6":"product_cat-mens-clothing","8":"first","9":"instock","10":"shipping-taxable","11":"product-type-simple"},"_links":{"self":[{"href":"https:\/\/mj-clothing.com\/da\/wp-json\/wp\/v2\/product\/1777","targetHints":{"allow":["GET"]}}],"collection":[{"href":"https:\/\/mj-clothing.com\/da\/wp-json\/wp\/v2\/product"}],"about":[{"href":"https:\/\/mj-clothing.com\/da\/wp-json\/wp\/v2\/types\/product"}],"wp:featuredmedia":[{"embeddable":true,"href":"https:\/\/mj-clothing.com\/da\/wp-json\/wp\/v2\/media\/1781"}],"wp:attachment":[{"href":"https:\/\/mj-clothing.com\/da\/wp-json\/wp\/v2\/media?parent=1777"}],"wp:term":[{"taxonomy":"product_brand","embeddable":true,"href":"https:\/\/mj-clothing.com\/da\/wp-json\/wp\/v2\/product_brand?post=1777"},{"taxonomy":"product_cat","embeddable":true,"href":"https:\/\/mj-clothing.com\/da\/wp-json\/wp\/v2\/product_cat?post=1777"},{"taxonomy":"product_tag","embeddable":true,"href":"https:\/\/mj-clothing.com\/da\/wp-json\/wp\/v2\/product_tag?post=1777"}],"curies":[{"name":"wp","href":"https:\/\/api.w.org\/{rel}","templated":true}]}}