{"id":1785,"date":"2024-12-14T03:42:50","date_gmt":"2024-12-14T03:42:50","guid":{"rendered":"https:\/\/mj-clothing.com\/?post_type=product&#038;p=1785"},"modified":"2024-12-17T07:02:12","modified_gmt":"2024-12-17T07:02:12","slug":"mens-full-zip-sweater","status":"publish","type":"product","link":"https:\/\/mj-clothing.com\/da\/manufacturer\/mens-full-zip-sweater\/","title":{"rendered":"Sweater med fuld lynl\u00e5s til m\u00e6nd"},"content":{"rendered":"<p data-sourcepos=\"1:1-1:236\"><span class=\"citation-0 recitation citation-end-0\">En sweater med fuld lynl\u00e5s til m\u00e6nd er et alsidigt stykke t\u00f8j, der kan bruges under forskellige vejrforhold og styles til forskellige lejligheder.<\/span> Den er et behageligt og stilfuldt alternativ til en traditionel pullover.<span class=\"button-container hide-from-message-actions ng-star-inserted\"> \u00a0<\/span><\/p>\n<h3><strong style=\"font-size: 14.4px;\">N\u00f8glefunktioner i en sweater med fuld lynl\u00e5s til m\u00e6nd:<\/strong><\/h3>\n<ul data-sourcepos=\"5:1-9:0\">\n<li data-sourcepos=\"5:1-5:116\"><strong>Fuld lynl\u00e5s Lukning:<\/strong> Designet med fuld lynl\u00e5s g\u00f8r det nemt at tage den af og p\u00e5, og den kan justeres for at regulere temperaturen.<\/li>\n<li data-sourcepos=\"6:1-6:127\"><strong>Varme og komfort:<\/strong> <span class=\"citation-1 recitation citation-end-1\">Tr\u00f8jer med fuld lynl\u00e5s er ofte lavet af varme materialer som uld, fleece eller en uldblanding.<\/span><span class=\"button-container hide-from-message-actions ng-star-inserted\">\u00a0 \u00a0<\/span>\n<div class=\"container ng-tns-c2946245707-175 hide\">\n<div class=\"carousel-container ng-tns-c2946245707-175\"><\/div>\n<\/div>\n<\/li>\n<li data-sourcepos=\"7:1-7:134\"><strong>Alsidig styling:<\/strong> <span class=\"citation-2 recitation citation-end-2\">De kan l\u00e6gges i lag over skjorter eller b\u00e6res alene, afh\u00e6ngigt af vejret og det \u00f8nskede look.<\/span><\/li>\n<li data-sourcepos=\"7:1-7:134\"><strong><span class=\"citation-3 recitation\">Funktionelle lommer:<\/span><\/strong><span class=\"citation-3 recitation citation-end-3\"> Mange tr\u00f8jer med fuld lynl\u00e5s har lommer til at holde h\u00e6nderne varme eller opbevare sm\u00e5ting.<\/span><span class=\"button-container hide-from-message-actions ng-star-inserted\">\u00a0<\/span>\n<div class=\"container ng-tns-c2946245707-177 hide\">\n<div class=\"carousel-container ng-tns-c2946245707-177\"><\/div>\n<\/div>\n<\/li>\n<\/ul>\n<h2 data-sourcepos=\"10:1-10:42\"><strong>S\u00e5dan styler du en sweater med fuld lynl\u00e5s til m\u00e6nd:<\/strong><\/h2>\n<ul data-sourcepos=\"12:1-15:0\">\n<li data-sourcepos=\"12:1-12:77\"><strong>Afslappet:<\/strong> S\u00e6t den sammen med jeans, en t-shirt og sneakers for et afslappet look.<\/li>\n<li data-sourcepos=\"13:1-13:96\"><strong>Smart og afslappet:<\/strong> Brug den med chinos, en skjorte med knapper og loafers for et poleret outfit.<\/li>\n<li data-sourcepos=\"14:1-15:0\"><strong>Udend\u00f8rs aktiviteter:<\/strong> L\u00e6g den over en fleece eller h\u00e6ttetr\u00f8je for at f\u00e5 ekstra varme p\u00e5 udend\u00f8rs eventyr.<\/li>\n<\/ul>\n<h3 data-sourcepos=\"16:1-16:47\"><strong>Popul\u00e6re m\u00e6rker til Sweater med fuld lynl\u00e5s til m\u00e6nd:<\/strong><\/h3>\n<ul data-sourcepos=\"18:1-21:0\">\n<li data-sourcepos=\"18:1-18:71\"><strong><span class=\"citation-4 recitation\">Udend\u00f8rs m\u00e6rker:<\/span><\/strong><span class=\"citation-4 recitation citation-end-4\"> The North Face, Patagonia, Arc'teryx<\/span><span class=\"button-container hide-from-message-actions ng-star-inserted\"> \u00a0<\/span><\/li>\n<li data-sourcepos=\"18:1-18:71\"><strong style=\"font-size: 14.4px;\">Livsstilsm\u00e6rker:<\/strong><span style=\"font-size: 14.4px;\"> Ralph Lauren, Tommy Hilfiger, J.Crew<\/span><\/li>\n<li data-sourcepos=\"20:1-21:0\"><strong>Tekniske m\u00e6rker:<\/strong> Under Armour, Nike, Adidas<\/li>\n<\/ul>\n<p data-sourcepos=\"22:1-22:111\"><strong>Husk, at n\u00f8glen til at v\u00e6lge en sweater med lynl\u00e5s er at overveje materialet, pasformen og din personlige stil.<\/strong><\/p>","protected":false},"excerpt":{"rendered":"<table style=\"height: 424px;\" width=\"509\">\n<tbody>\n<tr>\n<td width=\"146\"><strong><b>Produkt<\/b><\/strong>\u00a0<strong><b>Navn:<\/b><\/strong><\/td>\n<td width=\"601\"><strong>Sweater med fuld lynl\u00e5s til m\u00e6nd<\/strong><\/td>\n<\/tr>\n<tr>\n<td width=\"146\"><strong><b>Materlal:<\/b><\/strong><\/td>\n<td width=\"601\">Polyester\/bomuld<\/td>\n<\/tr>\n<tr>\n<td width=\"146\"><strong><b>Teknik:<\/b><\/strong><\/td>\n<td width=\"601\">V\u00e6vning<\/td>\n<\/tr>\n<tr>\n<td width=\"146\"><strong><b>Stil:<\/b><\/strong><\/td>\n<td width=\"601\">Afslappet<\/td>\n<\/tr>\n<tr>\n<td width=\"146\"><strong><b>Farve<\/b><\/strong><strong><b>:<\/b><\/strong><\/td>\n<td width=\"601\">\u00a0Brugerdefinerede farver<\/td>\n<\/tr>\n<tr>\n<td width=\"146\"><strong><b>St\u00f8rrelse:<\/b><\/strong><\/td>\n<td width=\"601\">S \/M \/L \/XL \/2XL<\/td>\n<\/tr>\n<tr>\n<td width=\"146\"><strong><b>OEM\/ODM:<\/b><\/strong><\/td>\n<td width=\"601\">Acceptabel<\/td>\n<\/tr>\n<tr>\n<td width=\"146\"><strong><b>Kvalitet:<\/b><\/strong><\/td>\n<td width=\"601\">100% H\u00f8j kvalitet<\/td>\n<\/tr>\n<tr>\n<td width=\"146\"><strong><b>M<\/b><\/strong><strong><b>OQ:<\/b><\/strong><\/td>\n<td width=\"601\">200 stk.<\/td>\n<\/tr>\n<\/tbody>\n<\/table>","protected":false},"featured_media":1790,"template":"","meta":[],"product_brand":[],"product_cat":[38],"product_tag":[],"class_list":{"0":"post-1785","1":"product","2":"type-product","3":"status-publish","4":"has-post-thumbnail","6":"product_cat-mens-clothing","8":"first","9":"instock","10":"shipping-taxable","11":"product-type-simple"},"_links":{"self":[{"href":"https:\/\/mj-clothing.com\/da\/wp-json\/wp\/v2\/product\/1785","targetHints":{"allow":["GET"]}}],"collection":[{"href":"https:\/\/mj-clothing.com\/da\/wp-json\/wp\/v2\/product"}],"about":[{"href":"https:\/\/mj-clothing.com\/da\/wp-json\/wp\/v2\/types\/product"}],"wp:featuredmedia":[{"embeddable":true,"href":"https:\/\/mj-clothing.com\/da\/wp-json\/wp\/v2\/media\/1790"}],"wp:attachment":[{"href":"https:\/\/mj-clothing.com\/da\/wp-json\/wp\/v2\/media?parent=1785"}],"wp:term":[{"taxonomy":"product_brand","embeddable":true,"href":"https:\/\/mj-clothing.com\/da\/wp-json\/wp\/v2\/product_brand?post=1785"},{"taxonomy":"product_cat","embeddable":true,"href":"https:\/\/mj-clothing.com\/da\/wp-json\/wp\/v2\/product_cat?post=1785"},{"taxonomy":"product_tag","embeddable":true,"href":"https:\/\/mj-clothing.com\/da\/wp-json\/wp\/v2\/product_tag?post=1785"}],"curies":[{"name":"wp","href":"https:\/\/api.w.org\/{rel}","templated":true}]}}