{"id":1792,"date":"2024-12-14T03:52:01","date_gmt":"2024-12-14T03:52:01","guid":{"rendered":"https:\/\/mj-clothing.com\/?post_type=product&#038;p=1792"},"modified":"2024-12-17T07:00:56","modified_gmt":"2024-12-17T07:00:56","slug":"mens-alpaca-sweater","status":"publish","type":"product","link":"https:\/\/mj-clothing.com\/da\/manufacturer\/mens-alpaca-sweater\/","title":{"rendered":"Alpaka-sweater til m\u00e6nd"},"content":{"rendered":"<p data-sourcepos=\"1:1-1:198\"><span class=\"citation-0 recitation citation-end-0\">En alpakasweater til m\u00e6nd er en luksuri\u00f8s og varm bekl\u00e6dningsgenstand lavet af de fine, bl\u00f8de fibre fra alpakaen, et sydamerikansk kameldyr.<\/span> Alpakafiber er kendt for sine enest\u00e5ende kvaliteter, herunder:<span class=\"button-container hide-from-message-actions ng-star-inserted\"> \u00a0<\/span><\/p>\n<ul data-sourcepos=\"3:1-7:0\">\n<li data-sourcepos=\"3:1-3:89\"><strong><span class=\"citation-1 recitation\">Bl\u00f8dhed:<\/span><\/strong><span class=\"citation-1 recitation citation-end-1\"> Alpakafibre er utroligt bl\u00f8de, ofte bl\u00f8dere end kashmir.<\/span><\/li>\n<li data-sourcepos=\"3:1-3:89\"><span class=\"button-container hide-from-message-actions ng-star-inserted\"><strong style=\"font-size: 14.4px;\">Varme:<\/strong> <span class=\"citation-2 recitation citation-end-2\" style=\"font-size: 14.4px;\">Det giver fremragende isolering og holder dig varm i koldt vejr.<\/span><\/span>\n<div class=\"container ng-tns-c2946245707-269 hide\">\n<div class=\"carousel-container ng-tns-c2946245707-269\"><\/div>\n<\/div>\n<\/li>\n<li data-sourcepos=\"5:1-5:80\"><strong>Holdbarhed:<\/strong> <span class=\"citation-3 recitation citation-end-3\">Alpacafibre er slidst\u00e6rke og modstandsdygtige over for pilling.<\/span><\/li>\n<li data-sourcepos=\"5:1-5:80\"><span class=\"button-container hide-from-message-actions ng-star-inserted\">\u00a0<\/span><span class=\"button-container hide-from-message-actions ng-star-inserted\"><strong style=\"font-size: 14.4px;\">Allergivenlig:<\/strong> <span class=\"citation-4 recitation citation-end-4\" style=\"font-size: 14.4px;\">Det er naturligt allergivenligt, hvilket g\u00f8r det til et godt valg for dem med f\u00f8lsom hud.<\/span><span class=\"button-container hide-from-message-actions ng-star-inserted\" style=\"font-size: 14.4px;\"> \u00a0<\/span><\/span>\n<div class=\"container ng-tns-c2946245707-271 hide\">\n<div class=\"carousel-container ng-tns-c2946245707-271\"><\/div>\n<\/div>\n<\/li>\n<\/ul>\n<h3 data-sourcepos=\"8:1-8:33\"><strong>Hvorfor v\u00e6lge en alpakka-sweater til m\u00e6nd?<\/strong><\/h3>\n<ul data-sourcepos=\"10:1-14:0\">\n<li data-sourcepos=\"10:1-10:93\"><strong>Luksuri\u00f8s f\u00f8lelse:<\/strong> Den bl\u00f8de, silkeagtige tekstur af alpacafibre f\u00f8les fantastisk mod huden.<\/li>\n<li data-sourcepos=\"11:1-11:118\"><strong><span class=\"citation-5 recitation\">Enest\u00e5ende varme:<\/span><\/strong><span class=\"citation-5 recitation citation-end-5\"> Alpaca-tr\u00f8jer er perfekte til koldt vejr og holder dig lun og komfortabel.<\/span><\/li>\n<li data-sourcepos=\"11:1-11:118\"><strong style=\"font-size: 14.4px;\">Stil og elegance:<\/strong><span style=\"font-size: 14.4px;\"> Alpaca-tr\u00f8jer kan l\u00f8fte ethvert outfit og give det et strejf af raffinement.<\/span><\/li>\n<li data-sourcepos=\"13:1-14:0\"><strong><span class=\"citation-6 recitation\">Etisk og b\u00e6redygtig:<\/span><\/strong><span class=\"citation-6 recitation citation-end-6\"> Alpakaopdr\u00e6t anses ofte for at v\u00e6re mere humant og milj\u00f8venligt end f\u00e5reopdr\u00e6t.<\/span><span class=\"button-container hide-from-message-actions ng-star-inserted\">\u00a0 \u00a0<\/span>\n<div class=\"container ng-tns-c2946245707-273 hide\">\n<div class=\"carousel-container ng-tns-c2946245707-273\"><\/div>\n<\/div>\n<\/li>\n<\/ul>\n<h3 data-sourcepos=\"15:1-15:35\"><strong>S\u00e5dan styler du en alpaca-sweater til m\u00e6nd:<\/strong><\/h3>\n<ul data-sourcepos=\"17:1-20:0\">\n<li data-sourcepos=\"17:1-17:77\"><strong>Afslappet:<\/strong> S\u00e6t den sammen med jeans, en t-shirt og sneakers for et afslappet look.<\/li>\n<li data-sourcepos=\"18:1-18:96\"><strong>Smart og afslappet:<\/strong> Brug den med chinos, en skjorte med knapper og loafers for et poleret outfit.<\/li>\n<li data-sourcepos=\"19:1-20:0\"><strong>Formelt:<\/strong> L\u00e6g den over en skjorte og et slips for et sofistikeret look.<\/li>\n<\/ul>\n<p data-sourcepos=\"21:1-21:40\"><strong>Hvor finder man alpaca-sweatre til m\u00e6nd?<\/strong><\/p>\n<ul data-sourcepos=\"23:1-26:0\">\n<li data-sourcepos=\"23:1-23:116\"><strong><span class=\"citation-7 recitation\">Online-forhandlere:<\/span><\/strong><span class=\"citation-7 recitation citation-end-7\"> Amazon, Etsy og andre onlineforhandlere tilbyder et bredt udvalg af alpaca-tr\u00f8jer.<\/span><\/li>\n<li data-sourcepos=\"23:1-23:116\"><strong style=\"font-size: 14.4px;\">Stormagasiner:<\/strong><span style=\"font-size: 14.4px;\"> De bedste stormagasiner f\u00f8rer ofte alpaca-sweatre fra luksusm\u00e6rker.<\/span><\/li>\n<li data-sourcepos=\"25:1-26:0\"><strong>Specialbutikker:<\/strong> Kig efter butikker, der specialiserer sig i luksusfibre og b\u00e6redygtig mode.<\/li>\n<\/ul>\n<p data-sourcepos=\"27:1-27:223\"><strong>Husk p\u00e5 det:<\/strong> N\u00e5r du k\u00f8ber en alpaca-sweater, skal du kigge efter etisk fremstillede fibre af h\u00f8j kvalitet. Overvej ogs\u00e5 tr\u00f8jens v\u00e6gt og tykkelse, da det vil p\u00e5virke dens varme og egnethed til forskellige klimaer.<\/p>","protected":false},"excerpt":{"rendered":"<table style=\"height: 483px;\" width=\"499\">\n<tbody>\n<tr>\n<td width=\"146\"><strong><b>Produkt<\/b><\/strong>\u00a0<strong><b>Navn:<\/b><\/strong><\/td>\n<td width=\"601\"><strong>Alpaka-sweater til m\u00e6nd<\/strong><\/td>\n<\/tr>\n<tr>\n<td width=\"146\"><strong><b>Materlal:<\/b><\/strong><\/td>\n<td width=\"601\">Polyester\/bomuld<\/td>\n<\/tr>\n<tr>\n<td width=\"146\"><strong><b>Teknik:<\/b><\/strong><\/td>\n<td width=\"601\">V\u00e6vning<\/td>\n<\/tr>\n<tr>\n<td width=\"146\"><strong><b>Stil:<\/b><\/strong><\/td>\n<td width=\"601\">Afslappet<\/td>\n<\/tr>\n<tr>\n<td width=\"146\"><strong><b>Farve<\/b><\/strong><strong><b>:<\/b><\/strong><\/td>\n<td width=\"601\">\u00a0Brugerdefinerede farver<\/td>\n<\/tr>\n<tr>\n<td width=\"146\"><strong><b>St\u00f8rrelse:<\/b><\/strong><\/td>\n<td width=\"601\">S \/M \/L \/XL \/2XL<\/td>\n<\/tr>\n<tr>\n<td width=\"146\"><strong><b>OEM\/ODM:<\/b><\/strong><\/td>\n<td width=\"601\">Acceptabel<\/td>\n<\/tr>\n<tr>\n<td width=\"146\"><strong><b>Kvalitet:<\/b><\/strong><\/td>\n<td width=\"601\">100% H\u00f8j kvalitet<\/td>\n<\/tr>\n<tr>\n<td width=\"146\"><strong><b>M<\/b><\/strong><strong><b>OQ:<\/b><\/strong><\/td>\n<td width=\"601\">200 stk.<\/td>\n<\/tr>\n<\/tbody>\n<\/table>","protected":false},"featured_media":1793,"template":"","meta":[],"product_brand":[],"product_cat":[38],"product_tag":[],"class_list":{"0":"post-1792","1":"product","2":"type-product","3":"status-publish","4":"has-post-thumbnail","6":"product_cat-mens-clothing","8":"first","9":"instock","10":"shipping-taxable","11":"product-type-simple"},"_links":{"self":[{"href":"https:\/\/mj-clothing.com\/da\/wp-json\/wp\/v2\/product\/1792","targetHints":{"allow":["GET"]}}],"collection":[{"href":"https:\/\/mj-clothing.com\/da\/wp-json\/wp\/v2\/product"}],"about":[{"href":"https:\/\/mj-clothing.com\/da\/wp-json\/wp\/v2\/types\/product"}],"wp:featuredmedia":[{"embeddable":true,"href":"https:\/\/mj-clothing.com\/da\/wp-json\/wp\/v2\/media\/1793"}],"wp:attachment":[{"href":"https:\/\/mj-clothing.com\/da\/wp-json\/wp\/v2\/media?parent=1792"}],"wp:term":[{"taxonomy":"product_brand","embeddable":true,"href":"https:\/\/mj-clothing.com\/da\/wp-json\/wp\/v2\/product_brand?post=1792"},{"taxonomy":"product_cat","embeddable":true,"href":"https:\/\/mj-clothing.com\/da\/wp-json\/wp\/v2\/product_cat?post=1792"},{"taxonomy":"product_tag","embeddable":true,"href":"https:\/\/mj-clothing.com\/da\/wp-json\/wp\/v2\/product_tag?post=1792"}],"curies":[{"name":"wp","href":"https:\/\/api.w.org\/{rel}","templated":true}]}}