{"id":1802,"date":"2024-12-14T06:48:03","date_gmt":"2024-12-14T06:48:03","guid":{"rendered":"https:\/\/mj-clothing.com\/?post_type=product&#038;p=1802"},"modified":"2024-12-17T06:59:40","modified_gmt":"2024-12-17T06:59:40","slug":"mens-mohair-sweater","status":"publish","type":"product","link":"https:\/\/mj-clothing.com\/da\/manufacturer\/mens-mohair-sweater\/","title":{"rendered":"Mohair-sweater til m\u00e6nd"},"content":{"rendered":"<h2 data-sourcepos=\"1:1-1:44\">Mohair-sweatre til m\u00e6nd: Et luksuri\u00f8st valg<\/h2>\n<p data-sourcepos=\"3:1-3:167\"><span class=\"citation-0 recitation citation-end-0\">En mohairtr\u00f8je til m\u00e6nd er en luksuri\u00f8s bekl\u00e6dningsgenstand fremstillet af angoragedens fine, bl\u00f8de fibre.<\/span> Mohair er kendt for sine enest\u00e5ende kvaliteter, herunder:<span class=\"button-container hide-from-message-actions ng-star-inserted\">\u00a0<\/span><\/p>\n<div class=\"container ng-tns-c2946245707-308 hide\">\n<div class=\"carousel-container ng-tns-c2946245707-308\">\n<div class=\"carousel-content ng-tns-c2946245707-308\">\n<div class=\"sources-carousel-source ng-tns-c2946245707-308 hide ng-star-inserted\" data-test-id=\"sources-carousel-source\"><\/div>\n<\/div>\n<\/div>\n<\/div>\n<ul data-sourcepos=\"5:1-9:0\">\n<li data-sourcepos=\"5:1-5:70\"><strong>Bl\u00f8dhed:<\/strong> Mohair er utroligt bl\u00f8dt, ofte bl\u00f8dere end kashmir.<\/li>\n<li data-sourcepos=\"6:1-6:94\"><strong>Varme:<\/strong> <span class=\"citation-1 recitation citation-end-1\">Det giver fremragende isolering og holder dig varm i koldt vejr.<\/span><span class=\"button-container hide-from-message-actions ng-star-inserted\"> \u00a0<\/span><\/li>\n<li data-sourcepos=\"6:1-6:94\"><span class=\"button-container hide-from-message-actions ng-star-inserted\"><strong style=\"font-size: 14.4px;\"><span class=\"citation-2 recitation\">Holdbarhed:<\/span><\/strong><span class=\"citation-2 recitation citation-end-2\" style=\"font-size: 14.4px;\"> Mohair er slidst\u00e6rkt og modstandsdygtigt over for pilling.<\/span><\/span>\n<div class=\"container ng-tns-c2946245707-310 hide\">\n<div class=\"carousel-container ng-tns-c2946245707-310\"><\/div>\n<\/div>\n<\/li>\n<li data-sourcepos=\"8:1-9:0\"><strong><span class=\"citation-3 recitation\">Glans:<\/span><\/strong><span class=\"citation-3 recitation citation-end-3\"> Mohair har en naturlig glans, der giver det en unik glans.<\/span>\n<div class=\"container ng-tns-c2946245707-311 hide\">\n<div class=\"carousel-container ng-tns-c2946245707-311\"><\/div>\n<\/div>\n<\/li>\n<\/ul>\n<h3 data-sourcepos=\"10:1-10:32\"><strong>Hvorfor v\u00e6lge en Mohair-sweater til m\u00e6nd?<\/strong><\/h3>\n<ul data-sourcepos=\"12:1-16:0\">\n<li data-sourcepos=\"12:1-12:93\"><strong>Luksuri\u00f8s f\u00f8lelse:<\/strong> Den bl\u00f8de, silkeagtige tekstur af mohairfibre f\u00f8les fantastisk mod huden.<\/li>\n<li data-sourcepos=\"13:1-13:118\"><strong><span class=\"citation-4 recitation\">Enest\u00e5ende varme:<\/span><\/strong><span class=\"citation-4 recitation citation-end-4\"> Mohairtr\u00f8jer er perfekte til koldt vejr og holder dig lun og komfortabel.<\/span><span class=\"button-container hide-from-message-actions ng-star-inserted\">\u00a0<\/span>\n<div class=\"container ng-tns-c2946245707-312 hide\">\n<div class=\"carousel-container ng-tns-c2946245707-312\"><\/div>\n<\/div>\n<\/li>\n<li data-sourcepos=\"14:1-14:99\"><strong>Stil og elegance:<\/strong> Mohairtr\u00f8jer kan l\u00f8fte ethvert outfit og give det et strejf af raffinement.<\/li>\n<li data-sourcepos=\"15:1-16:0\"><strong>Unik tekstur:<\/strong> Den unikke tekstur i mohair giver visuel interesse til din garderobe.<\/li>\n<\/ul>\n<h3 data-sourcepos=\"17:1-17:34\"><strong>S\u00e5dan styler du en mohair-sweater:<\/strong><\/h3>\n<ul data-sourcepos=\"19:1-22:0\">\n<li data-sourcepos=\"19:1-19:77\"><strong>Afslappet:<\/strong> S\u00e6t den sammen med jeans, en t-shirt og sneakers for et afslappet look.<\/li>\n<li data-sourcepos=\"20:1-20:96\"><strong>Smart og afslappet:<\/strong> Brug den med chinos, en skjorte med knapper og loafers for et poleret outfit.<\/li>\n<li data-sourcepos=\"21:1-22:0\"><strong>Formelt:<\/strong> L\u00e6g den over en skjorte og et slips for et sofistikeret look.<\/li>\n<\/ul>\n<h3 data-sourcepos=\"23:1-23:40\"><strong>Hvor finder man Mohair-sweatre til m\u00e6nd?<\/strong><\/h3>\n<ul data-sourcepos=\"25:1-28:0\">\n<li data-sourcepos=\"25:1-25:90\"><strong>Eksklusive stormagasiner:<\/strong> Kig efter luksusm\u00e6rker, der specialiserer sig i fint strik.<\/li>\n<li data-sourcepos=\"26:1-26:130\"><strong><span class=\"citation-5 recitation\">Online-forhandlere:<\/span><\/strong><span class=\"citation-5 recitation citation-end-5\"> Hjemmesider som Amazon, Etsy og andre onlineforhandlere tilbyder et bredt udvalg af mohairtr\u00f8jer.<\/span>\n<div class=\"container ng-tns-c2946245707-313 hide\">\n<div class=\"carousel-container ng-tns-c2946245707-313\"><\/div>\n<\/div>\n<\/li>\n<li data-sourcepos=\"27:1-28:0\"><strong>Specialbutikker:<\/strong> Butikker, der specialiserer sig i luksusfibre og b\u00e6redygtig mode, kan f\u00f8re mohairtr\u00f8jer.<\/li>\n<\/ul>\n<p data-sourcepos=\"29:1-29:222\"><strong>Husk p\u00e5 det:<\/strong> N\u00e5r du k\u00f8ber en mohair-sweater, skal du kigge efter etisk fremstillede fibre af h\u00f8j kvalitet. Overvej ogs\u00e5 tr\u00f8jens v\u00e6gt og tykkelse, da det vil p\u00e5virke dens varme og egnethed til forskellige klimaer.<\/p>","protected":false},"excerpt":{"rendered":"<table style=\"height: 484px;\" width=\"506\">\n<tbody>\n<tr>\n<td width=\"146\"><strong><b>Produkt<\/b><\/strong>\u00a0<strong><b>Navn:<\/b><\/strong><\/td>\n<td width=\"601\"><strong>Mohair-sweater til m\u00e6nd<\/strong><\/td>\n<\/tr>\n<tr>\n<td width=\"146\"><strong><b>Materlal:<\/b><\/strong><\/td>\n<td width=\"601\">Polyester\/bomuld<\/td>\n<\/tr>\n<tr>\n<td width=\"146\"><strong><b>Teknik:<\/b><\/strong><\/td>\n<td width=\"601\">V\u00e6vning<\/td>\n<\/tr>\n<tr>\n<td width=\"146\"><strong><b>Stil:<\/b><\/strong><\/td>\n<td width=\"601\">Afslappet<\/td>\n<\/tr>\n<tr>\n<td width=\"146\"><strong><b>Farve<\/b><\/strong><strong><b>:<\/b><\/strong><\/td>\n<td width=\"601\">\u00a0Brugerdefinerede farver<\/td>\n<\/tr>\n<tr>\n<td width=\"146\"><strong><b>St\u00f8rrelse:<\/b><\/strong><\/td>\n<td width=\"601\">S \/M \/L \/XL \/2XL<\/td>\n<\/tr>\n<tr>\n<td width=\"146\"><strong><b>OEM\/ODM:<\/b><\/strong><\/td>\n<td width=\"601\">Acceptabel<\/td>\n<\/tr>\n<tr>\n<td width=\"146\"><strong><b>Kvalitet:<\/b><\/strong><\/td>\n<td width=\"601\">100% H\u00f8j kvalitet<\/td>\n<\/tr>\n<tr>\n<td width=\"146\"><strong><b>M<\/b><\/strong><strong><b>OQ:<\/b><\/strong><\/td>\n<td width=\"601\">200 stk.<\/td>\n<\/tr>\n<\/tbody>\n<\/table>","protected":false},"featured_media":1803,"template":"","meta":[],"product_brand":[],"product_cat":[38],"product_tag":[],"class_list":{"0":"post-1802","1":"product","2":"type-product","3":"status-publish","4":"has-post-thumbnail","6":"product_cat-mens-clothing","8":"first","9":"instock","10":"shipping-taxable","11":"product-type-simple"},"_links":{"self":[{"href":"https:\/\/mj-clothing.com\/da\/wp-json\/wp\/v2\/product\/1802","targetHints":{"allow":["GET"]}}],"collection":[{"href":"https:\/\/mj-clothing.com\/da\/wp-json\/wp\/v2\/product"}],"about":[{"href":"https:\/\/mj-clothing.com\/da\/wp-json\/wp\/v2\/types\/product"}],"wp:featuredmedia":[{"embeddable":true,"href":"https:\/\/mj-clothing.com\/da\/wp-json\/wp\/v2\/media\/1803"}],"wp:attachment":[{"href":"https:\/\/mj-clothing.com\/da\/wp-json\/wp\/v2\/media?parent=1802"}],"wp:term":[{"taxonomy":"product_brand","embeddable":true,"href":"https:\/\/mj-clothing.com\/da\/wp-json\/wp\/v2\/product_brand?post=1802"},{"taxonomy":"product_cat","embeddable":true,"href":"https:\/\/mj-clothing.com\/da\/wp-json\/wp\/v2\/product_cat?post=1802"},{"taxonomy":"product_tag","embeddable":true,"href":"https:\/\/mj-clothing.com\/da\/wp-json\/wp\/v2\/product_tag?post=1802"}],"curies":[{"name":"wp","href":"https:\/\/api.w.org\/{rel}","templated":true}]}}